{"id":204,"date":"2018-02-07T15:30:54","date_gmt":"2018-02-07T15:30:54","guid":{"rendered":"https:\/\/wp.icmm.csic.es\/field-theories-in-condensed-matter-physics\/?page_id=204"},"modified":"2023-04-09T09:46:01","modified_gmt":"2023-04-09T09:46:01","slug":"vozmediano-gallery-colleagues","status":"publish","type":"page","link":"https:\/\/wp.icmm.csic.es\/field-theories-in-condensed-matter-physics\/vozmediano-gallery-colleagues\/","title":{"rendered":"Colleagues and friends"},"content":{"rendered":"<p>Colleagues and friends Vozmediano<\/p>\n<div id=\"attachment_821\" style=\"width: 709px\" class=\"wp-caption aligncenter\"><img loading=\"lazy\" decoding=\"async\" aria-describedby=\"caption-attachment-821\" class=\"wp-image-821\" src=\"https:\/\/wp.icmm.csic.es\/field-theories-in-condensed-matter-physics\/wp-content\/uploads\/sites\/9\/2018\/03\/1975-300x206.png\" alt=\"\" width=\"699\" height=\"480\" srcset=\"https:\/\/wp.icmm.csic.es\/field-theories-in-condensed-matter-physics\/wp-content\/uploads\/sites\/9\/2018\/03\/1975-300x206.png 300w, https:\/\/wp.icmm.csic.es\/field-theories-in-condensed-matter-physics\/wp-content\/uploads\/sites\/9\/2018\/03\/1975-768x527.png 768w, https:\/\/wp.icmm.csic.es\/field-theories-in-condensed-matter-physics\/wp-content\/uploads\/sites\/9\/2018\/03\/1975-1024x703.png 1024w, https:\/\/wp.icmm.csic.es\/field-theories-in-condensed-matter-physics\/wp-content\/uploads\/sites\/9\/2018\/03\/1975.png 1502w\" sizes=\"auto, (max-width: 699px) 100vw, 699px\" \/><p id=\"caption-attachment-821\" class=\"wp-caption-text\">BA students at the Universidad Complutense de Madrid, 1975<\/p><\/div>\n<p>There you can see J. A. Garz\u00f3n, M. L. Gonz\u00e1lez Soto, F. Guinea, M. P. L\u00f3pez-Sancho, R. Monreal, M. C. Mu\u00f1oz, M. Vozmediano<\/p>\n<p>&nbsp;<\/p>\n<div id=\"attachment_257\" style=\"width: 291px\" class=\"wp-caption alignleft\"><img loading=\"lazy\" decoding=\"async\" aria-describedby=\"caption-attachment-257\" class=\"wp-image-257 \" src=\"https:\/\/wp.icmm.csic.es\/field-theories-in-condensed-matter-physics\/wp-content\/uploads\/sites\/9\/2018\/02\/IMG_0557-300x200.jpg\" alt=\"\" width=\"281\" height=\"187\" srcset=\"https:\/\/wp.icmm.csic.es\/field-theories-in-condensed-matter-physics\/wp-content\/uploads\/sites\/9\/2018\/02\/IMG_0557-300x200.jpg 300w, https:\/\/wp.icmm.csic.es\/field-theories-in-condensed-matter-physics\/wp-content\/uploads\/sites\/9\/2018\/02\/IMG_0557-768x512.jpg 768w, https:\/\/wp.icmm.csic.es\/field-theories-in-condensed-matter-physics\/wp-content\/uploads\/sites\/9\/2018\/02\/IMG_0557-1024x683.jpg 1024w\" sizes=\"auto, (max-width: 281px) 100vw, 281px\" \/><p id=\"caption-attachment-257\" class=\"wp-caption-text\">Eva Andrei, 2010<\/p><\/div>\n<div id=\"attachment_687\" style=\"width: 310px\" class=\"wp-caption alignnone\"><img loading=\"lazy\" decoding=\"async\" aria-describedby=\"caption-attachment-687\" class=\"wp-image-687 size-medium\" src=\"https:\/\/wp.icmm.csic.es\/field-theories-in-condensed-matter-physics\/wp-content\/uploads\/sites\/9\/2018\/02\/31may2010-300x203.jpg\" alt=\"\" width=\"300\" height=\"203\" srcset=\"https:\/\/wp.icmm.csic.es\/field-theories-in-condensed-matter-physics\/wp-content\/uploads\/sites\/9\/2018\/02\/31may2010-300x203.jpg 300w, https:\/\/wp.icmm.csic.es\/field-theories-in-condensed-matter-physics\/wp-content\/uploads\/sites\/9\/2018\/02\/31may2010-768x519.jpg 768w, https:\/\/wp.icmm.csic.es\/field-theories-in-condensed-matter-physics\/wp-content\/uploads\/sites\/9\/2018\/02\/31may2010-1024x692.jpg 1024w\" sizes=\"auto, (max-width: 300px) 100vw, 300px\" \/><p id=\"caption-attachment-687\" class=\"wp-caption-text\">Nobel symposium on graphene 2010<\/p><\/div>\n<p>&nbsp;<\/p>\n<div id=\"attachment_768\" style=\"width: 396px\" class=\"wp-caption alignleft\"><img loading=\"lazy\" decoding=\"async\" aria-describedby=\"caption-attachment-768\" class=\"wp-image-768 \" src=\"https:\/\/wp.icmm.csic.es\/field-theories-in-condensed-matter-physics\/wp-content\/uploads\/sites\/9\/2018\/03\/IMG_2192-300x200.jpg\" alt=\"\" width=\"386\" height=\"257\" srcset=\"https:\/\/wp.icmm.csic.es\/field-theories-in-condensed-matter-physics\/wp-content\/uploads\/sites\/9\/2018\/03\/IMG_2192-300x200.jpg 300w, https:\/\/wp.icmm.csic.es\/field-theories-in-condensed-matter-physics\/wp-content\/uploads\/sites\/9\/2018\/03\/IMG_2192-768x512.jpg 768w, https:\/\/wp.icmm.csic.es\/field-theories-in-condensed-matter-physics\/wp-content\/uploads\/sites\/9\/2018\/03\/IMG_2192-1024x683.jpg 1024w\" sizes=\"auto, (max-width: 386px) 100vw, 386px\" \/><p id=\"caption-attachment-768\" class=\"wp-caption-text\">Part of the family with Eduardo Castro working on spontaneous symmetry breaking of time reversal symmetry in October 2011<\/p><\/div>\n<div id=\"attachment_763\" style=\"width: 310px\" class=\"wp-caption alignleft\"><img loading=\"lazy\" decoding=\"async\" aria-describedby=\"caption-attachment-763\" class=\"wp-image-763 size-medium\" src=\"https:\/\/wp.icmm.csic.es\/field-theories-in-condensed-matter-physics\/wp-content\/uploads\/sites\/9\/2018\/03\/IMG_9869-300x200.jpg\" alt=\"\" width=\"300\" height=\"200\" srcset=\"https:\/\/wp.icmm.csic.es\/field-theories-in-condensed-matter-physics\/wp-content\/uploads\/sites\/9\/2018\/03\/IMG_9869-300x200.jpg 300w, https:\/\/wp.icmm.csic.es\/field-theories-in-condensed-matter-physics\/wp-content\/uploads\/sites\/9\/2018\/03\/IMG_9869-768x512.jpg 768w, https:\/\/wp.icmm.csic.es\/field-theories-in-condensed-matter-physics\/wp-content\/uploads\/sites\/9\/2018\/03\/IMG_9869-1024x683.jpg 1024w\" sizes=\"auto, (max-width: 300px) 100vw, 300px\" \/><p id=\"caption-attachment-763\" class=\"wp-caption-text\">Santa Barbara, January 2012. We are not all equal<\/p><\/div>\n<p>&nbsp;<\/p>\n<p>&nbsp;<\/p>\n<p>&nbsp;<\/p>\n<p>&nbsp;<\/p>\n<p>&nbsp;<\/p>\n<p>&nbsp;<\/p>\n<p>&nbsp;<\/p>\n<p>&nbsp;<\/p>\n<p>&nbsp;<\/p>\n<p>&nbsp;<\/p>\n<p>&nbsp;<\/p>\n<p>&nbsp;<\/p>\n<p>&nbsp;<\/p>\n<div id=\"attachment_259\" style=\"width: 310px\" class=\"wp-caption alignleft\"><img loading=\"lazy\" decoding=\"async\" aria-describedby=\"caption-attachment-259\" class=\"wp-image-259 size-medium\" src=\"https:\/\/wp.icmm.csic.es\/field-theories-in-condensed-matter-physics\/wp-content\/uploads\/sites\/9\/2018\/02\/6sept12-300x200.jpg\" alt=\"\" width=\"300\" height=\"200\" srcset=\"https:\/\/wp.icmm.csic.es\/field-theories-in-condensed-matter-physics\/wp-content\/uploads\/sites\/9\/2018\/02\/6sept12-300x200.jpg 300w, https:\/\/wp.icmm.csic.es\/field-theories-in-condensed-matter-physics\/wp-content\/uploads\/sites\/9\/2018\/02\/6sept12-768x512.jpg 768w, https:\/\/wp.icmm.csic.es\/field-theories-in-condensed-matter-physics\/wp-content\/uploads\/sites\/9\/2018\/02\/6sept12-1024x683.jpg 1024w\" sizes=\"auto, (max-width: 300px) 100vw, 300px\" \/><p id=\"caption-attachment-259\" class=\"wp-caption-text\">Women in graphene 2012<\/p><\/div>\n<div id=\"attachment_693\" style=\"width: 310px\" class=\"wp-caption alignleft\"><img loading=\"lazy\" decoding=\"async\" aria-describedby=\"caption-attachment-693\" class=\"wp-image-693 size-medium\" src=\"https:\/\/wp.icmm.csic.es\/field-theories-in-condensed-matter-physics\/wp-content\/uploads\/sites\/9\/2018\/02\/LuisFest-300x200.jpg\" alt=\"\" width=\"300\" height=\"200\" srcset=\"https:\/\/wp.icmm.csic.es\/field-theories-in-condensed-matter-physics\/wp-content\/uploads\/sites\/9\/2018\/02\/LuisFest-300x200.jpg 300w, https:\/\/wp.icmm.csic.es\/field-theories-in-condensed-matter-physics\/wp-content\/uploads\/sites\/9\/2018\/02\/LuisFest-768x512.jpg 768w, https:\/\/wp.icmm.csic.es\/field-theories-in-condensed-matter-physics\/wp-content\/uploads\/sites\/9\/2018\/02\/LuisFest-1024x683.jpg 1024w\" sizes=\"auto, (max-width: 300px) 100vw, 300px\" \/><p id=\"caption-attachment-693\" class=\"wp-caption-text\">Old friends from the Institute of Theoretical Physics in 2013<\/p><\/div>\n","protected":false},"excerpt":{"rendered":"<p>Colleagues and friends Vozmediano There you can see J. A. Garz\u00f3n, M. L. Gonz\u00e1lez Soto, F. Guinea, M. P. L\u00f3pez-Sancho, R. Monreal, M. C. Mu\u00f1oz, M. Vozmediano &nbsp; &nbsp; &nbsp; &nbsp; &nbsp; &nbsp; &nbsp; &nbsp; &nbsp; &nbsp; &nbsp; &nbsp; &nbsp; &hellip; <a href=\"https:\/\/wp.icmm.csic.es\/field-theories-in-condensed-matter-physics\/vozmediano-gallery-colleagues\/\">Sigue leyendo <span class=\"meta-nav\">&rarr;<\/span><\/a><\/p>\n","protected":false},"author":6,"featured_media":0,"parent":0,"menu_order":0,"comment_status":"closed","ping_status":"closed","template":"","meta":{"_monsterinsights_skip_tracking":false,"_monsterinsights_sitenote_active":false,"_monsterinsights_sitenote_note":"","_monsterinsights_sitenote_category":0,"footnotes":""},"class_list":["post-204","page","type-page","status-publish","hentry"],"_links":{"self":[{"href":"https:\/\/wp.icmm.csic.es\/field-theories-in-condensed-matter-physics\/wp-json\/wp\/v2\/pages\/204","targetHints":{"allow":["GET"]}}],"collection":[{"href":"https:\/\/wp.icmm.csic.es\/field-theories-in-condensed-matter-physics\/wp-json\/wp\/v2\/pages"}],"about":[{"href":"https:\/\/wp.icmm.csic.es\/field-theories-in-condensed-matter-physics\/wp-json\/wp\/v2\/types\/page"}],"author":[{"embeddable":true,"href":"https:\/\/wp.icmm.csic.es\/field-theories-in-condensed-matter-physics\/wp-json\/wp\/v2\/users\/6"}],"replies":[{"embeddable":true,"href":"https:\/\/wp.icmm.csic.es\/field-theories-in-condensed-matter-physics\/wp-json\/wp\/v2\/comments?post=204"}],"version-history":[{"count":25,"href":"https:\/\/wp.icmm.csic.es\/field-theories-in-condensed-matter-physics\/wp-json\/wp\/v2\/pages\/204\/revisions"}],"predecessor-version":[{"id":1311,"href":"https:\/\/wp.icmm.csic.es\/field-theories-in-condensed-matter-physics\/wp-json\/wp\/v2\/pages\/204\/revisions\/1311"}],"wp:attachment":[{"href":"https:\/\/wp.icmm.csic.es\/field-theories-in-condensed-matter-physics\/wp-json\/wp\/v2\/media?parent=204"}],"curies":[{"name":"wp","href":"https:\/\/api.w.org\/{rel}","templated":true}]}}