{"id":30,"date":"2018-02-05T10:16:30","date_gmt":"2018-02-05T10:16:30","guid":{"rendered":"https:\/\/wp.icmm.csic.es\/field-theories-in-condensed-matter-physics\/?page_id=30"},"modified":"2019-12-24T09:39:43","modified_gmt":"2019-12-24T09:39:43","slug":"publications","status":"publish","type":"page","link":"https:\/\/wp.icmm.csic.es\/field-theories-in-condensed-matter-physics\/publications\/","title":{"rendered":"Publications"},"content":{"rendered":"<p><strong>2019<\/strong><\/p>\n<div class=\"page\" title=\"Page 1\">\n<div class=\"section\">\n<div class=\"layoutArea\">\n<div class=\"column\">\n<div class=\"page\" title=\"Page 1\">\n<div class=\"section\">\n<div class=\"layoutArea\">\n<div class=\"column\">\n<ul>\n<li>Axial anomaly generation by domain wall motion in Weyl semimetals, Julia D. Hannukainen, Yago Ferreiros, Alberto Cortijo, and Jens H. Bardarson, <span class=\"list-identifier\"><a title=\"Abstract\" href=\"https:\/\/arxiv.org\/abs\/1912.10501\">arXiv:1912.10501<\/a>.<\/span><\/li>\n<li>Many-body effects in nodal-line semimetals: correction to the optical conductivit Daniel Mu\u00f1oz-Segovia, Alberto Cortijo,\u00a0 <span class=\"list-identifier\"><a title=\"Abstract\" href=\"https:\/\/arxiv.org\/abs\/1910.08081\">arXiv:1910.08081.<\/a><\/span><\/li>\n<li>Hall viscosity for optical phonons, S.\u00a0Hiedari, A. Cortijo, R. Asgari, <a class=\"link-https link-external\" href=\"https:\/\/arxiv.org\/ct?url=https%3A%2F%2Fdx.doi.org%2F10.1103%2FPhysRevB.100.165427&amp;v=73b62cb3\" rel=\"external noopener nofollow\" data-doi=\"10.1103\/PhysRevB.100.165427\">10.1103\/PhysRevB.100.165427<\/a>, <a href=\"https:\/\/arxiv.org\/abs\/1908.00313\">arXiv:1908.00313<\/a>.<\/li>\n<li>Quantization in higher order topological insulators: circular dichroism and local Chern marker, O. Pozo, C. Repellin and A. G. Grushin,\u00a0Phys. Rev. Lett. <strong>123<\/strong>, 247401 (2019), \u00a0<a href=\"https:\/\/arxiv.org\/abs\/1906.05863\">arXiv:1906.05863<\/a>.<\/li>\n<li>Many-body fermionic excitations in Weyl semimetals due to elastic gauge fields, E. C. I. van der Wurff and A. Cortijo, Phys. Rev. Research\u00a0<strong>1<\/strong>,\u00a0\u00a0033070 (2019) <a class=\"link-https link-external\" href=\"https:\/\/arxiv.org\/ct?url=https%3A%2F%2Fdx.doi.org%2F10.1103%2FPhysRevResearch.1.033070&amp;v=8e0aed29\" rel=\"external noopener nofollow\" data-doi=\"10.1103\/PhysRevResearch.1.033070\">10.1103\/PhysRevResearch.1.033070<\/a>,\u00a0<a href=\"https:\/\/arxiv.org\/pdf\/1905.00908.pdf\">arXiv:1905.00908<\/a>.<\/li>\n<li>Chiral sound waves in strained Weyl semimetals, M. N. Chernodub and Mar\u00eda A. H. Vozmediano, Phys. Rev. Research\u00a0<strong>1<\/strong>, 032040(R) (2019), <span class=\"list-identifier\"><a title=\"Abstract\" href=\"https:\/\/arxiv.org\/abs\/1904.09113\">arXiv:1904.09113<\/a><\/span>.<\/li>\n<li>Robust band of critical states in T broken fermionic systems with lattice selective disorder,\u00a0Eduardo V. Castro, Raphael de Gail, M. Pilar L\u00f3pez-Sancho, Mar\u00eda A. H. Vozmediano, Phys. Rev. Research <strong>1<\/strong>, 032002\u00a0(2019), <a href=\"https:\/\/arxiv.org\/abs\/1904.04342\">arXiv:1904.04342<\/a>.<\/li>\n<li>Thermoelectric relations in the conformal limit in Dirac and Weyl semimetals,\u00a0Vicente Arjona, Juan Borge, and Mar\u00eda A.H. Vozmediano, <span class=\"list-identifier\"><a title=\"Abstract\" href=\"https:\/\/arxiv.org\/abs\/1903.00019\">arXiv:1903.00019<\/a><\/span>.<\/li>\n<li>Direct measurement of a beta function and an indirect check of the Schwinger effect near the boundary in Dirac-Weyl semimetals, M. N. Chernodub, M. A. H. Vozmediano,\u00a0<a href=\"https:\/\/arxiv.org\/abs\/1902.02694\">arXiv:1902.02694. <\/a><span style=\"color: #000000;font-size: 1em\">Phys. Rev. Research <\/span><strong>1<\/strong><span style=\"color: #000000;font-size: 1em\">, 032002(R) (2019).<\/span><\/li>\n<li>Fingerprints of the conformal anomaly on the thermoelectric transport in Dirac and Weyl semimetals: Result from a Kubo formula, Vicente Arjona, Maxim N. Chernodub, Mar\u00eda A. H. Vozmediano, \u00a0Phys. Rev. <strong>B99<\/strong>, 235123 (2019),\u00a0<a href=\"https:\/\/arxiv.org\/abs\/1902.02358\">arXiv:1902.02358<\/a>. <a href=\"https:\/\/journals.aps.org\/prb\/abstract\/10.1103\/PhysRevB.99.235123\">https:\/\/journals.aps.org\/prb\/abstract\/10.1103\/PhysRevB.99.235123<\/a><\/li>\n<li>Non-Hermitian Chiral Magnetic Effect in Equilibrium,\u00a0\u00a0Maxim N. Chernodub, Alberto Cortijo, \u00a0<a href=\"https:\/\/arxiv.org\/abs\/1901.06167\">arXiv:1901.06167<\/a> .<\/li>\n<li>Anisotropy of the DC conductivity due to orbital-selective spin fluctuations in the nematic phase of iron superconductors, Raquel Fern\u00e1ndez-Mart\u00edn,\u00a0Laura Fanfarillo, Lara Benfatto, Bel\u00e9n Valenzuela, Phys. Rev. <strong><span class=\"search-hit mathjax\">B<\/span> 99<\/strong>, 155117 (2019),\u00a0 <a title=\"Abstract\" href=\"https:\/\/arxiv.org\/abs\/1804.07293\">arXiv:1804.07293.<\/a><\/li>\n<\/ul>\n<\/div>\n<\/div>\n<\/div>\n<\/div>\n<\/div>\n<\/div>\n<\/div>\n<\/div>\n<p><strong>2018<\/strong><\/p>\n<ul>\n<li style=\"list-style-type: none\">\n<ul>\n<li>Parity Anomaly in the non-linear response of Nodal-Line Semimetals,\u00a0A.\u00a0Mart\u00edn-Ruiz, and A. Cortijo,\u00a0 <span class=\"list-identifier\"><a title=\"Abstract\" href=\"https:\/\/arxiv.org\/abs\/1809.01155\">arXiv:1809.01155<\/a>,\u00a0 <a href=\"http:\/\/Phys. Rev. B 98,155125\">Phys. Rev. B 98,155125<\/a> (2018).<\/span><\/li>\n<li>Magnetoelectric effect in cylindrical topological insulators, A.\u00a0Mart\u00edn-Ruiz, <a href=\"http:\/\/PhysRevD.98.056012\">PhysRevD.98.056012, <\/a><a href=\"https:\/\/arxiv.org\/abs\/1808.10003\">arXiv:1808.10003<\/a>.<\/li>\n<li>The Zilch Vortical Effect,\u00a0\u00a0M. N. Chernodub, Alberto Cortijo, Karl Landsteiner, \u00a0<a href=\"https:\/\/arxiv.org\/abs\/1807.10705\">arXiv:1807.10705<\/a>. <a href=\"http:\/\/Phys. Rev D98, 065016\">Phys. Rev D<b style=\"font-size: 1em\">98<\/b><\/a><span style=\"color: #000000;font-size: 1em\">, 065016.<\/span><\/li>\n<li>A Nernst current from the conformal anomaly in Dirac and Weyl semimetals, Maxim N. Chernodub, Alberto Cortijo, and Mar\u00eda A. H. Vozmediano,\u00a0\u00a0 <span class=\"list-identifier\"><span class=\"list-identifier\"><a title=\"Abstract\" href=\"https:\/\/arxiv.org\/abs\/1712.05386\">arXiv:1712.05386<\/a>\u00a0,\u00a0<\/span><\/span><a href=\"http:\/\/Phys. Rev. Lett. 120,2061\">Phys. Rev. Lett. <b>120<\/b>,2061<\/a> (2018).<\/li>\n<li>Nematic Pairing from Orbital Selective Spin Fluctuations in FeSe, Lara Benfatto, Bel\u00e9n Valenzuela and\u00a0Laura Fanfarillo, <a href=\"http:\/\/npj Quantum Materials 3, 56\">npj Quantum Materials 3 , 56<\/a> (2018)\u00a0\u00a0<span class=\"list-identifier\"><a title=\"Abstract\" href=\"https:\/\/arxiv.org\/abs\/1804.05800\">arXiv:1804.05800<\/a><\/span><\/li>\n<li><span class=\"list-identifier\">R<\/span>otational strain in Weyl semimetals. A continuum approach, Vicente Arjona, and Mar\u00eda A. H. Vozmediano,\u00a0\u00a0 <span class=\"list-identifier\"><span class=\"list-identifier\"><span class=\"list-identifier\"><a title=\"Abstract\" href=\"https:\/\/arxiv.org\/abs\/1709.02394\">arXiv:1709.02394<\/a>\u00a0, Phys. Rev. B <strong>97,\u00a0<\/strong>201404(R) (2018).<\/span><\/span><\/span><\/li>\n<li>Lorentz breaking fixed points in Dirac and Weyl semimetals, Oscar Pozo, Yago Ferreiros, and Mar\u00eda A. H. Vozmediano,\u00a0\u00a0 <span class=\"list-identifier\"><a title=\"Abstract\" href=\"https:\/\/arxiv.org\/abs\/1802.02632\">arXiv:1802.02632<\/a>,\u00a0<a href=\"https:\/\/journals.aps.org\/prb\/abstract\/10.1103\/PhysRevB.98.115122\">Phys. Rev. B 98, 115122 (2018)<\/a>.<\/span><\/li>\n<li>Topological and trivial magnetic oscillations in nodal loop semimetals, L\u00e1szl\u00f3 Oroszl\u00e1ny, Bal\u00e1zs D\u00f3ra, J\u00f3zsef Cserti, Alberto Cortijo, <a href=\"http:\/\/Phys. Rev. B 97, 205107 (2018)\">Phys. Rev. B 97, 205107<\/a> (2018)\u00a0\u00a0<span class=\"list-identifier\"><a title=\"Abstract\" href=\"https:\/\/arxiv.org\/abs\/1801.04721\">arXiv:1801.04721<\/a><\/span><\/li>\n<li>Charged topological solitons in zigzag graphene nanoribbons, M.P. L\u00f3pez Sancho and L. Brey <span class=\"list-identifier\"><a title=\"Abstract\" href=\"https:\/\/arxiv.org\/abs\/1705.07753\">arXiv:1705.07753,\u00a02D Materials , 5 ,1 ,015026 (2018)<\/a><\/span><\/li>\n<li>Elastic Gauge Fields and Hall Viscosity of Dirac Magnons,\u00a0\u00a0 Yago Ferreiros, and Mar\u00eda A. H. Vozmediano,\u00a0<span class=\"list-identifier\"><a title=\"Abstract\" href=\"https:\/\/arxiv.org\/abs\/1711.08653\">arXiv:1711.08653,\u00a0Phys. Rev. B 97, 054404 (2018)<\/a>.<\/span><\/li>\n<\/ul>\n<\/li>\n<\/ul>\n","protected":false},"excerpt":{"rendered":"<p>2019 Axial anomaly generation by domain wall motion in Weyl semimetals, Julia D. Hannukainen, Yago Ferreiros, Alberto Cortijo, and Jens H. Bardarson, arXiv:1912.10501. Many-body effects in nodal-line semimetals: correction to the optical conductivit Daniel Mu\u00f1oz-Segovia, Alberto Cortijo,\u00a0 arXiv:1910.08081. Hall viscosity &hellip; <a href=\"https:\/\/wp.icmm.csic.es\/field-theories-in-condensed-matter-physics\/publications\/\">Sigue leyendo <span class=\"meta-nav\">&rarr;<\/span><\/a><\/p>\n","protected":false},"author":6,"featured_media":0,"parent":0,"menu_order":0,"comment_status":"closed","ping_status":"closed","template":"","meta":{"_monsterinsights_skip_tracking":false,"_monsterinsights_sitenote_active":false,"_monsterinsights_sitenote_note":"","_monsterinsights_sitenote_category":0,"footnotes":""},"class_list":["post-30","page","type-page","status-publish","hentry"],"_links":{"self":[{"href":"https:\/\/wp.icmm.csic.es\/field-theories-in-condensed-matter-physics\/wp-json\/wp\/v2\/pages\/30","targetHints":{"allow":["GET"]}}],"collection":[{"href":"https:\/\/wp.icmm.csic.es\/field-theories-in-condensed-matter-physics\/wp-json\/wp\/v2\/pages"}],"about":[{"href":"https:\/\/wp.icmm.csic.es\/field-theories-in-condensed-matter-physics\/wp-json\/wp\/v2\/types\/page"}],"author":[{"embeddable":true,"href":"https:\/\/wp.icmm.csic.es\/field-theories-in-condensed-matter-physics\/wp-json\/wp\/v2\/users\/6"}],"replies":[{"embeddable":true,"href":"https:\/\/wp.icmm.csic.es\/field-theories-in-condensed-matter-physics\/wp-json\/wp\/v2\/comments?post=30"}],"version-history":[{"count":73,"href":"https:\/\/wp.icmm.csic.es\/field-theories-in-condensed-matter-physics\/wp-json\/wp\/v2\/pages\/30\/revisions"}],"predecessor-version":[{"id":1240,"href":"https:\/\/wp.icmm.csic.es\/field-theories-in-condensed-matter-physics\/wp-json\/wp\/v2\/pages\/30\/revisions\/1240"}],"wp:attachment":[{"href":"https:\/\/wp.icmm.csic.es\/field-theories-in-condensed-matter-physics\/wp-json\/wp\/v2\/media?parent=30"}],"curies":[{"name":"wp","href":"https:\/\/api.w.org\/{rel}","templated":true}]}}