{"id":429,"date":"2018-02-13T17:00:25","date_gmt":"2018-02-13T17:00:25","guid":{"rendered":"https:\/\/wp.icmm.csic.es\/field-theories-in-condensed-matter-physics\/?page_id=429"},"modified":"2018-12-01T09:22:19","modified_gmt":"2018-12-01T09:22:19","slug":"outreach-articles-chapters","status":"publish","type":"page","link":"https:\/\/wp.icmm.csic.es\/field-theories-in-condensed-matter-physics\/outreach-articles-chapters\/","title":{"rendered":"Outreach &#8211; Articles in journals and Chapters in books"},"content":{"rendered":"<p>Here we include some articles and chapters that we have published in different journals and books.<\/p>\n<hr \/>\n<ul>\n<li>Alberto Cortijo won the 2018 physics prize of the Spanish Royal Society of Physics-RSEF-FBBVA for the best outreach article in the RSEF journal for his article (in Spanish) \u201cQuasipart\u00edculas relativistas\u201d: <a href=\"http:\/\/rsef.es\/images\/Fisica\/FalloJuradoPdFoct2018.pdf\">http:\/\/rsef.es\/images\/Fisica\/FalloJuradoPdFoct2018.pdf<\/a>\n<div class=\"layoutArea\"><\/div>\n<\/li>\n<\/ul>\n<ul>\n<li>An article about the life of the scientist Emmy Noether and her contributions to modern physics. Written by Bel\u00e9n Valenzuela in the journal <em>Revista espa\u00f1ola de F\u00edsica<\/em>, enero-marzo 2018, in section\u00a0<em>Mi cl\u00e1sico favorito.<\/em><\/li>\n<\/ul>\n<p><a href=\"https:\/\/wp.icmm.csic.es\/field-theories-in-condensed-matter-physics\/wp-content\/uploads\/sites\/9\/2018\/03\/mi_clasico_noether.pdf\">EmmyNoether<\/a><\/p>\n<hr \/>\n<ul>\n<li>Bel\u00e9n Valenzuela and \u00a0Mar\u00eda A. H. Vozmediano collaborated in the book <em><a href=\"http:\/\/divulgacioncientificadecientificos.blogspot.com.es\/p\/libro-book.html\">Science, and I also understand it!!!<\/a><\/em>. The chapters can be found in the following links<\/li>\n<\/ul>\n<p>&#8211; About emergence in condensed matter: <a href=\"https:\/\/wp.icmm.csic.es\/field-theories-in-condensed-matter-physics\/wp-content\/uploads\/sites\/9\/2018\/02\/EmergenceAsimov.docx\">EmergenceAsimov<\/a><\/p>\n<p>&#8211; About parity symmetry: <a href=\"https:\/\/wp.icmm.csic.es\/field-theories-in-condensed-matter-physics\/wp-content\/uploads\/sites\/9\/2018\/02\/P-symmetry.docx\">P-symmetry<\/a><\/p>\n<p>&#8211; About graphene:\u00a0<em>Qu\u00e9 es el grafeno y por qu\u00e9 nos importa<\/em><\/p>\n<p><iframe loading=\"lazy\" title=\"Ciencia, y adem\u00e1s lo entiendo!!! \/ Science, and I also understand it!!!\" width=\"640\" height=\"480\" src=\"https:\/\/www.youtube.com\/embed\/K_VJ6lCv72A?feature=oembed\" frameborder=\"0\" allow=\"accelerometer; autoplay; clipboard-write; encrypted-media; gyroscope; picture-in-picture; web-share\" referrerpolicy=\"strict-origin-when-cross-origin\" allowfullscreen><\/iframe><\/p>\n<hr \/>\n<ul>\n<li>Dr. Bel\u00e9n Valenzuela also collaborated in the book <a href=\"http:\/\/divulgacioncientificadecientificos.blogspot.com.es\/p\/y-yo-quiero-ser.html\"><em>Y yo quiero ser&#8230;<\/em><\/a>, which encourages people to be scientific . Her chapter motivates the choice of theoretical physics of condensed matter, and it can be found in the following link<\/li>\n<\/ul>\n<p><a href=\"http:\/\/yoquierosercientifico.blogspot.com.es\/2018\/01\/yo-quiero-ser-fisica-teorica-de-la.html?m=1\">Yyoquieroser-Belen<\/a><\/p>\n<hr \/>\n<ul>\n<li>\u00a0M. Vozmediano and collaborators published an article in Investigaci\u00f3n y Ciencia, \u00a0the Spanish version of the \u00a0Scientific American:<\/li>\n<\/ul>\n<p><a href=\"https:\/\/wp.icmm.csic.es\/field-theories-in-condensed-matter-physics\/wp-content\/uploads\/sites\/9\/2018\/02\/2010InvYciencia.pdf\">2010InvYciencia<\/a><\/p>\n<hr \/>\n<ul>\n<li>Commentary published in Nature Physics by M. Vozmediano on running coupling constants in 2011.<\/li>\n<\/ul>\n<p><a href=\"https:\/\/wp.icmm.csic.es\/field-theories-in-condensed-matter-physics\/wp-content\/uploads\/sites\/9\/2018\/02\/2011NewsandViews.pdf\">2011NewsandViews<\/a><\/p>\n<ul>\n<li>The Spanish translation \u00a0also appeared in Investigaci\u00f3n y Ciencia.<\/li>\n<\/ul>\n<p><a href=\"https:\/\/www.investigacionyciencia.es\/revistas\/investigacion-y-ciencia\/prolongar-la-juventud-545\/constantes-que-corren-8529\">https:\/\/www.investigacionyciencia.es\/revistas\/investigacion-y-ciencia\/prolongar-la-juventud-545\/constantes-que-corren-8529<\/a><\/p>\n<hr \/>\n<ul>\n<li>\u00a0Popular article on Graphene published by M. Vozmediano for the bulletin of the International Association of Mathematical Physics in October 2013.<\/li>\n<\/ul>\n<p><a href=\"https:\/\/wp.icmm.csic.es\/field-theories-in-condensed-matter-physics\/wp-content\/uploads\/sites\/9\/2018\/02\/Math.pdf\">2013Graphene in IAMP<\/a><\/p>\n","protected":false},"excerpt":{"rendered":"<p>Here we include some articles and chapters that we have published in different journals and books. Alberto Cortijo won the 2018 physics prize of the Spanish Royal Society of Physics-RSEF-FBBVA for the best outreach article in the RSEF journal for &hellip; <a href=\"https:\/\/wp.icmm.csic.es\/field-theories-in-condensed-matter-physics\/outreach-articles-chapters\/\">Sigue leyendo <span class=\"meta-nav\">&rarr;<\/span><\/a><\/p>\n","protected":false},"author":6,"featured_media":0,"parent":0,"menu_order":0,"comment_status":"closed","ping_status":"closed","template":"","meta":{"_monsterinsights_skip_tracking":false,"_monsterinsights_sitenote_active":false,"_monsterinsights_sitenote_note":"","_monsterinsights_sitenote_category":0,"footnotes":""},"class_list":["post-429","page","type-page","status-publish","hentry"],"_links":{"self":[{"href":"https:\/\/wp.icmm.csic.es\/field-theories-in-condensed-matter-physics\/wp-json\/wp\/v2\/pages\/429","targetHints":{"allow":["GET"]}}],"collection":[{"href":"https:\/\/wp.icmm.csic.es\/field-theories-in-condensed-matter-physics\/wp-json\/wp\/v2\/pages"}],"about":[{"href":"https:\/\/wp.icmm.csic.es\/field-theories-in-condensed-matter-physics\/wp-json\/wp\/v2\/types\/page"}],"author":[{"embeddable":true,"href":"https:\/\/wp.icmm.csic.es\/field-theories-in-condensed-matter-physics\/wp-json\/wp\/v2\/users\/6"}],"replies":[{"embeddable":true,"href":"https:\/\/wp.icmm.csic.es\/field-theories-in-condensed-matter-physics\/wp-json\/wp\/v2\/comments?post=429"}],"version-history":[{"count":34,"href":"https:\/\/wp.icmm.csic.es\/field-theories-in-condensed-matter-physics\/wp-json\/wp\/v2\/pages\/429\/revisions"}],"predecessor-version":[{"id":942,"href":"https:\/\/wp.icmm.csic.es\/field-theories-in-condensed-matter-physics\/wp-json\/wp\/v2\/pages\/429\/revisions\/942"}],"wp:attachment":[{"href":"https:\/\/wp.icmm.csic.es\/field-theories-in-condensed-matter-physics\/wp-json\/wp\/v2\/media?parent=429"}],"curies":[{"name":"wp","href":"https:\/\/api.w.org\/{rel}","templated":true}]}}