{"id":60,"date":"2018-02-05T13:51:12","date_gmt":"2018-02-05T13:51:12","guid":{"rendered":"https:\/\/wp.icmm.csic.es\/field-theories-in-condensed-matter-physics\/?page_id=60"},"modified":"2019-04-07T19:37:46","modified_gmt":"2019-04-07T19:37:46","slug":"vozmediano","status":"publish","type":"page","link":"https:\/\/wp.icmm.csic.es\/field-theories-in-condensed-matter-physics\/vozmediano\/","title":{"rendered":"Mar\u00eda A. H.  Vozmediano"},"content":{"rendered":"<p>Vita<\/p>\n<p><img loading=\"lazy\" decoding=\"async\" class=\"alignleft wp-image-674 \" src=\"https:\/\/wp.icmm.csic.es\/field-theories-in-condensed-matter-physics\/wp-content\/uploads\/sites\/9\/2018\/02\/IMG_4559-267x300.jpg\" alt=\"\" width=\"211\" height=\"237\" srcset=\"https:\/\/wp.icmm.csic.es\/field-theories-in-condensed-matter-physics\/wp-content\/uploads\/sites\/9\/2018\/02\/IMG_4559-267x300.jpg 267w, https:\/\/wp.icmm.csic.es\/field-theories-in-condensed-matter-physics\/wp-content\/uploads\/sites\/9\/2018\/02\/IMG_4559-768x864.jpg 768w, https:\/\/wp.icmm.csic.es\/field-theories-in-condensed-matter-physics\/wp-content\/uploads\/sites\/9\/2018\/02\/IMG_4559-910x1024.jpg 910w\" sizes=\"auto, (max-width: 211px) 100vw, 211px\" \/><\/p>\n<p>I am a Research Professor at the Instituto de Ciencia de Materiales de Madrid belonging to the Spanish National Reseach Council (Consejo Superior de Investigaciones Cient\u00edficas).<\/p>\n<div id=\"attachment_276\" style=\"width: 310px\" class=\"wp-caption alignnone\"><img loading=\"lazy\" decoding=\"async\" aria-describedby=\"caption-attachment-276\" class=\"wp-image-276 size-medium\" src=\"https:\/\/wp.icmm.csic.es\/field-theories-in-condensed-matter-physics\/wp-content\/uploads\/sites\/9\/2018\/02\/IMG_9367-300x202.jpg\" alt=\"\" width=\"300\" height=\"202\" srcset=\"https:\/\/wp.icmm.csic.es\/field-theories-in-condensed-matter-physics\/wp-content\/uploads\/sites\/9\/2018\/02\/IMG_9367-300x202.jpg 300w, https:\/\/wp.icmm.csic.es\/field-theories-in-condensed-matter-physics\/wp-content\/uploads\/sites\/9\/2018\/02\/IMG_9367-768x517.jpg 768w, https:\/\/wp.icmm.csic.es\/field-theories-in-condensed-matter-physics\/wp-content\/uploads\/sites\/9\/2018\/02\/IMG_9367-1024x690.jpg 1024w\" sizes=\"auto, (max-width: 300px) 100vw, 300px\" \/><p id=\"caption-attachment-276\" class=\"wp-caption-text\">Aharon Davidson, 1984<\/p><\/div>\n<p>My education and first research \u00a0was in the area of Quantum Field Theory. I did my Ph D Thesis: \u00abHorizontal Axion alternative: A solution to the domain wall problem\u00bb \u00a0in the Weizmann Institute (Israel) under the supervison of Prof. Aharon Davidson to whom I will be always indebted. My thesis disertation touched on the main problems of the time: The strong CP problem, the breakdown of the U(1) Peccei-Quinn symmetry by instantons to Z(n), and the \u00a0cosmological domain wall problem associated. All these problems have influenced my later carrier.<\/p>\n<p>I did a postdoctoral stay in Princeton University in the String Theory group of Ed Witten 1986-1988 and returned to the National Research Council in Madrid where I worked on 2D \u00a0gravity Liouville theory in collaboration with J. Gonz\u00e1lez. \u00a0From the string worldsheet we started to turn our interest to physics in lower dimensions, anyon superconductivity, and alike. I \u00abdiscovered\u00bb the Fermi liquid and, in collaboration with Jos\u00e9 Gonz\u00e1lez, Germ\u00e1n Sierra and Miguel \u00c1ngel Mart\u00edn-Delgado, wrote a book on Quantum electron liquids with the\u00a0the beginner&#8217;s daring.<\/p>\n<p><img loading=\"lazy\" decoding=\"async\" class=\"alignnone size-medium wp-image-281\" src=\"https:\/\/wp.icmm.csic.es\/field-theories-in-condensed-matter-physics\/wp-content\/uploads\/sites\/9\/2018\/02\/images-199x300.jpeg\" alt=\"\" width=\"199\" height=\"300\" srcset=\"https:\/\/wp.icmm.csic.es\/field-theories-in-condensed-matter-physics\/wp-content\/uploads\/sites\/9\/2018\/02\/images-199x300.jpeg 199w, https:\/\/wp.icmm.csic.es\/field-theories-in-condensed-matter-physics\/wp-content\/uploads\/sites\/9\/2018\/02\/images-679x1024.jpeg 679w, https:\/\/wp.icmm.csic.es\/field-theories-in-condensed-matter-physics\/wp-content\/uploads\/sites\/9\/2018\/02\/images.jpeg 716w\" sizes=\"auto, (max-width: 199px) 100vw, 199px\" \/><\/p>\n<p>The synthesis of the fullerenes in 1985 and the re-encounter with Paco Guinea, a class mate in the faculty of Physics that specialized in Condensed Matter physics &#8211; and who knew already that a single sheet of graphite was described by the Dirac equation -, led us to the fascinating activity of applying Quantum Field Theory techniques to condensed matter problems.<\/p>\n<div id=\"attachment_680\" style=\"width: 310px\" class=\"wp-caption alignnone\"><img loading=\"lazy\" decoding=\"async\" aria-describedby=\"caption-attachment-680\" class=\"wp-image-680 size-medium\" src=\"https:\/\/wp.icmm.csic.es\/field-theories-in-condensed-matter-physics\/wp-content\/uploads\/sites\/9\/2018\/02\/GrupoJulio06-002-300x225.jpg\" alt=\"\" width=\"300\" height=\"225\" srcset=\"https:\/\/wp.icmm.csic.es\/field-theories-in-condensed-matter-physics\/wp-content\/uploads\/sites\/9\/2018\/02\/GrupoJulio06-002-300x225.jpg 300w, https:\/\/wp.icmm.csic.es\/field-theories-in-condensed-matter-physics\/wp-content\/uploads\/sites\/9\/2018\/02\/GrupoJulio06-002-768x576.jpg 768w, https:\/\/wp.icmm.csic.es\/field-theories-in-condensed-matter-physics\/wp-content\/uploads\/sites\/9\/2018\/02\/GrupoJulio06-002-1024x768.jpg 1024w\" sizes=\"auto, (max-width: 300px) 100vw, 300px\" \/><p id=\"caption-attachment-680\" class=\"wp-caption-text\">The group at the Universidad Carlos III de Madrid, 2006<\/p><\/div>\n<p>I spend some years as a tenured \u00a0assistant professor in the Mathematics Department of the Universidad Carlos III de Madrid where I taught mathematics to engineering students. I&#8217;ve also taught at the Universidad Aut\u00f3noma de Madrid and at the Universidad Complutense de Madrid. After learning a lot from this teaching, I gained a position in the National Research Council.<\/p>\n","protected":false},"excerpt":{"rendered":"<p>Vita I am a Research Professor at the Instituto de Ciencia de Materiales de Madrid belonging to the Spanish National Reseach Council (Consejo Superior de Investigaciones Cient\u00edficas). My education and first research \u00a0was in the area of Quantum Field Theory. &hellip; <a href=\"https:\/\/wp.icmm.csic.es\/field-theories-in-condensed-matter-physics\/vozmediano\/\">Sigue leyendo <span class=\"meta-nav\">&rarr;<\/span><\/a><\/p>\n","protected":false},"author":6,"featured_media":0,"parent":0,"menu_order":0,"comment_status":"closed","ping_status":"closed","template":"","meta":{"_monsterinsights_skip_tracking":false,"_monsterinsights_sitenote_active":false,"_monsterinsights_sitenote_note":"","_monsterinsights_sitenote_category":0,"footnotes":""},"class_list":["post-60","page","type-page","status-publish","hentry"],"_links":{"self":[{"href":"https:\/\/wp.icmm.csic.es\/field-theories-in-condensed-matter-physics\/wp-json\/wp\/v2\/pages\/60","targetHints":{"allow":["GET"]}}],"collection":[{"href":"https:\/\/wp.icmm.csic.es\/field-theories-in-condensed-matter-physics\/wp-json\/wp\/v2\/pages"}],"about":[{"href":"https:\/\/wp.icmm.csic.es\/field-theories-in-condensed-matter-physics\/wp-json\/wp\/v2\/types\/page"}],"author":[{"embeddable":true,"href":"https:\/\/wp.icmm.csic.es\/field-theories-in-condensed-matter-physics\/wp-json\/wp\/v2\/users\/6"}],"replies":[{"embeddable":true,"href":"https:\/\/wp.icmm.csic.es\/field-theories-in-condensed-matter-physics\/wp-json\/wp\/v2\/comments?post=60"}],"version-history":[{"count":24,"href":"https:\/\/wp.icmm.csic.es\/field-theories-in-condensed-matter-physics\/wp-json\/wp\/v2\/pages\/60\/revisions"}],"predecessor-version":[{"id":1139,"href":"https:\/\/wp.icmm.csic.es\/field-theories-in-condensed-matter-physics\/wp-json\/wp\/v2\/pages\/60\/revisions\/1139"}],"wp:attachment":[{"href":"https:\/\/wp.icmm.csic.es\/field-theories-in-condensed-matter-physics\/wp-json\/wp\/v2\/media?parent=60"}],"curies":[{"name":"wp","href":"https:\/\/api.w.org\/{rel}","templated":true}]}}