{"id":906,"date":"2018-10-15T10:11:34","date_gmt":"2018-10-15T10:11:34","guid":{"rendered":"https:\/\/wp.icmm.csic.es\/field-theories-in-condensed-matter-physics\/?page_id=906"},"modified":"2023-02-06T13:02:58","modified_gmt":"2023-02-06T13:02:58","slug":"join","status":"publish","type":"page","link":"https:\/\/wp.icmm.csic.es\/field-theories-in-condensed-matter-physics\/join\/","title":{"rendered":"Prizes and awards"},"content":{"rendered":"<p><strong>2022 \u00d3scar Pozo Oca\u00f1a<\/strong><\/p>\n<p>Best PhD thesis -theory- prize of the Spanish Physical Society (Condensed Matter)<\/p>\n<p><strong>2021<\/strong> <strong>Pilar L\u00f3pez-Sancho \u00a0<\/strong><\/p>\n<p>Emmy Noether prize of the European Physical Society<\/p>\n<h3><strong>2018 Alberto Cortijo<\/strong><\/h3>\n<p>Physics prize of the Spanish Physical Society-BBVA for \u00a0his article \u00abQuasipart\u00edculas Relativistas\u00bb as the best dissemination article.<\/p>\n<h3><strong>2017 Fernando de Juan Sanz<\/strong><\/h3>\n<p>Physics prize of the Spanish Physical Society-BBVA \u00a0as the novel scientist (theory).<\/p>\n<h3><strong>2013 Adolfo G. Grushin<\/strong><\/h3>\n<p>Prize of the Universidad Aut\u00f3noma de Madrid to the best PhD thesis.<\/p>\n<hr \/>\n","protected":false},"excerpt":{"rendered":"<p>2022 \u00d3scar Pozo Oca\u00f1a Best PhD thesis -theory- prize of the Spanish Physical Society (Condensed Matter) 2021 Pilar L\u00f3pez-Sancho \u00a0 Emmy Noether prize of the European Physical Society 2018 Alberto Cortijo Physics prize of the Spanish Physical Society-BBVA for \u00a0his &hellip; <a href=\"https:\/\/wp.icmm.csic.es\/field-theories-in-condensed-matter-physics\/join\/\">Sigue leyendo <span class=\"meta-nav\">&rarr;<\/span><\/a><\/p>\n","protected":false},"author":6,"featured_media":0,"parent":0,"menu_order":0,"comment_status":"closed","ping_status":"closed","template":"","meta":{"_monsterinsights_skip_tracking":false,"_monsterinsights_sitenote_active":false,"_monsterinsights_sitenote_note":"","_monsterinsights_sitenote_category":0,"footnotes":""},"class_list":["post-906","page","type-page","status-publish","hentry"],"_links":{"self":[{"href":"https:\/\/wp.icmm.csic.es\/field-theories-in-condensed-matter-physics\/wp-json\/wp\/v2\/pages\/906","targetHints":{"allow":["GET"]}}],"collection":[{"href":"https:\/\/wp.icmm.csic.es\/field-theories-in-condensed-matter-physics\/wp-json\/wp\/v2\/pages"}],"about":[{"href":"https:\/\/wp.icmm.csic.es\/field-theories-in-condensed-matter-physics\/wp-json\/wp\/v2\/types\/page"}],"author":[{"embeddable":true,"href":"https:\/\/wp.icmm.csic.es\/field-theories-in-condensed-matter-physics\/wp-json\/wp\/v2\/users\/6"}],"replies":[{"embeddable":true,"href":"https:\/\/wp.icmm.csic.es\/field-theories-in-condensed-matter-physics\/wp-json\/wp\/v2\/comments?post=906"}],"version-history":[{"count":9,"href":"https:\/\/wp.icmm.csic.es\/field-theories-in-condensed-matter-physics\/wp-json\/wp\/v2\/pages\/906\/revisions"}],"predecessor-version":[{"id":1287,"href":"https:\/\/wp.icmm.csic.es\/field-theories-in-condensed-matter-physics\/wp-json\/wp\/v2\/pages\/906\/revisions\/1287"}],"wp:attachment":[{"href":"https:\/\/wp.icmm.csic.es\/field-theories-in-condensed-matter-physics\/wp-json\/wp\/v2\/media?parent=906"}],"curies":[{"name":"wp","href":"https:\/\/api.w.org\/{rel}","templated":true}]}}