{"id":193,"date":"2015-06-01T14:08:24","date_gmt":"2015-06-01T12:08:24","guid":{"rendered":"http:\/\/www.icmm.csic.es\/forcetool\/?page_id=193"},"modified":"2015-06-01T14:08:24","modified_gmt":"2015-06-01T12:08:24","slug":"phase-contrast-afm-imaging","status":"publish","type":"page","link":"https:\/\/wp.icmm.csic.es\/forcetool\/research-activities\/advanced-dynamic-atomic-force-microscopy\/phase-contrast-afm-imaging\/","title":{"rendered":"Phase contrast AFM imaging"},"content":{"rendered":"<p>The phase lag between the external excitation of\u00a0the vibrating probe and its response to the tip-surface interactions, referred to as phase shift, is related to the local energy dissipation on the surface. Specifically, the sine of the phase shift <em>f <\/em>is proportional to the amount of inelastic energy transferred from the tip to the sample surface (Eq. 2). Although energy dissipation is often associated with irreversible sample deformation, in AM-AFM\u00a0the energy could be dissipated in a gentle and wearless manner that does not involve sample modification and, therefore, it is compatible with nanoscale spatial resolution. As in the case of the exerted force in the sample, the value of the dissipated energy depends on both experimental parameters and tip-sample inelastic processes. Typical high resolution experiments involve dissipated values per cycle in the 0.5-50 eV range. For a spatial resolution of 2 nm, those values imply a dissipated energy per bond that ranges from 0.001 to 0.1 eV, i.e., far less than the bonding energies of most materials.<\/p>\n<h3>Scheme of\u00a0amplitude modulation AFM\u00a0 with topography and compositional sensitivity<\/h3>\n<p>In amplitude modulation AFM\u00a0a topographic image is generated\u00a0by scanning the tip across the surface while keeping the oscillating amplitude at a fixed while. The application of the virial theorem to the tip motion enables to derive a relationship between the amplitude <em>A<\/em> and the average value of\u00a0the conservative tip-surface forces<em> &lt;<\/em><em>Fts&gt;<\/em><\/p>\n<p><a href=\"https:\/\/wp.icmm.csic.es\/forcetool\/wp-content\/uploads\/sites\/32\/2015\/06\/phasecontrast_clip_image002.gif\"><img loading=\"lazy\" decoding=\"async\" class=\"alignnone size-full wp-image-247\" src=\"https:\/\/wp.icmm.csic.es\/forcetool\/wp-content\/uploads\/sites\/32\/2015\/06\/phasecontrast_clip_image002.gif\" alt=\"phasecontrast_clip_image002\" width=\"156\" height=\"59\" \/><\/a><\/p>\n<p>Equation 1 shows that any type conservative force will reduce the amplitude from its free value (<em>A0<\/em>). Equation 1 is only valid for w=w0. <em>F0<\/em> is the external force that drives the tip oscillation.<\/p>\n<p>Separation of topography and composition arises because in the steady state operation of\u00a0the microscope (<em>z=z0+A cos(<\/em><em>w<\/em><em>t-<\/em><em>f<\/em><em>)<\/em>) the average energy released by the cantilever to the medium <em>Emed<\/em> (air or liquid) and the sample surface must match the average energy supply by the external driving force. Then,\u00a0the\u00a0phase shift lag <em>f<\/em>\u00a0between the microcantilever excitation and the probes response is related to the oscillation amplitude <em>A<\/em> and the average energy dissipated in the sample <em>Edis<\/em> and in the environment <em>Emed<\/em> by (w=w0)<\/p>\n<p><a href=\"https:\/\/wp.icmm.csic.es\/forcetool\/wp-content\/uploads\/sites\/32\/2015\/06\/phasecontrast_clip_image004.gif\"><img loading=\"lazy\" decoding=\"async\" class=\"alignnone size-full wp-image-246\" src=\"https:\/\/wp.icmm.csic.es\/forcetool\/wp-content\/uploads\/sites\/32\/2015\/06\/phasecontrast_clip_image004.gif\" alt=\"phasecontrast_clip_image004\" width=\"171\" height=\"60\" \/><\/a><\/p>\n<p>The prefactor (A\/A0) and\u00a0<em>Emed<\/em> remain\u00a0constant during\u00a0amplitude modulation AFM imaging (A=constant). Consequently,\u00a0any change of\u00a0the phase shift\u00a0is directly related to a local change in the energy dissipated in the sample and\u00a0independent of\u00a0the topography. The oscillation amplitude is kept constant by the feedback system with only small instantaneous variations because of the finite response of the electronics. The influence of those variations on the phase shift is negligible in first approximation. The phase shift of the oscillation with respect to a reference value tracks composition variations.<\/p>\n<p><a href=\"https:\/\/wp.icmm.csic.es\/forcetool\/wp-content\/uploads\/sites\/32\/2015\/06\/phase1.jpg\"><img loading=\"lazy\" decoding=\"async\" class=\"alignnone size-full wp-image-245\" src=\"https:\/\/wp.icmm.csic.es\/forcetool\/wp-content\/uploads\/sites\/32\/2015\/06\/phase1.jpg\" alt=\"phase1\" width=\"297\" height=\"297\" srcset=\"https:\/\/wp.icmm.csic.es\/forcetool\/wp-content\/uploads\/sites\/32\/2015\/06\/phase1.jpg 297w, https:\/\/wp.icmm.csic.es\/forcetool\/wp-content\/uploads\/sites\/32\/2015\/06\/phase1-150x150.jpg 150w, https:\/\/wp.icmm.csic.es\/forcetool\/wp-content\/uploads\/sites\/32\/2015\/06\/phase1-160x160.jpg 160w, https:\/\/wp.icmm.csic.es\/forcetool\/wp-content\/uploads\/sites\/32\/2015\/06\/phase1-320x320.jpg 320w\" sizes=\"auto, (max-width: 297px) 100vw, 297px\" \/><\/a><a href=\"https:\/\/wp.icmm.csic.es\/forcetool\/wp-content\/uploads\/sites\/32\/2015\/06\/phase4.jpg\"><img loading=\"lazy\" decoding=\"async\" class=\"alignnone size-large wp-image-250\" src=\"https:\/\/wp.icmm.csic.es\/forcetool\/wp-content\/uploads\/sites\/32\/2015\/06\/phase2.jpg\" alt=\"phase2\" width=\"269\" height=\"297\" \/><\/a><\/p>\n<p>Parallel array of polymer wires fabricated by AFM nanolithography on a silicon surface. The phase image (right) enables to characterize the continuity of the wires with 3 nm resolution. The phase imaged\u00a0enables to detect compositional variations along the wires with a spatial resolution of\u00a03 nm. Those variations are unnoticeable in the topography image.<br \/>\n<a href=\"https:\/\/wp.icmm.csic.es\/forcetool\/wp-content\/uploads\/sites\/32\/2015\/06\/phase4.jpg\"><br \/>\n<img loading=\"lazy\" decoding=\"async\" class=\"alignnone size-large wp-image-248\" src=\"https:\/\/wp.icmm.csic.es\/forcetool\/wp-content\/uploads\/sites\/32\/2015\/06\/phase4.jpg\" alt=\"phase4\" width=\"290\" height=\"204\" \/><\/a><a href=\"https:\/\/wp.icmm.csic.es\/forcetool\/wp-content\/uploads\/sites\/32\/2015\/06\/phase3.jpg\"><img loading=\"lazy\" decoding=\"async\" class=\"alignnone size-large wp-image-249\" src=\"https:\/\/wp.icmm.csic.es\/forcetool\/wp-content\/uploads\/sites\/32\/2015\/06\/phase3.jpg\" alt=\"phase3\" width=\"297\" height=\"273\" \/><br \/>\n<\/a><\/p>\n<p>Phase-imaging force microscopy images of several T6 monolayer islands deposited on silicon. (d) Energy dissipation histograms extracted from (c). The number of counts is larger on the silicon surface because at the present coverage its surface area is larger.<\/p>\n<p><strong>Phase imaging in liquid<\/strong><br \/>\nIn liquid the quality factor of the cantilever is\u00a0 small <em>Q<\/em> (~1-5), the higher harmonic components of\u00a0 the oscillation could have a non-negligible contribution on the tip motion, then \u00a0Eq. 2 should be modified. If the first two higher harmonics (<em>A1, A2<\/em>) are the dominat components of the oscillation, <em>z=z0+A1 cos (<\/em><em>w<\/em><em>t-<\/em><em>f<\/em><em>1<\/em><em>) + A2 cos (2<\/em><em>w<\/em><em>t-<\/em><em>f<\/em><em>2<\/em><em>)<\/em>, it can be shown that\u00a0 (<em>w<\/em><em>=<\/em><em>w<\/em><em>0<\/em>),<\/p>\n<p><a href=\"https:\/\/wp.icmm.csic.es\/forcetool\/wp-content\/uploads\/sites\/32\/2015\/06\/phasecontrast_clip_image006.gif\"><img loading=\"lazy\" decoding=\"async\" class=\"alignnone size-full wp-image-244\" src=\"https:\/\/wp.icmm.csic.es\/forcetool\/wp-content\/uploads\/sites\/32\/2015\/06\/phasecontrast_clip_image006.gif\" alt=\"phasecontrast_clip_image006\" width=\"211\" height=\"56\" \/><\/a><\/p>\n<p>Equation 3 is derived by applying a methodology similar to the one used to obtain Eq. 2. The above result says that for small <em>Q <\/em>values, a complete separation between topography and dissipation is not possible. Nonetheless, Eq. 2 remains a good approximation whenever\u00a0<em>A1&gt;40A2.<\/em>\u00a0 This is usually the case in many AFM experiments in liquids.<\/p>\n<p><strong>Nanoscale energy dissipation\u00a0and sample properties<\/strong>.<br \/>\nThe sine of phase lag between the external excitation and the tip response is directly linked to the amount of energy dissipated on the sample (Eq. 2).\u00a0On the other hand, several analytical relationships between the dissipation and sample properties such as surface adhesion energy, elastic modulus, stiffness, plasticity index or viscoelasticity have been derived. For example, lets take the case of a dissipative process characterized by surface adhesion hysteresis, i.e., when the work needed to separate two surfaces is always greater than the originally gained by bringing the surfaces together. Then the dissipated energy is proportional to differences in surface energies,<\/p>\n<p><a href=\"https:\/\/wp.icmm.csic.es\/forcetool\/wp-content\/uploads\/sites\/32\/2015\/06\/phasecontrast_clip_image014.gif\"><img loading=\"lazy\" decoding=\"async\" class=\"alignnone size-full wp-image-243\" src=\"https:\/\/wp.icmm.csic.es\/forcetool\/wp-content\/uploads\/sites\/32\/2015\/06\/phasecontrast_clip_image014.gif\" alt=\"phasecontrast_clip_image014\" width=\"213\" height=\"29\" \/><\/a><\/p>\n<p>where <em>\u03b4<\/em> is the deformation (indentation)\u00a0and <em>FDMT<\/em>\u00a0is the Derjaguin-Muller-Toporov (DMT) forces in approach and retraction half periods;<em>\u03b3<sub>r<\/sub> <\/em>and\u00a0<em>\u03b3<sub>a<\/sub><\/em> are respectively the approach and retraction\u00a0surface energies and <em>R<\/em> is the tip radius. Equations 2 and 4 allow the observer to turn AM-AFM observables such as phase shifts into material properties. Figure 2 shows the agreement obtained between experiments and theory for two different inelastic processes, surface adhesion hysteresis and viscoelasticity. Ultimately any dissipation process can be described by the existence of a hysteresis in the force versus distance curve, i.e., the force while the tip approaches the surface differs from the force when the tip retracts from the surface. At the atomic scale <em>ab initio<\/em> calculations show how this hysteresis is linked with the molecular deformations induced by the tip-molecules forces. These force difference is described at the nanoscale by the hysteresis in the adhesion energy.<\/p>\n<p><a href=\"https:\/\/wp.icmm.csic.es\/forcetool\/wp-content\/uploads\/sites\/32\/2015\/06\/phasecontrast_clip_image019.gif\"><img loading=\"lazy\" decoding=\"async\" class=\"alignnone size-full wp-image-242\" src=\"https:\/\/wp.icmm.csic.es\/forcetool\/wp-content\/uploads\/sites\/32\/2015\/06\/phasecontrast_clip_image019.gif\" alt=\"phasecontrast_clip_image019\" width=\"557\" height=\"476\" \/><\/a><\/p>\n<p><strong>To know more about Phase Imaging AFM from Garcia\u2019s group<\/strong><\/p>\n<ul>\n<li><span lang=\"es\" xml:lang=\"es\">R. Garc\u00eda, C.J. G\u00f3mez, N.F. Mart\u00ednez, S. Patil, C. Dietz and R. Magerle, <\/span><span lang=\"EN-GB\" xml:lang=\"EN-GB\">Physical Review Letters <strong>97<\/strong>, 016103-4 (2006)<\/span><\/li>\n<li>R. Garc\u00eda, R. Magerle, R. Perez. Nature Materials <strong>6<\/strong>, 405-411 (2007).<\/li>\n<li><span lang=\"EN-GB\" xml:lang=\"EN-GB\">N. F. Mart\u00ednez and R. Garc\u00eda<\/span><span lang=\"EN-GB\" xml:lang=\"EN-GB\">Nanotechnology <strong>17<\/strong>, S167-S172 (2006)<\/span><\/li>\n<li>Nicol\u00e1s F. Mart\u00ednez, Wojciech Kaminski, Carlos J.G\u00f3mez, Cristiano Albonetti, Fabio Biscarinni, Rub\u00e9n P\u00e9rez and R. Garc\u00eda. Nanotechnology, <strong>20<\/strong>, 434021(2009)<\/li>\n<li><span lang=\"EN-GB\" xml:lang=\"EN-GB\">Javier Tamayo and Ricardo Garc\u00eda. Applied Physics Letters <strong>71<\/strong>, 2394 (1997)<\/span><\/li>\n<li><span lang=\"EN-GB\" xml:lang=\"EN-GB\">Javier Tamayo and Ricardo Garc\u00eda Applied Physics Letters <strong>73<\/strong>, 2926 (1998)<\/span><\/li>\n<li>Amir F. Payam, Jorge R. Ramos and Ricardo Garc\u00eda. ACS Nano <strong>6<\/strong>, 4663-4670 (2012)<\/li>\n<\/ul>\n<p>&nbsp;<\/p>\n","protected":false},"excerpt":{"rendered":"<p>The phase lag between the external excitation of\u00a0the vibrating probe and its response to the tip-surface interactions, referred to as phase shift, is related to the local energy dissipation on the surface. Specifically, the&#46;&#46;&#46;<\/p>\n","protected":false},"author":58,"featured_media":0,"parent":181,"menu_order":2,"comment_status":"closed","ping_status":"open","template":"","meta":{"ngg_post_thumbnail":0,"footnotes":""},"class_list":["post-193","page","type-page","status-publish","hentry"],"_links":{"self":[{"href":"https:\/\/wp.icmm.csic.es\/forcetool\/wp-json\/wp\/v2\/pages\/193","targetHints":{"allow":["GET"]}}],"collection":[{"href":"https:\/\/wp.icmm.csic.es\/forcetool\/wp-json\/wp\/v2\/pages"}],"about":[{"href":"https:\/\/wp.icmm.csic.es\/forcetool\/wp-json\/wp\/v2\/types\/page"}],"author":[{"embeddable":true,"href":"https:\/\/wp.icmm.csic.es\/forcetool\/wp-json\/wp\/v2\/users\/58"}],"replies":[{"embeddable":true,"href":"https:\/\/wp.icmm.csic.es\/forcetool\/wp-json\/wp\/v2\/comments?post=193"}],"version-history":[{"count":0,"href":"https:\/\/wp.icmm.csic.es\/forcetool\/wp-json\/wp\/v2\/pages\/193\/revisions"}],"up":[{"embeddable":true,"href":"https:\/\/wp.icmm.csic.es\/forcetool\/wp-json\/wp\/v2\/pages\/181"}],"wp:attachment":[{"href":"https:\/\/wp.icmm.csic.es\/forcetool\/wp-json\/wp\/v2\/media?parent=193"}],"curies":[{"name":"wp","href":"https:\/\/api.w.org\/{rel}","templated":true}]}}