{"id":25,"date":"2015-05-28T11:26:58","date_gmt":"2015-05-28T11:26:58","guid":{"rendered":"http:\/\/www.icmm.csic.es\/forcetool\/?page_id=25"},"modified":"2022-07-05T15:24:41","modified_gmt":"2022-07-05T15:24:41","slug":"funding","status":"publish","type":"page","link":"https:\/\/wp.icmm.csic.es\/forcetool\/funding\/","title":{"rendered":"Funding"},"content":{"rendered":"<p><strong>MICROSCOPIA DE FUERZAS BIMODAL PARA CARACTERIZAR CON RESOLUCION ATOMICA Y NANOMETRICA MATERIALES A ALTA VELOCIDAD, PID2019-106801GB-I00, Ministerio de Cienica e Innovaci\u00f3n<\/strong><\/p>\n<p>IP: Ricardo Garc\u00eda<br \/>\nFinanciaci\u00f3n grupo: 248050 \u20ac<\/p>\n<p><strong>Desarrollo de m\u00e9todos avanzados de microscop\u00eda de fuerzas, CSIC, PIE-202050E013; 01\/01\/2020-31\/12\/2022<\/strong><\/p>\n<p>IP: Ricardo Garc\u00eda<br \/>\nFinanciaci\u00f3n grupo: 200000 \u20ac<\/p>\n<p><strong>Nuevas Tecnolog\u00edas Aplicadas al Estudio de Nanom\u00e1quinas Biol\u00f3gicas, Tec4Bio, S2018\/NMT-4443, Direcci\u00f3n General de Investigaci\u00f3n e Innovaci\u00f3n, CAM, 1 Ja. 2019 to 31 December 2022<\/strong><\/p>\n<p>IP: Ricardo Garc\u00eda<br \/>\nCoordinador: Fernando Herrero (CNB, CSIC, Madrid)<br \/>\nFinanciaci\u00f3n grupo: 131888 \u20ac<\/p>\n<p><strong>Scanning probe microscopies for nanoscale fast, tomographic and composition imaging<\/strong><\/p>\n<p>SPM2.0 , No. 721874, H2020-MSCA-ITN-2016<br \/>\nJanuary 2017-december 2020<br \/>\nIP:&nbsp; Ricardo Garc\u00eda<br \/>\nCoordinador: Gabriel Gomila (IBEC, Barcelona)<br \/>\nFinanciaci\u00f3n grupo: 232840 \u20ac<\/p>\n<p><strong>Three Dimensional molecular resolution mapping of soft matter-liquid intrfaces<\/strong><\/p>\n<p>ERC-2013-AdG, 340177-3DNanoMech, 01\/02\/2014 to 31\/01\/2019<br \/>\nIP: Ricardo Garc\u00eda, Financiaci\u00f3n: 2.5 M \u20ac<\/p>\n<p><strong>Dispositivos de nanohilos de silicio para la deteccion ultra sensible de marcadores de enfermedades<\/strong><br \/>\nMINECO, MAT2013-44858-R, 01\/01\/2014 a 31\/12\/2016<br \/>\nIP: Ricardo Garc\u00eda, Financiaci\u00f3n: 146000 \u20ac<\/p>\n<p><strong>SNM. <span lang=\"EN-US\">Single nanometer manufacturing for beyond CMOS devices, SNM<\/span><\/strong><br \/>\n2015 No. 318804; FP7-ICT-2011-8. &nbsp;1st January 2010-31st December 2012<br \/>\nPRINCIPAL INVESTIGATOR:&nbsp; Ricardo Garc\u00eda<br \/>\nTotal Funding: 17.800.000 \u20ac MICINN, 27th December 2010-26th December 2015<br \/>\nCoordinator:&nbsp;Ivo Rangelow (TU, Ilmenau, Germany)<\/p>\n<p><strong><a href=\"http:\/\/www.forceforfuture.es\/\" target=\"_blank\" rel=\"noopener noreferrer\">Force For Future Consolider-Ingenio<\/a><\/strong><br \/>\nMICINN, 27th December 2010-26th December 2015<br \/>\nPRINCIPAL INVESTIGATOR:&nbsp; Ricardo Garc\u00eda<\/p>\n<p><strong><a href=\"http:\/\/www.ione-fp7.eu\/\" target=\"_blank\" rel=\"noopener noreferrer\">Implantable Organic Nano-Electronics, I-ONE<\/a><\/strong><br \/>\nNo. 280772; FP7-NMP-2011-SMALL-5; NMP2011.1.4-4 . 1st March 2012-28th February 2015<br \/>\nINVESTIGADOR PRINCIPAL:&nbsp; Ricardo Garc\u00eda<br \/>\nCoordinador: Fabio Biscarini (CNR, Italy)<\/p>\n<p><strong>Fabricaci\u00f3n, caracterizaci\u00f3n y activaci\u00f3n de nanoestructuras, nanodispositivos y di\u00f3xido de carbono&nbsp; (Nanofactor\u00eda)<\/strong><br \/>\nMICINN, MAT2009-08650 &nbsp;1st January 2010-31st December 2012<br \/>\nPRINCIPAL INVESTIGATOR:&nbsp; Ricardo Garc\u00eda<br \/>\nGroup funding: 329,120 \u20ac, Total: 329,120&nbsp; \u20ac<\/p>\n<p><strong>Activaci\u00f3n de dioxide de carbono y metano mediante la aplicaci\u00f3n de campos el\u00e9ctricos generados por un microscopio de fuerzas<\/strong><br \/>\nMICINN, CTQ2007-31076 &nbsp;1st May 2008-30th April 2010<br \/>\nPRINCIPAL INVESTIGATOR:&nbsp; Ricardo Garc\u00eda<br \/>\nGroup funding: 100,000 \u20ac, Total: 100,000&nbsp; \u20ac<\/p>\n<p><strong>Detecci\u00f3n de mol\u00e9culas biol\u00f3gicas y procesos de reconocimiento molecular mediante nano-transistores TRANSBIO<\/strong><br \/>\nPIF08-008, CSIC&nbsp; 1st September 2008-30th August &nbsp;2010<br \/>\nPRINCIPAL INVESTIGATOR:&nbsp; Ricardo Garc\u00eda ; Coordinator: Ricardo Garc\u00eda<br \/>\nGroup funding: 132,000 \u20ac, Total: 352,000&nbsp; \u20ac<\/p>\n<p><strong>Sensing BIOsystems and their Dynamics in fluids with Organic Transistors <\/strong><br \/>\nBIODOT&nbsp; (STREP)&nbsp; 032652 1st October 2006-30th September 2009<br \/>\nPRINCIPAL INVESTIGATOR:&nbsp; Ricardo Garc\u00eda ; Coordinator: Dr. Fabio Biscarini (CNR, Italy)<br \/>\nGroup funding: 204,000 \u20ac, Total: 2,200,000&nbsp; \u20ac<\/p>\n","protected":false},"excerpt":{"rendered":"<p>MICROSCOPIA DE FUERZAS BIMODAL PARA CARACTERIZAR CON RESOLUCION ATOMICA Y NANOMETRICA MATERIALES A ALTA VELOCIDAD, PID2019-106801GB-I00, Ministerio de Cienica e Innovaci\u00f3n IP: Ricardo Garc\u00eda Financiaci\u00f3n grupo: 248050 \u20ac Desarrollo de m\u00e9todos avanzados de microscop\u00eda&#46;&#46;&#46;<\/p>\n","protected":false},"author":58,"featured_media":0,"parent":0,"menu_order":9,"comment_status":"closed","ping_status":"open","template":"","meta":{"ngg_post_thumbnail":0,"footnotes":""},"class_list":["post-25","page","type-page","status-publish","hentry"],"_links":{"self":[{"href":"https:\/\/wp.icmm.csic.es\/forcetool\/wp-json\/wp\/v2\/pages\/25","targetHints":{"allow":["GET"]}}],"collection":[{"href":"https:\/\/wp.icmm.csic.es\/forcetool\/wp-json\/wp\/v2\/pages"}],"about":[{"href":"https:\/\/wp.icmm.csic.es\/forcetool\/wp-json\/wp\/v2\/types\/page"}],"author":[{"embeddable":true,"href":"https:\/\/wp.icmm.csic.es\/forcetool\/wp-json\/wp\/v2\/users\/58"}],"replies":[{"embeddable":true,"href":"https:\/\/wp.icmm.csic.es\/forcetool\/wp-json\/wp\/v2\/comments?post=25"}],"version-history":[{"count":3,"href":"https:\/\/wp.icmm.csic.es\/forcetool\/wp-json\/wp\/v2\/pages\/25\/revisions"}],"predecessor-version":[{"id":1573,"href":"https:\/\/wp.icmm.csic.es\/forcetool\/wp-json\/wp\/v2\/pages\/25\/revisions\/1573"}],"wp:attachment":[{"href":"https:\/\/wp.icmm.csic.es\/forcetool\/wp-json\/wp\/v2\/media?parent=25"}],"curies":[{"name":"wp","href":"https:\/\/api.w.org\/{rel}","templated":true}]}}