{"id":37,"date":"2015-05-28T11:28:12","date_gmt":"2015-05-28T11:28:12","guid":{"rendered":"http:\/\/www.icmm.csic.es\/forcetool\/?page_id=35"},"modified":"2023-10-18T17:14:17","modified_gmt":"2023-10-18T17:14:17","slug":"job-opportunities","status":"publish","type":"page","link":"https:\/\/wp.icmm.csic.es\/forcetool\/job-opportunities\/","title":{"rendered":"Contratos Predoctorales"},"content":{"rendered":"<p style=\"font-weight: 400\">El objetivo de la tesis doctoral es desarrollar de una microscop\u00eda de fuerzas con capacidad para proporcionar im\u00e1genes 3D en tiempo real y con resoluci\u00f3n molecular de la organizaci\u00f3n de l\u00edquidos, en particular, soluciones acuosas en la proximidad de una superficie s\u00f3lida. Las im\u00e1genes permitir\u00e1n abordar y resolver problemas cient\u00edficos de sobre la interacci\u00f3n de agua con materiales tales como prote\u00ednas, pol\u00edmeros y materiales bidimensionales. El microscopio tambi\u00e9n se emplear\u00e1 para resolver problemas con implicaciones en el almacenamiento de energ\u00eda en bater\u00edas y en la purificaci\u00f3n y descontaminaci\u00f3n agua.&nbsp;&nbsp;&nbsp;<\/p>\n<p style=\"font-weight: 400\">El candidato\/a deber\u00e1 de haber cursado el grado y\/o el master en una universidad espa\u00f1ola.<\/p>\n","protected":false},"excerpt":{"rendered":"<p>El objetivo de la tesis doctoral es desarrollar de una microscop\u00eda de fuerzas con capacidad para proporcionar im\u00e1genes 3D en tiempo real y con resoluci\u00f3n molecular de la organizaci\u00f3n de l\u00edquidos, en particular, soluciones&#46;&#46;&#46;<\/p>\n","protected":false},"author":58,"featured_media":0,"parent":0,"menu_order":14,"comment_status":"closed","ping_status":"open","template":"","meta":{"ngg_post_thumbnail":0,"footnotes":""},"class_list":["post-37","page","type-page","status-publish","hentry"],"_links":{"self":[{"href":"https:\/\/wp.icmm.csic.es\/forcetool\/wp-json\/wp\/v2\/pages\/37","targetHints":{"allow":["GET"]}}],"collection":[{"href":"https:\/\/wp.icmm.csic.es\/forcetool\/wp-json\/wp\/v2\/pages"}],"about":[{"href":"https:\/\/wp.icmm.csic.es\/forcetool\/wp-json\/wp\/v2\/types\/page"}],"author":[{"embeddable":true,"href":"https:\/\/wp.icmm.csic.es\/forcetool\/wp-json\/wp\/v2\/users\/58"}],"replies":[{"embeddable":true,"href":"https:\/\/wp.icmm.csic.es\/forcetool\/wp-json\/wp\/v2\/comments?post=37"}],"version-history":[{"count":9,"href":"https:\/\/wp.icmm.csic.es\/forcetool\/wp-json\/wp\/v2\/pages\/37\/revisions"}],"predecessor-version":[{"id":1700,"href":"https:\/\/wp.icmm.csic.es\/forcetool\/wp-json\/wp\/v2\/pages\/37\/revisions\/1700"}],"wp:attachment":[{"href":"https:\/\/wp.icmm.csic.es\/forcetool\/wp-json\/wp\/v2\/media?parent=37"}],"curies":[{"name":"wp","href":"https:\/\/api.w.org\/{rel}","templated":true}]}}