{"id":845,"date":"2015-11-19T10:37:37","date_gmt":"2015-11-19T09:37:37","guid":{"rendered":"http:\/\/www.icmm.csic.es\/forcetool\/?page_id=845"},"modified":"2023-03-10T10:43:51","modified_gmt":"2023-03-10T10:43:51","slug":"phd-theses","status":"publish","type":"page","link":"https:\/\/wp.icmm.csic.es\/forcetool\/phd-theses\/","title":{"rendered":"PhD Theses"},"content":{"rendered":"<p><strong><span style=\"color: #0000ff\">2022<\/span><\/strong><\/p>\n<p>24. Victor G. Gisbert, <em>High Spatial Resolution Nanomechanical Mapping of Materials: From Proteins to Magnetic Media<\/em>, Universidad Aut\u00f3noma de Madrid, 2022<\/p>\n<p><strong><span style=\"color: #0000ff\">2021<\/span><\/strong><\/p>\n<p>23. Simone Benaglia, <em>Novel Developments and Applications of Bimodal Atomic Force Microscopy and 3D-AFM<\/em><em>, <\/em>Universidad Aut\u00f3noma de Madrid, 2021&nbsp;<\/p>\n<p><strong><span style=\"color: #0000ff\">2020<\/span><\/strong><\/p>\n<p>22. Manuel Ralph Uhlig,&nbsp; <em>Advanced Force Spectroscopy Applications: Three-Dimensional AFM and Single-Molecule Force Spectroscopy, <\/em>Universidad Aut\u00f3noma de Madrid, 2020<\/p>\n<p><strong><span style=\"color: #0000ff\">2019<\/span><\/strong><\/p>\n<p>21. Carlos R. Guerrero Rodr\u00edguez, <em>Nanomec\u00e1nica celular determinada por Microscop\u00eda de Fuerzas At\u00f3micas- Aplicaciones en Biomedicina, <\/em>Universidad Aut\u00f3noma de Madrid, 2019<\/p>\n<p>20. Pablo David Garcia L\u00f3pez, <em>Teor\u00eda del microscopio de fuerzas para determinar propiedades nanomec\u00e1nicas en celulas, <\/em>Universidad Aut\u00f3noma de Madrid, 2019<\/p>\n<p>19. Arancha Iglesias del Dago, <em>Fabricaci\u00f3n de nanodispositivos electr\u00f3nicos de materiales bidimensionales mediante la nanolitograf\u00eda de oxidaci\u00f3n local, <\/em>Universidad Aut\u00f3noma de Madrid, 2019<\/p>\n<p>18. Carlos \u00c1lvarez Amo, <em>Microscop\u00eda de Fuerza Bimodal y no Resonante para Medir Propiedades F\u00edsicas y Qu\u00edmicas a Escala Nanom\u00e9trica<\/em>, Universidad Aut\u00f3noma de Madrid, 2019<\/p>\n<p><strong><span style=\"color: #0000ff\">2018<\/span><\/strong><\/p>\n<p>17. Francisco Miguel Espinosa Barea,&nbsp;<em>La litograf\u00eda de oxidaci\u00f3n local para la fabricaci\u00f3n de dispositivos nanoelectr\u00f3nicos,<\/em> Universidad Aut\u00f3noma de Madrid, 2018<\/p>\n<p><strong><span style=\"color: #0000ff\">2017<\/span><\/strong>&nbsp;<\/p>\n<p>16. Daniel Mart\u00edn Jim\u00e9nez,&nbsp;<i>Development of a three-dimensional atomic force microscope for imaging solid-liquid interfaces<\/i>, Universidad Aut\u00f3noma de Madrid, 2017<\/p>\n<p><strong><span style=\"color: #0000ff\">2016<\/span><\/strong><\/p>\n<p>15. Alma P\u00e9rez &nbsp;Perrino, <i>Atomic Force Microscopy dynamic modes for the quantification of nanomechanical properties: from polymers to membrane proteins<\/i>,Universidad Aut\u00f3noma de Madrid, 2016<\/p>\n<p>14. Andra Cristina Dumitru, <em>New Atomic Force Spectroscopy Methods for Biomedical Applications<\/em>,Universidad Aut\u00f3noma de Madrid, 2016<\/p>\n<p><strong><span style=\"color: #0000ff\">2015<\/span><\/strong><\/p>\n<p>13. Yu Kyoung Ryu Cho,<em> Fabrication of etching masks and electronic nanodevices by oxidation scanning probe lithography<\/em>, Universidad Complutense de Madrid, 26th January 2015<\/p>\n<p><strong><span style=\"color: #0000ff\">2014<\/span><\/strong><\/p>\n<p>12. Horacio Vargas Guzm\u00e1n, <em>Modeling peak interaction forces of soft matter with dynamic AFM in liquid<\/em>, Universidad Aut\u00f3noma de Madrid, 24th October 2014<\/p>\n<p><strong><span style=\"color: #0000ff\">2013<\/span><\/strong><\/p>\n<p>11. Jorge Rodr\u00edguez Ramos, <em>Desarrollo y aplicaciones de la microscop\u00eda de fuerzas para el estudio de prote\u00ednas y c\u00e9lulas cancerosas<\/em>,Universidad Aut\u00f3noma de Madrid, 11th October 2013<\/p>\n<p><strong><span style=\"color: #0000ff\">2012<\/span><\/strong><\/p>\n<p>10. Carlos G\u00f3mez Castro,<em> Modelo te\u00f3rico cuantitativo para el estudio del microscopio de fuerzas: An\u00e1lisis de los procesos de disipaci\u00f3n de nerg\u00eda y recuperaci\u00f3n de la interacci\u00f3n punta-muestra<\/em>, Universidad Complutense de Madrid, 29th February 2012 (co-dirigida con el Prof. Rub\u00e9n P\u00e9rez).<\/p>\n<p><strong><span style=\"color: #0000ff\">2011<\/span><\/strong><\/p>\n<p>9. Elena Tom\u00e1s Herruzo,<em> Desarrollo de la microscop\u00eda de fuerzas bimodal para la cuantificaci\u00f3n de propiedades mec\u00e1nicas<\/em>, Universidad Aut\u00f3noma de Madrid, 15th July 2011.<\/p>\n<p><strong><span style=\"color: #0000ff\">2010<\/span><\/strong><\/p>\n<p>8. Jos\u00e9 Luis Rodr\u00edguez Lozano, <em>Teor\u00eda de microscop\u00eda de fuerzas bimodal<\/em>, Universidad Aut\u00f3noma de Madrid, 16th November 2010.<\/p>\n<p>7. Nuria S\u00e1nchez Losilla,<em> Nanolitograf\u00eda de oxidaci\u00f3n local en paralelo: Instrumento, cin\u00e9tica y nanofabricaci\u00f3n<\/em>,&nbsp; Universidad Aut\u00f3noma de Madrid, July 2010 (co-dirigida con el Dr. Javier Mart\u00ednez)<\/p>\n<p><strong><span style=\"color: #0000ff\">2009<\/span><\/strong><\/p>\n<p>6. Rams\u00e9s Valent\u00edn Mart\u00ednez,<em> Fabricaci\u00f3n de nanoestructuras biomoleculares y nanodispositivos electr\u00f3nicos mediante nanolitograf\u00eda por oxidaci\u00f3n local<\/em>, Universidad Aut\u00f3noma de Madrid, 24t July 2009. Premio extraordinario de doctorado.<\/p>\n<p>5.&nbsp; Nicol\u00e1s Francisco Mart\u00ednez Cuadrado, <em>Desarrollo y Aplicaci\u00f3n a la visualizaci\u00f3n de mol\u00e9culas org\u00e1nicas y biol\u00f3gicas con resoluci\u00f3n nanometrica An\u00e1lisis composicional a escala nanom\u00e9trica mediante medidas de fase<\/em>, Universidad Complutense de Madrid, 9th January 2009.<\/p>\n<p><strong><span style=\"color: #0000ff\">2004<\/span><\/strong><\/p>\n<p>4. Marta Tello Ru\u00edz, <em>Factores que influyen en la Nanolitograf\u00eda de oxidaci\u00f3n local: Resoluci\u00f3n, cin\u00e9tica comparativa y nanofabricaci\u00f3n<\/em>, Universidad Aut\u00f3noma de Madrid<em>,<\/em> 11th June 2004. Apto Cum Laude.<\/p>\n<p><strong><span style=\"color: #0000ff\">2002<\/span><\/strong><\/p>\n<p>3. Alvaro San Paulo Hernando<em>, Din\u00e1mica de la Microscop\u00eda de fuerzas con modulaci\u00f3n de amplitud: descripci\u00f3n te\u00f3rica e implicaciones experimentales<\/em>,&nbsp; Universidad Aut\u00f3noma de Madrid<em>,<\/em> 15th July 2002, Apto Cum Laude<\/p>\n<p>2. Montserrat Calleja G\u00f3mez, <em>Estudio de la oxidaci\u00f3n local de superficies de silicio mediante microscop\u00eda de fuerzas y sus aplicaciones a la Nanolitograf\u00eda<\/em>, Universidad de Santiago de Compostela<em>, <\/em> 4th March 2002. Apto Cum Laude.<\/p>\n<p><strong><span style=\"color: #0000ff\">1998<\/span><\/strong><\/p>\n<p>1. Javier Tamayo de Miguel, <em>Desarrollo del microscopio de fuerzas para la caracterizaci\u00f3n composicional de superficies<\/em>, Universidad Complutense de Madrid<em>,<\/em> April 1998. Apto Cum Laude.<\/p>\n","protected":false},"excerpt":{"rendered":"<p>2022 24. Victor G. Gisbert, High Spatial Resolution Nanomechanical Mapping of Materials: From Proteins to Magnetic Media, Universidad Aut\u00f3noma de Madrid, 2022 2021 23. Simone Benaglia, Novel Developments and Applications of Bimodal Atomic Force&#46;&#46;&#46;<\/p>\n","protected":false},"author":59,"featured_media":0,"parent":0,"menu_order":0,"comment_status":"closed","ping_status":"open","template":"","meta":{"ngg_post_thumbnail":0,"footnotes":""},"class_list":["post-845","page","type-page","status-publish","hentry"],"_links":{"self":[{"href":"https:\/\/wp.icmm.csic.es\/forcetool\/wp-json\/wp\/v2\/pages\/845","targetHints":{"allow":["GET"]}}],"collection":[{"href":"https:\/\/wp.icmm.csic.es\/forcetool\/wp-json\/wp\/v2\/pages"}],"about":[{"href":"https:\/\/wp.icmm.csic.es\/forcetool\/wp-json\/wp\/v2\/types\/page"}],"author":[{"embeddable":true,"href":"https:\/\/wp.icmm.csic.es\/forcetool\/wp-json\/wp\/v2\/users\/59"}],"replies":[{"embeddable":true,"href":"https:\/\/wp.icmm.csic.es\/forcetool\/wp-json\/wp\/v2\/comments?post=845"}],"version-history":[{"count":10,"href":"https:\/\/wp.icmm.csic.es\/forcetool\/wp-json\/wp\/v2\/pages\/845\/revisions"}],"predecessor-version":[{"id":1629,"href":"https:\/\/wp.icmm.csic.es\/forcetool\/wp-json\/wp\/v2\/pages\/845\/revisions\/1629"}],"wp:attachment":[{"href":"https:\/\/wp.icmm.csic.es\/forcetool\/wp-json\/wp\/v2\/media?parent=845"}],"curies":[{"name":"wp","href":"https:\/\/api.w.org\/{rel}","templated":true}]}}