{"id":124,"date":"2018-01-09T15:10:22","date_gmt":"2018-01-09T15:10:22","guid":{"rendered":"http:\/\/www.icmm.csic.es\/fronteras\/?page_id=124"},"modified":"2025-02-09T21:36:37","modified_gmt":"2025-02-09T21:36:37","slug":"profesores","status":"publish","type":"page","link":"https:\/\/wp.icmm.csic.es\/fronteras\/profesores\/","title":{"rendered":"Profesores"},"content":{"rendered":"<p><strong>Director: <\/strong><a href=\"mailto:j.ricote@gmail.com\">Jes\u00fas Ricote Santamar\u00eda<\/a> <a href=\"https:\/\/wp.icmm.csic.es\/eosmad\/dr-jesus-ricote\/\" target=\"_blank\" rel=\"noopener\">(hoja web)<\/a><\/p>\n<p><strong>Curso I<\/strong><\/p>\n<p><a href=\"mailto:ainara.aguadero@csic.es\" target=\"_blank\" rel=\"noopener\">Aguadero, Ainara<\/a><br \/>\n<a href=\"mailto:ja.alonso@icmm.csic.es\">Alonso, Jos\u00e9 Antonio<\/a> <a href=\"https:\/\/wp.icmm.csic.es\/matfuelcells\/\" target=\"_blank\" rel=\"noopener\">(hoja web)<\/a><br \/>\n<a href=\"mailto:malguero@icmm.csic.es\">Alguer\u00f3, Miguel<\/a> <a href=\"https:\/\/wp.icmm.csic.es\/eosmad\/dr-miguel-alguero\/\" target=\"_blank\" rel=\"noopener\">(hoja web)<\/a><br \/>\n<a href=\"mailto:aranda@icmm.csic.es\">Aranda, Pilar<\/a><br \/>\n<a href=\"mailto:jbartolo@icmm.csic.es\">Bartolom\u00e9, Jos\u00e9 F.<\/a><br \/>\n<a href=\"mailto:ibretos@icmm.csic.es\">Bretos I\u00f1igo<\/a> <a href=\"https:\/\/wp.icmm.csic.es\/eosmad\/dr-inigo-bretos\/\" target=\"_blank\" rel=\"noopener\">(hoja web)<\/a><br \/>\n<a href=\"mailto:lcalzada@icmm.csic.es\">Calzada, M. Lourdes<\/a> <a href=\"https:\/\/wp.icmm.csic.es\/eosmad\/prof-m-lourdes-calzada\/\" target=\"_blank\" rel=\"noopener\">(hoja web)<\/a><br \/>\n<a href=\"mailto:mferrer@icmm.csic.es\">Ferrer, Mar\u00eda Luisa<\/a> <a href=\"https:\/\/wp.icmm.csic.es\/bioinspired-materials\/topics-of-research\/isisa\/_dsc1389\/\">(hoja web)<\/a><br \/>\n<a href=\"mailto:gandara@icmm.csic.es\">G\u00e1ndara, Felipe<\/a><br \/>\n<a href=\"mailto:r.garcia@csic.es\">Garc\u00eda, Ricardo<\/a> <a href=\"https:\/\/wp.icmm.csic.es\/forcetool\/ricardo-garcia\/\" target=\"_blank\" rel=\"noopener\">(hoja web)<\/a><br \/>\n<a href=\"mailto:em.garcia.frutos@icmm.csic.es\">Garc\u00eda Frutos, Eva<\/a> <a href=\"https:\/\/wp.icmm.csic.es\/phbhmg\/members\/permanent-staff\/eva-maria-garcia-frutos\/\">(hoja web)<\/a><br \/>\n<a href=\"mailto:bgl@icmm.csic.es\">G\u00f3mez-Lor, Berta<\/a> <a href=\"https:\/\/wp.icmm.csic.es\/oeg\/\" target=\"_blank\" rel=\"noopener\">(hoja web)<\/a><br \/>\n<a href=\"mailto:mcgutierrez@icmm.csic.es\">Guti\u00e9rrez P\u00e9rez, M. Concepci\u00f3n<\/a> <a href=\"https:\/\/wp.icmm.csic.es\/bioinspired-materials\/topics-of-research\/isisa\/_dsc1345\/\" target=\"_blank\" rel=\"noopener\">(hoja web)<\/a><br \/>\n<a href=\"mailto:huttel@icmm.csic.es\">Huttel, Yves<\/a> <a href=\"https:\/\/sites.google.com\/site\/yveshuttel\/services\" target=\"_blank\" rel=\"noopener\">(hoja web)<\/a><br \/>\n<a href=\"mailto:riqjim@icmm.csic.es\" target=\"_blank\" rel=\"noopener\">Jim\u00e9nez, Ricardo<\/a> <a href=\"https:\/\/wp.icmm.csic.es\/eosmad\/people\/present-members\/dr-ricardo-jimenez\/\" target=\"_blank\" rel=\"noopener\">(hoja web)<\/a><br \/>\n<a href=\"mailto:lidia.martinez@icmm.csic.es\">Mart\u00ednez, Lidia<\/a><br \/>\n<a href=\"mailto:eva.maya@csic.es\">Maya, Eva M.<\/a> <a href=\"https:\/\/wp.icmm.csic.es\/oeg\/\" target=\"_blank\" rel=\"noopener\">(hoja web)<\/a><br \/>\n<a href=\"mailto:m.m.rojo@csic.es\" target=\"_blank\" rel=\"noopener\">Mu\u00f1oz Rojo, Miguel<\/a><br \/>\n<a href=\"mailto:j.quereda@csic.es\" target=\"_blank\" rel=\"noopener\">Quereda, Jorge<\/a><br \/>\n<a href=\"mailto:mc.terradas@csic.es\">Serrano, M. de la Concepci\u00f3n<\/a><br \/>\n<a href=\"mailto:sabino@icmm.csic.es\">Veintemillas, Sabino<\/a><\/p>\n<p><strong>Curso II<\/strong><\/p>\n<p><a href=\"mailto:raguado@icmm.csic.es\">Aguado, Ram\u00f3n<\/a> <a href=\"http:\/\/about.me\/ramonaguado\" target=\"_blank\" rel=\"noopener\">(hoja web)<\/a><br \/>\n<a href=\"mailto:jmalbella@icmm.csic.es\">Albella, Jos\u00e9 Mar\u00eda<\/a><br \/>\n<a href=\"mailto:hamorin@icmm.csic.es\">Amor\u00edn, Harvey<\/a> <a href=\"https:\/\/wp.icmm.csic.es\/eosmad\/dr-harvey-amorin\/\" target=\"_blank\" rel=\"noopener\">(hoja web)<\/a><br \/>\n<a href=\"mailto:leni.bascones@icmm.csic.es\">Bascones, Elena<\/a> <a href=\"https:\/\/wp.icmm.csic.es\/tqe\/people\/leni-bascones\/\" target=\"_blank\" rel=\"noopener\">(hoja web)<\/a><br \/>\n<a href=\"mailto:ablanco@icmm.csic.es\">Blanco, \u00c1lvaro<\/a><br \/>\n<a href=\"mailto:oksana@icmm.csic.es\">Fesenko, Oksana<\/a><br \/>\n<a href=\"mailto:s.gallego@csic.es\">Gallego, Silvia<\/a><br \/>\n<a href=\"mailto:ehe@icmm.csic.es\">Hern\u00e1ndez, Eduardo R.R.<\/a> <a href=\"http:\/\/www.icmm.csic.es\/ehernandez\/\" target=\"_blank\" rel=\"noopener\">(hoja web)<\/a><br \/>\n<a href=\"mailto:gago@icmm.csic.es\">Mart\u00edn Gago, Jos\u00e9 \u00c1ngel<\/a> <a href=\"https:\/\/wp.icmm.csic.es\/esisna\/members\/jose-angel-martin-gago\/\">(hoja web)<\/a><br \/>\n<a href=\"mailto:joseignacio.martinez@icmm.csic.es\" target=\"_blank\" rel=\"noopener\">Mart\u00ednez Ruiz, Jos\u00e9 Ignacio<\/a> <a href=\"https:\/\/wp.icmm.csic.es\/esisna\/jose-ignacio-martinez\/\">(hoja web)<\/a><br \/>\n<a href=\"mailto:pablo.merino@csic.es\" target=\"_blank\" rel=\"noopener\">Merino, Pablo<\/a> <a href=\"https:\/\/pablomerinomateo.wordpress.com\/\">(hoja web)<\/a><br \/>\n<a href=\"mailto:imontero@icmm.csic.es\">Montero, Isabel<\/a><br \/>\n<a href=\"mailto:cmunuera@icmm.csic.es\">Munuera, Carmen<\/a><br \/>\n<a href=\"mailto:mcarmen@icmm.csic.es\">Mu\u00f1oz, M. Carmen<\/a><br \/>\n<a href=\"mailto:cpg@icmm.csic.es\">Pecharrom\u00e1n, Carlos<\/a><br \/>\n<a href=\"mailto:daniel.ramos@csic.es\" target=\"_blank\" rel=\"noopener\">Ramos, Daniel<\/a><\/p>\n<p><strong>Pr\u00e1cticas Curso I<\/strong><\/p>\n<p>Pilar Aranda<br \/>\nJos\u00e9 Bartolom\u00e9<br \/>\nAlicia Castro<br \/>\nMargarita Darder<br \/>\nF\u00e1tima Esteban<br \/>\nFelipe G\u00e1ndara<br \/>\nEva Mar\u00eda Garc\u00eda Frutos<br \/>\nBerta G\u00f3mez-Lor<br \/>\nInmaculada Mart\u00ednez<br \/>\nEva M. Maya<br \/>\nSergio Puebla<br \/>\n\u00c1lvaro Rodr\u00edguez<br \/>\nConchi Serrano<br \/>\nSabino Veintemillas<br \/>\nYong Xie<\/p>\n<p><strong>Pr\u00e1cticas Curso II<\/strong><\/p>\n<p>Leopoldo \u00c1lvarez<br \/>\nHarvey Amor\u00edn<br \/>\n\u00c1lvaro Blanco<br \/>\n\u00cd\u00f1igo Bretos<br \/>\nM.Eugenia D\u00e1vila<br \/>\nPablo Merino<br \/>\nIsabel Montero<br \/>\nCarmen Munuera<br \/>\nCarlos Pecharrom\u00e1n<br \/>\n\u00c1lvaro Rodr\u00edguez<br \/>\nOlga S\u00e1nchez<br \/>\nCarlos S\u00e1nchez S\u00e1nchez<\/p>\n<p><strong>Pr\u00e1cticas Caracterizaci\u00f3n Avanzada<\/strong><\/p>\n<p>Pilar Aranda<br \/>\nAgustina Asenjo<br \/>\nIsmael Ballesteros<br \/>\nEider Berganza<br \/>\nMiguel \u00c1ngel Camblor<br \/>\nVirginia D\u00edez<br \/>\nYves Huttel<br \/>\nLidia Mart\u00ednez<br \/>\nJavier M\u00e9ndez<br \/>\nCarmen Munuera<br \/>\nDavid Navas<br \/>\nJavier Palomares<br \/>\nRafael P\u00e9rez del Real<br \/>\nJes\u00fas Ricote<br \/>\n\u00c1lvaro Rodr\u00edguez<br \/>\nIsabel Sobrados<\/p>\n","protected":false},"excerpt":{"rendered":"<p>Director: Jes\u00fas Ricote Santamar\u00eda (hoja web) Curso I Aguadero, Ainara Alonso, Jos\u00e9 Antonio (hoja web) Alguer\u00f3, Miguel (hoja web) Aranda, Pilar Bartolom\u00e9, Jos\u00e9 F. Bretos &hellip; <\/p>\n","protected":false},"author":55,"featured_media":0,"parent":0,"menu_order":0,"comment_status":"closed","ping_status":"closed","template":"","meta":{"footnotes":""},"class_list":["post-124","page","type-page","status-publish","hentry"],"_links":{"self":[{"href":"https:\/\/wp.icmm.csic.es\/fronteras\/wp-json\/wp\/v2\/pages\/124","targetHints":{"allow":["GET"]}}],"collection":[{"href":"https:\/\/wp.icmm.csic.es\/fronteras\/wp-json\/wp\/v2\/pages"}],"about":[{"href":"https:\/\/wp.icmm.csic.es\/fronteras\/wp-json\/wp\/v2\/types\/page"}],"author":[{"embeddable":true,"href":"https:\/\/wp.icmm.csic.es\/fronteras\/wp-json\/wp\/v2\/users\/55"}],"replies":[{"embeddable":true,"href":"https:\/\/wp.icmm.csic.es\/fronteras\/wp-json\/wp\/v2\/comments?post=124"}],"version-history":[{"count":30,"href":"https:\/\/wp.icmm.csic.es\/fronteras\/wp-json\/wp\/v2\/pages\/124\/revisions"}],"predecessor-version":[{"id":863,"href":"https:\/\/wp.icmm.csic.es\/fronteras\/wp-json\/wp\/v2\/pages\/124\/revisions\/863"}],"wp:attachment":[{"href":"https:\/\/wp.icmm.csic.es\/fronteras\/wp-json\/wp\/v2\/media?parent=124"}],"curies":[{"name":"wp","href":"https:\/\/api.w.org\/{rel}","templated":true}]}}