{"id":135,"date":"2018-01-09T15:46:24","date_gmt":"2018-01-09T15:46:24","guid":{"rendered":"http:\/\/www.icmm.csic.es\/fronteras\/?page_id=135"},"modified":"2024-11-06T08:47:50","modified_gmt":"2024-11-06T08:47:50","slug":"temario-curso-fronteras-en-ciencia-de-materiales-ii-propiedades-a-la-carta-para-nuevas-tecnologias","status":"publish","type":"page","link":"https:\/\/wp.icmm.csic.es\/fronteras\/temario-curso-fronteras-en-ciencia-de-materiales-ii-propiedades-a-la-carta-para-nuevas-tecnologias\/","title":{"rendered":"Temario Curso Fronteras en Ciencia de Materiales II: Propiedades a la carta para nuevas tecnolog\u00edas"},"content":{"rendered":"<h3><strong>1. Simulaci\u00f3n de Materiales<\/strong><\/h3>\n<p><strong>Introducci\u00f3n a la Simulaci\u00f3n Atom\u00edstica de Materiales<\/strong><br \/>\n<strong><em>J.I. Mart\u00ednez Ruiz<br \/>\n<\/em><\/strong><\/p>\n<p>Ya ha transcurrido m\u00e1s de medio siglo desde que vieran la luz los primeros trabajos que sentaron las bases de lo que hoy conocemos como Simulaci\u00f3n Atom\u00edstica de Materiales, los cuales dieron paso a t\u00e9cnicas como la Din\u00e1mica Molecular (MD) y Monte Carlo (MC). Con los recientes avances t\u00e9cnicos que permiten una elevada potencia computacional, junto al desarrollo de novedosas t\u00e9cnicas de programaci\u00f3n y algor\u00edtmica num\u00e9rica, la Simulaci\u00f3n de Materiales se ha convertido en una potente herramienta esencial para el estudio te\u00f3rico de materiales. En sus primeros tiempos, la Simulaci\u00f3n fue usada en combinaci\u00f3n con modelos sencillos, tales como el modelo de esferas duras o el fluido de Lennard-Jones; modelos gen\u00e9ricos que no aspiraban a ser representaciones realistas de ning\u00fan material concreto. A pesar de su simplicidad, estos modelos no permit\u00edan un tratamiento puramente anal\u00edtico. En la actualidad la Simulaci\u00f3n se emplea m\u00e1s frecuentemente junto con modelos mucho m\u00e1s sofisticados, que alcanzan una descripci\u00f3n m\u00e1s realista y precisa del sistema estudiado, lo que permite la realizaci\u00f3n de aut\u00e9nticos experimentos <em>in silico<\/em>. As\u00ed pues, la simulaci\u00f3n ha pasado de ser un complemento computacional en el campo de la mec\u00e1nica estad\u00edstica a una herramienta ampliamente utilizada en Qu\u00edmica-F\u00edsica, F\u00edsica de la Materia Condensada, Biolog\u00eda, Geolog\u00eda y Ciencia de Materiales. El grado de precisi\u00f3n de los resultados de la Simulaci\u00f3n Atom\u00edstica de Materiales alcanzado en los \u00faltimos tiempos permite dotar a este marco metodol\u00f3gico de una gran predictibilidad de las propiedades de nuevos materiales, incluso antes de ser sintetizados y caracterizados en laboratorio, lo que habilita el pre-filtrado de los materiales candidatos m\u00e1s \u00f3ptimos dependiendo de la funcionalidad y aplicaci\u00f3n deseadas. El objetivo de esta clase es presentar las ideas b\u00e1sicas de la simulaci\u00f3n de materiales, desde los algoritmos esenciales a los modelos m\u00e1s frecuentemente utilizados, con la intenci\u00f3n de ilustrar las muchas posibilidades que ofrece la Simulaci\u00f3n de Materiales, y el amplio uso que se hace de las mismas en la investigaci\u00f3n cient\u00edfica en este campo. Asimismo, los m\u00e1s recientes avances permiten replicar mediante m\u00e9todos computacionales pr\u00e1cticamente cualquier t\u00e9cnica de caracterizaci\u00f3n de materiales que nos encontramos en los laboratorios m\u00e1s avanzados.<\/p>\n<p><strong>Introducci\u00f3n al uso de t\u00e9cnicas de Inteligencia Artificial <\/strong><strong>en <\/strong><strong>Ciencia de Materiales<\/strong><br \/>\n<strong><em>E. H<\/em><\/strong><strong><em>ern\u00e1ndez<\/em><\/strong><\/p>\n<p>La Inteligencia Artificial (IA) es una disciplina de las ciencias de la computaci\u00f3n y las matem\u00e1ticas aplicadas cuyo objetivo es el estudio y desarrollo de algoritmos capaces de llevar a cabo tareas que tradicionalmente requieren intervenci\u00f3n humana, tales como la clasificaci\u00f3n de im\u00e1genes o la conducci\u00f3n de veh\u00edculos. Dentro de la IA, nos referimos al Aprendizaje Autom\u00e1tico (AA) como el desarrollo de algoritmos y sistemas inform\u00e1ticos capaces de emular la facultad del aprendizaje. Durante las \u00faltimas d\u00e9cadas la IA, y en particular el AA, han experimentado un considerable desarrollo, evolucionando desde un campo relativamente minoritario de las matem\u00e1ticas hasta convertirse en una disciplina de inmenso impacto no solo en las restantes disciplinas de la ciencia y la tecnolog\u00eda, sino incluso en nuestra vida diaria.<\/p>\n<p>El objetivo de esta clase es presentar las ideas b\u00e1sicas de la IA y describir c\u00f3mo algunas de estas ideas se est\u00e1n aplicando en el campo de la Ciencia de Materiales como una herramienta de investigaci\u00f3n m\u00e1s. Introduciremos el concepto de Red Neuronal, que subyace a la mayor\u00eda de los desarrollos recientes en IA\/AA, y describiremos los distintos tipos de algoritmos empleados, tales como aprendizaje supervisado, no supervisado y aprendizaje reforzado, procurando ilustrar cada una de estas familias mediante ejemplos de su uso en problemas de Ciencia de Materiales.<\/p>\n<h3><\/h3>\n<h3>2. Materiales el\u00e9ctricos y magn\u00e9ticos. Acoplamientos<\/h3>\n<p><strong>Nuevas aplicaciones de nanomagnetismo pata tecnolog\u00edas de informaci\u00f3n<\/strong><br \/>\n<strong><em>O. Fesenko<\/em><\/strong><\/p>\n<p>La clase est\u00e1 estructurada en dos partes. La primera se dedicar\u00e1 a nanoestructuras magn\u00e9ticas, describiendo los efectos de la reducci\u00f3n de dimensionalidad en las propiedades magn\u00e9ticas: efectos de tama\u00f1o y forma en nanoestructuras, interacciones fundamentales, estados de imanaci\u00f3n, etc. Se describir\u00e1n brevemente los principios fundamentales de micromagnetismo que permiten resolver las configuraciones magn\u00e9ticas y su evoluci\u00f3n temporal.<\/p>\n<p>En la segunda parte se hablar\u00e1 de uno de los temas de mayor repercusi\u00f3n tecnol\u00f3gica en el magnetismo actual, la grabaci\u00f3n magn\u00e9tica. Se har\u00e1 una introducci\u00f3n a los diferentes medios de grabaci\u00f3n y al problema fundamental del l\u00edmite superparamagn\u00e9tico. Se describir\u00e1n tambi\u00e9n nuevas propuestas para la grabaci\u00f3n magn\u00e9tica del futuro, incluyendo la interacci\u00f3n entre imanaci\u00f3n y corrientes polarizadas de esp\u00edn, y la descripci\u00f3n de osciladores esp\u00edn-torque.<\/p>\n<p><strong>Diel\u00e9ctricos y ferroel\u00e9ctricos en microtecnolog\u00edas. Nanociencia y nanotecnolog\u00eda de ferroel\u00e9ctricos<\/strong><br \/>\n<strong><em>J. Ricote<\/em><\/strong><\/p>\n<p>Se har\u00e1 una breve revisi\u00f3n de la f\u00edsica de diel\u00e9ctricos, introduciendo los conceptos de piezoelectricidad y ferroelectricidad. Se describir\u00e1n dispositivos b\u00e1sicos en tecnolog\u00edas cer\u00e1micas, como condensadores y dispositivos de transducci\u00f3n electromec\u00e1nica, y se prestar\u00e1 atenci\u00f3n fundamentalmente al desarrollo de las aplicaciones actuales que conllevan una miniaturizaci\u00f3n, incidiendo tanto en los cambios f\u00edsicos como en el dise\u00f1o y potencial de los dispositivos en la micro- y nano-escala. Se considerar\u00e1n diel\u00e9ctricos integrados (transistores de efecto de campo semiconductor-\u00f3xido-metal, memorias din\u00e1micas de acceso aleatorio y memorias no vol\u00e1tiles ferroel\u00e9ctricas) y piezoel\u00e9ctricos integrados (sistemas microelectromec\u00e1nicos), procesos de nanoestructuraci\u00f3n en tecnolog\u00edas cer\u00e1micas e integradas, y efectos de tama\u00f1o y funcionalidad en los l\u00edmites \u00faltimos de la nanoescala.<\/p>\n<p><strong>Acoplamiento magnetoel\u00e9ctrico y materiales multiferroicos.<\/strong><br \/>\n<strong><em>H. Amor\u00edn<\/em><\/strong><\/p>\n<p>Definiremos qu\u00e9 es el efecto magnetoel\u00e9ctrico y los mecanismos de acoplamiento en los que se basa. Introduciremos los materiales multiferroicos magnetoel\u00e9ctricos, en los que se espera maximizar este efecto. En primer lugar, describiremos los materiales multiferroicos mono-fase, donde un solo material conjuga propiedades ferroel\u00e9ctricas y magn\u00e9ticas. Haremos una breve descripci\u00f3n de los materiales m\u00e1s relevantes y su clasificaci\u00f3n en funci\u00f3n del origen del acoplamiento magnetoel\u00e9ctrico.<\/p>\n<p>Entre los inconvenientes de los materiales multiferroicos mono-fase est\u00e1n las bajas temperaturas cr\u00edticas y la debilidad del acoplamiento magnetoel\u00e9ctrico. Presentaremos cu\u00e1les son las l\u00edneas de investigaci\u00f3n activas para solucionar estos problemas, prestando especial atenci\u00f3n a la alternativa con mayor repercusi\u00f3n en el dise\u00f1o actual de dispositivos: la fabricaci\u00f3n de materiales multiferroicos compuestos, que combinan dos materiales con distinto orden ferroico. Mostraremos los distintos tipos de estructuras en las que se basan, desde composites cer\u00e1micos hasta heteroestructuras epitaxiales, y sus mecanismos de acoplamiento. Indicaremos posibles aplicaciones y los retos que existen para su desarrollo.<\/p>\n<p>Destacaremos el papel de los efectos de baja dimensionalidad, donde tanto la existencia de fronteras (superficies, intercaras), como el confinamiento dan lugar a nuevas propiedades y fen\u00f3menos f\u00edsicos que constituyen una de las ramas m\u00e1s activas de investigaci\u00f3n en el campo.<\/p>\n<p><strong>Espintr\u00f3nica<\/strong><br \/>\n<strong><em>S. Gallego<br \/>\n<\/em><\/strong><\/p>\n<p>La espintr\u00f3nica es una tecnolog\u00eda emergente que pretende combinar las ventajas de la electr\u00f3nica tradicional de semiconductores con las de los dispositivos de grabaci\u00f3n magn\u00e9tica, introduciendo importantes mejoras en las prestaciones y evitando el colapso predicho por la creciente miniaturizaci\u00f3n de los componentes electr\u00f3nicos. Se trata adem\u00e1s de un \u00e1rea singular, donde los avances tecnol\u00f3gicos van ligados al descubrimiento de nuevos fen\u00f3menos f\u00edsicos.<\/p>\n<p>En esta clase haremos un breve recorrido hist\u00f3rico sobre los or\u00edgenes y evoluci\u00f3n de la espintr\u00f3nica, desde la conducci\u00f3n dependiente de esp\u00edn, a la magnetoresistencia y las uniones t\u00fanel magn\u00e9ticas. Introduciremos algunos conceptos f\u00edsicos esenciales y describiremos con detalle dispositivos representativos. Estableceremos las diferencias entre las distintas ramas de la espintr\u00f3nica ligadas a diversos tipos de materiales (metales, semiconductores, \u00f3xidos,&#8230;), y mostraremos c\u00f3mo la investigaci\u00f3n en espintr\u00f3nica ha dado lugar a la b\u00fasqueda de nuevos materiales de propiedades singulares (materiales magn\u00e9ticos dilu\u00eddos,\u00a0<em>half-metals<\/em>, semiconductores magn\u00e9ticos, etc.).<\/p>\n<p>Finalmente, daremos una perspectiva general de las m\u00faltiples ramas de investigaci\u00f3n hacia las que la espintr\u00f3nica actual se diversifica, dependiendo tanto de las propiedades espec\u00edficas de los materiales en los que se basa, como de los mecanismos utilizados para la manipulaci\u00f3n de las corrientes de esp\u00edn.<\/p>\n<h3><\/h3>\n<h3>3. Materiales \u00f3pticos. La frontera fot\u00f3nica<\/h3>\n<p>En este bloque tem\u00e1tico se describir\u00e1 una serie de fen\u00f3menos no intuitivos que aparecen cuando la luz interacciona con nuevos materiales (sistemas) que han aparecido en los \u00faltimos a\u00f1os. Dentro del curso fronteras en Ciencia de Materiales pretendemos introducir los fundamentos \u00f3pticos de la nanofot\u00f3nica y nanoplasm\u00f3nica, as\u00ed como de los l\u00e1seres de estado s\u00f3lido cristalinos y presentar los principales fen\u00f3menos f\u00edsicos\/qu\u00edmicos subyacentes que tienen lugar y sus aplicaciones en cada caso.<\/p>\n<p>Cada una de las tres clases se abordar\u00e1 con una breve introducci\u00f3n presentando los fundamentos b\u00e1sicos, preparaci\u00f3n y caracterizaci\u00f3n de los materiales, aplicaciones y desarrollos actuales de la investigaci\u00f3n y sus posibles l\u00edneas de avance. Se considerar\u00e1n problemas abiertos as\u00ed como aplicaciones presentes y futuras, planteando cu\u00e1les son las limitaciones actuales para resolverlos.<\/p>\n<p><strong>La luz y los materiales<\/strong><br \/>\n<strong><em>C. Pecharrom\u00e1n<\/em><\/strong><\/p>\n<p><em>a. Scattering de luz por part\u00edculas met\u00e1licas. Plasm\u00f3nica<\/em><strong><br \/>\n<\/strong><\/p>\n<ul>\n<li><em>Resonancia de Plasm\u00f3n. Amplificaci\u00f3n del campo el\u00e9ctrico.<\/em><\/li>\n<li><em>Sistemas reales. Coloides de oro, plata, nanocomposites de oro, plata, cobre. Otros metales., l\u00e1minas, agujeros&#8230;<\/em><\/li>\n<li><em>Aplicaciones: Detecci\u00f3n, SERS, Propagaci\u00f3n por l\u00e1minas, aplicaciones no lineales, color, bioqu\u00edmica, marcadores&#8230;<\/em><\/li>\n<\/ul>\n<p><em>b. Materiales biisotr\u00f3picos o bianisotr\u00f3picos<\/em><strong><br \/>\n<\/strong><\/p>\n<ul>\n<li><em>\u00bfQu\u00e9 pasa cuando n y\u00a0m\u00a0son diferentes de 1?.<\/em><\/li>\n<li><em>Materiales invisibles, de propagaci\u00f3n transversal y zurdos.<\/em><\/li>\n<li><em>Metamateriales<\/em><\/li>\n<li><em>Cloacking<\/em><\/li>\n<li><em>Dispositivos: Aplicaciones en el rango de las MW y THz\u2019s<\/em><\/li>\n<\/ul>\n<p><strong>Cristales fot\u00f3nicos<br \/>\n<em>A. Blanco<\/em><\/strong><\/p>\n<ul>\n<li><em>Fundamentos<\/em><\/li>\n<li><em>T\u00e9cnicas de fabricaci\u00f3n (1D, 2D, 3D)<\/em><\/li>\n<li><em>T\u00e9cnicas de caracterizaci\u00f3n<\/em><\/li>\n<li><em>Cristales fot\u00f3nicos coloidales<\/em><\/li>\n<li><em>Aplicaciones<\/em><\/li>\n<\/ul>\n<p><strong>Optomec\u00e1nica<br \/>\n<em>D. Ramos<\/em><\/strong><\/p>\n<p>En esta clase haremos una peque\u00f1a introducci\u00f3n a la interacci\u00f3n luz-materia en la nanoescala y c\u00f3mo, gracias al desarrollo de las diferentes t\u00e9cnicas de nanofabricaci\u00f3n, podemos modificar y controlar activamente las fuerzas \u00f3pticas. En este sentido, repasaremos los conceptos b\u00e1sicos de nanofot\u00f3nica, en especial las cavidades \u00f3pticas. Estas cavidades son los elementos fundamentales sobre los que se construyen los actuales dispositivos optomec\u00e1nicos, donde la luz confinada ejerce una presi\u00f3n de radiaci\u00f3n deformando la estructura. Por \u00faltimo, veremos las diferentes aplicaciones de este acoplamiento optomec\u00e1nico, que abarcan campos como los sensores o las tecnolog\u00edas de la informaci\u00f3n.<\/p>\n<p>&nbsp;<\/p>\n<h3>4. Superficies y recubrimientos<\/h3>\n<p><strong>S\u00edntesis controlada de nuevas nanoestructuras sobre superficies<br \/>\n<em>J.A. Mart\u00edn Gago<\/em><br \/>\n<\/strong><\/p>\n<p>El desarrollo de la nanotecnolog\u00eda requiere dominar nuevas estrategias para formar de forma controlada mol\u00e9culas y nanoestructuras mediante autoensamblado ascendente (crecimiento tipo <em>bottom-up<\/em>). En esta clase veremos un nuevo campo de trabajo interdisciplinar, a caballo entre la qu\u00edmica y la f\u00edsica, que ha llevado en los \u00faltimos a\u00f1os a dise\u00f1ar nuevas estructuras moleculares de forma y dimensionalidad bien definidas.\u00a0 Mediante la estrategia, conocida como s\u00edntesis sobre superficies, se ha conseguido fabricar y caracterizar nuevas mol\u00e9culas, redes unidimensionales, nanocintas de carbono o materiales 2D de manera altamente controlada.<\/p>\n<p>&nbsp;<\/p>\n<p><strong>Materiales avanzados frente a la radiaci\u00f3n<br \/>\n<em>I. Montero<\/em><\/strong><\/p>\n<ul>\n<li>Recubrimientos aeroespaciales y espaciales: multipactor, solares selectivos, protectores del oxigeno at\u00f3mico y de las descargas el\u00e9ctricas, para las \u00e1reas tribol\u00f3gicas, para el control t\u00e9rmico, duros para aviones.<\/li>\n<li>Recubrimientos biomim\u00e9ticos. Deposici\u00f3n conjunta de apatitas con pol\u00edmeros bioactivos. Uso de los recubrimientos como sistema de liberaci\u00f3n f\u00e1rmacos Combinaci\u00f3n de los recubrimientos con ingenier\u00eda de tejidos.<\/li>\n<li>Recubrimientos Inteligentes: autoreparaci\u00f3n de fisuras en recubrimientos polimericos, superficies autolimpiantes, monitores externos e internos, superficies activas y medicina regenerativa.<\/li>\n<li>Otros recubrimientos: \u00f3pticos y optoelectr\u00f3nicos, en arquitectura y de metamateriales.<\/li>\n<\/ul>\n<h3><\/h3>\n<h3>5. Nuevos retos en Ciencia de Materiales<\/h3>\n<p><strong>Superconductividad. Superconductores de alta temperatura. Aplicaciones<br \/>\n<em>L. Bascones<\/em><\/strong><\/p>\n<p>Hace m\u00e1s de un siglo que se descubri\u00f3 la superconductividad y sin embargo sigue siendo un campo muy activo de investigaci\u00f3n, lleno de inc\u00f3gnitas y posibilidades. Durante la clase repasar\u00e9 brevemente c\u00f3mo se descubri\u00f3 y las propiedades m\u00e1s importantes de los superconductores (resistividad nula y reacci\u00f3n ante los campos magn\u00e9ticos). Contar\u00e9 las ideas b\u00e1sicas de la teor\u00eda BCS que en los a\u00f1os 50 explic\u00f3 lo que le ocurre a los electrones cuando el material se vuelve superconductor. Veremos que algunos superconductores y en especial los de alta temperatura, descubiertos en la d\u00e9cada de los ochenta, se comportan de forma an\u00f3mala y no cumplen algunas de las predicciones de la teor\u00eda BCS. Finalmente conoceremos algunas de las aplicaciones de los superconductores\u00a0 en nuestra vida cotidiana, desde los encefalogramas a los trenes que levitan.<\/p>\n<p>M\u00e1s info:\u00a0<a href=\"http:\/\/www.icmm.csic.es\/superconductividad\"><strong>www.icmm.csic.es\/superconductividad<\/strong><\/a><\/p>\n<p><strong>Nanoelectr\u00f3nica y computaci\u00f3n cu\u00e1ntica. Sistemas bi-, uni- y cero-dimensionales<br \/>\n<em>R. Aguado<\/em><\/strong><\/p>\n<p>Durante la \u00faltima d\u00e9cada, la progresiva miniaturizaci\u00f3n de los transistores nos ha llevado a plantearnos nuevos conceptos y sistemas de cara a proponer alternativas basadas en dispositivos de escalas nanom\u00e9tricas y con propiedades cu\u00e1nticas. Este tipo de estudios se conocen bajo el nombre gen\u00e9rico de nanoelectr\u00f3nica. En esta segunda parte, y despu\u00e9s de una breve introducci\u00f3n a los conceptos b\u00e1sicos y propiedades de sistemas mesosc\u00f3picos y nanoelectr\u00f3nica, repasaremos algunos de estos sistemas de gran inter\u00e9s en la actualidad. En particular, veremos los siguientes sistemas\/conceptos:<\/p>\n<ul>\n<li><em>Sistemas en dos dimensiones:<\/em>\u00a0el gas electr\u00f3nico bidimensional. Grafeno (o c\u00f3mo la electr\u00f3nica basada en electrones relativistas podr\u00eda sustituir al silicio).<\/li>\n<li><em>Sistemas en una dimensi\u00f3n<\/em>: Nanotubos de Carbono y nanohilos semiconductores. Optoelectr\u00f3nica cu\u00e1ntica.<\/li>\n<li><em>Sistemas en cero dimensiones<\/em>: Puntos cu\u00e1nticos como \u00e1tomos artificales.<\/li>\n<li><em>Computaci\u00f3n cu\u00e1ntica en sistemas de estado s\u00f3lido:\u00a0<\/em>Bits cu\u00e1nticos de esp\u00edn y circuitos cu\u00e1nticos superconductores (\u00f3ptica cu\u00e1ntica en un chip).<\/li>\n<\/ul>\n<p><strong>Materiales topol\u00f3gicos<br \/>\n<em>M.C. Mu\u00f1oz<\/em><\/strong><\/p>\n<ul>\n<li>Interacci\u00f3n esp\u00edn-\u00f3rbita. Definici\u00f3n, origen y posibles aplicaciones.<\/li>\n<li><em>Scattering<\/em>\u00a0dependiente de esp\u00edn. Efecto Hall an\u00f3malo y efecto esp\u00edn-Hall.<\/li>\n<li>Simetr\u00eda de invariancia temporal. Aislantes topol\u00f3gicos.<\/li>\n<\/ul>\n<p><strong>Propiedades de materiales 2D<\/strong><br \/>\n<strong><em>P. Merino<\/em><\/strong><\/p>\n<p>El descubrimiento del grafeno en 2004, realizado por los cient\u00edficos Novoselok y Geim, abri\u00f3 el camino para descubrir la que ha llegado a ser familia de materiales 2D.<\/p>\n<p>El grupo en el que se encuentra el grafeno, se denomin\u00f3 Xenes, estos materiales est\u00e1n en el punto de mira, desde hace casi 15 a\u00f1os, por su limitado espesor y extraordinarias propiedades. Donde X representa el nombre del elemento \u2013 en este grupo cada material est\u00e1 formado por un \u00fanico elemento similar al grafeno que est\u00e1 constituido por \u00e1tomos de C- y \u00abene\u00bb proviene de la terminolog\u00eda empleada en formulaci\u00f3n qu\u00edmica propia de los carbonos con dobles enlaces. Este grupo de materiales incluye al borofeno, siliceno, fosforeno, germaneno y estaneno y comparten una misma forma estructural dispuestos formando una red hexagonal de tipo nido de abeja.<\/p>\n<p>Ciertamente, impulsados \u200b\u200bpor las \u00fanicas propiedades de estos materiales ultra-finos y su gran potencial para nuevas aplicaciones, los cient\u00edficos actualmente est\u00e1n cruzando muchos elementos de la tabla peri\u00f3dica en busca de otros nuevos ejemplos. Revisaremos en esta presentaci\u00f3n la nueva familia de materiales 2D y compararemos en detalle sus propiedades estructurales, electr\u00f3nicas, etc. que definir\u00e1n sus posibles aplicaciones.<\/p>\n<p><strong>Materiales 2D para estraintr\u00f3nica<\/strong><br \/>\n<em><strong>C. Munuera<br \/>\n<\/strong><\/em><\/p>\n<p>En esta clase se introducir\u00e1n los materiales bidimensionales de van der Waals, una familia de materiales cristalinos de espesor at\u00f3mico formada por mas de 3000 miembros que incluyen al grafito y al grafeno. Revisaremos las motivaciones cient\u00edficas que han impulsado el descubrimiento y la investigaci\u00f3n en estos materiales en los \u00faltimos 15 a\u00f1os. A continuaci\u00f3n se introducir\u00e1n los distintos m\u00e9todos para aislar estos materiales as\u00ed c\u00f3mo los m\u00e9todos m\u00e1s extendidos para caracterizar las propiedades fisicas de estos materiales. Terminaremos describiendo las t\u00e9cnicas m\u00e1s com\u00fanes para la fabricaci\u00f3n de nanodispositivos empleando \u00e9stos semiconductors, metales y aislantes 2D.<\/p>\n","protected":false},"excerpt":{"rendered":"<p>1. Simulaci\u00f3n de Materiales Introducci\u00f3n a la Simulaci\u00f3n Atom\u00edstica de Materiales J.I. Mart\u00ednez Ruiz Ya ha transcurrido m\u00e1s de medio siglo desde que vieran la &hellip; <\/p>\n","protected":false},"author":55,"featured_media":0,"parent":0,"menu_order":0,"comment_status":"closed","ping_status":"closed","template":"","meta":{"footnotes":""},"class_list":["post-135","page","type-page","status-publish","hentry"],"_links":{"self":[{"href":"https:\/\/wp.icmm.csic.es\/fronteras\/wp-json\/wp\/v2\/pages\/135","targetHints":{"allow":["GET"]}}],"collection":[{"href":"https:\/\/wp.icmm.csic.es\/fronteras\/wp-json\/wp\/v2\/pages"}],"about":[{"href":"https:\/\/wp.icmm.csic.es\/fronteras\/wp-json\/wp\/v2\/types\/page"}],"author":[{"embeddable":true,"href":"https:\/\/wp.icmm.csic.es\/fronteras\/wp-json\/wp\/v2\/users\/55"}],"replies":[{"embeddable":true,"href":"https:\/\/wp.icmm.csic.es\/fronteras\/wp-json\/wp\/v2\/comments?post=135"}],"version-history":[{"count":18,"href":"https:\/\/wp.icmm.csic.es\/fronteras\/wp-json\/wp\/v2\/pages\/135\/revisions"}],"predecessor-version":[{"id":845,"href":"https:\/\/wp.icmm.csic.es\/fronteras\/wp-json\/wp\/v2\/pages\/135\/revisions\/845"}],"wp:attachment":[{"href":"https:\/\/wp.icmm.csic.es\/fronteras\/wp-json\/wp\/v2\/media?parent=135"}],"curies":[{"name":"wp","href":"https:\/\/api.w.org\/{rel}","templated":true}]}}