{"id":47,"date":"2018-01-09T09:32:35","date_gmt":"2018-01-09T09:32:35","guid":{"rendered":"http:\/\/www.icmm.csic.es\/fronteras\/?page_id=47"},"modified":"2024-10-07T07:31:41","modified_gmt":"2024-10-07T07:31:41","slug":"descripcion","status":"publish","type":"page","link":"https:\/\/wp.icmm.csic.es\/fronteras\/descripcion\/","title":{"rendered":"Descripci\u00f3n"},"content":{"rendered":"<p>Cursos de introducci\u00f3n a la investigaci\u00f3n en las fronteras del conocimiento en ciencia de materiales. Cada curso est\u00e1 configurado como una serie de clases impartidas por expertos. En cada clase se abordar\u00e1, tras una breve introducci\u00f3n presentando los fundamentos b\u00e1sicos necesarios para entender el planteamiento de la investigaci\u00f3n, su desarrollo actual y sus posibles l\u00edneas de avance.<\/p>\n<p>Se har\u00e1 un recorrido por diversos tipos de materiales actualmente de inter\u00e9s por sus propiedades fundamentales y\/o por sus aplicaciones. Se describir\u00e1n tanto los procedimientos de preparaci\u00f3n y caracterizaci\u00f3n de los materiales, como los modelos para explicar los fen\u00f3menos f\u00edsicos subyacentes en las propiedades bajo estudio, adem\u00e1s del dise\u00f1o de aplicaciones y dispositivos basados en ellos. Se considerar\u00e1n problemas abiertos, planteando cu\u00e1les son las limitaciones actuales para resolverlos.<\/p>\n<p>Los temas tratados incluyen \u00e1reas muy diversas: materiales moleculares y supramoleculares, biomateriales, materiales para la salud, recubrimientos, nanofot\u00f3nica, espintr\u00f3nica, materiales multiferroicos, materiales para la conversi\u00f3n y almacenamiento de energ\u00eda, grafeno, superconductores y computaci\u00f3n cu\u00e1ntica, entre otros.<\/p>\n<h3><\/h3>\n<h3><strong>Temas tratados:<\/strong><\/h3>\n<h2><span style=\"color: #993300\"><strong>FRONTERAS EN CIENCIA DE MATERIALES I: DISE\u00d1O Y PREPARACI\u00d3N<\/strong><\/span><\/h2>\n<h3>0. Introducci\u00f3n<\/h3>\n<h3>1. Dise\u00f1o de materiales con propiedades espec\u00edficas<\/h3>\n<ul>\n<li>Materiales h\u00edbridos y bioh\u00edbridos<\/li>\n<li>S\u00edntesis mediante t\u00e9cnicas bottom-up. Materiales supramoleculares y polim\u00e9ricos<\/li>\n<li>Qu\u00edmica reticular: Dise\u00f1o de materiales y aplicaciones<\/li>\n<li>Materiales biomim\u00e9ticos<\/li>\n<li>S\u00edntesis de \u00f3xidos polifuncionales<\/li>\n<li>Fabricaci\u00f3n de nanopart\u00edculas en fase gas<\/li>\n<\/ul>\n<h3>2. Materiales para la salud<\/h3>\n<ul>\n<li>Biomateriales y sus aplicaciones en biomedicina<\/li>\n<li>Nanopart\u00edculas para diagn\u00f3stico y tratamiento m\u00e9dicos<\/li>\n<li>Materiales avanzados para su uso en implantes<\/li>\n<\/ul>\n<h3>3. Materiales para almacenamiento de energ\u00eda<\/h3>\n<ul>\n<li>Materiales para la pr\u00f3xima generaci\u00f3n de bater\u00edas de estado s\u00f3lido: Fundamentos de bater\u00edas: relaci\u00f3n entre materiales y propiedades<\/li>\n<li>Materiales para la pr\u00f3xima generaci\u00f3n de bater\u00edas de estado s\u00f3lido: Materiales y pr\u00f3xima generaci\u00f3n de sistemas<\/li>\n<li>Materiales para recolecci\u00f3n de energ\u00eda<\/li>\n<\/ul>\n<h3>4. Materiales para electr\u00f3nica<\/h3>\n<ul>\n<li>M\u00e9todos de nanolitograf\u00eda y sus aplicaciones<\/li>\n<li>Materiales para electr\u00f3nica flexible<\/li>\n<li>Materiales para electr\u00f3nica org\u00e1nica<\/li>\n<li><\/li>\n<\/ul>\n<h3><\/h3>\n<h2><span style=\"color: #993300\"><strong>FRONTERAS EN CIENCIA DE MATERIALES II: PROPIEDADES A LA CARTA PARA NUEVAS TECNOLOG\u00cdAS<\/strong><\/span><\/h2>\n<h3>0. Introducci\u00f3n<\/h3>\n<h3>1. Materiales el\u00e9ctricos y magn\u00e9ticos. Acoplamientos<\/h3>\n<ul>\n<li>Nanoestructuras magn\u00e9ticas. Efectos de tama\u00f1o y forma. Grabaci\u00f3n magn\u00e9tica<\/li>\n<li>Diel\u00e9ctricos y ferroel\u00e9ctricos en microtecnolog\u00edas. Nanociencia y tecnolog\u00eda de ferroel\u00e9ctricos<\/li>\n<li>Acoplamiento magnetoel\u00e9ctrico y materiales multiferroicos<\/li>\n<li>Espintr\u00f3nica<\/li>\n<\/ul>\n<h3>2. Materiales \u00f3pticos. La frontera fot\u00f3nica<\/h3>\n<ul>\n<li>Materiales \u00f3pticos: introducci\u00f3n. Respuestas \u00f3pticas no convencionales de materiales: Plasm\u00f3nica y metamateriales<\/li>\n<li>Cristales de luz. Semiconductores para fotones<\/li>\n<li>Optomec\u00e1nica<\/li>\n<\/ul>\n<h3>3. Superficies y recubrimientos<\/h3>\n<ul>\n<li>S\u00edntesis sobre superficies<\/li>\n<li>Materiales avanzados frente a la radiaci\u00f3n<\/li>\n<\/ul>\n<h3>4. Nuevos retos en Ciencia de Materiales<\/h3>\n<ul>\n<li>Superconductividad. Superconductores de alta temperatura. Aplicaciones<\/li>\n<li>Nanoelectr\u00f3nica y computaci\u00f3n cu\u00e1ntica. Sistemas bi-, uni- y\u00a0 cero-dimensionales<\/li>\n<li>Materiales topol\u00f3gicos<\/li>\n<li>Propiedades de materiales 2D<\/li>\n<li>Materiales 2D para estraintr\u00f3nica<\/li>\n<\/ul>\n<h3>5. Simulaci\u00f3n de materiales<\/h3>\n<ul>\n<li>Introducci\u00f3n a la Simulaci\u00f3n Atom\u00edstica de Materiales<\/li>\n<li>Introducci\u00f3n al uso de t\u00e9cnicas de Inteligencia Artificial en Ciencia de Materiales<\/li>\n<\/ul>\n","protected":false},"excerpt":{"rendered":"<p>Cursos de introducci\u00f3n a la investigaci\u00f3n en las fronteras del conocimiento en ciencia de materiales. Cada curso est\u00e1 configurado como una serie de clases impartidas &hellip; <\/p>\n","protected":false},"author":55,"featured_media":0,"parent":0,"menu_order":0,"comment_status":"closed","ping_status":"closed","template":"","meta":{"footnotes":""},"class_list":["post-47","page","type-page","status-publish","hentry"],"_links":{"self":[{"href":"https:\/\/wp.icmm.csic.es\/fronteras\/wp-json\/wp\/v2\/pages\/47","targetHints":{"allow":["GET"]}}],"collection":[{"href":"https:\/\/wp.icmm.csic.es\/fronteras\/wp-json\/wp\/v2\/pages"}],"about":[{"href":"https:\/\/wp.icmm.csic.es\/fronteras\/wp-json\/wp\/v2\/types\/page"}],"author":[{"embeddable":true,"href":"https:\/\/wp.icmm.csic.es\/fronteras\/wp-json\/wp\/v2\/users\/55"}],"replies":[{"embeddable":true,"href":"https:\/\/wp.icmm.csic.es\/fronteras\/wp-json\/wp\/v2\/comments?post=47"}],"version-history":[{"count":21,"href":"https:\/\/wp.icmm.csic.es\/fronteras\/wp-json\/wp\/v2\/pages\/47\/revisions"}],"predecessor-version":[{"id":839,"href":"https:\/\/wp.icmm.csic.es\/fronteras\/wp-json\/wp\/v2\/pages\/47\/revisions\/839"}],"wp:attachment":[{"href":"https:\/\/wp.icmm.csic.es\/fronteras\/wp-json\/wp\/v2\/media?parent=47"}],"curies":[{"name":"wp","href":"https:\/\/api.w.org\/{rel}","templated":true}]}}