{"id":56,"date":"2018-01-09T09:35:30","date_gmt":"2018-01-09T09:35:30","guid":{"rendered":"http:\/\/www.icmm.csic.es\/fronteras\/?page_id=56"},"modified":"2023-05-30T17:07:06","modified_gmt":"2023-05-30T17:07:06","slug":"practicas","status":"publish","type":"page","link":"https:\/\/wp.icmm.csic.es\/fronteras\/practicas\/","title":{"rendered":"Programa Pr\u00e1cticas"},"content":{"rendered":"<p><em>Las pr\u00e1cticas de los dos cursos se realizar\u00e1n en los laboratorios del ICMM <\/em><\/p>\r\n<p><strong>DESARROLLO DE LAS PR\u00c1CTICAS<\/strong><\/p>\r\n<p>Cada alumno realizar\u00e1 una ma\u00f1ana de pr\u00e1cticas espec\u00edficas (<strong>P<\/strong>) y otra de t\u00e9cnicas de caracterizaci\u00f3n avanzada (<strong>CA<\/strong>) por curso. Las pr\u00e1cticas P duran 4 h (9:30-13:30), pero casi todas las pr\u00e1cticas de CA son de 2h, por lo que se combinar\u00e1n dos pr\u00e1cticas en una ma\u00f1ana (9:30-11:30 y 11:30-13:30).<\/p>\r\n<p>La asignaci\u00f3n de las pr\u00e1cticas se realizar\u00e1 una vez comenzado el curso. La oferta de pr\u00e1cticas es la siguiente:<\/p>\r\n<p><em>\u00a0\u00a0\u00a0\u00a0\u00a0\u00a0\u00a0\u00a0\u00a0\u00a0\u00a0 <a href=\"https:\/\/wp.icmm.csic.es\/fronteras\/wp-content\/uploads\/sites\/29\/2023\/05\/Oferta-Practicas-Curso-I.pdf\" target=\"_blank\" rel=\"noopener\"><img loading=\"lazy\" decoding=\"async\" class=\"alignnone wp-image-436 size-medium\" src=\"https:\/\/wp.icmm.csic.es\/fronteras\/wp-content\/uploads\/sites\/29\/2018\/12\/Portada-Practicas-P1-1-208x300.jpg\" alt=\"\" width=\"208\" height=\"300\" \/><\/a>\u00a0\u00a0\u00a0\u00a0\u00a0\u00a0\u00a0\u00a0\u00a0 <a href=\"https:\/\/wp.icmm.csic.es\/fronteras\/wp-content\/uploads\/sites\/29\/2023\/05\/Oferta-Practicas-Curso-II.pdf\" target=\"_blank\" rel=\"noopener\"><img loading=\"lazy\" decoding=\"async\" class=\"alignnone wp-image-443 size-medium\" src=\"https:\/\/wp.icmm.csic.es\/fronteras\/wp-content\/uploads\/sites\/29\/2018\/12\/Portada-Practicas-P2-2-208x300.jpg\" alt=\"\" width=\"208\" height=\"300\" srcset=\"https:\/\/wp.icmm.csic.es\/fronteras\/wp-content\/uploads\/sites\/29\/2018\/12\/Portada-Practicas-P2-2-208x300.jpg 208w, https:\/\/wp.icmm.csic.es\/fronteras\/wp-content\/uploads\/sites\/29\/2018\/12\/Portada-Practicas-P2-2-709x1024.jpg 709w, https:\/\/wp.icmm.csic.es\/fronteras\/wp-content\/uploads\/sites\/29\/2018\/12\/Portada-Practicas-P2-2.jpg 720w\" sizes=\"auto, (max-width: 208px) 100vw, 208px\" \/><\/a><\/em><\/p>\r\n<p>\u00a0\u00a0\u00a0\u00a0\u00a0\u00a0\u00a0\u00a0\u00a0\u00a0\u00a0\u00a0\u00a0\u00a0\u00a0\u00a0\u00a0\u00a0\u00a0\u00a0\u00a0\u00a0\u00a0\u00a0\u00a0 \u00a0 \u00a0 \u00a0 \u00a0 \u00a0 \u00a0 \u00a0 \u00a0 <a href=\"https:\/\/wp.icmm.csic.es\/fronteras\/wp-content\/uploads\/sites\/29\/2023\/05\/Oferta-Practicas-Caracterizacion-Avanzada.pdf\" target=\"_blank\" rel=\"noopener noreferrer\"><img loading=\"lazy\" decoding=\"async\" class=\"alignnone wp-image-434 size-medium\" src=\"https:\/\/wp.icmm.csic.es\/fronteras\/wp-content\/uploads\/sites\/29\/2018\/12\/Portada-Practicas-CA-1-208x300.jpg\" alt=\"\" width=\"208\" height=\"300\" srcset=\"https:\/\/wp.icmm.csic.es\/fronteras\/wp-content\/uploads\/sites\/29\/2018\/12\/Portada-Practicas-CA-1-208x300.jpg 208w, https:\/\/wp.icmm.csic.es\/fronteras\/wp-content\/uploads\/sites\/29\/2018\/12\/Portada-Practicas-CA-1-709x1024.jpg 709w, https:\/\/wp.icmm.csic.es\/fronteras\/wp-content\/uploads\/sites\/29\/2018\/12\/Portada-Practicas-CA-1.jpg 720w\" sizes=\"auto, (max-width: 208px) 100vw, 208px\" \/><\/a><\/p>\r\n","protected":false},"excerpt":{"rendered":"<p>Las pr\u00e1cticas de los dos cursos se realizar\u00e1n en los laboratorios del ICMM DESARROLLO DE LAS PR\u00c1CTICAS Cada alumno realizar\u00e1 una ma\u00f1ana de pr\u00e1cticas espec\u00edficas &hellip; <\/p>\n","protected":false},"author":55,"featured_media":0,"parent":0,"menu_order":0,"comment_status":"closed","ping_status":"closed","template":"","meta":{"footnotes":""},"class_list":["post-56","page","type-page","status-publish","hentry"],"_links":{"self":[{"href":"https:\/\/wp.icmm.csic.es\/fronteras\/wp-json\/wp\/v2\/pages\/56","targetHints":{"allow":["GET"]}}],"collection":[{"href":"https:\/\/wp.icmm.csic.es\/fronteras\/wp-json\/wp\/v2\/pages"}],"about":[{"href":"https:\/\/wp.icmm.csic.es\/fronteras\/wp-json\/wp\/v2\/types\/page"}],"author":[{"embeddable":true,"href":"https:\/\/wp.icmm.csic.es\/fronteras\/wp-json\/wp\/v2\/users\/55"}],"replies":[{"embeddable":true,"href":"https:\/\/wp.icmm.csic.es\/fronteras\/wp-json\/wp\/v2\/comments?post=56"}],"version-history":[{"count":23,"href":"https:\/\/wp.icmm.csic.es\/fronteras\/wp-json\/wp\/v2\/pages\/56\/revisions"}],"predecessor-version":[{"id":822,"href":"https:\/\/wp.icmm.csic.es\/fronteras\/wp-json\/wp\/v2\/pages\/56\/revisions\/822"}],"wp:attachment":[{"href":"https:\/\/wp.icmm.csic.es\/fronteras\/wp-json\/wp\/v2\/media?parent=56"}],"curies":[{"name":"wp","href":"https:\/\/api.w.org\/{rel}","templated":true}]}}