{"id":14,"date":"2023-03-02T15:52:14","date_gmt":"2023-03-02T15:52:14","guid":{"rendered":"https:\/\/wp.icmm.csic.es\/gelifest\/?page_id=14"},"modified":"2023-04-25T14:12:36","modified_gmt":"2023-04-25T14:12:36","slug":"program","status":"publish","type":"page","link":"https:\/\/wp.icmm.csic.es\/gelifest\/program\/","title":{"rendered":"Program"},"content":{"rendered":"<h3><strong>A view from the Dirac cone &#8211; <\/strong><em>Geli Fest<\/em><\/h3>\n<p><img loading=\"lazy\" decoding=\"async\" class=\"aligncenter wp-image-15 size-full\" src=\"https:\/\/wp.icmm.csic.es\/gelifest\/wp-content\/uploads\/sites\/63\/2023\/03\/programa1.png\" alt=\"\" width=\"863\" height=\"608\" srcset=\"https:\/\/wp.icmm.csic.es\/gelifest\/wp-content\/uploads\/sites\/63\/2023\/03\/programa1.png 863w, https:\/\/wp.icmm.csic.es\/gelifest\/wp-content\/uploads\/sites\/63\/2023\/03\/programa1-300x211.png 300w, https:\/\/wp.icmm.csic.es\/gelifest\/wp-content\/uploads\/sites\/63\/2023\/03\/programa1-768x541.png 768w\" sizes=\"auto, (max-width: 863px) 100vw, 863px\" \/><\/p>\n<p><strong>Monday, 24th April<\/strong><\/p>\n<p><strong>10:00<\/strong> Opening &#8211; Aharon Davidson (Ben-Gurion University), Eduardo Castro (CF-UM-UP, FCUP, Portugal) and Bel\u00e9n Valenzuela (ICMM-CSIC)<\/p>\n<p>1st Session Chair: Jos\u00e9 \u00c1ngel Silva (Imdea Nanociencia)<\/p>\n<ul>\n<li>10:30 Francisco Guinea (Imdea Nanociencia): &#8216;The beginning of a great collaboration&#8217;<\/li>\n<li>11:00 Mikhail Katsnelson (University Nijmegen, Paises Bajos) [online]: &#8216;Statistical physics and geometry of two dimensional materials in classical and quantum cases&#8217;<\/li>\n<\/ul>\n<p><em>11:30 Coffee<\/em><\/p>\n<p>2nd Session Chair: Karl Landsteiner (IFT)<\/p>\n<ul>\n<li>12:00 Maxim Chernodub (Institute Denis Poisson, Universit\u00e9 de Tours, France): &#8216;Making the Universe chiral again with magnetic fields&#8217;<\/li>\n<li>12:30 Luis Iba\u00f1ez (IFT) \u00bbGeli, Dirac neutrino masses and the upside down universe&#8217;<\/li>\n<li>13:00 Pilar L\u00f3pez Sancho (ICMM-CSIC): &#8216;Topology and disorder&#8217;<\/li>\n<\/ul>\n<p><em>13:30 Lunch<\/em><\/p>\n<p>3rd Session Chair: Alberto Cortijo (UAM-ICMM)<\/p>\n<ul>\n<li>15:00 Dmitri Kharzeev (Center for Nuclear Theory, New York, USA) &#8216;Entanglement in chiral matter&#8217; [online]<\/li>\n<li>15:30 Karl Landsteiner (IFT) &#8216;Born to be Weyl&#8217;<\/li>\n<\/ul>\n<p><em>15:40 &#8211; Break<\/em><\/p>\n<p>4rd Session Chair: Bel\u00e9n Valenzuela (ICMM)<\/p>\n<ul>\n<li>16:00 Mauricio Sturla (IFLP-CONICET La Plata, Argentina) [online]<\/li>\n<li>16:15 Adolfo G. Grushin (Institute N\u00e9el, CNRS Grenoble, Francia), Fernando de Juan (DIPC e Ikerbasque) and Alberto Cortijo (UAM, ICMM-CSIC): &#8216;A PhD view from the Dirac cone I\/II\/III&#8217;<\/li>\n<li>17.00 Chandra Varma\u00a0 (Physics Department, University of California, Berkeley): &#8216;To be confirmed&#8217; [online]<\/li>\n<\/ul>\n<p><strong>Tuesday, 25th April<\/strong><\/p>\n<p>1st Session Chair: Eduardo Castro (CF-UM-UP, FCUP, Portugal)<\/p>\n<ul>\n<li>10:00 Luis Bonilla (UC3M): &#8216;Geli at Carlos III&#8217;<\/li>\n<li>10:30 Bruno Amor\u00edn (CF-UM-UP, Portugal): &#8216;The role of quasiperiodicity in Moir\u00e9 materials&#8217;<\/li>\n<\/ul>\n<p><em>11:00 &#8211; Break<\/em><\/p>\n<p>2nd Session:\u00a0 Geli as a mentor.<\/p>\n<p>Chair: Adolfo G. Grushin (Institute N\u00e9el, CNRS Grenoble, Francia)<\/p>\n<p>11:30 &#8211; Miguel \u00c1ngel Moscoso, Yago Ferreiros, Ricardo Arias [online], Hector Ochoa [online], and Vicente Arjona [online].<\/p>\n<p><em><strong>12:45 Closing<\/strong><\/em><\/p>\n","protected":false},"excerpt":{"rendered":"<p>A view from the Dirac cone &#8211; Geli Fest Monday, 24th April 10:00 Opening &#8211; Aharon Davidson (Ben-Gurion University), Eduardo Castro (CF-UM-UP, FCUP, Portugal) and Bel\u00e9n Valenzuela (ICMM-CSIC) 1st Session Chair: Jos\u00e9 \u00c1ngel Silva (Imdea Nanociencia) 10:30 Francisco Guinea (Imdea Nanociencia): &#8216;The beginning of a great collaboration&#8217; 11:00 Mikhail Katsnelson (University Nijmegen, Paises Bajos) [online]:&#8230;<\/p>\n","protected":false},"author":110,"featured_media":0,"parent":0,"menu_order":0,"comment_status":"closed","ping_status":"closed","template":"","meta":{"footnotes":""},"class_list":["post-14","page","type-page","status-publish","hentry"],"_links":{"self":[{"href":"https:\/\/wp.icmm.csic.es\/gelifest\/wp-json\/wp\/v2\/pages\/14","targetHints":{"allow":["GET"]}}],"collection":[{"href":"https:\/\/wp.icmm.csic.es\/gelifest\/wp-json\/wp\/v2\/pages"}],"about":[{"href":"https:\/\/wp.icmm.csic.es\/gelifest\/wp-json\/wp\/v2\/types\/page"}],"author":[{"embeddable":true,"href":"https:\/\/wp.icmm.csic.es\/gelifest\/wp-json\/wp\/v2\/users\/110"}],"replies":[{"embeddable":true,"href":"https:\/\/wp.icmm.csic.es\/gelifest\/wp-json\/wp\/v2\/comments?post=14"}],"version-history":[{"count":20,"href":"https:\/\/wp.icmm.csic.es\/gelifest\/wp-json\/wp\/v2\/pages\/14\/revisions"}],"predecessor-version":[{"id":97,"href":"https:\/\/wp.icmm.csic.es\/gelifest\/wp-json\/wp\/v2\/pages\/14\/revisions\/97"}],"wp:attachment":[{"href":"https:\/\/wp.icmm.csic.es\/gelifest\/wp-json\/wp\/v2\/media?parent=14"}],"curies":[{"name":"wp","href":"https:\/\/api.w.org\/{rel}","templated":true}]}}