{"id":2,"date":"2023-03-02T13:25:22","date_gmt":"2023-03-02T13:25:22","guid":{"rendered":"https:\/\/wp.icmm.csic.es\/gelifest\/?page_id=2"},"modified":"2023-03-29T11:00:55","modified_gmt":"2023-03-29T11:00:55","slug":"organizing-comitee","status":"publish","type":"page","link":"https:\/\/wp.icmm.csic.es\/gelifest\/organizing-comitee\/","title":{"rendered":"Organizing Comitee"},"content":{"rendered":"<p><img loading=\"lazy\" decoding=\"async\" class=\"aligncenter wp-image-46 size-full\" src=\"https:\/\/wp.icmm.csic.es\/gelifest\/wp-content\/uploads\/sites\/63\/2023\/03\/grupo-de-personas.jpg\" alt=\"#Hockney group with women\" width=\"911\" height=\"555\" srcset=\"https:\/\/wp.icmm.csic.es\/gelifest\/wp-content\/uploads\/sites\/63\/2023\/03\/grupo-de-personas.jpg 911w, https:\/\/wp.icmm.csic.es\/gelifest\/wp-content\/uploads\/sites\/63\/2023\/03\/grupo-de-personas-300x183.jpg 300w, https:\/\/wp.icmm.csic.es\/gelifest\/wp-content\/uploads\/sites\/63\/2023\/03\/grupo-de-personas-644x392.jpg 644w, https:\/\/wp.icmm.csic.es\/gelifest\/wp-content\/uploads\/sites\/63\/2023\/03\/grupo-de-personas-768x468.jpg 768w\" sizes=\"auto, (max-width: 911px) 100vw, 911px\" \/><\/p>\n<p>Eduardo Castro\u00a0 &#8211; CF-UM-UP, FCUP, Portugal<br \/>\nKarl Landsteiner &#8211; Instituto de F\u00edsica Te\u00f3rica UAM-CSIC<br \/>\nJos\u00e9 \u00c1ngel Silva Guill\u00e9n &#8211; IMDEA Nanociencia<br \/>\nAdolfo G. Grushin &#8211; Institut N\u00e9el, CNRS, Grenoble<br \/>\nAlberto Cortijo &#8211; UAM<br \/>\nFernando de Juan &#8211;\u00a0 Donostia International Physics Center, UPV-EHU, IKERBASQUE<br \/>\nBel\u00e9n Valenzuela &#8211; ICMM-CSIC<\/p>\n<p>Contact: <a href=\"mailto:contact.diracone@icmm.csic.es\" target=\"_blank\" rel=\"noopener\">contact.diracone@icmm.csic.es<\/a><\/p>\n","protected":false},"excerpt":{"rendered":"<p>Eduardo Castro\u00a0 &#8211; CF-UM-UP, FCUP, Portugal Karl Landsteiner &#8211; Instituto de F\u00edsica Te\u00f3rica UAM-CSIC Jos\u00e9 \u00c1ngel Silva Guill\u00e9n &#8211; IMDEA Nanociencia Adolfo G. Grushin &#8211; Institut N\u00e9el, CNRS, Grenoble Alberto Cortijo &#8211; UAM Fernando de Juan &#8211;\u00a0 Donostia International Physics Center, UPV-EHU, IKERBASQUE Bel\u00e9n Valenzuela &#8211; ICMM-CSIC Contact: contact.diracone@icmm.csic.es<\/p>\n","protected":false},"author":110,"featured_media":0,"parent":0,"menu_order":0,"comment_status":"closed","ping_status":"open","template":"","meta":{"footnotes":""},"class_list":["post-2","page","type-page","status-publish","hentry"],"_links":{"self":[{"href":"https:\/\/wp.icmm.csic.es\/gelifest\/wp-json\/wp\/v2\/pages\/2","targetHints":{"allow":["GET"]}}],"collection":[{"href":"https:\/\/wp.icmm.csic.es\/gelifest\/wp-json\/wp\/v2\/pages"}],"about":[{"href":"https:\/\/wp.icmm.csic.es\/gelifest\/wp-json\/wp\/v2\/types\/page"}],"author":[{"embeddable":true,"href":"https:\/\/wp.icmm.csic.es\/gelifest\/wp-json\/wp\/v2\/users\/110"}],"replies":[{"embeddable":true,"href":"https:\/\/wp.icmm.csic.es\/gelifest\/wp-json\/wp\/v2\/comments?post=2"}],"version-history":[{"count":9,"href":"https:\/\/wp.icmm.csic.es\/gelifest\/wp-json\/wp\/v2\/pages\/2\/revisions"}],"predecessor-version":[{"id":82,"href":"https:\/\/wp.icmm.csic.es\/gelifest\/wp-json\/wp\/v2\/pages\/2\/revisions\/82"}],"wp:attachment":[{"href":"https:\/\/wp.icmm.csic.es\/gelifest\/wp-json\/wp\/v2\/media?parent=2"}],"curies":[{"name":"wp","href":"https:\/\/api.w.org\/{rel}","templated":true}]}}