{"id":13,"date":"2016-03-18T08:56:23","date_gmt":"2016-03-18T08:56:23","guid":{"rendered":"http:\/\/www.icmm.csic.es\/gffm\/?page_id=13"},"modified":"2026-03-09T09:58:56","modified_gmt":"2026-03-09T09:58:56","slug":"members","status":"publish","type":"page","link":"https:\/\/wp.icmm.csic.es\/gffm\/members\/","title":{"rendered":"Researchers"},"content":{"rendered":"<p><strong>The <\/strong><span style=\"color: #ef4d34\"><strong>researchers involved at ICMM<\/strong><\/span>:<\/p>\n<p><strong><em>Prof. Lorena Pardo Mata<\/em><\/strong>.&nbsp;<br \/>\nShe was born in Madrid, Spain. She has authored or coauthored numerous publications in the field of polycrystalline ferroelectric materials, processing, and multifunctionality.<br \/>\nShe was the Spanish Leader in several projects of the European Commission (EC). She was involved in managing and scientific tasks in EU Networks (COST514 and 528, POLECER, MIND_NoE, CSA_PI). She contributed to establish the European Institute of Piezoelectric Materials and Devices (Piezoinstitute, PI) in 2008. She is at present Vicepresident of The Piezoinstitute (2021-).<br \/>\nShe was a Co-founder of the \u201cElectrocer\u00e1mica\u201d Section, Spanish Society of Ceramics and Glass (SECV), in 1998. She was awarded the &#8220;\u00c9psilon de Oro&#8221; prize of the SECV in 2021 for her dedication to Electroceramics at national and international level.<br \/>\nShe is Member of the Steering Comitee of the &#8220;European Meeting on Ferroelectricity (EMF)&#8221;, of the Scientific Advisory Board of the &#8220;European Conference on Applications of Polar Dielectrics (<a href=\"https:\/\/www.ntnu.edu\/ecapd2024\/organizers\">ECAPD<\/a>) and was Member of the International Advisory Committee of \u201cCIMTEC: International Ceramics Congress\u201d until 2022.<br \/>\nShe has been a Lecturer in the Winter Schools of PIEZO2019, 2021 and 2023 Conferences, and in the past years also imparted seminars at The &#8220;Instituto de Investigaciones en Materiales&#8221; of the National Autonomous University of Mexico (UNAM, CDMX, Mexico), at The \u201cUniversidad de la Rep\u00fablica\u201d (Montevideo, Uruguay), at The \u201cICRAM, Universidad de Burgos\u201d (Burgos, Spain), at The Postgraduate School of the Center for Research on Advanced Materials (CIMAV) (Chihuahua, Mexico) and at The Sassari University (UNISS, Italy).<\/p>\n<p>For other data see <a href=\"https:\/\/wp.icmm.csic.es\/gffm\/brief-cv\">a more extended CV<\/a>.<br \/>\nFor updated record of publications see: <a href=\"https:\/\/scholar.google.com.mx\/citations?user=pRGNzlsAAAAJ&amp;hl=es&amp;oi=ao\">Google Scholar Profile<\/a> &nbsp;<a href=\"http:\/\/www.scopus.com\/inward\/authorDetails.url?authorID=55493395100&amp;partnerID=MN8TOARS\" target=\"externalIdentifier.value\" rel=\"noopener noreferrer\"><br \/>\nScopus Author ID: 55493395100<\/a>, &nbsp;<a href=\"https:\/\/orcid.org\/0000-0003-1731-0657\">ORCID Author Profile 0000-0003-1731-0657<\/a> and &nbsp;<a href=\"https:\/\/www.webofscience.com\/wos\/author\/record\/39729\">Researcher ID E-1346-2011<\/a>.<\/p>\n<p><em><strong>Cristopher Ballesteros S\u00e1nchez. <\/strong><\/em>Stay under a grant of the \u201c2\u00ba Convocatoria de Apoyos para estancias Internacionales de Corta Duraci\u00f3n 2025. Facultad de Qu\u00edmica, UNAM. Secretar\u00eda Acad\u00e9mica de Docencia. Coordinaci\u00f3n de Programas Acad\u00e9micos de Apoyo a Licenciatura&#8221;. Universidad Nacional Aut\u00f3noma de M\u00e9jico (UNAM)\u201d, CDMX, M\u00e9xico.(12 January &#8211; 28 February, 2026).<\/p>\n<p><em><strong>Hillary Erianna Medina Dur\u00e1n. <\/strong><\/em>Stay under the Programme of &#8220;Pr\u00e1cticas Curriculares del grado de Ciencias Qu\u00edmicas de la Universidad Complutense de Madrid&#8221; (14 October-2025 to 6 April-2026).<\/p>\n<p>There is extensive work developed with <em><strong>Drs. Jos\u00e9 F. Bartolom\u00e9 <\/strong>and<strong> Sonia L\u00f3pez Esteban<\/strong><\/em> within the <a href=\"https:\/\/wp.icmm.csic.es\/mscg\">Multidisciplinary studies of Ceramics Group at ICMM (MSCG).<\/a><\/p>\n<p>There are also continuous collaborations under projects <span style=\"color: #ef4d34\"><strong>MAT2017-86168-R <\/strong><\/span> and PROGRAMA DE APOYO A PROYECTOS DE INVESTIGACI\u00d3N E INNOVACI\u00d3N TECNOL\u00d3GICA SOLICITUDES 2022 and 2024. UNAM, Mexico. PAPIIT-UNAM (IA102622 and IN115625), among others, with:<\/p>\n<p><strong><em>Dr. Armando Reyes-Montero<\/em><\/strong>, Associated Researcher at The Department of Ceramic and Metallic Materials at &#8220;Instituto de Investigaci\u00f3n en Materiales. Universidad Nacional Aut\u00f3noma de M\u00e9xico <a href=\"https:\/\/www.iim.unam.mx\/dr-armando-reyes-montero\/\">(IIM-UNAM)<\/a>&#8220;, CDMX, M\u00e9xico, and <em>Dr. Mar\u00eda Elena Villafuerte Castrej\u00f3n<\/em>. She has been until her recent retirement Professor at IIM-UNAM and keeps linked to research activities and disemination of scientific work at all levels in MX.<\/p>\n<p><strong><em>Dr. Luis Edmundo Fuentes-Cobas<\/em><\/strong>. See his <a href=\"http:\/\/cimav.edu.mx\/investigacion\/fisica-de-materiales\/\">research interest<\/a> and&nbsp;<a href=\"http:\/\/mwm.cimav.edu.mx\">activities on materials teaching<\/a>. He is Professor at &#8220;Centro de Investigaciones en Materiales Avanzados&#8221; (CIMAV), Chihuahua, M\u00e9xico.<\/p>\n<p><strong><em>Dr. Mar\u00eda Elena Montero-Cabrera<\/em><\/strong>. She is Professor at &#8220;Centro de Investigaciones en Materiales Avanzados&#8221; (<a href=\"http:\/\/cimav.edu.mx\/posgrado\/doctorado-en-ciencia-y-tecnologia-ambiental\/\">CIMAV<\/a>), Chihuahua, M\u00e9xico.<\/p>\n<p><strong><em>Prof.&nbsp; Amador Miguel Gonz\u00e1lez Crespo<\/em><\/strong>. He is Professor at The &#8220;Escuela T\u00e9cnica Superior de<br \/>\nIngenier\u00eda y Sistemas de Telecomunicaci\u00f3n&#8221; at &#8220;Universidad Polit\u00e9cnica de&nbsp;Madrid&#8221; (UPM). Also, from UPM, <em>Drs. Pilar Ochoa P\u00e9rez, Francisco Javier Jim\u00e9nez Martinez <\/em>and <em>Manuel V\u00e1zquez Rodr\u00edguez<\/em>.&nbsp; See their <a href=\"http:\/\/www.etsist.upm.es\/departamentos\/EF\/investigacion\/materiales?idioma=EN\">research interest<\/a>.<\/p>\n<p><strong><em>Dr. Sebastiano Garroni<\/em><\/strong>. He is Professor at <a href=\"https:\/\/dcf.uniss.it\/it\">Dipartimento di Chimica e Farmacia<\/a> of The University of Sassari (UNISS). See here the activities of his group <a href=\"https:\/\/inmate2lab.wordpress.com\/\">INMATE2LAB<\/a> Research Group .<\/p>\n<p>&nbsp;<\/p>\n<p><span style=\"color: #ef4d34\"><strong>Former Members at ICMM:<\/strong><\/span><\/p>\n<p><strong>Visitor Scientists at ICMM<\/strong><br \/>\n&#8211;<em>Dr. Nicol\u00e1s P\u00e9rez \u00c1lvarez. <\/strong><\/em>Universidad de la Rep\u00fablica (Uruguay). Temporary stay at ICMM (Plan Visita ICMM-2024) from 28 January to 7 February, 2025.<br \/>\n&#8211;<em>Dr. Luis Edmundo Fuentes Cobas<\/em>, CIMAV (M\u00e9xico).(Short stay in period 2010-2013 and temporary stays: 6 to 10, November, 2017, for preparation of Experiments on: \u201cDetailed structural characterization of selected functional materials\u201d at Beamline MCX at The Elettra Synchrotron Facility (Trieste, Italy); 4,5 December, 2018; 18 June to 5 July, 2019 and June 2022.<br \/>\n&#8211;<em>Dr. Mar\u00eda Elena Montero-Cabrera<\/em>, CIMAV (M\u00e9xico). (Temporary stays: 6 to 10, November, 2017, for preparation of Experiments on: \u201cTitanium local order at lead-free&nbsp; Ba<sub>1-x<\/sub>Ca<sub>x<\/sub>Ti<sub>0.9<\/sub>Zr<sub>0.1<\/sub>O<sub>3<\/sub>\u201d at Beamline XAFS at The Elettra Synchrotron Facility (Trieste, Italy); 4,5 December, 2018; 18 June to 5 July, 2019 and June 2022.).&nbsp;<br \/>\n&#8211;<em>Dr. Nicol\u00e1s P\u00e9rez \u00c1lvarez<\/em>. Temporary stay (18 November to 3 December, 2016;&nbsp; 12 to 26, February, and 13 to 29, October, 2017) through CSIC funded I-COOPB20160 project (2016-2017) on &#8220;Modelado y caracterizaci\u00f3n de cer\u00e1micas piezoel\u00e9ctricas&#8221;. &#8220;Univ. de la Rep\u00fablica&#8221; (Uruguay).<br \/>\n&#8211;<em>Dr. Mar\u00eda Elena Villafuerte Castrej\u00f3n<\/em>, UNAM (M\u00e9xico). Sabbatical leave (September 2015-August 2016).&nbsp; Temporary stays from 15 to 26 February and from 20 June to 5 June, 2017; from 15 to 30 June, 2018; from 24 June to 10 July, 2019.&nbsp;<br \/>\n&#8211;<em>Dr. Doris del Carmen Rivero<\/em> (Short stays in period 2005-2013). &#8220;Instituto Superior de Tecnolog\u00edas y Ciencias Aplicadas&#8221; (Cuba).<\/p>\n<p><strong>Ph. D. Students and Postdoctoral Researchers<\/strong><\/p>\n<p>&#8211;<em>Dr. Marzia Mureddu<\/em> (April-August, 2022, November 2022 to February 2023, June 2023), Ph.D. Thesis student at Sassari University, Sardinia (Italy). Stay financed by the Erasmus+ program.<br \/>\n&#8211;<em>Dr. Antonio Iacomini. University of Sassari, Sardinia (Italy). Master and Ph.D student (December 2017-March 2018, February to June, 2020 and October-November 2021). Stays financed by the Erasmus + program.<br \/>\n&#8211;<em>Dr. Mar\u00eda Torres Sancho<\/em> (PhD Student, 2007-2010).<br \/>\n&#8211;<em>Dr. Teresa Hungr\u00eda Hern\u00e1ndez<\/em> (PhD Student and Postdoctoral Researcher, 2001-2006). Now at Universit\u00e9 Paul Sabatier, Toulouse III (France).<br \/>\n&#8211;<em>Dr. Pilar Ferrer Escorihuela<\/em> (PhD Student, 2002-2006). Now at Diamond Light Source Ltd. (United Kingdom).<br \/>\n&#8211;<em>Dr. I\u00f1igo Bretos Ull\u00edvarri<\/em> (Postdoctoral Researcher (2005-2006)).Now Scientist at ICMM-CSIC (Spain).<br \/>\n&#8211;<em>Dr. Alberto Moure Arroyo<\/em> (PhD Student and Postdoctoral Researcher, 1999-2003). Now Scientist at ICV-CSIC (Spain).<br \/>\n&#8211;<em>Dr. Rosal\u00eda Poyato Gal\u00e1n<\/em> (PhD Student and Postdoctoral Researcher, 1999-2003). Now Staff Scientist at ICM Sevilla-CSIC (Spain).<br \/>\n&#8211;<em>Dr. Ana Gonz\u00e1lez Garc\u00eda<\/em> (PhD Student, 1998-2002). Now at The Boeing Company (Spain).<br \/>\n&#8211;<em>Dr. Miguel Alguer\u00f3 Gim\u00e9nez<\/em> (Postdoctoral Researcher (1998, 2001-2004). Now Staff Scientist at ICMM-CSIC (Spain).<br \/>\n&#8211;<em>Dr. Jes\u00fas Ricote Santamar\u00eda<\/em> (Postdoctoral Researcher (2002-2003). Now Staff Scientist at ICMM-CSIC (Spain).<\/p>\n<p><strong>Visitor Students at ICMM<\/strong><br \/>\n<em>&#8211; Ms. Ana Laura Conejo Martinez.<\/em>(14 July-12 September, 2025). Stay under a grant of the \u201cConvocatoria 2025 Programa de Impulso a la Titulaci\u00f3n por Actividades Acad\u00e9micas en el Extranjero (PITAAE). Direcci\u00f3n General de Cooperaci\u00f3n e Internacionalizaci\u00f3n, Direcci\u00f3n de Intercambio y Movilidad Estudiantil. Universidad Nacional Aut\u00f3noma de M\u00e9jico (UNAM)\u201d, CDMX, M\u00e9xico.<br \/>\n<em>&#8211; Mr. Quan Wang<\/em> and <em>Mr. Yukun Cao<\/em> stay under The Education International Exchange and Joint Training Programme of Graduate Students&nbsp; of the Anhui University of Science and Technology, PRC (1 March -30 Junes, 2025).<br \/>\n<em>&#8211; Mr. Miguel Angel Palomo Marcos<\/em> &#8220;Universidad Aut\u00f3noma de Madrid&#8221; (UAM). Temporary stay (July-October 2023). Undergraduate student (Pr\u00e1cticas Externas).<br \/>\n<em>&#8211; Mr. Ismael Leandro Mart\u00edn Tougi<\/em> &#8220;Universidad Aut\u00f3noma de Madrid&#8221; (UAM). Temporary stay (March-May 2023). Undergraduate student (Pr\u00e1cticas Externas).<br \/>\n<em>&#8211; Ms. Mar\u00eda Dore<\/em> (Sept-2022, April 2023), Master degree from Sassari University, Sardinia (Italy). Post-grad stay financed by the Erasmus+ program.<br \/>\n<em>&#8211; Mr. Constantino Cau<\/em> (April-June, 2022), Master student at Sassari University, Sardinia (Italy). Stay financed by the Erasmus+ program.<br \/>\n<em>&#8211; Ms. Clara Galante<\/em>. &#8220;Universidad Aut\u00f3noma de Madrid&#8221; (UAM). Temporary stay (August 2021 and April 2022). Undergraduate student (Pr\u00e1cticas Externas).<br \/>\n<em>&#8211; Mr. Matteo Poddighe. <\/em>University of Sassari (Italy). Temporary stays (March -April, 2020). Master student under a Erasmus+ grant.<br \/>\n<em>&#8211; Ms. Bouzidi Souhir<\/em>. University of Monastir (Tunisia). Ph.D. student. Internship of &#8220;Le Ministere de L&#8217;enseignement Superieur et de la Recherche Scientifique&#8221; (October-December, 2019).<br \/>\n<em>&#8211; Ms. Nina Sennes<\/em>. University of Sassari (Italy). Temporary stay (July-September 2018). Ph.D. student under a Erasmus+ grant.<br \/>\n<em>&#8211; Ms. Elena Pascual<\/em>. &#8220;Universidad Aut\u00f3noma de Madrid&#8221; (UAM). Temporary stay (July-September 2018). Undergraduate student (Pr\u00e1cticas Externas).<br \/>\n<em>&#8211; Ms. Mariana del Castillo Larumbe<\/em>, student under the supervision of Dr. Nicol\u00e1s P\u00e9rez, Universidad de la rep\u00fablica, Montevideo (Uruguay). Temporary stay from 12 to 26 February, 2017, sponsored through CSIC funded I-COOP proyect on &#8220;Modelado y caracterizaci\u00f3n de cer\u00e1micas piezoel\u00e9ctricas&#8221;.<br \/>\n<em>&#8211; Mr. Armando Reyes-Montero<\/em>. CONACYT (M\u00e9xico) temporary stays (June-October 2016). Ph.D. student from UNAM under the supervision of Prof. Mar\u00eda Elena Villafuerte Castrej\u00f3n.<br \/>\n<em>&#8211; Mr. Rodrigo Vivar-Ocampo<\/em>. CONACYT (M\u00e9xico) temporary stays (June-October 2016). Ph.D. student from UNAM under the supervision of Prof. Mar\u00eda Elena Villafuerte Castrej\u00f3n.<br \/>\n&#8211;<em>Mr. Chaoran Zhu<\/em>. Temporary stay (April-July 2016). Technical University of Madrid (UPM). Undergrad. student on external practices.<br \/>\n&#8211;<em>Ms. Verena A. Neufeld<\/em> (30 July-21 Sept., 2012). Ref. ES-PH-1070 DAAD &#8211; German Academic Exchange Service.<br \/>\n&#8211;<em>Mr. Nico Baumbach<\/em> (20 August &#8211; 9 Octubre, 2011). Ref. CSIC-PH-896. DAAD &#8211; German Academic Exchange Service.<br \/>\n&#8211;<em>Mr. Issa Kriaa<\/em> (19 July- 16 August, 2009). Temporary stay from Sfax University, Tunisia.<br \/>\n&#8211;<em>Ms. Lavinia-Petronela Curecheriu<\/em> (4 \u201316 Mayo 2009). Short Term Scientific Mission, COST 539 Action ELENA<\/p>\n<p><strong>Technicians<\/strong><\/p>\n<p>&#8211;<em>Mr. Alvaro Garc\u00eda Lucas<\/em> (Contracted (POLECER,MIND) and FINNOVA 2004, co-financed by Autonomous Community of Madrid, 2004-2013). Now Computer Expert at ICMM-CSIC (Spain).<br \/>\n&#8211;<em>Mr. Jos\u00e9 Luis Mill\u00e1n Lumbreras<\/em> (FINNOVA 2010 technical assistants, co-financed by Autonomous Community of Madrid).<br \/>\n&#8211;<em>Ms. Virginia Mart\u00edn Badajoz<\/em> (FINNOVA 2005, co-financed by Autonomous Community of Madrid).<br \/>\n&#8211;<em>Ms. Inmaculada Martinez Sanz<\/em> (FINNOVA 2005, co-financed by Autonomous Community of Madrid).<br \/>\n&#8211;<em>Ms. Carolina S\u00e1nchez Mac\u00edas<\/em> (FINNOVA 2004, co-financed by Autonomous Community of Madrid).<br \/>\n&#8211;<em>Ms. Mercedes Ant\u00f3n de la Fuente<\/em> (FINNOVA 2003, co-financed by Autonomous Community of Madrid).<br \/>\n&#8211;<em>Ms. Vanesa Hernandez Mart\u00edn<\/em> (FINNOVA 2001, co-financed by Autonomous Community of Madrid).<br \/>\n&#8211;<em>Mr. Iv\u00e1n Ram\u00f3n Soriano Mar\u00edn<\/em> (FINNOVA 1999, co-financed by Autonomous Community of Madrid).<\/p>\n","protected":false},"excerpt":{"rendered":"<p>The researchers involved at ICMM: Prof. Lorena Pardo Mata.&nbsp; She was born in Madrid, Spain. She has authored or coauthored numerous publications in the field of polycrystalline ferroelectric materials, processing, and multifunctionality. She was the Spanish Leader in several projects of the European Commission (EC). She was involved in managing\u2026<\/p>\n<p class=\"continue-reading-button\"> <a class=\"continue-reading-link\" href=\"https:\/\/wp.icmm.csic.es\/gffm\/members\/\">Continue reading<i class=\"crycon-right-dir\"><\/i><\/a><\/p>\n","protected":false},"author":63,"featured_media":0,"parent":0,"menu_order":0,"comment_status":"closed","ping_status":"closed","template":"","meta":{"ngg_post_thumbnail":0,"footnotes":""},"class_list":["post-13","page","type-page","status-publish","hentry"],"_links":{"self":[{"href":"https:\/\/wp.icmm.csic.es\/gffm\/wp-json\/wp\/v2\/pages\/13","targetHints":{"allow":["GET"]}}],"collection":[{"href":"https:\/\/wp.icmm.csic.es\/gffm\/wp-json\/wp\/v2\/pages"}],"about":[{"href":"https:\/\/wp.icmm.csic.es\/gffm\/wp-json\/wp\/v2\/types\/page"}],"author":[{"embeddable":true,"href":"https:\/\/wp.icmm.csic.es\/gffm\/wp-json\/wp\/v2\/users\/63"}],"replies":[{"embeddable":true,"href":"https:\/\/wp.icmm.csic.es\/gffm\/wp-json\/wp\/v2\/comments?post=13"}],"version-history":[{"count":113,"href":"https:\/\/wp.icmm.csic.es\/gffm\/wp-json\/wp\/v2\/pages\/13\/revisions"}],"predecessor-version":[{"id":1770,"href":"https:\/\/wp.icmm.csic.es\/gffm\/wp-json\/wp\/v2\/pages\/13\/revisions\/1770"}],"wp:attachment":[{"href":"https:\/\/wp.icmm.csic.es\/gffm\/wp-json\/wp\/v2\/media?parent=13"}],"curies":[{"name":"wp","href":"https:\/\/api.w.org\/{rel}","templated":true}]}}