{"id":15,"date":"2016-03-18T08:56:32","date_gmt":"2016-03-18T08:56:32","guid":{"rendered":"http:\/\/www.icmm.csic.es\/gffm\/?page_id=15"},"modified":"2024-09-05T18:45:42","modified_gmt":"2024-09-05T18:45:42","slug":"expertise","status":"publish","type":"page","link":"https:\/\/wp.icmm.csic.es\/gffm\/expertise\/","title":{"rendered":"Expertise"},"content":{"rendered":"<table width=\"100%\">\n<tbody>\n<tr>\n<td>\n<p align=\"center\"><b><a href=\"#2010\"><strong>Processing<\/strong><\/a><\/b><\/p>\n<\/td>\n<td>\n<p align=\"center\"><b><a href=\"#2009\"><strong>Crystal structure<\/strong><\/a><\/b><\/p>\n<\/td>\n<td>\n<p align=\"center\"><b><a href=\"#2008\">Microstructure<\/a><\/b><\/p>\n<\/td>\n<td>\n<p align=\"center\"><b><a href=\"#2007\">Mechanical<\/a><\/b><\/p>\n<\/td>\n<td>\n<p align=\"center\"><b><a href=\"#2006\">Piezoelectric<\/a><\/b><\/p>\n<\/td>\n<td>\n<p align=\"center\"><b><a href=\"#2005\">Die-, Ferro- and Pyroelectric<\/a><\/b><\/p>\n<\/td>\n<td>&nbsp;<\/td>\n<\/tr>\n<\/tbody>\n<\/table>\n<p>The members of the group have expertise and facilities at ICMM, and at collaborating institutions, to work with the following techniques:<\/p>\n<p><a name=\"2010\"><\/a><\/p>\n<h2><span style=\"color: #ef4d34\"><strong>Processing<\/strong><\/span><\/h2>\n<p>of piezoelectric ceramics with controlled microstructures (milling of precursors, sol-gel, Pechini, pressing powders, electrical furnaces for sintering in air and hot-pressing (up to 1000 \u00baC and 100 MPa), laboratory for cutting (diamong saw and hollow diamond drill bits), polishing and electroding ceramic samples and for electrical poling of the samples (HV supplies and silicone oil bath and HV sampleholders; Berlincourt d33-meter))<br \/>\nSee examples in:<br \/>\nA. Reyes-Montero, L. Pardo, R. L\u00f3pez-Ju\u00e1rez, A.M. Gonz\u00e1lez, S.O. Rea-L\u00f3pez, M.P. Cruz and M.E. Villafuerte- Castrej\u00f3n <a href=\"http:\/\/iopscience.iop.org\/article\/10.1088\/0964-1726\/24\/6\/065033\/meta;jsessionid=40EE1B48CFCA47E0790B4E37F682D9AB.c3.iopscience.cld.iop.org\">Sub-10\u00b5m grain size Ba<sub>1-x<\/sub>Ca<sub>x<\/sub>Ti<sub>0.9<\/sub>Zr<sub>0.1<\/sub>O<sub>3<\/sub>(x=0.10 and 0.15) piezoceramics processed using a reduced thermal treatment <\/a>Smart Materials and Structures 24, 065033 (2015)<br \/>\nL. Pardo, A. Garcia, K. Breb\u00f8l, E. Mercadelli and C. Galassi<br \/>\n<a href=\"http:\/\/digital.csic.es\/handle\/10261\/40316\">Piezoelectric properties of lead-free submicron-structured (Bi<sub>0.5<\/sub>Na<sub>0.5<\/sub>)<sub>0.94<\/sub>Ba<sub>0.06<\/sub>TiO<sub>3<\/sub> ceramics from nanopowders <\/a>Smart Mater. Struct. 19, 115007 (2010)<\/p>\n<p><a name=\"2009\"><\/a><\/p>\n<h2><span style=\"color: #ef4d34\"><strong>Crystal structure<\/strong><\/span><\/h2>\n<p>determination of piezoceramics by both conventional and synchrotron (SSRF(USA) and Elettra (IT)) X-ray diffraction, under in-situ applied electric-field.<br \/>\nSee examples in:<br \/>\nL.E. Fuentes-Cobas, M.E. Montero-Cabrera, L. Pardo and L. Fuentes-Montero<br \/>\n<a href=\"http:\/\/www.mdpi.com\/1996-1944\/9\/1\/14\">Ferro-piezoelectrics under the synchrotron light: a review<\/a> Materials, 9(1), 14(34pp) (2016)<br \/>\nA.M. Gonzalez, L. Pardo, M.E. Montero-Cabrera and L.E. Fuentes-Cobas<br \/>\n<a href=\"http:\/\/dx.doi.org\/10.1080\/17436753.2015.1131906\">Analysis of the rhombohedral and tetragonal symmetries coexistence in lead-free 0.94(Bi<sub>0.5<\/sub>Na<sub>0.5<\/sub>)TiO<sub>3<\/sub> \u2013 0.06 BaTiO<sub>3<\/sub> ceramics from nanopowders <\/a>Advances in Applied Ceramics Structural, Functional and Bioceramics 115(2), 96-105 (2016)<\/p>\n<p><a name=\"2008\"><\/a><\/p>\n<h2><span style=\"color: #ef4d34\"><strong>Microstructure<\/strong><\/span><\/h2>\n<p>determination of piezoceramics by computer assisted (software MIP45) quantitative microscopy (SEM or optical (Laborlux 12 ME ST with light source and digital camera)).<br \/>\nSee details and applications of the technique in the processing optimization:<br \/>\nL. Pardo, A. Garc\u00eda, K. Breb\u00f8l, E. Mercadelli and C. Galassi<br \/>\n<a href=\"http:\/\/digital.csic.es\/handle\/10261\/40791\">Enhanced properties for ultrasonic transduction, phase transitions and thermal depoling in 0.96(Bi<sub>0.5<\/sub>Na<sub>0.5<\/sub>)TiO<sub>3<\/sub>-0.04BaTiO<sub>3<\/sub> submicron structured ceramic <\/a>J. Phys. D: Appl. Phys 44, 335404 (2011)<br \/>\nA. Moure, T. Hungr\u00eda, A. Castro, L. Pardo<br \/>\n<a href=\"http:\/\/digital.csic.es\/handle\/10261\/41107\">Quantitative Microstructural Analysis and Piezoelectricity of Highly Dense, Submicron-Structured NaNbO<sub>3<\/sub> Ceramics from Mechanically Activated Precursors <\/a>J. Eur. Cer. Soc. 29, 2297-2308 (2009)<\/p>\n<p><a name=\"2007\"><\/a><\/p>\n<h2><span style=\"color: #ef4d34\"><strong>Mechanical<\/strong><\/span><\/h2>\n<p>properties study by indentation techniques (micro- and nano-hardness tester (NHT) (CSM instruments), the latter in-house modified for in-situ applied electric-field and vice-versa electrical measurements under a mechanical load. See at:<br \/>\nD. Rivero, A. Garc\u00eda and L. Pardo<br \/>\n<a href=\"http:\/\/boletines.secv.es\/upload\/20120217144037.20125119.pdf\">Modification of a Commercial Nanoindentation System for Measurement of Hysteresis Cycles Under Mechanical Load in Polycrystalline Ferroelectric Films <\/a>Bol. Soc. Esp. Ceram. Vidr. <u>51<\/u> (1), 12-19 (2012)<\/p>\n<p><a name=\"2006\"><\/a><\/p>\n<h2><span style=\"color: #ef4d34\"><strong>Piezoelectric<\/strong><\/span><\/h2>\n<p>properties study by in-house developed software for determination of <a href=\"https:\/\/wp.icmm.csic.es\/gffm\/determination-of-coefficients\/\">piezoelectric, dielectric and elastic complex coefficients<\/a> in the linear range from the electromechanical resonance modes of poled ferroelectric ceramics by complex impedance measurements (HP4194A (1kHz-40MHz), HP4192A(5Hz-13MHz) and HP4191A RF (1-1000MHz) up to T&gt;500\u00baC.<br \/>\nSee the use in the <span style=\"color: #01664c\"><strong>matrix characterization for reliable and accurate FEM <\/strong><\/span> of ceramic resonators in,<br \/>\nL. Pardo, F. Montero de Espinosa, A. Garc\u00eda and K. Brebol<br \/>\n<a href=\"http:\/\/digital.csic.es\/handle\/10261\/22274\">Choosing the best geometries for the linear characterization of lossy piezoceramics: Study of the thickness poled shear plate <\/a>Applied Physics Letters 92 , 172907 (2008).<br \/>\nSee the use for study of ferroelectric-relaxor or ferro-antiferroelectric<span style=\"color: #01664c\"><strong> phase transitions<\/strong><\/span> in,<br \/>\nL. Pardo, A. Garc\u00eda, K. Breb\u00f8l, E. Mercadeli and C. Galassi<br \/>\n<a href=\"http:\/\/digital.csic.es\/handle\/10261\/108274\">Characterization of Nanostructured Phases and Peculiar Phase Transitions in BNBT Lead-Free Piezoceramics<\/a> Advances in Science and Technology, 90, 12-18(2014)<br \/>\nA. Moure, T. Hungria, A. Castro and L. Pardo<br \/>\n<a href=\"https:\/\/www.researchgate.net\/profile\/Teresa_Hungria\/publication\/240346136_Microstructural_effects_on_the_phase_transitions_and_the_thermal_evolution_of_elastic_and_piezoelectric_properties_in_highly_dense_submicron-structured_NaNbO_3_ceramics\/links\/0912f50f535c3d9ecb000000.pdf\">Microstructural effects on the phase transitions and the thermal evolution of elastic and piezoelectric properties in highly dense, submicron structured NaNbO<sub>3<\/sub> ceramics <\/a>Journal of Materials Science 45, 1211\u20131219 (2010)<\/p>\n<p><a name=\"2005\"><\/a><\/p>\n<h2><span style=\"color: #ef4d34\"><strong>Dielectric, Ferroelectric and Pyroelectric <\/strong><\/span><\/h2>\n<p>properties study at the electrical measurements lab for the macroscopic characterization of ceramics, including bipolar programable Amplifier Kepco BOP 1000M, oscilloscope Tektronics TDS520\/A1, Agilent programmable waveform generators, electrometers, probe stations (cryogenic, high-temperature), etc.<br \/>\nF. L. Mart\u00ednez, J. Hinojosa, G. Domenech, F. Luque, J. Zapata, R Ruiz and L. Pardo.<br \/>\n<a href=\"http:\/\/digital.csic.es\/handle\/10261\/94041\">Dielectric Constant Tunability at Microwave Frequencies and Pyroelectric Behavior of Lead-Free Submicron-Structured (Bi<sub>0.5<\/sub>Na<sub>0.5<\/sub>)<sub>1-x<\/sub>Ba<sub>x<\/sub>TiO<sub>3<\/sub> Ferroelectric <\/a>Trans. IEEE UFFC <u>60<\/u> (8), 1595 (2013)<br \/>\nL. Pardo, E. Mercadelli, A. Garc\u00eda, K. Breb\u00f8l and C. Galassi.<br \/>\n<a href=\"http:\/\/digital.csic.es\/handle\/10261\/40776\">Field-Induced Phase Transition and Relaxor Character in Submicron Structured Lead-Free (Bi<sub>0.5<\/sub>Na<sub>0.5<\/sub>)<sub>0.06<\/sub>Ba<sub>0.94<\/sub>TiO<sub>3<\/sub> Piezoceramics at the Morphotropic Phase Boundary <\/a> IEEE Trans. UFFC, 58(9), 1893-1904 (2011)<\/p>\n<p>Members also have access to other techniques and <a href=\"https:\/\/www.icmm.csic.es\/en\/investigacion-y-transferencia\/scientific-and-technical-services-unit\">scientific services<\/a> of the ICMM.<\/p>\n","protected":false},"excerpt":{"rendered":"<p>Processing Crystal structure Microstructure Mechanical Piezoelectric Die-, Ferro- and Pyroelectric &nbsp; The members of the group have expertise and facilities at ICMM, and at collaborating institutions, to work with the following techniques: Processing of piezoelectric ceramics with controlled microstructures (milling of precursors, sol-gel, Pechini, pressing powders, electrical furnaces for sintering\u2026<\/p>\n<p class=\"continue-reading-button\"> <a class=\"continue-reading-link\" href=\"https:\/\/wp.icmm.csic.es\/gffm\/expertise\/\">Continue reading<i class=\"crycon-right-dir\"><\/i><\/a><\/p>\n","protected":false},"author":63,"featured_media":0,"parent":0,"menu_order":0,"comment_status":"closed","ping_status":"closed","template":"","meta":{"ngg_post_thumbnail":0,"footnotes":""},"class_list":["post-15","page","type-page","status-publish","hentry"],"_links":{"self":[{"href":"https:\/\/wp.icmm.csic.es\/gffm\/wp-json\/wp\/v2\/pages\/15","targetHints":{"allow":["GET"]}}],"collection":[{"href":"https:\/\/wp.icmm.csic.es\/gffm\/wp-json\/wp\/v2\/pages"}],"about":[{"href":"https:\/\/wp.icmm.csic.es\/gffm\/wp-json\/wp\/v2\/types\/page"}],"author":[{"embeddable":true,"href":"https:\/\/wp.icmm.csic.es\/gffm\/wp-json\/wp\/v2\/users\/63"}],"replies":[{"embeddable":true,"href":"https:\/\/wp.icmm.csic.es\/gffm\/wp-json\/wp\/v2\/comments?post=15"}],"version-history":[{"count":14,"href":"https:\/\/wp.icmm.csic.es\/gffm\/wp-json\/wp\/v2\/pages\/15\/revisions"}],"predecessor-version":[{"id":1678,"href":"https:\/\/wp.icmm.csic.es\/gffm\/wp-json\/wp\/v2\/pages\/15\/revisions\/1678"}],"wp:attachment":[{"href":"https:\/\/wp.icmm.csic.es\/gffm\/wp-json\/wp\/v2\/media?parent=15"}],"curies":[{"name":"wp","href":"https:\/\/api.w.org\/{rel}","templated":true}]}}