{"id":2596,"date":"2025-02-07T08:19:47","date_gmt":"2025-02-07T08:19:47","guid":{"rendered":"https:\/\/wp.icmm.csic.es\/gnmp\/?page_id=2596"},"modified":"2025-02-07T08:19:47","modified_gmt":"2025-02-07T08:19:47","slug":"proyect-ted2021-130957b-c55","status":"publish","type":"page","link":"https:\/\/wp.icmm.csic.es\/gnmp\/proyect-ted2021-130957b-c55\/","title":{"rendered":"Proyect: TED2021-130957B-C55"},"content":{"rendered":"<p><strong>PROJECT TITLE:<\/strong>Unraveling the magnetic properties of nanowires-nanoparticles systems for bonded magnets<\/p>\n<p><strong>MAIN RESEARCHERS:<\/strong> Miriam Jaafar&nbsp;<\/p>\n<p><strong>REFERENCE:<\/strong> TED2021-130957B-C55<\/p>\n<p><strong>FUNDED BY: <\/strong>Ministerio de Ciencia e Innovaci\u00f3n, proyecto transici\u00f3n Ecol\u00f3gica<\/p>\n<p><strong>SINCE:<\/strong> 2022 <strong>TO:<\/strong> 2025<\/p>\n<p><strong>BUDGET:<\/strong> 120.000 \u20ac<\/p>\n<p><strong>ABSTRACT:<\/strong> To address the increasing demand for rare-earth-free permanent magnets, this project aims to develop advanced characterization techniques for bonded magnets. By combining MFM and dielectrophoresis, we will investigate the magnetic properties of nanowire composites. Our goal is to optimize the alignment and arrangement of nanowires to enhance the overall magnetic performance of these materials. The project will contribute to the development of sustainable and high-performance permanent magnets.<\/p>\n<p><strong>ARTICLES:&nbsp;<\/strong><\/p>\n<p>\u00abMagnetic field screening of 2D materials&nbsp; revealed by magnetic force microscopy\u201d D. A. Aldave, G. L\u00f3pez-Pol\u00edn*, E. Calle, A. Begu\u00e9, R. Ranchal, R. Mart\u00ednez, C. Bran, E. Burzur\u00ed, J. G\u00f3mez-Herrero, P. Ares*, M. Jaafar*,&nbsp; Adv. Electron. Mater. 2024, 2400607 (Back cover)<\/p>\n<p>\u00abUnveiling the 3D spin texture of nanowires by correlative&nbsp; microscopy\u00bb Claudia Fern\u00e1ndez-Gonz\u00e1lez, Laura \u00c1lvaro-G\u00f3mez, Laura Fern\u00e1ndez-Garc\u00eda,&nbsp; Pamela Morales-Fern\u00e1ndez, Luc\u00eda G\u00f3mez-Cruz, Muhammad Waqas Khaliq, Claire Donnelly,<br \/>\n&nbsp; Michael Foerster, Miguel \u00c1ngel Ni\u00f1o, Eva Pereiro, Eduardo Mart\u00ednez, Miriam Jaafar,&nbsp; Luc\u00eda Aballe Lucas P\u00e9rez, and Sandra Ruiz-G\u00f3mez. Nanoscale, 2025 en revisi\u00f3n<\/p>\n","protected":false},"excerpt":{"rendered":"<p>PROJECT TITLE:Unraveling the magnetic properties of nanowires-nanoparticles systems for bonded magnets MAIN RESEARCHERS: Miriam Jaafar&nbsp; REFERENCE: TED2021-130957B-C55 FUNDED BY: Ministerio de Ciencia e Innovaci\u00f3n, proyecto transici\u00f3n Ecol\u00f3gica SINCE: 2022 TO: 2025 BUDGET: 120.000 \u20ac ABSTRACT: To address the increasing demand for rare-earth-free permanent magnets, this project aims to develop advanced characterization techniques for bonded magnets. &hellip; <\/p>\n<p class=\"link-more\"><a href=\"https:\/\/wp.icmm.csic.es\/gnmp\/proyect-ted2021-130957b-c55\/\" class=\"more-link\">Continuar leyendo<span class=\"screen-reader-text\"> \u00abProyect: TED2021-130957B-C55\u00bb<\/span><\/a><\/p>\n","protected":false},"author":80,"featured_media":0,"parent":0,"menu_order":0,"comment_status":"closed","ping_status":"closed","template":"","meta":{"_monsterinsights_skip_tracking":false,"_monsterinsights_sitenote_active":false,"_monsterinsights_sitenote_note":"","_monsterinsights_sitenote_category":0,"ngg_post_thumbnail":0,"footnotes":""},"class_list":["post-2596","page","type-page","status-publish","hentry"],"_links":{"self":[{"href":"https:\/\/wp.icmm.csic.es\/gnmp\/wp-json\/wp\/v2\/pages\/2596","targetHints":{"allow":["GET"]}}],"collection":[{"href":"https:\/\/wp.icmm.csic.es\/gnmp\/wp-json\/wp\/v2\/pages"}],"about":[{"href":"https:\/\/wp.icmm.csic.es\/gnmp\/wp-json\/wp\/v2\/types\/page"}],"author":[{"embeddable":true,"href":"https:\/\/wp.icmm.csic.es\/gnmp\/wp-json\/wp\/v2\/users\/80"}],"replies":[{"embeddable":true,"href":"https:\/\/wp.icmm.csic.es\/gnmp\/wp-json\/wp\/v2\/comments?post=2596"}],"version-history":[{"count":1,"href":"https:\/\/wp.icmm.csic.es\/gnmp\/wp-json\/wp\/v2\/pages\/2596\/revisions"}],"predecessor-version":[{"id":2597,"href":"https:\/\/wp.icmm.csic.es\/gnmp\/wp-json\/wp\/v2\/pages\/2596\/revisions\/2597"}],"wp:attachment":[{"href":"https:\/\/wp.icmm.csic.es\/gnmp\/wp-json\/wp\/v2\/media?parent=2596"}],"curies":[{"name":"wp","href":"https:\/\/api.w.org\/{rel}","templated":true}]}}