{"id":20,"date":"2023-06-28T17:48:45","date_gmt":"2023-06-28T15:48:45","guid":{"rendered":"https:\/\/wp.icmm.csic.es\/icmmdays\/?page_id=20"},"modified":"2023-09-26T13:19:11","modified_gmt":"2023-09-26T11:19:11","slug":"program","status":"publish","type":"page","link":"https:\/\/wp.icmm.csic.es\/icmmdays\/program\/","title":{"rendered":"Program"},"content":{"rendered":"<h2><strong>Thursday, October, 5th, 2023<\/strong><\/h2>\n<p>8.00 \u2013 Meeting Point at the Instituto de Ciencia de Materiales de Madrid<\/p>\n<p>8.30 \u2013 Buses from ICMM to Buitrago del Lozoya<\/p>\n<p>9.30 \u2013 Meeting at GSD Buitrago Hall<\/p>\n<p>10.00 \u2013 [Spanish] Presentaci\u00f3n del centro<\/p>\n<p>Jos\u00e9 \u00c1ngel Mart\u00edn Gago, Director del ICMM<\/p>\n<p>10.15 \u2013 [Spanish] Administraci\u00f3n: qui\u00e9nes son y qu\u00e9 hacen<\/p>\n<p>Iv\u00e1n Cosio, Gerente del ICMM<\/p>\n<p>10.45 \u2013 [Spanish] Mantenimiento del instituto.<\/p>\n<p>Javier Ortiz, Jefe de mantenimiento<\/p>\n<p>11:00 \u2013 [Spanish] La biblioteca del ICMM: qu\u00e9 es, d\u00f3nde est\u00e1 y para qu\u00e9 nos sirve<\/p>\n<p>Yolanda de la Pe\u00f1a, Bibliotecaria del ICMM, ICP, ICV<\/p>\n<p>11.15 \u2013 [Spanish] Servicios Generales: taller, inform\u00e1tica, electr\u00f3nica y sala blanca<\/p>\n<p>[Parallel: 10.00-11.30: Buitrago del Lozoya Tour for International Scientific Committee]<\/p>\n<p>11.45 \u2013 [English] Singular Facilities: Stardust<\/p>\n<p><strong>12.00 \u2013 Coffee break (30 min.)<\/strong><\/p>\n<p>12.30 \u2013 [English] Singular Facilities: Spline<\/p>\n<p>12.50 \u2013 [English] Commissions<\/p>\n<p>13.50 \u2013 [English] Technical Offices: Communication, Knowledge Transfer &amp; International Projects<\/p>\n<p><strong>14.30 \u2013 Lunch Time \u2013 GSD Buitrago Cafeteria<\/strong><\/p>\n<p>16.30 \u2013 [English] Scientific-Tecnicial Services<\/p>\n<p>17:45- [English] Cross Platforms (AI Lab)<\/p>\n<p><strong>18:00 \u2013 Coffee break (30 min.)<\/strong><\/p>\n<p><em>[Paralelo 16.30-18.00: visita por Buitrago del Lozoya para el personal no cient\u00edfico]<\/em><\/p>\n<p>18.30: [Spanish] Debate y preguntas: apoyo a la investigaci\u00f3n<\/p>\n<p><em>[Paralelo 18.30: Free time for International Scientific Committee]<\/em><\/p>\n<p>19.30 \u2013 Ca\u00f1as y tapas \u2013 GSD Buitrago Plaza<\/p>\n<p>20.30 \u2013 <strong>Bus<\/strong> de vuelta para quien lo haya solicitado<\/p>\n<p>21.00 \u2013<strong> Cena\/Dinner<\/strong> \u2013 GSD Buitrago Cafeteria<\/p>\n<h2>Friday, October, 6th, 2023<\/h2>\n<p><em>For those in Cantoblanco<\/em><\/p>\n<p>8.00 \u2013 Meeting Point at Instituto de Ciencia de Materiales de Madrid<\/p>\n<p>8.30 \u2013 Buses from ICMM to Buitrago de Lozoya<\/p>\n<p><em>For those in Buitrago del Lozoya<\/em><\/p>\n<p><strong>8.00 \u2013 8.30: Breakfast\/Desayuno<\/strong><\/p>\n<p>8.45 \u2013 9.45: Tour around Buitrago del Lozoya for the scientific staff [English and Spanish]<\/p>\n<p>[English]<\/p>\n<p>10.00 \u2013 Departments presentation: Multifunctional Materials &amp; Materials for photonics and electronics<\/p>\n<p><strong>12.00 \u2013 Coffee Break<\/strong><\/p>\n<p>12.30 \u2013 Departments presentation: Low dimensional sytems &amp; Nanoscience and Nanotechnology<\/p>\n<p><strong>14.30 \u2013 Lunch time \u2013 GSD Buitrago Cafeteria<\/strong><\/p>\n<p>16.30 \u2013 Departments presentation: Frontiers in Materials Chemistry &amp; Theory and simulation of materials<\/p>\n<p><strong>18.30 \u2013 Coffee Break<\/strong><\/p>\n<p>19.00 \u2013 Knowledge transfer round table with Scientific Committees<\/p>\n<p><strong>19.45 \u2013 ICMM Days Ends<\/strong><\/p>\n<p>20.00 \u2013 Bus from Buitrago del Lozoya to Campus Cantoblanco (Madrid)<\/p>\n","protected":false},"excerpt":{"rendered":"<p>Thursday, October, 5th, 2023 8.00 \u2013 Meeting Point at the Instituto de Ciencia de Materiales de Madrid 8.30 \u2013 Buses from ICMM to Buitrago del Lozoya 9.30 \u2013 Meeting at GSD Buitrago Hall 10.00 \u2013 [Spanish] Presentaci\u00f3n del centro Jos\u00e9 \u00c1ngel Mart\u00edn Gago, Director del ICMM 10.15 \u2013 [Spanish] Administraci\u00f3n: qui\u00e9nes son y qu\u00e9 hacen [&hellip;]<\/p>\n","protected":false},"author":110,"featured_media":0,"parent":0,"menu_order":0,"comment_status":"closed","ping_status":"closed","template":"","meta":{"footnotes":""},"class_list":["post-20","page","type-page","status-publish","hentry"],"_links":{"self":[{"href":"https:\/\/wp.icmm.csic.es\/icmmdays\/wp-json\/wp\/v2\/pages\/20","targetHints":{"allow":["GET"]}}],"collection":[{"href":"https:\/\/wp.icmm.csic.es\/icmmdays\/wp-json\/wp\/v2\/pages"}],"about":[{"href":"https:\/\/wp.icmm.csic.es\/icmmdays\/wp-json\/wp\/v2\/types\/page"}],"author":[{"embeddable":true,"href":"https:\/\/wp.icmm.csic.es\/icmmdays\/wp-json\/wp\/v2\/users\/110"}],"replies":[{"embeddable":true,"href":"https:\/\/wp.icmm.csic.es\/icmmdays\/wp-json\/wp\/v2\/comments?post=20"}],"version-history":[{"count":12,"href":"https:\/\/wp.icmm.csic.es\/icmmdays\/wp-json\/wp\/v2\/pages\/20\/revisions"}],"predecessor-version":[{"id":50,"href":"https:\/\/wp.icmm.csic.es\/icmmdays\/wp-json\/wp\/v2\/pages\/20\/revisions\/50"}],"wp:attachment":[{"href":"https:\/\/wp.icmm.csic.es\/icmmdays\/wp-json\/wp\/v2\/media?parent=20"}],"curies":[{"name":"wp","href":"https:\/\/api.w.org\/{rel}","templated":true}]}}