{"id":83,"date":"2025-04-22T17:03:45","date_gmt":"2025-04-22T15:03:45","guid":{"rendered":"https:\/\/wp.icmm.csic.es\/icmmdays\/?page_id=83"},"modified":"2025-06-02T10:18:08","modified_gmt":"2025-06-02T08:18:08","slug":"accomodation","status":"publish","type":"page","link":"https:\/\/wp.icmm.csic.es\/icmmdays\/accomodation\/","title":{"rendered":"Accomodation"},"content":{"rendered":"\n<p>Los ICMM Days 2025 se celebrar\u00e1n en <strong>Guadarrama<\/strong>, un precioso pueblo junto a la Sierra de Madrid (Sierra de Guadarrama) que est\u00e1 a solo unos 50 kil\u00f3metros de la capital.<\/p>\n\n\n\n<p>El espacio reservado para nuestro encuentro es el Centro de Congresos Fray Luis de Le\u00f3n, donde tendremos un Sal\u00f3n de Actos, espacio para networking, almuerzo (incluido) y, por supuesto, nuestras habitaciones en un ambiente impresionante (con parques y zonas deportivas) junto al valle de La Jarosa.<\/p>\n\n\n\n<p>Tenemos estos tipos de habitaciones:<\/p>\n\n\n\n<p><strong>Cu\u00e1druples<\/strong><br>Para personal predoctoral. Est\u00e1n en la planta baja del edificio y cada grupo de cuatro estudiantes se coordinar\u00e1 para el momento de la inscripci\u00f3n.<\/p>\n\n\n\n<p><strong>Dobles<\/strong><\/p>\n\n\n\n<p>Para el resto del personal. Est\u00e1n en la planta alta y cada pareja de personas se deber\u00e1 coordinar para el momento de la inscripci\u00f3n.<\/p>\n\n\n\n<p><strong>Individuales<\/strong><\/p>\n\n\n\n<p>Para el Comit\u00e9 Cient\u00edfico Asesor, direcci\u00f3n y personal ad honorem (hasta agotar plazas).<\/p>\n\n\n\n<p>El alojamiento incluye la cena del martes y el desayuno del mi\u00e9rcoles. Todos los gastos est\u00e1n cubiertos por el ICMM.<\/p>\n\n\n\n<hr class=\"wp-block-separator has-alpha-channel-opacity\" \/>\n\n\n\n<p>The ICMM Days 2025 will be held in <strong>Guadarrama<\/strong>, a beautiful town near the Sierra of Madrid and only 50 kilometres away from Madrid.<\/p>\n\n\n\n<p>The space reserved for our event is <em>Centro de Congresos Fray Luis de Le\u00f3n, <\/em>where we&#8217;ll have a Lecture Hall, some space for our coffee breaks, lunch (included), and, of course, our rooms in a stunning environment (parks, sports facilities) near La Jarosa valley.<\/p>\n\n\n\n<p>There are these types of rooms:<\/p>\n\n\n\n<p><strong>Quadruple Rooms:<\/strong><br>They are for predoctoral researchers and each one will be filled by four people self-coordinated (you&#8217;ll receive an email for that).<\/p>\n\n\n\n<p><strong>Double rooms:<\/strong><br>They are situated in the first floor and are meant for the rest of saff (scientific, technical and administration departments).<\/p>\n\n\n\n<p><strong>Single rooms:<\/strong><\/p>\n\n\n\n<p>Meant for the Scientific Committee and the Ad Honoren Scientific that will join us these days.<\/p>\n\n\n\n<p>The accommodation includes dinner (Tuesday, 14th), and breakfast (Wednesday, 15th). All costs are paid by the ICMM.<\/p>\n","protected":false},"excerpt":{"rendered":"<p>Los ICMM Days 2025 se celebrar\u00e1n en Guadarrama, un precioso pueblo junto a la Sierra de Madrid (Sierra de Guadarrama) que est\u00e1 a solo unos 50 kil\u00f3metros de la capital. El espacio reservado para nuestro encuentro es el Centro de Congresos Fray Luis de Le\u00f3n, donde tendremos un Sal\u00f3n de Actos, espacio para networking, almuerzo [&hellip;]<\/p>\n","protected":false},"author":110,"featured_media":0,"parent":0,"menu_order":0,"comment_status":"closed","ping_status":"closed","template":"","meta":{"footnotes":""},"class_list":["post-83","page","type-page","status-publish","hentry"],"_links":{"self":[{"href":"https:\/\/wp.icmm.csic.es\/icmmdays\/wp-json\/wp\/v2\/pages\/83","targetHints":{"allow":["GET"]}}],"collection":[{"href":"https:\/\/wp.icmm.csic.es\/icmmdays\/wp-json\/wp\/v2\/pages"}],"about":[{"href":"https:\/\/wp.icmm.csic.es\/icmmdays\/wp-json\/wp\/v2\/types\/page"}],"author":[{"embeddable":true,"href":"https:\/\/wp.icmm.csic.es\/icmmdays\/wp-json\/wp\/v2\/users\/110"}],"replies":[{"embeddable":true,"href":"https:\/\/wp.icmm.csic.es\/icmmdays\/wp-json\/wp\/v2\/comments?post=83"}],"version-history":[{"count":5,"href":"https:\/\/wp.icmm.csic.es\/icmmdays\/wp-json\/wp\/v2\/pages\/83\/revisions"}],"predecessor-version":[{"id":116,"href":"https:\/\/wp.icmm.csic.es\/icmmdays\/wp-json\/wp\/v2\/pages\/83\/revisions\/116"}],"wp:attachment":[{"href":"https:\/\/wp.icmm.csic.es\/icmmdays\/wp-json\/wp\/v2\/media?parent=83"}],"curies":[{"name":"wp","href":"https:\/\/api.w.org\/{rel}","templated":true}]}}