{"id":91,"date":"2025-04-22T17:12:30","date_gmt":"2025-04-22T15:12:30","guid":{"rendered":"https:\/\/wp.icmm.csic.es\/icmmdays\/?page_id=91"},"modified":"2025-04-23T10:46:48","modified_gmt":"2025-04-23T08:46:48","slug":"guadarrama","status":"publish","type":"page","link":"https:\/\/wp.icmm.csic.es\/icmmdays\/guadarrama\/","title":{"rendered":"Guadarrama"},"content":{"rendered":"\n<p>Se puede llegar con las siguientes l\u00edneas interurbanas:<\/p>\n\n\n\n<p>L\u00ednea 680, L\u00ednea 682, L\u00ednea 684, L\u00ednea 685, L\u00ednea 688, L\u00ednea 690 y L\u00ednea N-602 (L\u00ednea nocturna)<\/p>\n\n\n\n<p><strong>EN TREN<\/strong><\/p>\n\n\n\n<p>Las estaciones de referencia (m\u00e1s cercanas) a Guadarrama son:<\/p>\n\n\n\n<p>L\u00edneas C-3a, C-8 y C-10 de Cercan\u00edas: Villalba<br>L\u00ednea C-8 de Cercan\u00edas: Los Negrales, Alpedrete, Collado Mediano y Los Molinos<br>L\u00edneas C-8 y C-9 de Cercan\u00edas: Cercedilla<br>L\u00ednea 53 (Madrid-Segovia) de Cercan\u00edas Media Distancia: Tablada<\/p>\n\n\n\n<p>Para m\u00e1s informaci\u00f3n, puedes visitar la web de Cercan\u00edas Madrid haciendo click <a href=\"https:\/\/www.renfe.com\/es\/es\/cercanias\/cercanias-madrid\" data-type=\"link\" data-id=\"https:\/\/www.renfe.com\/es\/es\/cercanias\/cercanias-madrid\">aqu\u00ed<\/a>.<\/p>\n\n\n\n<p><strong>EN COCHE<\/strong><\/p>\n\n\n\n<p>Situada en el Km. 48,5 de la N-VI, viniendo desde Madrid hay que tomar el desv\u00edo en el Km. 42 de la A-6, direcci\u00f3n Puerto de Guadarrama.<\/p>\n\n\n\n<p>Aqu\u00ed tienes<a href=\"https:\/\/www.google.com\/maps\/dir\/\/Guadarrama+28440+Madrid\/@40.6731798,-4.0875528,12z\/data=!4m8!4m7!1m0!1m5!1m1!1s0xd410cddeee96f11:0x9c51714720351b1c!2m2!1d-4.0875528!2d40.6731798?hl=es\" data-type=\"link\" data-id=\"https:\/\/www.google.com\/maps\/dir\/\/Guadarrama+28440+Madrid\/@40.6731798,-4.0875528,12z\/data=!4m8!4m7!1m0!1m5!1m1!1s0xd410cddeee96f11:0x9c51714720351b1c!2m2!1d-4.0875528!2d40.6731798?hl=es\"> un enlace <\/a>para ver las distintas maneras de llegar a Guadarrama.<\/p>\n\n\n\n<p>A continuaci\u00f3n, dejamos informaci\u00f3n en ingl\u00e9s sobre la localidad. En espa\u00f1ol puede consultarse en <a href=\"https:\/\/turismoguadarrama.com\/\" data-type=\"link\" data-id=\"https:\/\/turismoguadarrama.com\/\">este enlace.<\/a><\/p>\n\n\n\n<p>The municipality of <strong><a href=\"https:\/\/turismoguadarrama.com\/\" data-type=\"link\" data-id=\"https:\/\/turismoguadarrama.com\/\">Guadarrama <\/a><\/strong>is located in the Sierra de Madrid, on the N-VI road of the Madrid Autonomous Community, covering an area with the shape of a bow, comprised between El Escorial and El Boalo and having the A-6 road as its axis. Because of its geographical location, it benefits of great natural wealth, as it borders the Sierra de Guadarrama National Park.<\/p>\n\n\n\n<p><strong>Tourist Information Centre:<\/strong><\/p>\n\n\n\n<p>Plaza Mayor, 6. 28440 Guadarrama.<\/p>\n\n\n\n<p>Mondays to Fridays: from 9.30AM to 8PM. Saturdays: from 09:30AM to 2PM and from 4PM to 7.30PM. Sundays\/Bank Holidays: from 09:30AM to 2PM.<\/p>\n\n\n\n<p>Phone: +34 91 849 47 03<\/p>\n\n\n\n<p><\/p>\n\n\n\n<p><a href=\"mailto:turismo@guadarrama.es\">turismo@guadarrama.es<\/a><\/p>\n\n\n\n<h2 class=\"wp-block-heading\"><br>History<\/h2>\n\n\n\n<p>Guadarrama as a settlement dates from 1268, when it was founded by Alfonso X called \u201cthe Wise\u201d. For years, Segovia and Madrid litigated for these lands. Guadarrama was accorded the title of \u201cvilla-villazgo\u201d (royal burgh) in 1504. In 1799, it changed from being part of Madrid Province to being part of Guadalajara Province. Guadarrama strategic geographical location and its exceptional surroundings have infused a great commercial, natural, tourist and cultural importance to the town.<\/p>\n\n\n\n<h2 class=\"wp-block-heading\">Culture<\/h2>\n\n\n\n<p>One of the most well-known characteristics of Guadarrama is its culture, which imbues a great part of the town. The houses, the cultural centre and even the Town Hall have a special touch and give the city an extraordinary charm complemented by its churches, country chapels and hydraulic constructions of centuries old.<\/p>\n\n\n\n<h3 class=\"wp-block-heading\">Town Hall<\/h3>\n\n\n\n<p>Plaza Mayor, 5<\/p>\n\n\n\n<p>The Town Hall was one of the buildings destroyed during the Civil War. It was rebuilt later on thanks to an organisation called Devastated Regions. The building forms part of the frame of the square, a frame designed as a regular octagon with five sides, with two towers at its ends and arcades on the ground floor. The building is made of stone and plastered with mud; its roof is of Arab tile and contrasts with the slate of the two towers. Its square is paved with granite stone.<\/p>\n\n\n\n<h3 class=\"wp-block-heading\">La Torre Cultural Centre<\/h3>\n\n\n\n<p>Alto de la Torre, s \/ n.<\/p>\n\n\n\n<p>It is built on top of what previously was the Parochial Church of San Miguel Archangel. The church was erected in the 15<sup>th<\/sup>&nbsp;and 16<sup>th<\/sup>&nbsp;centuries and suffered multiple reconstructions over time. The wall, main chapel and tower, dating from the 16<sup>th<\/sup>&nbsp;to the 18<sup>th&nbsp;<\/sup>centuries, are what is left of a temple that could have been Arab and later Roman.<\/p>\n\n\n\n<p>The tower can be seen from the outskirts of the town. From its garden, the panoramic view of the Sierra de Guadarrama is spectacular. Currently, it hosts a cultural centre that got renovated in the 20<sup>th<\/sup>&nbsp;century<strong>.<\/strong><\/p>\n\n\n\n<h3 class=\"wp-block-heading\">Nuestra Se\u00f1ora la Virgen de la Jarosa Country Chapel<\/h3>\n\n\n\n<p>Jarosa natural site<\/p>\n\n\n\n<p>It is a chapel recently built and located in the natural site of the Jarosa, close to the dam, in one of the most beautiful enclaves of the Sierra de Guadarrama.<\/p>\n\n\n\n<h3 class=\"wp-block-heading\">San Miguel Arc\u00e1ngel Parish Church<\/h3>\n\n\n\n<p>Church Street, v \/ v Reyes Cat\u00f3licos, c \/ v Panera, 1 and 3.<\/p>\n\n\n\n<p>It was built in the 18<sup>th<\/sup>&nbsp;century in the same place where the old royal granary (Paneras Reales and Real P\u00f3sito de la Villa y Corte de Madrid) was. It was destroyed during the French invasion, and a private citizen bought the debris and donated it to the parish priest for the construction of a new temple in the village.<\/p>\n\n\n\n<p>The masonry of the original construction was preserved; the vault was replaced by a wooden ceiling and a slate roof. At the backside of the church, there is one of the main elements of the church that represents the art of heraldry of the time. It is an imperial coat of arms of the Old Chain House (Antigua Casa de la Cadena), and two other coats of arms of Madrid, of the same century, located on the two sides of the first one.<\/p>\n\n\n\n<h3 class=\"wp-block-heading\">The stone fountain<\/h3>\n\n\n\n<p>Pza. De los Ca\u00f1os, s \/ n.<\/p>\n\n\n\n<p>This fountain has an ornamental composition similar to that of the elevation of a baroque church. It was built in 1785, during the reign of Carlos III, as part of the Camino Real de Castilla. It used to be the main water supply point of the town. It is of neoclassical style, and in a niche, under the pediment of the auction, it holds the representation of the town\u2019s patron, San Miguel Arc\u00e1ngel. In the central part, it has a coat of arms with a memorial tombstone and an inscription: \u201cSe Constrvio\/A\u00f1o1785\u201d. In the lower part, there are two lion heads through whose mouths stick out the pipes used for pouring water into two small basins. Irregular ashlars of granite were used for its construction.<\/p>\n\n\n\n<h3 class=\"wp-block-heading\">Monument to the coronation \u2013 Lion\u00b4s Pass<\/h3>\n\n\n\n<p>El Leon Pass (Puerto del Le\u00f3n)<\/p>\n\n\n\n<p>In one of the most characteristic enclaves of the Sierra de Guadarrama, it is built as a large granite pedestal where pauses a lion holding between its paws two spheres symbolising Spain and the Indies. The following inscription is written on the pedestal: \u201cFernando VI Father of the Nation, made the path for both Castillas over the mountains, in the year of our Lord 1749, the fourth year of his reign\u201d.<\/p>\n\n\n\n<h3 class=\"wp-block-heading\">Guadarrama or El Rosario Bridge<\/h3>\n\n\n\n<p>Calle General Yag\u00fce s \/ n.<\/p>\n\n\n\n<p>It was built in the 18<sup>th<\/sup>&nbsp;century, during the reign of Carlos III, and was part of the Old Path of El Escorial that connected El Escorial, in the Sierra de Guadarrama with France. It is made of granite ashlars fitted together and has five arches supported by four pillars.<\/p>\n\n\n\n<h2 class=\"wp-block-heading\">Nature<\/h2>\n\n\n\n<p>The physical environment of Guadarrama can be considered the typical mountain one, as its characteristics are greatly influenced by its proximity to the Sierra de Guadarrama. Its physiography presents summits, mountain peaks and also hillsides and low-lying river areas. In the area, there are many granite stones which come from the Iberian Central System uplift. Its vegetation is varied: bushes, pine forests, oaks, poplars, ash trees and pastures. The town offers a variety of rural lodgings, as well as many hiking options and walking routes.<\/p>\n\n\n\n<h3 class=\"wp-block-heading\">La Jarosa Recreation Area<\/h3>\n\n\n\n<p>Road M-614<\/p>\n\n\n\n<p>Located in the municipal area of Guadarrama, in the Sierra de Guadarrama, on the M-614 road to the dam. Drinking water facilities, benches, litter bins, a kiosk and parking space are available in this area. In its surroundings, one can see pines, rock-roses, birds and, on a closer look even mammals such as foxes and squirrels. Outdoor sports such as fishing, hiking and cycling can be practised near the area.<\/p>\n\n\n\n<h3 class=\"wp-block-heading\">Sierra de Guadarrama Visitor Interpretive Centre<\/h3>\n\n\n\n<p>Paseo de las Acacias, 1.<\/p>\n\n\n\n<p><a href=\"https:\/\/www.parquenacionalsierraguadarrama.es\/visita\/contacto-cv\" data-type=\"link\" data-id=\"https:\/\/www.parquenacionalsierraguadarrama.es\/visita\/contacto-cv\">Sierra de Guadarrama Visitor Interpretive Centre<\/a> is a point of reference for anyone interested in knowing and enjoying the cultural and natural values \u200b\u200bthat the newly created National Park and the almost millenary town of Guadarrama offer their visitors.<\/p>\n\n\n\n<p>The Centre is part of the Environmental Area \u201cEl Gurug\u00fa\u201d, and besides the exhibition, it offers a wide variety of recreation activities, as well as adventure tourism and cultural tourism.<\/p>\n\n\n\n<p>It is an ideal meeting point from where to start a journey riding, by 4\u00d74, by mountain bike or on foot, a journey in which to follow the traces of the Civil War, thanks to its well-preserved routes.<\/p>\n\n\n\n<p>Courses, workshops, exhibitions of birds of prey, astronomical observation, animation games and environmental awareness activities, a recreation area for children, and a lot of other activities are all designed to transform the time you spend in Guadarrama an unforgettable experience.<\/p>\n\n\n\n<h3 class=\"wp-block-heading\">Guadarrama River Basin<\/h3>\n\n\n\n<p>Guadarrama River Basin makes up the main ecosystems of the Guadarrama riverbed and covers more than 34,000 hectares in the Madrid region. The municipality of Guadarrama covers almost the entire western half of the basin, which is of the same size as the pine forests on the slopes of the Sierra de Guadarrama, and also a strip next to the Guadarrama riverbed with a width of 100 meters on each side with riverside vegetation.<\/p>\n\n\n\n<h3 class=\"wp-block-heading\">La Jarosa Reservoir<\/h3>\n\n\n\n<p>The reservoir is located in the municipal area of Guadarrama, started to operate in 1969 and has a capacity of 7.2 cubic hectometres. In its 61 hectares, it collects the waters of the La Jarosa and Guatel streams. It also receives water from the La Ace\u00f1a Dam. The area of \u200b\u200bthe reservoir is of tourist interest; it is a recreation place where you can make excursions on foot, fish and eat in the kiosks, and also enjoy the scenery of the Sierra de Guadarrama: woods of pine trees, of larches and Scots pines, of ash trees and oaks \u2026<\/p>\n\n\n\n<h3 class=\"wp-block-heading\">Guadarrama Viewpoint<\/h3>\n\n\n\n<p>Road N-VI, Km. 51.5 (in front of a Fco. of Assisi Hotel-Restaurant)<\/p>\n\n\n\n<p>This viewpoint is located in the municipal area of Guadarrama. From it, one can see the slopes of Cercedilla and Los Molinos, which end with some of the most representative spots of the Sierra de Guadarrama: Siete Picos, Puerto de Navacerrada, Alto de las Guarramillas, Sierra of the Porrones, Cabeza Mediana. It is advisable to bring binoculars not to miss any detail that can be seen from this viewpoint.<\/p>\n\n\n\n<h3 class=\"wp-block-heading\">The Arcipreste de Hita Rock Natural Monument<\/h3>\n\n\n\n<p>Located in the north-western end of the municipality, at approximately 1,520 meters altitude, this space was declared Natural Monument in 1930, at the request of the Royal Spanish Academy of Language, to commemorate the 600t<sup>h<\/sup>&nbsp;anniversary of the Book of Good Love. The book is the work of the Archpriest of Hita and describes the trails in this area of \u200b\u200bthe Sierra de Guadarrama. The monument is formed by a mass of granite scree located between the Collado de la Sevillana and the Pe\u00f1a del Cuervo. This space is part of the Guadarrama River Basin, which is a Site of Community Importance (SCI).<\/p>\n\n\n\n<h3 class=\"wp-block-heading\">On the footsteps of the war<\/h3>\n\n\n\n<p>The landscape of the Sierra de Guadarrama, outstanding because of the value of its ecosystems and sights, also holds ethnographic elements that contribute to the understanding of this wonderful natural environment. Among them are the remains of Civil War buildings. They are undoubtedly main resources, especially in the municipality of Guadarrama. The front line in these strategic places of access to and defence of Madrid capital city left an important mark on the territory. Apart from the destruction and subsequent reconstruction of homes in the nucleus, on the slopes of the Sierra de Guadarrama, there are numerous remains of the battles.<a href=\"https:\/\/sierraguadarrama.info\/en\/guadarrama\/\"><\/a><\/p>\n","protected":false},"excerpt":{"rendered":"<p>Se puede llegar con las siguientes l\u00edneas interurbanas: L\u00ednea 680, L\u00ednea 682, L\u00ednea 684, L\u00ednea 685, L\u00ednea 688, L\u00ednea 690 y L\u00ednea N-602 (L\u00ednea nocturna) EN TREN Las estaciones de referencia (m\u00e1s cercanas) a Guadarrama son: L\u00edneas C-3a, C-8 y C-10 de Cercan\u00edas: VillalbaL\u00ednea C-8 de Cercan\u00edas: Los Negrales, Alpedrete, Collado Mediano y Los MolinosL\u00edneas [&hellip;]<\/p>\n","protected":false},"author":110,"featured_media":0,"parent":0,"menu_order":0,"comment_status":"closed","ping_status":"closed","template":"","meta":{"footnotes":""},"class_list":["post-91","page","type-page","status-publish","hentry"],"_links":{"self":[{"href":"https:\/\/wp.icmm.csic.es\/icmmdays\/wp-json\/wp\/v2\/pages\/91","targetHints":{"allow":["GET"]}}],"collection":[{"href":"https:\/\/wp.icmm.csic.es\/icmmdays\/wp-json\/wp\/v2\/pages"}],"about":[{"href":"https:\/\/wp.icmm.csic.es\/icmmdays\/wp-json\/wp\/v2\/types\/page"}],"author":[{"embeddable":true,"href":"https:\/\/wp.icmm.csic.es\/icmmdays\/wp-json\/wp\/v2\/users\/110"}],"replies":[{"embeddable":true,"href":"https:\/\/wp.icmm.csic.es\/icmmdays\/wp-json\/wp\/v2\/comments?post=91"}],"version-history":[{"count":4,"href":"https:\/\/wp.icmm.csic.es\/icmmdays\/wp-json\/wp\/v2\/pages\/91\/revisions"}],"predecessor-version":[{"id":113,"href":"https:\/\/wp.icmm.csic.es\/icmmdays\/wp-json\/wp\/v2\/pages\/91\/revisions\/113"}],"wp:attachment":[{"href":"https:\/\/wp.icmm.csic.es\/icmmdays\/wp-json\/wp\/v2\/media?parent=91"}],"curies":[{"name":"wp","href":"https:\/\/api.w.org\/{rel}","templated":true}]}}