{"id":140,"date":"2015-09-22T14:21:23","date_gmt":"2015-09-22T14:21:23","guid":{"rendered":"http:\/\/www.icmm.csic.es\/jji\/?page_id=140"},"modified":"2018-08-29T09:54:49","modified_gmt":"2018-08-29T09:54:49","slug":"comentarios-2","status":"publish","type":"page","link":"https:\/\/wp.icmm.csic.es\/jji\/index.php\/comentarios-2\/","title":{"rendered":"Comentarios"},"content":{"rendered":"<p>\u00bfHas adivinado a qu\u00e9 investigador\/a\u00a0del centro pertenece la \u00abinfantil\u00bb foto de las Jornadas del mes en curso?\u00a0 \u00bfQu\u00e9 te han parecido las \u00faltimas presentaciones de nuestros j\u00f3venes investigadores? \u00a1L\u00e1nzate y comenta todo aquello que consideres oportuno acerca de las Jornadas!<\/p>\n","protected":false},"excerpt":{"rendered":"<p>\u00bfHas adivinado a qu\u00e9 investigador\/a\u00a0del centro pertenece la \u00abinfantil\u00bb foto de las Jornadas del mes en curso?\u00a0 \u00bfQu\u00e9 te han parecido las \u00faltimas presentaciones de nuestros j\u00f3venes investigadores? \u00a1L\u00e1nzate y comenta todo aquello que consideres oportuno acerca de las Jornadas!<\/p>\n<p> <a class=\"continue-reading-link\" href=\"https:\/\/wp.icmm.csic.es\/jji\/index.php\/comentarios-2\/\"><span>Continue reading<\/span><i class=\"crycon-right-dir\"><\/i><\/a> <\/p>\n","protected":false},"author":25,"featured_media":0,"parent":0,"menu_order":4,"comment_status":"closed","ping_status":"closed","template":"","meta":{"ngg_post_thumbnail":0,"footnotes":""},"class_list":["post-140","page","type-page","status-publish","hentry"],"_links":{"self":[{"href":"https:\/\/wp.icmm.csic.es\/jji\/index.php\/wp-json\/wp\/v2\/pages\/140","targetHints":{"allow":["GET"]}}],"collection":[{"href":"https:\/\/wp.icmm.csic.es\/jji\/index.php\/wp-json\/wp\/v2\/pages"}],"about":[{"href":"https:\/\/wp.icmm.csic.es\/jji\/index.php\/wp-json\/wp\/v2\/types\/page"}],"author":[{"embeddable":true,"href":"https:\/\/wp.icmm.csic.es\/jji\/index.php\/wp-json\/wp\/v2\/users\/25"}],"replies":[{"embeddable":true,"href":"https:\/\/wp.icmm.csic.es\/jji\/index.php\/wp-json\/wp\/v2\/comments?post=140"}],"version-history":[{"count":1,"href":"https:\/\/wp.icmm.csic.es\/jji\/index.php\/wp-json\/wp\/v2\/pages\/140\/revisions"}],"predecessor-version":[{"id":774,"href":"https:\/\/wp.icmm.csic.es\/jji\/index.php\/wp-json\/wp\/v2\/pages\/140\/revisions\/774"}],"wp:attachment":[{"href":"https:\/\/wp.icmm.csic.es\/jji\/index.php\/wp-json\/wp\/v2\/media?parent=140"}],"curies":[{"name":"wp","href":"https:\/\/api.w.org\/{rel}","templated":true}]}}