{"id":32,"date":"2015-09-15T10:21:06","date_gmt":"2015-09-15T10:21:06","guid":{"rendered":"http:\/\/www.icmm.csic.es\/jji\/?page_id=32"},"modified":"2015-09-15T10:21:06","modified_gmt":"2015-09-15T10:21:06","slug":"febrero","status":"publish","type":"page","link":"https:\/\/wp.icmm.csic.es\/jji\/index.php\/jornadas-anteriores\/ii-jji-2015-2016\/febrero\/","title":{"rendered":"febrero"},"content":{"rendered":"<div style=\"float: left;width: 45%\"><span style=\"color: #000000\"><span style=\"color: #000000\"><span style=\"color: #000000\"><strong><img loading=\"lazy\" decoding=\"async\" class=\"alignleft size-full wp-image-180\" src=\"https:\/\/wp.icmm.csic.es\/jji\/wp-content\/uploads\/sites\/16\/2015\/09\/Fernando-Gallego-250.jpg\" alt=\"Fernando Gallego 250\" width=\"179\" height=\"250\" srcset=\"https:\/\/wp.icmm.csic.es\/jji\/wp-content\/uploads\/sites\/16\/2015\/09\/Fernando-Gallego-250.jpg 179w, https:\/\/wp.icmm.csic.es\/jji\/wp-content\/uploads\/sites\/16\/2015\/09\/Fernando-Gallego-250-107x150.jpg 107w\" sizes=\"auto, (max-width: 179px) 100vw, 179px\" \/>Fernando Gallego<br \/>\n<\/strong><\/span><\/span><\/span><em><em><em><em><em><em><em><span style=\"color: #ff0000\">\u00abLong-range transport in quantum dot systems\u00bb<br \/>\n<\/span><\/em><\/em><\/em><\/em><\/em><\/em><\/em><a href=\"http:\/\/www.icmm.csic.es\/tgqtn\/\" target=\"_blank\">Grupo\u00a0te\u00f3rico de transporte cu\u00e1ntico en nanoestructuras<\/a><\/div>\n<div style=\"float: right;width: 45%;text-align: left;padding-left: 30px\"><span style=\"color: #000000\"><strong><img loading=\"lazy\" decoding=\"async\" class=\"alignleft size-full wp-image-179\" src=\"https:\/\/wp.icmm.csic.es\/jji\/wp-content\/uploads\/sites\/16\/2015\/09\/I\u00f1igo-Bretos-250.jpg\" alt=\"I\u00f1igo Bretos 250\" width=\"177\" height=\"250\" srcset=\"https:\/\/wp.icmm.csic.es\/jji\/wp-content\/uploads\/sites\/16\/2015\/09\/I\u00f1igo-Bretos-250.jpg 177w, https:\/\/wp.icmm.csic.es\/jji\/wp-content\/uploads\/sites\/16\/2015\/09\/I\u00f1igo-Bretos-250-106x150.jpg 106w\" sizes=\"auto, (max-width: 177px) 100vw, 177px\" \/>Dr. I\u00f1igo Bretos<br \/>\n<\/strong><\/span><em><em><em><em><em><em><em><em><em><span style=\"color: #ff0000\">\u00abFerroelectric oxides and their incorporation into flexible electronics\u00bb<br \/>\n<\/span><\/em><\/em><\/em><\/em><\/em><\/em><\/em><\/em><\/em><a href=\"http:\/\/www.icmm.csic.es\/ecit\/\" target=\"_blank\">Grupo de electrocer\u00e1micas para las tecnolog\u00edas de la informaci\u00f3n<\/a><\/div>\n","protected":false},"excerpt":{"rendered":"<p>Fernando Gallego \u00abLong-range transport in quantum dot systems\u00bb Grupo\u00a0te\u00f3rico de transporte cu\u00e1ntico en nanoestructuras Dr. I\u00f1igo Bretos \u00abFerroelectric oxides and their incorporation into flexible electronics\u00bb Grupo de electrocer\u00e1micas para las tecnolog\u00edas de la informaci\u00f3n<\/p>\n<p> <a class=\"continue-reading-link\" href=\"https:\/\/wp.icmm.csic.es\/jji\/index.php\/jornadas-anteriores\/ii-jji-2015-2016\/febrero\/\"><span>Continue reading<\/span><i class=\"crycon-right-dir\"><\/i><\/a> <\/p>\n","protected":false},"author":25,"featured_media":0,"parent":22,"menu_order":5,"comment_status":"closed","ping_status":"open","template":"","meta":{"ngg_post_thumbnail":0,"footnotes":""},"class_list":["post-32","page","type-page","status-publish","hentry"],"_links":{"self":[{"href":"https:\/\/wp.icmm.csic.es\/jji\/index.php\/wp-json\/wp\/v2\/pages\/32","targetHints":{"allow":["GET"]}}],"collection":[{"href":"https:\/\/wp.icmm.csic.es\/jji\/index.php\/wp-json\/wp\/v2\/pages"}],"about":[{"href":"https:\/\/wp.icmm.csic.es\/jji\/index.php\/wp-json\/wp\/v2\/types\/page"}],"author":[{"embeddable":true,"href":"https:\/\/wp.icmm.csic.es\/jji\/index.php\/wp-json\/wp\/v2\/users\/25"}],"replies":[{"embeddable":true,"href":"https:\/\/wp.icmm.csic.es\/jji\/index.php\/wp-json\/wp\/v2\/comments?post=32"}],"version-history":[{"count":0,"href":"https:\/\/wp.icmm.csic.es\/jji\/index.php\/wp-json\/wp\/v2\/pages\/32\/revisions"}],"up":[{"embeddable":true,"href":"https:\/\/wp.icmm.csic.es\/jji\/index.php\/wp-json\/wp\/v2\/pages\/22"}],"wp:attachment":[{"href":"https:\/\/wp.icmm.csic.es\/jji\/index.php\/wp-json\/wp\/v2\/media?parent=32"}],"curies":[{"name":"wp","href":"https:\/\/api.w.org\/{rel}","templated":true}]}}