{"id":336,"date":"2015-10-13T21:10:41","date_gmt":"2015-10-13T21:10:41","guid":{"rendered":"http:\/\/www.icmm.csic.es\/jji\/?page_id=336"},"modified":"2015-10-13T21:10:41","modified_gmt":"2015-10-13T21:10:41","slug":"contacto","status":"publish","type":"page","link":"https:\/\/wp.icmm.csic.es\/jji\/index.php\/contacto\/","title":{"rendered":"Contacto"},"content":{"rendered":"<p>Dra. Miriam Jaafar: m_jaafar@icmm.csic.es\u00a0(despacho 104)<\/p>\n<p>Dr. Carlos S\u00e1nchez:\u00a0cssanchez@icmm.csic.es (despacho 368)<\/p>\n<p>Dr.\u00a0Marcelino Ag\u00fandez: marcelino.agundez@icmm.csic.es (332)<\/p>\n<p>Dr. Alberto Cortijo: alberto.cortijo@csic.es\u00a0(despacho 304)<\/p>\n<p>(\u00bfQuieres vernos cuando \u00e9ramos a\u00fan m\u00e1s \u00abj\u00f3venes investigadores\u00bb? \u00a1Haz click <a href=\"http:\/\/www.icmm.csic.es\/jji\/index.php\/las-jornadas\/\">aqu\u00ed<\/a>\u00a0y encu\u00e9ntranos!)<\/p>\n<p>&nbsp;<\/p>\n","protected":false},"excerpt":{"rendered":"<p>Dra. Miriam Jaafar: m_jaafar@icmm.csic.es\u00a0(despacho 104) Dr. Carlos S\u00e1nchez:\u00a0cssanchez@icmm.csic.es (despacho 368) Dr.\u00a0Marcelino Ag\u00fandez: marcelino.agundez@icmm.csic.es (332) Dr. Alberto Cortijo: alberto.cortijo@csic.es\u00a0(despacho 304) (\u00bfQuieres vernos cuando \u00e9ramos a\u00fan m\u00e1s \u00abj\u00f3venes investigadores\u00bb? \u00a1Haz click aqu\u00ed\u00a0y encu\u00e9ntranos!) &nbsp;<\/p>\n<p> <a class=\"continue-reading-link\" href=\"https:\/\/wp.icmm.csic.es\/jji\/index.php\/contacto\/\"><span>Continue reading<\/span><i class=\"crycon-right-dir\"><\/i><\/a> <\/p>\n","protected":false},"author":25,"featured_media":0,"parent":0,"menu_order":0,"comment_status":"closed","ping_status":"open","template":"","meta":{"ngg_post_thumbnail":0,"footnotes":""},"class_list":["post-336","page","type-page","status-publish","hentry"],"_links":{"self":[{"href":"https:\/\/wp.icmm.csic.es\/jji\/index.php\/wp-json\/wp\/v2\/pages\/336","targetHints":{"allow":["GET"]}}],"collection":[{"href":"https:\/\/wp.icmm.csic.es\/jji\/index.php\/wp-json\/wp\/v2\/pages"}],"about":[{"href":"https:\/\/wp.icmm.csic.es\/jji\/index.php\/wp-json\/wp\/v2\/types\/page"}],"author":[{"embeddable":true,"href":"https:\/\/wp.icmm.csic.es\/jji\/index.php\/wp-json\/wp\/v2\/users\/25"}],"replies":[{"embeddable":true,"href":"https:\/\/wp.icmm.csic.es\/jji\/index.php\/wp-json\/wp\/v2\/comments?post=336"}],"version-history":[{"count":0,"href":"https:\/\/wp.icmm.csic.es\/jji\/index.php\/wp-json\/wp\/v2\/pages\/336\/revisions"}],"wp:attachment":[{"href":"https:\/\/wp.icmm.csic.es\/jji\/index.php\/wp-json\/wp\/v2\/media?parent=336"}],"curies":[{"name":"wp","href":"https:\/\/api.w.org\/{rel}","templated":true}]}}