{"id":34,"date":"2015-09-15T10:21:21","date_gmt":"2015-09-15T10:21:21","guid":{"rendered":"http:\/\/www.icmm.csic.es\/jji\/?page_id=34"},"modified":"2015-09-15T10:21:21","modified_gmt":"2015-09-15T10:21:21","slug":"marzo","status":"publish","type":"page","link":"https:\/\/wp.icmm.csic.es\/jji\/index.php\/jornadas-anteriores\/ii-jji-2015-2016\/marzo\/","title":{"rendered":"marzo"},"content":{"rendered":"<div style=\"float: left;width: 45%\"><span style=\"color: #000000\"><span style=\"color: #000000\"><span style=\"color: #000000\"><strong><img loading=\"lazy\" decoding=\"async\" class=\"alignleft size-full wp-image-209\" src=\"https:\/\/wp.icmm.csic.es\/jji\/wp-content\/uploads\/sites\/16\/2015\/09\/Vanessa-Cascos-250.jpg\" alt=\"Vanessa Cascos 250\" width=\"202\" height=\"250\" srcset=\"https:\/\/wp.icmm.csic.es\/jji\/wp-content\/uploads\/sites\/16\/2015\/09\/Vanessa-Cascos-250.jpg 202w, https:\/\/wp.icmm.csic.es\/jji\/wp-content\/uploads\/sites\/16\/2015\/09\/Vanessa-Cascos-250-121x150.jpg 121w\" sizes=\"auto, (max-width: 202px) 100vw, 202px\" \/>Vanessa Cascos<br \/>\n<\/strong><\/span><\/span><\/span><em><em><em><em><em><em><em><em><span style=\"color: #ff0000\">\u00abPilas de combustible de \u00f3xido s\u00f3lido: nuevos materiales para conversi\u00f3n de energ\u00eda\u00bb<\/span><\/em><\/em><\/em><\/em><\/em><\/em><\/em><\/em><br \/>\n<a href=\"http:\/\/www.icmm.csic.es\/matfuelcells\/\" target=\"_blank\">Grupo\u00a0de materiales para celdas de combustible, sistemas electr\u00f3nicos y magn\u00e9ticos<\/a><\/div>\n<div style=\"float: right;width: 45%;text-align: left;padding-left: 30px\"><span style=\"color: #000000\"><strong><img loading=\"lazy\" decoding=\"async\" class=\"alignleft size-full wp-image-204\" src=\"https:\/\/wp.icmm.csic.es\/jji\/wp-content\/uploads\/sites\/16\/2015\/09\/Inmaculada-Aranaz-250.jpg\" alt=\"Inmaculada Aranaz 250\" width=\"250\" height=\"250\" srcset=\"https:\/\/wp.icmm.csic.es\/jji\/wp-content\/uploads\/sites\/16\/2015\/09\/Inmaculada-Aranaz-250.jpg 250w, https:\/\/wp.icmm.csic.es\/jji\/wp-content\/uploads\/sites\/16\/2015\/09\/Inmaculada-Aranaz-250-150x150.jpg 150w\" sizes=\"auto, (max-width: 250px) 100vw, 250px\" \/>Dra.\u00a0Inmaculada Aranaz<br \/>\n<\/strong><\/span><em><em><em><em><em><em><em><em><em><em><span style=\"color: #ff0000\">\u00abPolimeric materials synthesis: playing with monomers reactivity ratio\u00bb<\/span><\/em><\/em><\/em><\/em><\/em><\/em><\/em><\/em><\/em><\/em><br \/>\n<a href=\"http:\/\/www.icmm.csic.es\/gbm\/\" target=\"_blank\">Grupo de\u00a0materiales\u00a0bioinspirados<\/a><\/div>\n","protected":false},"excerpt":{"rendered":"<p>Vanessa Cascos \u00abPilas de combustible de \u00f3xido s\u00f3lido: nuevos materiales para conversi\u00f3n de energ\u00eda\u00bb Grupo\u00a0de materiales para celdas de combustible, sistemas electr\u00f3nicos y magn\u00e9ticos Dra.\u00a0Inmaculada Aranaz \u00abPolimeric materials synthesis: playing with monomers reactivity ratio\u00bb Grupo de\u00a0materiales\u00a0bioinspirados<\/p>\n<p> <a class=\"continue-reading-link\" href=\"https:\/\/wp.icmm.csic.es\/jji\/index.php\/jornadas-anteriores\/ii-jji-2015-2016\/marzo\/\"><span>Continue reading<\/span><i class=\"crycon-right-dir\"><\/i><\/a> <\/p>\n","protected":false},"author":25,"featured_media":0,"parent":22,"menu_order":6,"comment_status":"closed","ping_status":"open","template":"","meta":{"ngg_post_thumbnail":0,"footnotes":""},"class_list":["post-34","page","type-page","status-publish","hentry"],"_links":{"self":[{"href":"https:\/\/wp.icmm.csic.es\/jji\/index.php\/wp-json\/wp\/v2\/pages\/34","targetHints":{"allow":["GET"]}}],"collection":[{"href":"https:\/\/wp.icmm.csic.es\/jji\/index.php\/wp-json\/wp\/v2\/pages"}],"about":[{"href":"https:\/\/wp.icmm.csic.es\/jji\/index.php\/wp-json\/wp\/v2\/types\/page"}],"author":[{"embeddable":true,"href":"https:\/\/wp.icmm.csic.es\/jji\/index.php\/wp-json\/wp\/v2\/users\/25"}],"replies":[{"embeddable":true,"href":"https:\/\/wp.icmm.csic.es\/jji\/index.php\/wp-json\/wp\/v2\/comments?post=34"}],"version-history":[{"count":0,"href":"https:\/\/wp.icmm.csic.es\/jji\/index.php\/wp-json\/wp\/v2\/pages\/34\/revisions"}],"up":[{"embeddable":true,"href":"https:\/\/wp.icmm.csic.es\/jji\/index.php\/wp-json\/wp\/v2\/pages\/22"}],"wp:attachment":[{"href":"https:\/\/wp.icmm.csic.es\/jji\/index.php\/wp-json\/wp\/v2\/media?parent=34"}],"curies":[{"name":"wp","href":"https:\/\/api.w.org\/{rel}","templated":true}]}}