{"id":40,"date":"2015-09-15T10:22:26","date_gmt":"2015-09-15T10:22:26","guid":{"rendered":"http:\/\/www.icmm.csic.es\/jji\/?page_id=40"},"modified":"2015-09-15T10:22:26","modified_gmt":"2015-09-15T10:22:26","slug":"junio","status":"publish","type":"page","link":"https:\/\/wp.icmm.csic.es\/jji\/index.php\/jornadas-anteriores\/ii-jji-2015-2016\/junio\/","title":{"rendered":"junio"},"content":{"rendered":"<div style=\"float: left;width: 45%\"><span style=\"color: #000000\"><span style=\"color: #000000\"><span style=\"color: #000000\"><strong><img loading=\"lazy\" decoding=\"async\" class=\"alignleft size-full wp-image-201\" src=\"https:\/\/wp.icmm.csic.es\/jji\/wp-content\/uploads\/sites\/16\/2015\/09\/Gelines-Moreno-250.jpg\" alt=\"Gelines Moreno 250\" width=\"236\" height=\"250\" srcset=\"https:\/\/wp.icmm.csic.es\/jji\/wp-content\/uploads\/sites\/16\/2015\/09\/Gelines-Moreno-250.jpg 236w, https:\/\/wp.icmm.csic.es\/jji\/wp-content\/uploads\/sites\/16\/2015\/09\/Gelines-Moreno-250-142x150.jpg 142w\" sizes=\"auto, (max-width: 236px) 100vw, 236px\" \/>Gelines Moreno<br \/>\n<\/strong><\/span><\/span><\/span><em><em><em><em><em><em><em><em><span style=\"color: #ff0000\">\u00abCarbon materials for energy storage\u00bb<br \/>\n<\/span><\/em><\/em><\/em><\/em><\/em><\/em><\/em><\/em>Grupo de conversi\u00f3n y almacenamiento de energ\u00eda<\/div>\n<div style=\"float: right;width: 45%;text-align: left;padding-left: 30px\"><span style=\"color: #000000\"><strong><img loading=\"lazy\" decoding=\"async\" class=\"alignleft size-full wp-image-203\" src=\"https:\/\/wp.icmm.csic.es\/jji\/wp-content\/uploads\/sites\/16\/2015\/09\/Harvey-Amorin-250.jpg\" alt=\"Harvey Amorin 250\" width=\"222\" height=\"250\" srcset=\"https:\/\/wp.icmm.csic.es\/jji\/wp-content\/uploads\/sites\/16\/2015\/09\/Harvey-Amorin-250.jpg 222w, https:\/\/wp.icmm.csic.es\/jji\/wp-content\/uploads\/sites\/16\/2015\/09\/Harvey-Amorin-250-133x150.jpg 133w\" sizes=\"auto, (max-width: 222px) 100vw, 222px\" \/>Dr.\u00a0Harvey Amor\u00edn<br \/>\n<\/strong><\/span><em><em><em><em><em><em><em><em><em><em><span style=\"color: #ff0000\">\u00abMagnetoelectric composites for novel applications\u00bb<\/span><\/em><\/em><\/em><\/em><\/em><\/em><\/em><\/em><\/em><\/em><br \/>\n<a href=\"http:\/\/www.icmm.csic.es\/ecit\/\" target=\"_blank\">Grupo de electrocer\u00e1micas para las tecnolog\u00edas de la informaci\u00f3n<\/a><\/div>\n","protected":false},"excerpt":{"rendered":"<p>Gelines Moreno \u00abCarbon materials for energy storage\u00bb Grupo de conversi\u00f3n y almacenamiento de energ\u00eda Dr.\u00a0Harvey Amor\u00edn \u00abMagnetoelectric composites for novel applications\u00bb Grupo de electrocer\u00e1micas para las tecnolog\u00edas de la informaci\u00f3n<\/p>\n<p> <a class=\"continue-reading-link\" href=\"https:\/\/wp.icmm.csic.es\/jji\/index.php\/jornadas-anteriores\/ii-jji-2015-2016\/junio\/\"><span>Continue reading<\/span><i class=\"crycon-right-dir\"><\/i><\/a> <\/p>\n","protected":false},"author":25,"featured_media":0,"parent":22,"menu_order":9,"comment_status":"closed","ping_status":"open","template":"","meta":{"ngg_post_thumbnail":0,"footnotes":""},"class_list":["post-40","page","type-page","status-publish","hentry"],"_links":{"self":[{"href":"https:\/\/wp.icmm.csic.es\/jji\/index.php\/wp-json\/wp\/v2\/pages\/40","targetHints":{"allow":["GET"]}}],"collection":[{"href":"https:\/\/wp.icmm.csic.es\/jji\/index.php\/wp-json\/wp\/v2\/pages"}],"about":[{"href":"https:\/\/wp.icmm.csic.es\/jji\/index.php\/wp-json\/wp\/v2\/types\/page"}],"author":[{"embeddable":true,"href":"https:\/\/wp.icmm.csic.es\/jji\/index.php\/wp-json\/wp\/v2\/users\/25"}],"replies":[{"embeddable":true,"href":"https:\/\/wp.icmm.csic.es\/jji\/index.php\/wp-json\/wp\/v2\/comments?post=40"}],"version-history":[{"count":0,"href":"https:\/\/wp.icmm.csic.es\/jji\/index.php\/wp-json\/wp\/v2\/pages\/40\/revisions"}],"up":[{"embeddable":true,"href":"https:\/\/wp.icmm.csic.es\/jji\/index.php\/wp-json\/wp\/v2\/pages\/22"}],"wp:attachment":[{"href":"https:\/\/wp.icmm.csic.es\/jji\/index.php\/wp-json\/wp\/v2\/media?parent=40"}],"curies":[{"name":"wp","href":"https:\/\/api.w.org\/{rel}","templated":true}]}}