{"id":5,"date":"2015-09-15T09:47:41","date_gmt":"2015-09-15T09:47:41","guid":{"rendered":"http:\/\/www.icmm.csic.es\/jji\/?page_id=5"},"modified":"2015-09-15T09:47:41","modified_gmt":"2015-09-15T09:47:41","slug":"las-jornadas","status":"publish","type":"page","link":"https:\/\/wp.icmm.csic.es\/jji\/index.php\/las-jornadas\/","title":{"rendered":"Las jornadas"},"content":{"rendered":"<p style=\"text-align: left\">Las <a href=\"http:\/\/www.icmm.csic.es\/jji\/\" target=\"_blank\">Jornadas de J\u00f3venes Investigadores del ICMM<\/a> es una iniciativa que surgi\u00f3 con la intenci\u00f3n de dar a conocer el trabajo realizado dentro del Instituto al resto de compa\u00f1eros, de una manera informal y en un ambiente relajado, facilitando un espacio de di\u00e1logo e intercambio que contribuya a dinamizar la actividad del centro. Esta segunda edici\u00f3n recoge el testigo con el prop\u00f3sito de seguir fomentando las relaciones cient\u00edficas y personales entre investigadores, con los que compartimos un espacio com\u00fan y en ocasiones no sabemos ni su nombre o la investigaci\u00f3n que llevan a cabo.<\/p>\n<p style=\"text-align: left\">En estas Jornadas los protagonistas son los j\u00f3venes investigadores, si bien est\u00e1n dirigidas a todo el personal del Instituto. Para ello se plantea una serie de conferencias con un marcado esp\u00edritu divulgativo, donde se ofrezca una amplia visi\u00f3n que sirva de introducci\u00f3n a los respectivos temas de trabajo. El objetivo no es asistir a las conferencias de \u201ctu tema\u201d. El objetivo es que salgamos de nuestra \u201c\u00e1rea de confort\u201d y nos aventuremos a formas de pensar, de abordar un problema y t\u00e9cnicas que son diferentes a las que ya conocemos. Quiz\u00e1s la colaboraci\u00f3n que est\u00e1s buscando se encuentre a tan solo unas puertas de tu laboratorio&#8230;<\/p>\n<p style=\"text-align: left\"><strong>Test de asistencia a las Jornadas de J\u00f3venes Investigadores:<\/strong><\/p>\n<p>Sea X tu n\u00famero de despacho:<br \/>\n1- \u00bfConoces los nombres de los ocupantes de los despachos X-1 y X+1?<br \/>\na- S\u00ed, de todos (5 puntos)<br \/>\nb- De algunos (2 puntos)<br \/>\nc- De ninguno (0 puntos)<\/p>\n<p style=\"text-align: left\">2- \u00bfConoces los temas de investigaci\u00f3n de los compa\u00f1eros del despacho X en la planta inferior\/superior?<br \/>\na- S\u00ed, colaboro con ellos (5 puntos)<br \/>\nb- S\u00ed, me suenan de algo (2 puntos)<br \/>\nc- No (0 puntos)<\/p>\n<p style=\"text-align: left\">3- \u00bfColaboras con otros grupos del Instituto?<br \/>\na- S\u00ed, con m\u00e1s de dos grupos (5 puntos)<br \/>\nb- S\u00ed, con otro grupo (2 puntos)<br \/>\nc- No (0 puntos)<\/p>\n<p style=\"text-align: left\"><strong>10-15<\/strong>: \u00a1Enhorabuena, te relacionas bien con tus colegas! Damos por supuesto que asistir\u00e1s a las Jornadas. De hecho, deber\u00edas organizarlas el curso que viene.<br \/>\n<strong>6-9<\/strong>: Vas por buen camino, pero deber\u00edas asistir a las Jornadas de J\u00f3venes Investigadores para conocer mejor a tus compa\u00f1eros.<br \/>\n<strong>0-5<\/strong>: Pasas por el Instituto pero el Instituto no pasa por ti. Convendr\u00eda que conocieses tu entorno. Te sorprender\u00eda lo interesantes que pueden ser las investigaciones que llevan a cabo tus compa\u00f1eros.<\/p>\n<p><a href=\"http:\/\/www.icmm.csic.es\/jji\/index.php\/contacto\/\">El Comit\u00e9 Organizador<\/a><br \/>\n(de izquierda a derecha: Dra. Miriam Jaafar, Dr. Carlos S\u00e1nchez, Dr. Alberto Cortijo, Dr. Marcelino Ag\u00fandez)<\/p>\n<p>&nbsp;<\/p>\n<p>&nbsp;<\/p>\n","protected":false},"excerpt":{"rendered":"<p>Las Jornadas de J\u00f3venes Investigadores del ICMM es una iniciativa que surgi\u00f3 con la intenci\u00f3n de dar a conocer el trabajo realizado dentro del Instituto al resto de compa\u00f1eros, de una manera informal y en un ambiente relajado, facilitando un espacio de di\u00e1logo e intercambio que contribuya a dinamizar la\u2026<\/p>\n<p> <a class=\"continue-reading-link\" href=\"https:\/\/wp.icmm.csic.es\/jji\/index.php\/las-jornadas\/\"><span>Continue reading<\/span><i class=\"crycon-right-dir\"><\/i><\/a> <\/p>\n","protected":false},"author":25,"featured_media":0,"parent":0,"menu_order":1,"comment_status":"closed","ping_status":"open","template":"","meta":{"ngg_post_thumbnail":0,"footnotes":""},"class_list":["post-5","page","type-page","status-publish","hentry"],"_links":{"self":[{"href":"https:\/\/wp.icmm.csic.es\/jji\/index.php\/wp-json\/wp\/v2\/pages\/5","targetHints":{"allow":["GET"]}}],"collection":[{"href":"https:\/\/wp.icmm.csic.es\/jji\/index.php\/wp-json\/wp\/v2\/pages"}],"about":[{"href":"https:\/\/wp.icmm.csic.es\/jji\/index.php\/wp-json\/wp\/v2\/types\/page"}],"author":[{"embeddable":true,"href":"https:\/\/wp.icmm.csic.es\/jji\/index.php\/wp-json\/wp\/v2\/users\/25"}],"replies":[{"embeddable":true,"href":"https:\/\/wp.icmm.csic.es\/jji\/index.php\/wp-json\/wp\/v2\/comments?post=5"}],"version-history":[{"count":0,"href":"https:\/\/wp.icmm.csic.es\/jji\/index.php\/wp-json\/wp\/v2\/pages\/5\/revisions"}],"wp:attachment":[{"href":"https:\/\/wp.icmm.csic.es\/jji\/index.php\/wp-json\/wp\/v2\/media?parent=5"}],"curies":[{"name":"wp","href":"https:\/\/api.w.org\/{rel}","templated":true}]}}