{"id":625,"date":"2016-04-25T09:14:01","date_gmt":"2016-04-25T09:14:01","guid":{"rendered":"http:\/\/www.icmm.csic.es\/jji\/?page_id=625"},"modified":"2016-04-25T09:14:01","modified_gmt":"2016-04-25T09:14:01","slug":"abril","status":"publish","type":"page","link":"https:\/\/wp.icmm.csic.es\/jji\/index.php\/abril\/","title":{"rendered":"abril"},"content":{"rendered":"<div style=\"float: left;width: 45%\"><\/div>\n<div style=\"float: left;width: 45%\"><\/div>\n<div style=\"float: left;width: 45%\"><span style=\"color: #000000\"><span style=\"color: #000000\"><span style=\"color: #000000\"><strong><img loading=\"lazy\" decoding=\"async\" class=\"alignleft wp-image-623 size-full\" src=\"https:\/\/wp.icmm.csic.es\/jji\/wp-content\/uploads\/sites\/16\/2016\/04\/Daniel-Martin-250.png\" alt=\"\" width=\"188\" height=\"250\" srcset=\"https:\/\/wp.icmm.csic.es\/jji\/wp-content\/uploads\/sites\/16\/2016\/04\/Daniel-Martin-250.png 188w, https:\/\/wp.icmm.csic.es\/jji\/wp-content\/uploads\/sites\/16\/2016\/04\/Daniel-Martin-250-113x150.png 113w\" sizes=\"auto, (max-width: 188px) 100vw, 188px\" \/><\/strong><\/span><\/span><\/span><span style=\"color: #ff0000\"><strong><span style=\"color: #000000\">Daniel Mart\u00edn<br \/>\n<\/span><\/strong>\u00abSolid-liquid interfaces by three-dimensional atomic force microscopy\u00bb<strong><span style=\"color: #000000\"><br \/>\n<\/span><\/strong><span style=\"color: #000000\"><a href=\"http:\/\/www.icmm.csic.es\/forcetool\/\" target=\"_blank\">Grupo de nanolitograf\u00eda, nanomec\u00e1nica y microscop\u00eda de fuerzas<\/a><\/span><strong><span style=\"color: #000000\">\u00a0<\/span><\/strong><br \/>\n<\/span><span style=\"color: #000000\"><br \/>\n<\/span><\/div>\n<div style=\"float: right;width: 45%;text-align: left;padding-left: 30px\"><span style=\"color: #ff0000\"><strong><span style=\"color: #000000\"><img loading=\"lazy\" decoding=\"async\" class=\"alignleft size-full wp-image-627\" src=\"https:\/\/wp.icmm.csic.es\/jji\/wp-content\/uploads\/sites\/16\/2016\/04\/Marzia-Marciello-250.png\" alt=\"Marzia Marciello 250\" width=\"188\" height=\"250\" srcset=\"https:\/\/wp.icmm.csic.es\/jji\/wp-content\/uploads\/sites\/16\/2016\/04\/Marzia-Marciello-250.png 188w, https:\/\/wp.icmm.csic.es\/jji\/wp-content\/uploads\/sites\/16\/2016\/04\/Marzia-Marciello-250-113x150.png 113w\" sizes=\"auto, (max-width: 188px) 100vw, 188px\" \/>Dra.\u00a0Marzia Marciello<br \/>\n<\/span><\/strong><\/span><span style=\"color: #000000\"><span style=\"color: #ff0000\">\u00abChemistry and technology of biomaterials for human health\u00bb<\/span><strong><span style=\"color: #000000\"><br \/>\n<\/span><\/strong><a href=\"http:\/\/www.icmm.csic.es\/csc\/\" target=\"_blank\">Grupo de nanocristales y qu\u00edmica<\/a><\/span><strong><span style=\"color: #000000\">\u00a0<\/span><\/strong><\/div>\n","protected":false},"excerpt":{"rendered":"<p>Daniel Mart\u00edn \u00abSolid-liquid interfaces by three-dimensional atomic force microscopy\u00bb Grupo de nanolitograf\u00eda, nanomec\u00e1nica y microscop\u00eda de fuerzas\u00a0 Dra.\u00a0Marzia Marciello \u00abChemistry and technology of biomaterials for human health\u00bb Grupo de nanocristales y qu\u00edmica\u00a0<\/p>\n<p> <a class=\"continue-reading-link\" href=\"https:\/\/wp.icmm.csic.es\/jji\/index.php\/abril\/\"><span>Continue reading<\/span><i class=\"crycon-right-dir\"><\/i><\/a> <\/p>\n","protected":false},"author":25,"featured_media":0,"parent":0,"menu_order":0,"comment_status":"closed","ping_status":"closed","template":"","meta":{"ngg_post_thumbnail":0,"footnotes":""},"class_list":["post-625","page","type-page","status-publish","hentry"],"_links":{"self":[{"href":"https:\/\/wp.icmm.csic.es\/jji\/index.php\/wp-json\/wp\/v2\/pages\/625","targetHints":{"allow":["GET"]}}],"collection":[{"href":"https:\/\/wp.icmm.csic.es\/jji\/index.php\/wp-json\/wp\/v2\/pages"}],"about":[{"href":"https:\/\/wp.icmm.csic.es\/jji\/index.php\/wp-json\/wp\/v2\/types\/page"}],"author":[{"embeddable":true,"href":"https:\/\/wp.icmm.csic.es\/jji\/index.php\/wp-json\/wp\/v2\/users\/25"}],"replies":[{"embeddable":true,"href":"https:\/\/wp.icmm.csic.es\/jji\/index.php\/wp-json\/wp\/v2\/comments?post=625"}],"version-history":[{"count":0,"href":"https:\/\/wp.icmm.csic.es\/jji\/index.php\/wp-json\/wp\/v2\/pages\/625\/revisions"}],"wp:attachment":[{"href":"https:\/\/wp.icmm.csic.es\/jji\/index.php\/wp-json\/wp\/v2\/media?parent=625"}],"curies":[{"name":"wp","href":"https:\/\/api.w.org\/{rel}","templated":true}]}}