{"id":725,"date":"2016-11-23T17:40:20","date_gmt":"2016-11-23T17:40:20","guid":{"rendered":"http:\/\/www.icmm.csic.es\/jji\/?page_id=725"},"modified":"2016-11-23T17:40:20","modified_gmt":"2016-11-23T17:40:20","slug":"comite-organizador","status":"publish","type":"page","link":"https:\/\/wp.icmm.csic.es\/jji\/index.php\/jornadas-anteriores\/i-jji-2014-2015\/comite-organizador\/","title":{"rendered":"Comit\u00e9 Organizador"},"content":{"rendered":"<p>De izquierda de derecha: Dra. Lidia Mart\u00ednez, Dra. Carmen Munuera, Dr. I\u00f1igo Bretos, Dr. Harvey Amor\u00edn<\/p>\n<p style=\"text-align: left\"><img loading=\"lazy\" decoding=\"async\" class=\"alignleft size-full wp-image-389\" src=\"https:\/\/wp.icmm.csic.es\/jji\/wp-content\/uploads\/sites\/16\/2015\/10\/comite-organizador-II-JJI-bw.jpg\" alt=\"comite organizador II JJI - b&amp;w\" width=\"2902\" height=\"1480\" srcset=\"https:\/\/wp.icmm.csic.es\/jji\/wp-content\/uploads\/sites\/16\/2015\/10\/comite-organizador-II-JJI-bw.jpg 2902w, https:\/\/wp.icmm.csic.es\/jji\/wp-content\/uploads\/sites\/16\/2015\/10\/comite-organizador-II-JJI-bw-300x153.jpg 300w, https:\/\/wp.icmm.csic.es\/jji\/wp-content\/uploads\/sites\/16\/2015\/10\/comite-organizador-II-JJI-bw-768x392.jpg 768w, https:\/\/wp.icmm.csic.es\/jji\/wp-content\/uploads\/sites\/16\/2015\/10\/comite-organizador-II-JJI-bw-1024x522.jpg 1024w, https:\/\/wp.icmm.csic.es\/jji\/wp-content\/uploads\/sites\/16\/2015\/10\/comite-organizador-II-JJI-bw-150x76.jpg 150w\" sizes=\"auto, (max-width: 2902px) 100vw, 2902px\" \/><\/p>\n","protected":false},"excerpt":{"rendered":"<p>De izquierda de derecha: Dra. Lidia Mart\u00ednez, Dra. Carmen Munuera, Dr. I\u00f1igo Bretos, Dr. Harvey Amor\u00edn<\/p>\n<p> <a class=\"continue-reading-link\" href=\"https:\/\/wp.icmm.csic.es\/jji\/index.php\/jornadas-anteriores\/i-jji-2014-2015\/comite-organizador\/\"><span>Continue reading<\/span><i class=\"crycon-right-dir\"><\/i><\/a> <\/p>\n","protected":false},"author":25,"featured_media":0,"parent":721,"menu_order":1,"comment_status":"closed","ping_status":"closed","template":"","meta":{"ngg_post_thumbnail":0,"footnotes":""},"class_list":["post-725","page","type-page","status-publish","hentry"],"_links":{"self":[{"href":"https:\/\/wp.icmm.csic.es\/jji\/index.php\/wp-json\/wp\/v2\/pages\/725","targetHints":{"allow":["GET"]}}],"collection":[{"href":"https:\/\/wp.icmm.csic.es\/jji\/index.php\/wp-json\/wp\/v2\/pages"}],"about":[{"href":"https:\/\/wp.icmm.csic.es\/jji\/index.php\/wp-json\/wp\/v2\/types\/page"}],"author":[{"embeddable":true,"href":"https:\/\/wp.icmm.csic.es\/jji\/index.php\/wp-json\/wp\/v2\/users\/25"}],"replies":[{"embeddable":true,"href":"https:\/\/wp.icmm.csic.es\/jji\/index.php\/wp-json\/wp\/v2\/comments?post=725"}],"version-history":[{"count":0,"href":"https:\/\/wp.icmm.csic.es\/jji\/index.php\/wp-json\/wp\/v2\/pages\/725\/revisions"}],"up":[{"embeddable":true,"href":"https:\/\/wp.icmm.csic.es\/jji\/index.php\/wp-json\/wp\/v2\/pages\/721"}],"wp:attachment":[{"href":"https:\/\/wp.icmm.csic.es\/jji\/index.php\/wp-json\/wp\/v2\/media?parent=725"}],"curies":[{"name":"wp","href":"https:\/\/api.w.org\/{rel}","templated":true}]}}