{"id":18,"date":"2011-01-27T15:18:31","date_gmt":"2011-01-27T14:18:31","guid":{"rendered":"http:\/\/www.icmm.csic.es\/lam\/?page_id=18"},"modified":"2024-09-13T10:22:40","modified_gmt":"2024-09-13T08:22:40","slug":"patents","status":"publish","type":"page","link":"https:\/\/wp.icmm.csic.es\/lam\/?page_id=18","title":{"rendered":"Patents"},"content":{"rendered":"<p><b>\u2013&nbsp;&nbsp;&nbsp;&nbsp; <\/b><b>System<\/b> <b>for<\/b> <b>scanning<\/b> <b>probe<\/b> <b>microscopy<\/b> <b>applications<\/b><b> and <\/b><b>method<\/b> <b>for<\/b> <b>obtaining<\/b> <b>said<\/b> <b>system<\/b><b>. <\/b><\/p>\r\n<p>Inventors: Yves Huttel, Lidia Mart\u00ednez Orellana.<\/p>\r\n<p>Patent&nbsp; EP18382665.0. 14\/09\/2018.<\/p>\r\n<p>Holder entity : CSIC .<\/p>\r\n<p><b>\u2013&nbsp;&nbsp;&nbsp;&nbsp; <\/b><b>Device<\/b><b> and <\/b><b>process<\/b> <b>for<\/b> <b>the<\/b> <b>stable<\/b><b> manufacture <\/b><b>of<\/b> <b>nanoclusters<\/b><b>. <\/b><\/p>\r\n<p>Inventors: Inventors: Yves Huttel, Lidia Mart\u00ednez Orellana, Iv\u00e1n Fern\u00e1ndez Mart\u00ednez.<\/p>\r\n<p>Patent EP18382577.7.<\/p>\r\n<p>Holder entities: CSIC, Nano4Energy.<\/p>\r\n<p>Priority date: 31\/07\/2018. <\/p>\r\n<p>Licensed to Nanostine S.L.<\/p>\r\n<p><b>\u2013&nbsp;&nbsp;&nbsp;&nbsp; Dispositivo y m\u00e9todo para limpiar superficies con haz de gases en vac\u00edo y ultra alto vac\u00edo.<\/b><\/p>\r\n<p>Inventors: Elisa Rom\u00e1n, Lidia Mart\u00ednez Orellana, Yves Huttel.<\/p>\r\n<p>Patent PCT\/ES2013\/070486.<\/p>\r\n<p>Priority date : 08\/07\/2013.<\/p>\r\n<p>Holder entity : CSIC.<\/p>\r\n<p>\u2013&nbsp;&nbsp;&nbsp;&nbsp;&nbsp;&nbsp; <b>Modificaci\u00f3n de puntas de microscop\u00eda de fuerzas at\u00f3micas mediante dep\u00f3sito de nanopart\u00edculas con una fuente de agregados.<\/b><\/p>\r\n<p>Inventors: Elisa Rom\u00e1n, Lidia Mart\u00ednez, Medrcedes D\u00edaz, Yves Huttel.<\/p>\r\n<p>Patent PCT\/ES2011\/070319.<\/p>\r\n<p>Priority date : 14\/03\/2010.<\/p>\r\n<p>Holder entity: CSIC. Licensed to Next-Tip S.L.<\/p>\r\n<p>\u2013&nbsp;&nbsp;&nbsp;&nbsp;&nbsp;&nbsp; <b>Dispositivo y procedimiento de fabricaci\u00f3n de nanopart\u00edculas<\/b>.<\/p>\r\n<p>Inventors: Elisa Rom\u00e1n, Lidia Mart\u00ednez, Medrcedes D\u00edaz, Yves Huttel.<\/p>\r\n<p>Patent PCT\/ES2011\/070032.<\/p>\r\n<p>Priority date : 19\/01\/2010.<\/p>\r\n<p>Holder entity: CSIC. Licenciada a Oxford Applied Research Ltd.<\/p>\r\n<p><b>\u2013 &nbsp; &nbsp; &nbsp;&nbsp;Procedimiento y dispositivo para determinar el contenido de gases y vol\u00e1tiles en materiales s\u00f3lidos o recubrimientos de superficie.<\/b><\/p>\r\n<p>Inventors: E. L Rom\u00e1n G, J. L de Segovia T, R. Nevshupa, I. Menshikov and P. Konovalov.<\/p>\r\n<p>Patent ES 2 320 513.<\/p>\r\n<p>Holder entity : CSIC.<\/p>\r\n<p>Priority date : 23\/02\/2007. Licensed: 15\/02\/2010.<\/p>\r\n\r\n<p>&nbsp;<\/p>\r\n","protected":false},"excerpt":{"rendered":"<p>\u2013&nbsp;&nbsp;&nbsp;&nbsp; System for scanning probe microscopy applications and method for obtaining said system. Inventors: Yves Huttel, Lidia Mart\u00ednez Orellana. Patent&nbsp; EP18382665.0. 14\/09\/2018. Holder entity : CSIC . \u2013&nbsp;&nbsp;&nbsp;&nbsp; Device and process for the stable manufacture of nanoclusters. Inventors: Inventors: Yves Huttel, Lidia Mart\u00ednez Orellana, Iv\u00e1n Fern\u00e1ndez Mart\u00ednez. Patent EP18382577.7. Holder entities: CSIC, Nano4Energy. Priority date: 31\/07\/2018. Licensed to Nanostine S.L. \u2013&nbsp;&nbsp;&nbsp;&nbsp; Dispositivo y m\u00e9todo para limpiar superficies con haz de gases en vac\u00edo y ultra alto vac\u00edo. Inventors: Elisa Rom\u00e1n,&#8230;<\/p>\n<p class=\"read-more\"><a class=\"btn btn-default\" href=\"https:\/\/wp.icmm.csic.es\/lam\/?page_id=18\"> Read More<span class=\"screen-reader-text\">  Read More<\/span><\/a><\/p>\n","protected":false},"author":82,"featured_media":0,"parent":0,"menu_order":8,"comment_status":"closed","ping_status":"closed","template":"","meta":{"ngg_post_thumbnail":0,"footnotes":""},"class_list":["post-18","page","type-page","status-publish","hentry"],"_links":{"self":[{"href":"https:\/\/wp.icmm.csic.es\/lam\/index.php?rest_route=\/wp\/v2\/pages\/18","targetHints":{"allow":["GET"]}}],"collection":[{"href":"https:\/\/wp.icmm.csic.es\/lam\/index.php?rest_route=\/wp\/v2\/pages"}],"about":[{"href":"https:\/\/wp.icmm.csic.es\/lam\/index.php?rest_route=\/wp\/v2\/types\/page"}],"author":[{"embeddable":true,"href":"https:\/\/wp.icmm.csic.es\/lam\/index.php?rest_route=\/wp\/v2\/users\/82"}],"replies":[{"embeddable":true,"href":"https:\/\/wp.icmm.csic.es\/lam\/index.php?rest_route=%2Fwp%2Fv2%2Fcomments&post=18"}],"version-history":[{"count":5,"href":"https:\/\/wp.icmm.csic.es\/lam\/index.php?rest_route=\/wp\/v2\/pages\/18\/revisions"}],"predecessor-version":[{"id":487,"href":"https:\/\/wp.icmm.csic.es\/lam\/index.php?rest_route=\/wp\/v2\/pages\/18\/revisions\/487"}],"wp:attachment":[{"href":"https:\/\/wp.icmm.csic.es\/lam\/index.php?rest_route=%2Fwp%2Fv2%2Fmedia&parent=18"}],"curies":[{"name":"wp","href":"https:\/\/api.w.org\/{rel}","templated":true}]}}