{"id":255,"date":"2015-02-19T09:39:54","date_gmt":"2015-02-19T08:39:54","guid":{"rendered":"http:\/\/www.icmm.csic.es\/lam\/?page_id=255"},"modified":"2025-04-24T08:51:10","modified_gmt":"2025-04-24T06:51:10","slug":"2015-2","status":"publish","type":"page","link":"https:\/\/wp.icmm.csic.es\/lam\/?page_id=255","title":{"rendered":"2015"},"content":{"rendered":"<p>&#8211;&nbsp;&nbsp;&nbsp;&nbsp;&nbsp; <strong>Dispersion and Functionalization of Nanoparticles Synthesized by Gas Aggregation Source: Opening New Routes Toward the Fabrication of Nanoparticles for Biomedicine. <\/strong>B. Oprea, L. Mart\u00ednez, E. Rom\u00e1n, E. Vanea, S. Simon, Y. Huttel, Langmuir, 31, 13813 (2015).<\/p>\n<p>&#8211;&nbsp;&nbsp;&nbsp;&nbsp;&nbsp; <strong>Ultrahigh vacuum system for advanced tribology studies: Design principles and applications. <\/strong>R. Nevshupa, M. Conte, A. Igartua, E. Roman, J. L. de Segovia, Tribology International, 86, 28 (2015).<\/p>\n<p>&#8211;&nbsp;&nbsp;&nbsp;&nbsp;&nbsp; <strong>Tribochemistry of hydrogenated amorphous carbon through analysis of Mechanically Stimulated Gas Emission.<\/strong> A. Rusanov, R. Nevshupa, J. M. Martin, M. A. Garrido, E. Rom\u00e1n, Diamond and Related Materials, 55, 32 (2015).<\/p>\n<p>&#8211;&nbsp;&nbsp;&nbsp;&nbsp;&nbsp; <strong>Optical and magneto-optical properties of Au:Co nanoparticles and Co:Au nanoparticles doped magnetoplasmonic systems.<\/strong> D. Mart\u00edn-Becerra, J. M. Garc\u00eda-Mart\u00edn, Y. Huttel and G. Armelles, Journal of Applied Physics 117, 053101 (2015).<\/p>\n<p>&#8211;&nbsp;&nbsp;&nbsp;&nbsp;&nbsp; <strong>Novel Co@Au structure formed in bimetallic core@shell nanoparticles.<\/strong> A. Mayoral, D. Llamosa and Y. Huttel, Chemical Communications 51, 8442 (2015).<\/p>\n<p>&#8211;&nbsp;&nbsp;&nbsp;&nbsp;&nbsp; <strong>Probing the tribochemical degradation of hydrogenated amorphous carbon using mechanically stimulated gas emission spectroscopy.<\/strong> A. Rusanov, R. Nevshupa, J. Fontaine, J. M. Martin, T. Le Mogne, V. Elinson, A. Lyamin, E. Roman, Carbon 81, 788-799 (2015).<\/p>\n<p>&#8211;&nbsp;&nbsp;&nbsp;&nbsp;&nbsp; <strong>Charge storage mechanism of MnO2 cathodes in Zn\/MnO2 batteries using ionic liquid-based gel polymer electrolytes.<\/strong> J. P. Tafur, J. Abad, E. Roman, A. J. Fernandez Romero, Electrochemistry Communication 60,190-194 (2015).<\/p>\n<p>&#8211;&nbsp;&nbsp;&nbsp;&nbsp;&nbsp; <strong>Tribochemical Decomposition of Light Ionic Hydrides at Room Temperature.<\/strong> R. Nevshupa, I. R. Ares, J. F. Fern\u00e1ndez, A. del Campo, E. Roman, Journal of Physical Chemistry Letters 6, 2780-2785 (2015).<\/p>\n","protected":false},"excerpt":{"rendered":"<p>&#8211;&nbsp;&nbsp;&nbsp;&nbsp;&nbsp; Dispersion and Functionalization of Nanoparticles Synthesized by Gas Aggregation Source: Opening New Routes Toward the Fabrication of Nanoparticles for Biomedicine. B. Oprea, L. Mart\u00ednez, E. Rom\u00e1n, E. Vanea, S. Simon, Y. Huttel, Langmuir, 31, 13813 (2015). &#8211;&nbsp;&nbsp;&nbsp;&nbsp;&nbsp; Ultrahigh vacuum system for advanced tribology studies: Design principles and applications. R. Nevshupa, M. Conte, A. Igartua, E. Roman, J. L. de Segovia, Tribology International, 86, 28 (2015). &#8211;&nbsp;&nbsp;&nbsp;&nbsp;&nbsp; Tribochemistry of hydrogenated amorphous carbon through analysis of Mechanically Stimulated Gas Emission. A&#8230;.<\/p>\n<p class=\"read-more\"><a class=\"btn btn-default\" href=\"https:\/\/wp.icmm.csic.es\/lam\/?page_id=255\"> Read More<span class=\"screen-reader-text\">  Read More<\/span><\/a><\/p>\n","protected":false},"author":82,"featured_media":0,"parent":79,"menu_order":11,"comment_status":"closed","ping_status":"closed","template":"","meta":{"ngg_post_thumbnail":0,"footnotes":""},"class_list":["post-255","page","type-page","status-publish","hentry"],"_links":{"self":[{"href":"https:\/\/wp.icmm.csic.es\/lam\/index.php?rest_route=\/wp\/v2\/pages\/255","targetHints":{"allow":["GET"]}}],"collection":[{"href":"https:\/\/wp.icmm.csic.es\/lam\/index.php?rest_route=\/wp\/v2\/pages"}],"about":[{"href":"https:\/\/wp.icmm.csic.es\/lam\/index.php?rest_route=\/wp\/v2\/types\/page"}],"author":[{"embeddable":true,"href":"https:\/\/wp.icmm.csic.es\/lam\/index.php?rest_route=\/wp\/v2\/users\/82"}],"replies":[{"embeddable":true,"href":"https:\/\/wp.icmm.csic.es\/lam\/index.php?rest_route=%2Fwp%2Fv2%2Fcomments&post=255"}],"version-history":[{"count":2,"href":"https:\/\/wp.icmm.csic.es\/lam\/index.php?rest_route=\/wp\/v2\/pages\/255\/revisions"}],"predecessor-version":[{"id":425,"href":"https:\/\/wp.icmm.csic.es\/lam\/index.php?rest_route=\/wp\/v2\/pages\/255\/revisions\/425"}],"up":[{"embeddable":true,"href":"https:\/\/wp.icmm.csic.es\/lam\/index.php?rest_route=\/wp\/v2\/pages\/79"}],"wp:attachment":[{"href":"https:\/\/wp.icmm.csic.es\/lam\/index.php?rest_route=%2Fwp%2Fv2%2Fmedia&parent=255"}],"curies":[{"name":"wp","href":"https:\/\/api.w.org\/{rel}","templated":true}]}}