{"id":344,"date":"2019-02-13T17:31:24","date_gmt":"2019-02-13T16:31:24","guid":{"rendered":"https:\/\/wp.icmm.csic.es\/lam\/?page_id=344"},"modified":"2025-04-24T08:49:44","modified_gmt":"2025-04-24T06:49:44","slug":"2018-2","status":"publish","type":"page","link":"https:\/\/wp.icmm.csic.es\/lam\/?page_id=344","title":{"rendered":"2018"},"content":{"rendered":"\r\n<p><strong>Gas-phase synthesis of nanoparticles: present status and perspectives.<\/strong> Y. Huttel, L. Mart\u00ednez, A. Mayoral, I. Fern\u00e1ndez.<\/p>\r\n\r\n\r\n\r\n<p>MRS Communications 8, 947 (2018).<\/p>\r\n\r\n\r\n\r\n\r\n\r\n<p><strong>Functional Hybrid Nanopaper by Assembling Nanofibers of Cellulose and Sepiolite. <\/strong>M. M. Gonz\u00e1lez del Campo, M. Darder, P. Aranda, M. Akkari,Y. Huttel, A. Mayoral, J. Bettini, and E. Ruiz-Hitzky<\/p>\r\n\r\n\r\n\r\n<p>Advanced Functional Materials 27, 1703048 (2018).<\/p>\r\n\r\n\r\n\r\n<p><strong>Precisely controlled fabrication, manipulation and in-situ analysis of Cu based nanoparticles<\/strong>. L. Mart\u00ednez et al.<\/p>\r\n\r\n\r\n\r\n<p>Scientific Reports 8, 7250 (2018).<\/p>\r\n\r\n\r\n\r\n<p><strong>Direct synthesis of graphene on silicon oxide by low temperature plasma enhanced chemical vapor deposition.<\/strong> R. Munoz, L. Mart\u00ednez, E. Lopez-Elvira, Elena, C. Munuera, Y. Huttel, M. Garc\u00eda-Hern\u00e1ndez.<\/p>\r\n\r\n\r\n\r\n<p>Nanoscale 10, 12779 (2018).<\/p>\r\n","protected":false},"excerpt":{"rendered":"<p>Gas-phase synthesis of nanoparticles: present status and perspectives. Y. Huttel, L. Mart\u00ednez, A. Mayoral, I. Fern\u00e1ndez. MRS Communications 8, 947 (2018). Functional Hybrid Nanopaper by Assembling Nanofibers of Cellulose and Sepiolite. M. M. Gonz\u00e1lez del Campo, M. Darder, P. Aranda, M. Akkari,Y. Huttel, A. Mayoral, J. Bettini, and E. Ruiz-Hitzky Advanced Functional Materials 27, 1703048 (2018). Precisely controlled fabrication, manipulation and in-situ analysis of Cu based nanoparticles. L. Mart\u00ednez et al. Scientific Reports 8, 7250 (2018). Direct synthesis of graphene&#8230;<\/p>\n<p class=\"read-more\"><a class=\"btn btn-default\" href=\"https:\/\/wp.icmm.csic.es\/lam\/?page_id=344\"> Read More<span class=\"screen-reader-text\">  Read More<\/span><\/a><\/p>\n","protected":false},"author":82,"featured_media":0,"parent":79,"menu_order":8,"comment_status":"closed","ping_status":"closed","template":"","meta":{"ngg_post_thumbnail":0,"footnotes":""},"class_list":["post-344","page","type-page","status-publish","hentry"],"_links":{"self":[{"href":"https:\/\/wp.icmm.csic.es\/lam\/index.php?rest_route=\/wp\/v2\/pages\/344","targetHints":{"allow":["GET"]}}],"collection":[{"href":"https:\/\/wp.icmm.csic.es\/lam\/index.php?rest_route=\/wp\/v2\/pages"}],"about":[{"href":"https:\/\/wp.icmm.csic.es\/lam\/index.php?rest_route=\/wp\/v2\/types\/page"}],"author":[{"embeddable":true,"href":"https:\/\/wp.icmm.csic.es\/lam\/index.php?rest_route=\/wp\/v2\/users\/82"}],"replies":[{"embeddable":true,"href":"https:\/\/wp.icmm.csic.es\/lam\/index.php?rest_route=%2Fwp%2Fv2%2Fcomments&post=344"}],"version-history":[{"count":6,"href":"https:\/\/wp.icmm.csic.es\/lam\/index.php?rest_route=\/wp\/v2\/pages\/344\/revisions"}],"predecessor-version":[{"id":419,"href":"https:\/\/wp.icmm.csic.es\/lam\/index.php?rest_route=\/wp\/v2\/pages\/344\/revisions\/419"}],"up":[{"embeddable":true,"href":"https:\/\/wp.icmm.csic.es\/lam\/index.php?rest_route=\/wp\/v2\/pages\/79"}],"wp:attachment":[{"href":"https:\/\/wp.icmm.csic.es\/lam\/index.php?rest_route=%2Fwp%2Fv2%2Fmedia&parent=344"}],"curies":[{"name":"wp","href":"https:\/\/api.w.org\/{rel}","templated":true}]}}