{"id":346,"date":"2019-02-13T17:34:19","date_gmt":"2019-02-13T16:34:19","guid":{"rendered":"https:\/\/wp.icmm.csic.es\/lam\/?page_id=346"},"modified":"2025-04-24T08:49:38","modified_gmt":"2025-04-24T06:49:38","slug":"2019-2","status":"publish","type":"page","link":"https:\/\/wp.icmm.csic.es\/lam\/?page_id=346","title":{"rendered":"2019"},"content":{"rendered":"\r\n<p><strong>Citric juice-mediated synthesis of tellurium nanoparticles with antimicrobial and anticancer properties.<\/strong> D. Medina-Cruz, W. Tien-Street, B. H. Zhang, X. J. Huang, A. Vernet-Crua, A. Nieto-Arguello, J. L. Cholula-Diaz, L. Martinez, Y. Huttel, M. U. Gonzalez, J. M. Garcia-Martin, T. J. Webster.<\/p>\r\n<p>\r\n\r\n<\/p>\r\n<p>Nanomedicine: nanotechnology, biology, and medicine 17, 36 (2019).<\/p>\r\n<p>&nbsp;<\/p>\r\n<p><strong>Synergic antibacterial coatings combining titanium nanocolumns and tellurium nanorods.<\/strong> D. Medina-Cruz, M. U. Gonzalez, W. Tien-Street, M. Fernandez-Castro, A. Vernet-Crua, I. Fernandez-Martinez, L. Mart\u00ednez, Y. Huttel, T. J. Webster, J. M. Garcia-Martin.<\/p>\r\n\r\n\r\n\r\n<p>Nanomedicine: nanotechnology, biology, and medicine 17, 36 (2019).<\/p>\r\n<p>&nbsp;<\/p>\r\n\r\n\r\n\r\n<p><strong>Tuning the size, composition and structure of Au and Co50Au50 nanoparticles by high-power impulse magnetron sputtering in gas-phase synthesis.<\/strong>A. Mayoral, L. Martinez, J. M. Garcia-Martin, I. Fernandez-Martinez, M. Garcia-Hernandez, B. Galiana, C. Ballesteros, Y. Huttel.<\/p>\r\n\r\n\r\n\r\n<p>Nanotechnology 30, 065606 (2019).<\/p>\r\n<p>&nbsp;<\/p>\r\n\r\n\r\n\r\n<p><strong>A comparison of cytocompatibility and anticancer properties of traditional- and green-chemistry synthesized tellurium nanowires.<\/strong> A. Vernet Crua, D. Medina, B. Zhang, M. U. Gonz\u00e1lez, Y. Huttel, J. M. Garc\u00eda-Mart\u00edn, J. L. Cholula D\u00edaz and T. J. Webster.<\/p>\r\n\r\n\r\n\r\n<p>International Journal of Nanomedicine 14, 3155-3176 (2019).<\/p>\r\n<p>&nbsp;<\/p>\r\n\r\n\r\n\r\n<p><strong>Versatile Graphene-Based Platform for Robust Nanobiohybrid Interfaces.<\/strong> R. Bueno, M. Marciello, M. Moreno, C. S\u00e1nchez-S\u00e1nchez, J. I. Martinez, L. Martinez, E. Prats-Alfonso, A. Guimera-Brunet, J. A. Garrido, R. Villa, F. Mompean, M. Garc\u00eda-Hernandez, Y. Huttel, M. del Puerto Morales, C. Briones, M. F. L\u00f3pez, G. J. Ellis, L. V\u00e1zquez, J. A. Mart\u00edn-Gago.<\/p>\r\n\r\n\r\n\r\n<p>ACS Omega 4, 3287 (2019).<\/p>\r\n<p>&nbsp;<\/p>\r\n<p><strong>Evolution of tribologically induced chemical and structural degradation in hydrogenated a-C coatings.<\/strong> R. Nevshupa, J. Caro, A. Arratibel, R. Bonet, A. Rusanov, J. R. Ares, E. Roman.<\/p>\r\n<p>Tribol. Int. 129, 177-190 (2019).<\/p>\r\n<p>\r\n\r\n<\/p>\r\n","protected":false},"excerpt":{"rendered":"<p>Citric juice-mediated synthesis of tellurium nanoparticles with antimicrobial and anticancer properties. D. Medina-Cruz, W. Tien-Street, B. H. Zhang, X. J. Huang, A. Vernet-Crua, A. Nieto-Arguello, J. L. Cholula-Diaz, L. Martinez, Y. Huttel, M. U. Gonzalez, J. M. Garcia-Martin, T. J. Webster. Nanomedicine: nanotechnology, biology, and medicine 17, 36 (2019). &nbsp; Synergic antibacterial coatings combining titanium nanocolumns and tellurium nanorods. D. Medina-Cruz, M. U. Gonzalez, W. Tien-Street, M. Fernandez-Castro, A. Vernet-Crua, I. Fernandez-Martinez, L. Mart\u00ednez, Y. Huttel, T. J. Webster, J&#8230;.<\/p>\n<p class=\"read-more\"><a class=\"btn btn-default\" href=\"https:\/\/wp.icmm.csic.es\/lam\/?page_id=346\"> Read More<span class=\"screen-reader-text\">  Read More<\/span><\/a><\/p>\n","protected":false},"author":82,"featured_media":0,"parent":79,"menu_order":7,"comment_status":"closed","ping_status":"closed","template":"","meta":{"ngg_post_thumbnail":0,"footnotes":""},"class_list":["post-346","page","type-page","status-publish","hentry"],"_links":{"self":[{"href":"https:\/\/wp.icmm.csic.es\/lam\/index.php?rest_route=\/wp\/v2\/pages\/346","targetHints":{"allow":["GET"]}}],"collection":[{"href":"https:\/\/wp.icmm.csic.es\/lam\/index.php?rest_route=\/wp\/v2\/pages"}],"about":[{"href":"https:\/\/wp.icmm.csic.es\/lam\/index.php?rest_route=\/wp\/v2\/types\/page"}],"author":[{"embeddable":true,"href":"https:\/\/wp.icmm.csic.es\/lam\/index.php?rest_route=\/wp\/v2\/users\/82"}],"replies":[{"embeddable":true,"href":"https:\/\/wp.icmm.csic.es\/lam\/index.php?rest_route=%2Fwp%2Fv2%2Fcomments&post=346"}],"version-history":[{"count":14,"href":"https:\/\/wp.icmm.csic.es\/lam\/index.php?rest_route=\/wp\/v2\/pages\/346\/revisions"}],"predecessor-version":[{"id":451,"href":"https:\/\/wp.icmm.csic.es\/lam\/index.php?rest_route=\/wp\/v2\/pages\/346\/revisions\/451"}],"up":[{"embeddable":true,"href":"https:\/\/wp.icmm.csic.es\/lam\/index.php?rest_route=\/wp\/v2\/pages\/79"}],"wp:attachment":[{"href":"https:\/\/wp.icmm.csic.es\/lam\/index.php?rest_route=%2Fwp%2Fv2%2Fmedia&parent=346"}],"curies":[{"name":"wp","href":"https:\/\/api.w.org\/{rel}","templated":true}]}}