{"id":403,"date":"2019-09-16T13:07:21","date_gmt":"2019-09-16T11:07:21","guid":{"rendered":"https:\/\/wp.icmm.csic.es\/lam\/?page_id=403"},"modified":"2025-04-24T08:49:33","modified_gmt":"2025-04-24T06:49:33","slug":"2020-2","status":"publish","type":"page","link":"https:\/\/wp.icmm.csic.es\/lam\/?page_id=403","title":{"rendered":"2020"},"content":{"rendered":"<p><strong>High-Performance n-type SnSe Thermoelectric Polycrystal Prepared by Arc-Melting.<\/strong><\/p>\r\n<p>J. Gainza, F. Serrano-S\u00e1nchez, J.E.F.S. Rodrigues, Y. Huttel, O. J. Dura, M. M. Koza, M. T.Fern\u00e1ndez-D\u00edaz, J. J. Mel\u00e9ndez, B. G. M\u00e1rkus, F. Simon, J. L. Mart\u00ednez, J. A. Alonso, and N. M. Nemes.<\/p>\r\n<p>Cell Reports Physical Science 1, 100263 (2020).&nbsp;&nbsp;&nbsp;&nbsp;&nbsp;&nbsp;&nbsp;&nbsp;&nbsp;&nbsp;&nbsp;<\/p>\r\n<p>&nbsp;<\/p>\r\n<p><strong>Spontaneous Formation of Core@shell Co@Cr Nanoparticles by Gas Phase Synthesis.<\/strong><\/p>\r\n<p>J. Soler-Morala, E. M. Jefremovas, L. Mart\u00ednez, A. Mayoral, E. H. S\u00e1nchez, J. A. De Toro, E. Navarro and Y. Huttel.<\/p>\r\n<p>Appl. Nano 1, 87 (2020).<\/p>\r\n<p>&nbsp;<\/p>\r\n<p><strong>Core-Satellite Gold Nanoparticle Complexes Grown by Inert Gas Phase Condensation.<\/strong><\/p>\r\n<p>J. Zhao, A. Mayoral, L. Mart\u00ednez, M. P. Johansson, F. Djurabekova, and Y. Huttel.<\/p>\r\n<p>The Journal of Physical Chemistry 124, 44, 24441 (2020).<\/p>\r\n<p>&nbsp;<\/p>\r\n<p><strong>Electrocatalytic behaviour of PtCu clusters produced by nanoparticle beam deposition.<\/strong><\/p>\r\n<p>C. Spadaro, Jo J. L. Humphrey, R. Cai, L. Martinez, S. J. Haigh, Y. Huttel, S. J. Spencer, A. J. Wain, R. Palmer.<\/p>\r\n<p>The Journal of Physical Chemistry 124, 43, 23683 (2020).<\/p>\r\n<p>&nbsp;<\/p>\r\n<p><strong>Structural features, anisotropic thermal expansion, and thermoelectric performance in bulk Black Phosphorus synthesized under high-pressure.<\/strong><\/p>\r\n<p>J. E. Rodrigues, J. Gainza, F. Serrano-S\u00e1nchez, C. L\u00f3pez, O. J. Dura, N. Nemes, J. Martinez, Y. Huttel, F. Fauth, M. T. Fern\u00e1ndez-Diaz, N. Bi\u0161kup, J. A. Alonso.<\/p>\r\n<p>Inorganic Chemistry 59, 14932 (2020).<\/p>\r\n<p>&nbsp;<\/p>\r\n<p><strong>Characterization of a new rechargeable Zn\/PVAKOH\/Bi<sub>2<\/sub>O<sub>3<\/sub> battery: structural changes of the Bi<sub>2<\/sub>O<sub>3<\/sub> electrode.<\/strong><\/p>\r\n<p>S. Lorca, F. Santos, J. Abad, Y. Huttel, A. Urbina, A. J. Fern\u00e1ndez Romero.<\/p>\r\n<p>Sustainable Energy &amp; Fuels 4, 4497 (2020).<\/p>\r\n<p>&nbsp;<\/p>\r\n<p><strong>Facile synthesis of an aminopropylsilane layer on Si\/SiO2 substrates using ethanol as APTES solvent.<\/strong><\/p>\r\n<p>A. Miranda, L. Martinez, P. A. De Beule.<\/p>\r\n<p class=\"FR_field\">MethodsX 7, 100931 (2020).<\/p>\r\n<p>&nbsp;<\/p>\r\n<p><strong>Raman amplification in the ultra-small limit of Ag nanoparticles on SiO2 and graphene: Size and inter-particle distance effects.<\/strong><\/p>\r\n<p class=\"FR_field\"><span class=\"FR_label\">S. <\/span>Cortijo-Campos, Sandra, R. Ramirez-Jimenez, E. Climent-Pascual, M. Aguilar-Pujol, F. Jimenez-Villacorta, L. Martinez, R. Jimenez-Rioboo, C. Prieto, A. de Andres.<\/p>\r\n<p class=\"FR_field\"><span class=\"sourceTitle\"> Materials &amp; Design 192<\/span><span class=\"FR_label\">, <\/span>108702 (2020).<\/p>\r\n<p>&nbsp;<\/p>\r\n<p><strong>Production and processing of graphene and related materials.<\/strong><\/p>\r\n<p>C. Backes et al.<\/p>\r\n<p>2D Materials 7, 022001 (2020).<\/p>\r\n<p>&nbsp;<\/p>\r\n<p><strong>Unveiling the infrared complex dielectric function of ilmenite CdTiO<sub>3<\/sub>.<\/strong><\/p>\r\n<p>J. E. F. S. Rodrigues, M. M. Ferrer, M. L. Moreira, J. R. Sambrano, R. C. Costa, A. D. Rodrigues, P. S. Pizani, Y. Huttel, J. A. Alonso, C. Pecharrom\u00e1n.<\/p>\r\n<!-- \/wp:post-content -->\r\n\r\n<!-- wp:paragraph -->\r\n<p>Journal of Alloys and Compounds 813, 152136 (2020).<\/p>","protected":false},"excerpt":{"rendered":"<p>High-Performance n-type SnSe Thermoelectric Polycrystal Prepared by Arc-Melting. J. Gainza, F. Serrano-S\u00e1nchez, J.E.F.S. Rodrigues, Y. Huttel, O. J. Dura, M. M. Koza, M. T.Fern\u00e1ndez-D\u00edaz, J. J. Mel\u00e9ndez, B. G. M\u00e1rkus, F. Simon, J. L. Mart\u00ednez, J. A. Alonso, and N. M. Nemes. Cell Reports Physical Science 1, 100263 (2020).&nbsp;&nbsp;&nbsp;&nbsp;&nbsp;&nbsp;&nbsp;&nbsp;&nbsp;&nbsp;&nbsp; &nbsp; Spontaneous Formation of Core@shell Co@Cr Nanoparticles by Gas Phase Synthesis. J. Soler-Morala, E. M. Jefremovas, L. Mart\u00ednez, A. Mayoral, E. H. S\u00e1nchez, J. A. De Toro, E. Navarro and Y&#8230;.<\/p>\n<p class=\"read-more\"><a class=\"btn btn-default\" href=\"https:\/\/wp.icmm.csic.es\/lam\/?page_id=403\"> Read More<span class=\"screen-reader-text\">  Read More<\/span><\/a><\/p>\n","protected":false},"author":82,"featured_media":0,"parent":79,"menu_order":6,"comment_status":"closed","ping_status":"closed","template":"","meta":{"ngg_post_thumbnail":0,"footnotes":""},"class_list":["post-403","page","type-page","status-publish","hentry"],"_links":{"self":[{"href":"https:\/\/wp.icmm.csic.es\/lam\/index.php?rest_route=\/wp\/v2\/pages\/403","targetHints":{"allow":["GET"]}}],"collection":[{"href":"https:\/\/wp.icmm.csic.es\/lam\/index.php?rest_route=\/wp\/v2\/pages"}],"about":[{"href":"https:\/\/wp.icmm.csic.es\/lam\/index.php?rest_route=\/wp\/v2\/types\/page"}],"author":[{"embeddable":true,"href":"https:\/\/wp.icmm.csic.es\/lam\/index.php?rest_route=\/wp\/v2\/users\/82"}],"replies":[{"embeddable":true,"href":"https:\/\/wp.icmm.csic.es\/lam\/index.php?rest_route=%2Fwp%2Fv2%2Fcomments&post=403"}],"version-history":[{"count":8,"href":"https:\/\/wp.icmm.csic.es\/lam\/index.php?rest_route=\/wp\/v2\/pages\/403\/revisions"}],"predecessor-version":[{"id":417,"href":"https:\/\/wp.icmm.csic.es\/lam\/index.php?rest_route=\/wp\/v2\/pages\/403\/revisions\/417"}],"up":[{"embeddable":true,"href":"https:\/\/wp.icmm.csic.es\/lam\/index.php?rest_route=\/wp\/v2\/pages\/79"}],"wp:attachment":[{"href":"https:\/\/wp.icmm.csic.es\/lam\/index.php?rest_route=%2Fwp%2Fv2%2Fmedia&parent=403"}],"curies":[{"name":"wp","href":"https:\/\/api.w.org\/{rel}","templated":true}]}}