{"id":51,"date":"2011-01-27T17:32:37","date_gmt":"2011-01-27T16:32:37","guid":{"rendered":"http:\/\/www.icmm.csic.es\/lam\/?page_id=51"},"modified":"2025-04-24T08:50:38","modified_gmt":"2025-04-24T06:50:38","slug":"2010-2","status":"publish","type":"page","link":"https:\/\/wp.icmm.csic.es\/lam\/?page_id=51","title":{"rendered":"2010"},"content":{"rendered":"<p>&#8211;&nbsp;&nbsp;&nbsp;&nbsp;&nbsp;&nbsp;&nbsp;&nbsp;&nbsp;&nbsp;&nbsp; <strong>Influence of the linker type on the Au-S binding properties of thiol and disulfide-modified DNA self-assembly on polycrystalline gold.<\/strong> L. Mart\u00ednez, L. G. Carrascosa, Y. Huttel, L. M. Lechuga, and E. Rom\u00e1n.&nbsp;Physical Chemistry Chemical Physics&nbsp;12, 3301 (2010).<\/p>\n<p>&#8211;&nbsp;&nbsp;&nbsp;&nbsp;&nbsp;&nbsp;&nbsp;&nbsp;&nbsp;&nbsp;&nbsp;&nbsp;<strong>Study of the valence state and electronic structure in Sr2FeMO6&nbsp;(M=W, Mo, Re and Sb) double perovskites.<\/strong> M. Retuerto, F. Jimen\u00e9z-Villacorta, M. J. Mart\u00ednez-Lope, Y. Huttel, E. Rom\u00e1n and J. A. Alonso.&nbsp;Physical Chemistry Chemical Physics&nbsp;12, 13616 (2010).<\/p>\n<p>&#8211;&nbsp;&nbsp;&nbsp;&nbsp;&nbsp;&nbsp;&nbsp;&nbsp;&nbsp;&nbsp;&nbsp;&nbsp;<strong>Nanopatterning of carbonaceous structures by field-induced carbon dioxide splitting with a force microscope.<\/strong> R. Garcia, N. S. Losilla, J. Mart\u00ednez, R. V. Martinez, F. J. Palomares, Y. Huttel, M. Calvaresi and F. Zerbetto.&nbsp;Applied Physics Letters&nbsp;96,143110 (2010).<\/p>\n<p>&#8211;&nbsp;&nbsp;&nbsp;&nbsp;&nbsp;&nbsp;&nbsp;&nbsp;&nbsp;&nbsp;&nbsp;&nbsp;<strong>Understanding the role of thiol and disulfide self-assembled DNA receptor monolayers for biosensing applications.<\/strong> L. G. Carrascosa, L. Mart\u00ednez, Y. Huttel, E. Rom\u00e1n and L. M. Lechuga.&nbsp;European Biophysics Journal, Eur Biophys J.,&nbsp;39, 1433 (2010).<\/p>\n<p>&#8211;&nbsp;&nbsp;&nbsp;&nbsp;&nbsp;&nbsp;&nbsp;&nbsp;&nbsp;&nbsp;&nbsp;&nbsp;<strong>Redox Properties of Ordered Macroporous Ce\u2013Zr Mixed Oxides.<\/strong> D. Tonti, L. Mart\u00ednez, M. J. Torralvo, E. Enciso, E. Roman, and J. Sanz.&nbsp;Journal of The Electrochemical Society,&nbsp;157, B1499 (2010).<\/p>\n<p>&#8211;&nbsp;&nbsp;&nbsp;&nbsp;&nbsp;&nbsp;&nbsp;&nbsp;&nbsp;&nbsp;&nbsp;&nbsp;<strong>(Co, Zn) O compound obtained from ZnTe vapour deposition on Co\/Si substrates.<\/strong> O. de Melo, S. Larramendi, L. Mart\u00ednez, A. Climent Font, R. Sanz, I. Mingues Bacho, A. Asenjo, M. Jaafar, M. V\u00e1zquez, and M. Hern\u00e1ndez V\u00e9lez.&nbsp;Applied Physics A,&nbsp;99, 657 (2010).<\/p>\n<p>&#8211;&nbsp;&nbsp;&nbsp;&nbsp;&nbsp;&nbsp;&nbsp;&nbsp;&nbsp;&nbsp;&nbsp;&nbsp;<strong>Compositional and structural Medium Energy Ion Scattering study of the temperature mediated diffusion determination at the Co\/V interface in Co\/V\/MgO(100).<\/strong> M. D\u00edaz, L. Mart\u00ednez, E. Rom\u00e1n, G. van der Laan, N. D. Telling, P. Bailey, T. C. Q. Noakes, A. Redondo-Cubero, M. A. Mu\u00f1oz, Y. Huttel.&nbsp;Surface Science,&nbsp;604, 2177 (2010).<\/p>\n<p>&#8211;&nbsp;&nbsp;&nbsp;&nbsp;&nbsp;&nbsp;&nbsp;&nbsp;&nbsp;&nbsp;&nbsp;&nbsp;<strong>Photoemission study of fluorination atmospheric pressure plasma processes on EPDM: Influence of the carrier and fluorinating gas.<\/strong> L. Mart\u00ednez, Y.Huttel, B.Verheyde, A.Vanhulsel, E.Rom\u00e1n.&nbsp;Applied Surface Science,&nbsp;257, 832 (2010).<\/p>\n<p>&#8211;&nbsp;&nbsp;&nbsp;&nbsp;&nbsp;&nbsp;&nbsp;&nbsp;&nbsp;&nbsp;&nbsp;&nbsp;<strong>Instrumentaci\u00f3n en el estudio de superficies: AES, XPS, STM.<\/strong> E. Rom\u00e1n and Y. Huttel.&nbsp;Revista Espa\u00f1ola de F\u00edsica,&nbsp;24, 35 (2010).<\/p>\n<p>&#8211;&nbsp;&nbsp;&nbsp;&nbsp;&nbsp;&nbsp;&nbsp;&nbsp;&nbsp;&nbsp;&nbsp;&nbsp;<strong>Characterization of silicon thin overlayers on rutile TiO2 (110)-(1&#215;1) surface.<\/strong> J. Abad, C. Gonz\u00e1lez,&nbsp; P. de Andr\u00e9s and E. Rom\u00e1n.&nbsp;Physical Review B&nbsp;82, 165420 (2010).<\/p>\n","protected":false},"excerpt":{"rendered":"<p>&#8211;&nbsp;&nbsp;&nbsp;&nbsp;&nbsp;&nbsp;&nbsp;&nbsp;&nbsp;&nbsp;&nbsp; Influence of the linker type on the Au-S binding properties of thiol and disulfide-modified DNA self-assembly on polycrystalline gold. L. Mart\u00ednez, L. G. Carrascosa, Y. Huttel, L. M. Lechuga, and E. Rom\u00e1n.&nbsp;Physical Chemistry Chemical Physics&nbsp;12, 3301 (2010). &#8211;&nbsp;&nbsp;&nbsp;&nbsp;&nbsp;&nbsp;&nbsp;&nbsp;&nbsp;&nbsp;&nbsp;&nbsp;Study of the valence state and electronic structure in Sr2FeMO6&nbsp;(M=W, Mo, Re and Sb) double perovskites. M. Retuerto, F. Jimen\u00e9z-Villacorta, M. J. Mart\u00ednez-Lope, Y. Huttel, E. Rom\u00e1n and J. A. Alonso.&nbsp;Physical Chemistry Chemical Physics&nbsp;12, 13616 (2010). &#8211;&nbsp;&nbsp;&nbsp;&nbsp;&nbsp;&nbsp;&nbsp;&nbsp;&nbsp;&nbsp;&nbsp;&nbsp;Nanopatterning of carbonaceous structures by field-induced&#8230;<\/p>\n<p class=\"read-more\"><a class=\"btn btn-default\" href=\"https:\/\/wp.icmm.csic.es\/lam\/?page_id=51\"> Read More<span class=\"screen-reader-text\">  Read More<\/span><\/a><\/p>\n","protected":false},"author":82,"featured_media":0,"parent":79,"menu_order":16,"comment_status":"closed","ping_status":"closed","template":"","meta":{"ngg_post_thumbnail":0,"footnotes":""},"class_list":["post-51","page","type-page","status-publish","hentry"],"_links":{"self":[{"href":"https:\/\/wp.icmm.csic.es\/lam\/index.php?rest_route=\/wp\/v2\/pages\/51","targetHints":{"allow":["GET"]}}],"collection":[{"href":"https:\/\/wp.icmm.csic.es\/lam\/index.php?rest_route=\/wp\/v2\/pages"}],"about":[{"href":"https:\/\/wp.icmm.csic.es\/lam\/index.php?rest_route=\/wp\/v2\/types\/page"}],"author":[{"embeddable":true,"href":"https:\/\/wp.icmm.csic.es\/lam\/index.php?rest_route=\/wp\/v2\/users\/82"}],"replies":[{"embeddable":true,"href":"https:\/\/wp.icmm.csic.es\/lam\/index.php?rest_route=%2Fwp%2Fv2%2Fcomments&post=51"}],"version-history":[{"count":2,"href":"https:\/\/wp.icmm.csic.es\/lam\/index.php?rest_route=\/wp\/v2\/pages\/51\/revisions"}],"predecessor-version":[{"id":429,"href":"https:\/\/wp.icmm.csic.es\/lam\/index.php?rest_route=\/wp\/v2\/pages\/51\/revisions\/429"}],"up":[{"embeddable":true,"href":"https:\/\/wp.icmm.csic.es\/lam\/index.php?rest_route=\/wp\/v2\/pages\/79"}],"wp:attachment":[{"href":"https:\/\/wp.icmm.csic.es\/lam\/index.php?rest_route=%2Fwp%2Fv2%2Fmedia&parent=51"}],"curies":[{"name":"wp","href":"https:\/\/api.w.org\/{rel}","templated":true}]}}