{"id":511,"date":"2024-09-13T10:02:24","date_gmt":"2024-09-13T08:02:24","guid":{"rendered":"https:\/\/wp.icmm.csic.es\/lam\/?page_id=511"},"modified":"2025-04-24T08:49:13","modified_gmt":"2025-04-24T06:49:13","slug":"2023-2","status":"publish","type":"page","link":"https:\/\/wp.icmm.csic.es\/lam\/?page_id=511","title":{"rendered":"2023"},"content":{"rendered":"<p><a href=\"https:\/\/pubs.rsc.org\/en\/content\/articlelanding\/2023\/su\/d3su00145h\"><strong>Bacterial-mediated selenium nanoparticles as highly selective antimicrobial agents with anticancer properties<\/strong><\/a><\/p>\n<p>David Medina-Cruz, Linh B. Truong, Eduardo Sotelo, Lidia Mart\u00ednez, Mar\u00eda Uju\u00e9 Gonz\u00e1lez, Yves Huttel, Thomas J. Webster, Jos\u00e9 Miguel Garc\u00eda-Mart\u00edn, Jorge L. Cholula-D\u00edaz<\/p>\n<p><strong><em>RSC Sustainability<\/em><\/strong><strong>, 1 (2023) 1436<\/strong>.<\/p>\n<p>&nbsp;<\/p>\n<p><a href=\"https:\/\/onlinelibrary.wiley.com\/doi\/full\/10.1002\/crat.202200211\"><strong>Unsupervised Learning for the Segmentation of Small Crystalline Particles at the Atomic Level<\/strong><\/a><\/p>\n<p>Guillermo B\u00e1rcena-Gonz\u00e1lez, Andrei Hern\u00e1ndez-Robles, \u00c1lvaro Mayoral, Lidia Mart\u00ednez, Yves Huttel, Pedro L. Galindo, Arturo Ponce<\/p>\n<p><strong><em>Crystal Research and Technology<\/em><\/strong><strong>, 58 (2023) 2200211<\/strong>.<\/p>\n<p><strong><a href=\"https:\/\/pubs.acs.org\/doi\/full\/10.1021\/acs.chemmater.2c03574\">Magnetoelastic Coupling and Cryogenic Magnetocaloric Effect in Two-site Disordered GdSrCoFeO6 Double Perovskite<\/a> <\/strong><\/p>\n<p>R. Santos Silva Jr, J. Gainza, C. dos Santos, J. E. Rodrigues, C. Dejoie, Y. Huttel, N. Bi\u0161kup, N. Nemes, J. Mart\u00ednez, N. Ferreira, J. A. Alonso.<\/p>\n<p>Chemistry of Materials, 35, 2439 (2023).<\/p>\n","protected":false},"excerpt":{"rendered":"<p>Bacterial-mediated selenium nanoparticles as highly selective antimicrobial agents with anticancer properties David Medina-Cruz, Linh B. Truong, Eduardo Sotelo, Lidia Mart\u00ednez, Mar\u00eda Uju\u00e9 Gonz\u00e1lez, Yves Huttel, Thomas J. Webster, Jos\u00e9 Miguel Garc\u00eda-Mart\u00edn, Jorge L. Cholula-D\u00edaz RSC Sustainability, 1 (2023) 1436. &nbsp; Unsupervised Learning for the Segmentation of Small Crystalline Particles at the Atomic Level Guillermo B\u00e1rcena-Gonz\u00e1lez, Andrei Hern\u00e1ndez-Robles, \u00c1lvaro Mayoral, Lidia Mart\u00ednez, Yves Huttel, Pedro L. Galindo, Arturo Ponce Crystal Research and Technology, 58 (2023) 2200211. Magnetoelastic Coupling and Cryogenic Magnetocaloric&#8230;<\/p>\n<p class=\"read-more\"><a class=\"btn btn-default\" href=\"https:\/\/wp.icmm.csic.es\/lam\/?page_id=511\"> Read More<span class=\"screen-reader-text\">  Read More<\/span><\/a><\/p>\n","protected":false},"author":115,"featured_media":0,"parent":79,"menu_order":3,"comment_status":"closed","ping_status":"closed","template":"","meta":{"ngg_post_thumbnail":0,"footnotes":""},"class_list":["post-511","page","type-page","status-publish","hentry"],"_links":{"self":[{"href":"https:\/\/wp.icmm.csic.es\/lam\/index.php?rest_route=\/wp\/v2\/pages\/511","targetHints":{"allow":["GET"]}}],"collection":[{"href":"https:\/\/wp.icmm.csic.es\/lam\/index.php?rest_route=\/wp\/v2\/pages"}],"about":[{"href":"https:\/\/wp.icmm.csic.es\/lam\/index.php?rest_route=\/wp\/v2\/types\/page"}],"author":[{"embeddable":true,"href":"https:\/\/wp.icmm.csic.es\/lam\/index.php?rest_route=\/wp\/v2\/users\/115"}],"replies":[{"embeddable":true,"href":"https:\/\/wp.icmm.csic.es\/lam\/index.php?rest_route=%2Fwp%2Fv2%2Fcomments&post=511"}],"version-history":[{"count":2,"href":"https:\/\/wp.icmm.csic.es\/lam\/index.php?rest_route=\/wp\/v2\/pages\/511\/revisions"}],"predecessor-version":[{"id":636,"href":"https:\/\/wp.icmm.csic.es\/lam\/index.php?rest_route=\/wp\/v2\/pages\/511\/revisions\/636"}],"up":[{"embeddable":true,"href":"https:\/\/wp.icmm.csic.es\/lam\/index.php?rest_route=\/wp\/v2\/pages\/79"}],"wp:attachment":[{"href":"https:\/\/wp.icmm.csic.es\/lam\/index.php?rest_route=%2Fwp%2Fv2%2Fmedia&parent=511"}],"curies":[{"name":"wp","href":"https:\/\/api.w.org\/{rel}","templated":true}]}}