{"id":58,"date":"2011-01-27T17:34:27","date_gmt":"2011-01-27T16:34:27","guid":{"rendered":"http:\/\/www.icmm.csic.es\/lam\/?page_id=58"},"modified":"2025-04-24T08:50:44","modified_gmt":"2025-04-24T06:50:44","slug":"2009-2","status":"publish","type":"page","link":"https:\/\/wp.icmm.csic.es\/lam\/?page_id=58","title":{"rendered":"2009"},"content":{"rendered":"<p>&#8211;&nbsp;&nbsp;&nbsp;&nbsp;&nbsp;&nbsp;&nbsp;&nbsp;&nbsp;&nbsp;&nbsp;&nbsp;<strong>Magnetic order of Cr thin films in Nb\/Cr\/Fe-nanoisland hybrid structures: a comparative study between magnetic and superconducting properties.<\/strong> E. Navarro, M. V\u00e9lez, Y. Huttel, A. P\u00e9rez Junquera, J. I. Mart\u00edn, O. F. de Lima, A. Cebollada, J. M. Alameda and J. L. Vicent.&nbsp;Journal of Applied Physics&nbsp;105, 033912 (2009).<\/p>\n<p>&#8211;&nbsp;&nbsp;&nbsp;&nbsp;&nbsp;&nbsp;&nbsp;&nbsp;&nbsp;&nbsp;&nbsp;<strong> Induced ferromagnetism in Mn3N2 phase embedded in Mn\/Si3N4 multilayers.<\/strong> E. C\u00e9spedes, E. Rom\u00e1n, Y. Huttel, J. Chaboy, J. Garc\u00eda-L\u00f3pez, A. de Andr\u00e9s, and C. Prieto.&nbsp;Journal of Applied Physics&nbsp;106, 043912 (2009).<\/p>\n<p>&#8211;&nbsp;&nbsp;&nbsp;&nbsp;&nbsp;&nbsp;&nbsp;&nbsp;&nbsp;&nbsp;&nbsp;&nbsp;<strong>Growth and magnetic characterization of Co nanoparticles obtained by femtosecond pulsed laser deposition.<\/strong> A. Cebollada, J. M. Garc\u00eda Mart\u00edn, R. Asenjo and C. Clavero, Ll. Balcells, S. Estrad\u00e9, J. Arbiol and F. Peir\u00f3, C. Smith, R. Clarke, L. Mart\u00ednez, Y. Huttel, E. Rom\u00e1n, N. D. Telling, G. van der Laan.&nbsp;Physical Review B&nbsp;79, 014414 (2009).<\/p>\n<p>&#8211;&nbsp;&nbsp;&nbsp;&nbsp;&nbsp;&nbsp;&nbsp;&nbsp;&nbsp;&nbsp;&nbsp;&nbsp;<strong>Asymmetric magnetization reversal process in Co nanohill arrays.<\/strong> W.O. Rosa, L. Mart\u00ednez, M. Jaafar, A. Asenjo and M. V\u00e1zquez.&nbsp;Journal of Applied Physics,&nbsp;106, 103906 (2009).<\/p>\n<p>&#8211;&nbsp;&nbsp;&nbsp;&nbsp;&nbsp;&nbsp;&nbsp;&nbsp;&nbsp;&nbsp;&nbsp;&nbsp;<strong>Application of Diamond-Like Carbon coatings to elastomer frictional surfaces.<\/strong> L. Mart\u00ednez, R. Nevshupa, L. \u00c1lvarez, Y. Huttel, J. M\u00e9ndez, E. Rom\u00e1n, E. Mozas, J.R. Vald\u00e9s, M. A. Jimenez, Y. Gachon, C. Heau, F. Faverjon.&nbsp;Tribology International&nbsp;42, 584 (2009).<\/p>\n","protected":false},"excerpt":{"rendered":"<p>&#8211;&nbsp;&nbsp;&nbsp;&nbsp;&nbsp;&nbsp;&nbsp;&nbsp;&nbsp;&nbsp;&nbsp;&nbsp;Magnetic order of Cr thin films in Nb\/Cr\/Fe-nanoisland hybrid structures: a comparative study between magnetic and superconducting properties. E. Navarro, M. V\u00e9lez, Y. Huttel, A. P\u00e9rez Junquera, J. I. Mart\u00edn, O. F. de Lima, A. Cebollada, J. M. Alameda and J. L. Vicent.&nbsp;Journal of Applied Physics&nbsp;105, 033912 (2009). &#8211;&nbsp;&nbsp;&nbsp;&nbsp;&nbsp;&nbsp;&nbsp;&nbsp;&nbsp;&nbsp;&nbsp; Induced ferromagnetism in Mn3N2 phase embedded in Mn\/Si3N4 multilayers. E. C\u00e9spedes, E. Rom\u00e1n, Y. Huttel, J. Chaboy, J. Garc\u00eda-L\u00f3pez, A. de Andr\u00e9s, and C. Prieto.&nbsp;Journal of Applied Physics&nbsp;106, 043912 (2009). &#8211;&nbsp;&nbsp;&nbsp;&nbsp;&nbsp;&nbsp;&nbsp;&nbsp;&nbsp;&nbsp;&nbsp;&nbsp;Growth&#8230;<\/p>\n<p class=\"read-more\"><a class=\"btn btn-default\" href=\"https:\/\/wp.icmm.csic.es\/lam\/?page_id=58\"> Read More<span class=\"screen-reader-text\">  Read More<\/span><\/a><\/p>\n","protected":false},"author":82,"featured_media":0,"parent":79,"menu_order":17,"comment_status":"closed","ping_status":"closed","template":"","meta":{"ngg_post_thumbnail":0,"footnotes":""},"class_list":["post-58","page","type-page","status-publish","hentry"],"_links":{"self":[{"href":"https:\/\/wp.icmm.csic.es\/lam\/index.php?rest_route=\/wp\/v2\/pages\/58","targetHints":{"allow":["GET"]}}],"collection":[{"href":"https:\/\/wp.icmm.csic.es\/lam\/index.php?rest_route=\/wp\/v2\/pages"}],"about":[{"href":"https:\/\/wp.icmm.csic.es\/lam\/index.php?rest_route=\/wp\/v2\/types\/page"}],"author":[{"embeddable":true,"href":"https:\/\/wp.icmm.csic.es\/lam\/index.php?rest_route=\/wp\/v2\/users\/82"}],"replies":[{"embeddable":true,"href":"https:\/\/wp.icmm.csic.es\/lam\/index.php?rest_route=%2Fwp%2Fv2%2Fcomments&post=58"}],"version-history":[{"count":2,"href":"https:\/\/wp.icmm.csic.es\/lam\/index.php?rest_route=\/wp\/v2\/pages\/58\/revisions"}],"predecessor-version":[{"id":424,"href":"https:\/\/wp.icmm.csic.es\/lam\/index.php?rest_route=\/wp\/v2\/pages\/58\/revisions\/424"}],"up":[{"embeddable":true,"href":"https:\/\/wp.icmm.csic.es\/lam\/index.php?rest_route=\/wp\/v2\/pages\/79"}],"wp:attachment":[{"href":"https:\/\/wp.icmm.csic.es\/lam\/index.php?rest_route=%2Fwp%2Fv2%2Fmedia&parent=58"}],"curies":[{"name":"wp","href":"https:\/\/api.w.org\/{rel}","templated":true}]}}