{"id":675,"date":"2025-03-05T08:42:43","date_gmt":"2025-03-05T07:42:43","guid":{"rendered":"https:\/\/wp.icmm.csic.es\/lam\/?page_id=675"},"modified":"2025-11-04T08:52:19","modified_gmt":"2025-11-04T07:52:19","slug":"2025-2","status":"publish","type":"page","link":"https:\/\/wp.icmm.csic.es\/lam\/?page_id=675","title":{"rendered":"2025"},"content":{"rendered":"<p><a href=\"https:\/\/icmm-router.icmm.csic.es\/proxy\/1e46bf4e\/https\/www.sciencedirect.com\/science\/article\/pii\/S0169433224025339\"><strong>Addressing molecular geometry on dense gold nanoparticle substrates by two-color sum-frequency generation spectroscopy combined with DFT calculations<\/strong><\/a><\/p>\n<p>Gr\u00e9gory Barbillon, Christophe Humbert, Carine Clavagu\u00e9ra, Audrey Gayral, Lidia Mart\u00ednez,&nbsp; Yves Huttel, Jos\u00e9 Miguel Garc\u00eda-Mart\u00edn<\/p>\n<p><em>Applied Surface Science, 683 (2025) 161817<\/em>.<\/p>\n<p><a href=\"https:\/\/www.sciencedirect.com\/science\/article\/pii\/S0009250925004841?via%3Dihub\"><strong>A novel framework for evaluating the surface free energy and depinning forces of invasive medical tubes<\/strong><\/a><\/p>\n<p>Rodney Marcelo do Nascimento, Joao Elias F.S. Rodrigues, Adriano de Vasconcellos, Nath\u00e1lia Freire, Daniela A Monteiro, Camila Baltazar, Joao Pedro Flores, Marta Elisa Rosso Dotto, Ivan Helmuth Bechtold, Jesus L\u00f3pez-S\u00e1nchez, Lidia Mart\u00ednez, Yves Huttel<\/p>\n<p><em>Chemical Engineering Science, 312 (2025) 121661<\/em>.<\/p>\n<p><a href=\"https:\/\/pubs.acs.org\/doi\/10.1021\/acsomega.5c02149\"><strong>Temperature-driven morphological and microstructural changes of gold nanoparticles prepared by aggregation from the gas phase<\/strong><\/a><\/p>\n<p>Tereza Ko\u0161utov\u00e1, Zden\u011bk Krtou\u0161, Jaroslav Kousal, Ond\u0159ej Kyli\u00e1n, Jan Hanu\u0161, Lidia Mart\u00ednez, Yves Huttel, Daniil Nikitin, Pavel Pleskunov, Hynek Biederman, <span class=\"hlFld-ContribAuthor\" data-id=\"article_author_info\">Luk\u00e1\u0161 Hor\u00e1k, <\/span><span class=\"hlFld-ContribAuthor\" data-id=\"article_author_info\">Milan Dopita<\/span><\/p>\n<p><em>ACS Omega, 10 (2025) <\/em><span class=\"cit-pageRange\">22052<\/span>.<\/p>\n<p><strong><a href=\"https:\/\/doi.org\/10.1016\/j.polymer.2025.129220\">Nanostructuring Aromatic Polyimide Surfaces by Laser<\/a><\/strong><\/p>\n<p>Patricia Mart\u00ednez-Garc\u00eda, \u00d3scar G\u00e1lvez, Mikel Sanz, Lidia Mart\u00ednez, Yves Huttel, Aurora Nogales, Tiberio A. Ezquerra, Esther Rebollar<\/p>\n<p><em>Polymer, 340 (2025) 129220<\/em><\/p>\n<p><strong><a href=\"https:\/\/doi.org\/10.1016\/j.ssc.2025.116219\">Synthesis of magnetite nanoparticles (Fe3O4) through an ultra-sonically<\/a><\/strong><\/p>\n<p>Jahaziel Amaya, I.M. Saavedra Gaona, C.A. Parra Vargas, R.J. Rinc\u00f3n, L. Mart\u00ednez, Y. Huttel, D. Llamosa P\u00e9rez<\/p>\n<p><em>Solid State Communications, 406 (2025) 116219.<\/em><\/p>\n","protected":false},"excerpt":{"rendered":"<p>Addressing molecular geometry on dense gold nanoparticle substrates by two-color sum-frequency generation spectroscopy combined with DFT calculations Gr\u00e9gory Barbillon, Christophe Humbert, Carine Clavagu\u00e9ra, Audrey Gayral, Lidia Mart\u00ednez,&nbsp; Yves Huttel, Jos\u00e9 Miguel Garc\u00eda-Mart\u00edn Applied Surface Science, 683 (2025) 161817. A novel framework for evaluating the surface free energy and depinning forces of invasive medical tubes Rodney Marcelo do Nascimento, Joao Elias F.S. Rodrigues, Adriano de Vasconcellos, Nath\u00e1lia Freire, Daniela A Monteiro, Camila Baltazar, Joao Pedro Flores, Marta Elisa Rosso Dotto, Ivan&#8230;<\/p>\n<p class=\"read-more\"><a class=\"btn btn-default\" href=\"https:\/\/wp.icmm.csic.es\/lam\/?page_id=675\"> Read More<span class=\"screen-reader-text\">  Read More<\/span><\/a><\/p>\n","protected":false},"author":115,"featured_media":0,"parent":79,"menu_order":1,"comment_status":"closed","ping_status":"closed","template":"","meta":{"ngg_post_thumbnail":0,"footnotes":""},"class_list":["post-675","page","type-page","status-publish","hentry"],"_links":{"self":[{"href":"https:\/\/wp.icmm.csic.es\/lam\/index.php?rest_route=\/wp\/v2\/pages\/675","targetHints":{"allow":["GET"]}}],"collection":[{"href":"https:\/\/wp.icmm.csic.es\/lam\/index.php?rest_route=\/wp\/v2\/pages"}],"about":[{"href":"https:\/\/wp.icmm.csic.es\/lam\/index.php?rest_route=\/wp\/v2\/types\/page"}],"author":[{"embeddable":true,"href":"https:\/\/wp.icmm.csic.es\/lam\/index.php?rest_route=\/wp\/v2\/users\/115"}],"replies":[{"embeddable":true,"href":"https:\/\/wp.icmm.csic.es\/lam\/index.php?rest_route=%2Fwp%2Fv2%2Fcomments&post=675"}],"version-history":[{"count":9,"href":"https:\/\/wp.icmm.csic.es\/lam\/index.php?rest_route=\/wp\/v2\/pages\/675\/revisions"}],"predecessor-version":[{"id":696,"href":"https:\/\/wp.icmm.csic.es\/lam\/index.php?rest_route=\/wp\/v2\/pages\/675\/revisions\/696"}],"up":[{"embeddable":true,"href":"https:\/\/wp.icmm.csic.es\/lam\/index.php?rest_route=\/wp\/v2\/pages\/79"}],"wp:attachment":[{"href":"https:\/\/wp.icmm.csic.es\/lam\/index.php?rest_route=%2Fwp%2Fv2%2Fmedia&parent=675"}],"curies":[{"name":"wp","href":"https:\/\/api.w.org\/{rel}","templated":true}]}}