{"id":78,"date":"2011-01-27T12:52:33","date_gmt":"2011-01-27T11:52:33","guid":{"rendered":"http:\/\/www.icmm.csic.es\/lam\/?page_id=2"},"modified":"2024-09-13T10:23:24","modified_gmt":"2024-09-13T08:23:24","slug":"acerca-de","status":"publish","type":"page","link":"https:\/\/wp.icmm.csic.es\/lam\/?page_id=78","title":{"rendered":"Group members"},"content":{"rendered":"<div>\r\n<p>&nbsp;&nbsp;&nbsp;&nbsp;&nbsp;&nbsp;&nbsp;&nbsp;&nbsp; &nbsp; &nbsp; &nbsp; &nbsp; &nbsp; &nbsp; &nbsp; &nbsp; &nbsp; <img loading=\"lazy\" decoding=\"async\" class=\"alignnone size-medium wp-image-468\" src=\"https:\/\/wp.icmm.csic.es\/lam\/wp-content\/uploads\/sites\/48\/2024\/09\/Lidia-223x300.jpg\" alt=\"\" width=\"223\" height=\"300\" srcset=\"https:\/\/wp.icmm.csic.es\/lam\/wp-content\/uploads\/sites\/48\/2024\/09\/Lidia-223x300.jpg 223w, https:\/\/wp.icmm.csic.es\/lam\/wp-content\/uploads\/sites\/48\/2024\/09\/Lidia.bmp 422w\" sizes=\"auto, (max-width: 223px) 100vw, 223px\" \/> &nbsp;&nbsp;&nbsp;&nbsp;&nbsp;&nbsp;&nbsp;&nbsp;&nbsp; <img loading=\"lazy\" decoding=\"async\" class=\"alignnone size-medium wp-image-461\" src=\"https:\/\/wp.icmm.csic.es\/lam\/wp-content\/uploads\/sites\/48\/2024\/09\/Yves-223x300.jpg\" alt=\"\" width=\"223\" height=\"300\" srcset=\"https:\/\/wp.icmm.csic.es\/lam\/wp-content\/uploads\/sites\/48\/2024\/09\/Yves-223x300.jpg 223w, https:\/\/wp.icmm.csic.es\/lam\/wp-content\/uploads\/sites\/48\/2024\/09\/Yves.bmp 422w\" sizes=\"auto, (max-width: 223px) 100vw, 223px\" \/> &nbsp;&nbsp;&nbsp;&nbsp;&nbsp;&nbsp;&nbsp;&nbsp;<\/p>\r\n<\/div>\r\n<p>&nbsp; &nbsp; &nbsp; &nbsp; &nbsp; &nbsp; &nbsp; &nbsp; &nbsp; &nbsp; &nbsp; &nbsp; &nbsp; &nbsp; &nbsp; &nbsp; <a href=\"https:\/\/sites.google.com\/site\/lidiamartinezorellana\/\">Dr. Lidia Mart\u00ednez Orellana<\/a> &nbsp;&nbsp;&nbsp;&nbsp;&nbsp; &nbsp; &nbsp; &nbsp; &nbsp; &nbsp; &nbsp; &nbsp; &nbsp; &nbsp; &nbsp; &nbsp; &nbsp; &nbsp; &nbsp; <a href=\"http:\/\/sites.google.com\/site\/yveshuttel\/\" target=\"_blank\" rel=\"noopener noreferrer\">Dr. Yves Huttel<\/a> &nbsp;&nbsp;&nbsp;&nbsp;&nbsp; &nbsp; &nbsp; &nbsp; &nbsp; &nbsp; &nbsp; &nbsp; &nbsp; &nbsp; &nbsp;<\/p>\r\n<p>&nbsp;&nbsp;&nbsp;&nbsp;&nbsp;&nbsp;&nbsp;&nbsp;&nbsp;&nbsp;&nbsp;&nbsp;&nbsp;&nbsp;&nbsp;&nbsp;&nbsp;&nbsp;&nbsp;&nbsp;&nbsp;&nbsp;&nbsp;&nbsp;&nbsp;&nbsp;&nbsp;&nbsp;&nbsp; <img loading=\"lazy\" decoding=\"async\" class=\"alignnone size-medium wp-image-465\" src=\"https:\/\/wp.icmm.csic.es\/lam\/wp-content\/uploads\/sites\/48\/2024\/09\/Cesar-205x300.jpg\" alt=\"\" width=\"205\" height=\"300\" srcset=\"https:\/\/wp.icmm.csic.es\/lam\/wp-content\/uploads\/sites\/48\/2024\/09\/Cesar-205x300.jpg 205w, https:\/\/wp.icmm.csic.es\/lam\/wp-content\/uploads\/sites\/48\/2024\/09\/Cesar.bmp 383w\" sizes=\"auto, (max-width: 205px) 100vw, 205px\" \/><\/p>\r\n<p style=\"text-align: left\">&nbsp;&nbsp; &nbsp; &nbsp; &nbsp; &nbsp; &nbsp; &nbsp; &nbsp; &nbsp; &nbsp; &nbsp; &nbsp; &nbsp; &nbsp; &nbsp; &nbsp; &nbsp; &nbsp;&nbsp; &nbsp;&nbsp; C\u00e9sar Rodriguez<\/p>\r\n<p>&nbsp;<\/p>\r\n<p><strong>FORMER MEMBERS<\/strong><\/p>\r\n<p>Dra. Elisa Rom\u00e1n Garc\u00eda<\/p>\r\n<p>Dr. Roman Nevshupa (IETCC-CSIC)<\/p>\r\n<p>Dr. Daniel Llamosa Perez (Universidad Antonio Nari\u00f1o, Bogota, Colombia)<\/p>\r\n<p>Dr. Manuel Ruano D\u00edaz<\/p>\r\n<p>Dra. Mercedes D\u00edaz Lagos (Universidad Pedag\u00f3gica y Tecnol\u00f3gica de Colombia, Colombia)<\/p>\r\n<p>Dr. Jos\u00e9 Abad (Universidad de Murcia, Spain)<\/p>\r\n<p>Elvira C\u00e1novas<\/p>\r\n<p>Yaiza Aznar<\/p>\r\n<p>Covadonga \u00c1lvarez<\/p>\r\n<p>Ib\u00e1n Llamas<\/p>\r\n<p>Jimena Soler<\/p>\r\n<p>Marta Jorge Aguado<\/p>\r\n","protected":false},"excerpt":{"rendered":"<p>&nbsp;&nbsp;&nbsp;&nbsp;&nbsp;&nbsp;&nbsp;&nbsp;&nbsp; &nbsp; &nbsp; &nbsp; &nbsp; &nbsp; &nbsp; &nbsp; &nbsp; &nbsp; &nbsp;&nbsp;&nbsp;&nbsp;&nbsp;&nbsp;&nbsp;&nbsp;&nbsp; &nbsp;&nbsp;&nbsp;&nbsp;&nbsp;&nbsp;&nbsp;&nbsp; &nbsp; &nbsp; &nbsp; &nbsp; &nbsp; &nbsp; &nbsp; &nbsp; &nbsp; &nbsp; &nbsp; &nbsp; &nbsp; &nbsp; &nbsp; &nbsp; Dr. Lidia Mart\u00ednez Orellana &nbsp;&nbsp;&nbsp;&nbsp;&nbsp; &nbsp; &nbsp; &nbsp; &nbsp; &nbsp; &nbsp; &nbsp; &nbsp; &nbsp; &nbsp; &nbsp; &nbsp; &nbsp; &nbsp; Dr. Yves Huttel &nbsp;&nbsp;&nbsp;&nbsp;&nbsp; &nbsp; &nbsp; &nbsp; &nbsp; &nbsp; &nbsp; &nbsp; &nbsp; &nbsp; &nbsp; &nbsp;&nbsp;&nbsp;&nbsp;&nbsp;&nbsp;&nbsp;&nbsp;&nbsp;&nbsp;&nbsp;&nbsp;&nbsp;&nbsp;&nbsp;&nbsp;&nbsp;&nbsp;&nbsp;&nbsp;&nbsp;&nbsp;&nbsp;&nbsp;&nbsp;&nbsp;&nbsp;&nbsp;&nbsp; &nbsp;&nbsp; &nbsp; &nbsp; &nbsp; &nbsp; &nbsp; &nbsp; &nbsp; &nbsp; &nbsp; &nbsp; &nbsp; &nbsp; &nbsp; &nbsp; &nbsp; &nbsp; &nbsp;&nbsp;&#8230;<\/p>\n<p class=\"read-more\"><a class=\"btn btn-default\" href=\"https:\/\/wp.icmm.csic.es\/lam\/?page_id=78\"> Read More<span class=\"screen-reader-text\">  Read More<\/span><\/a><\/p>\n","protected":false},"author":82,"featured_media":0,"parent":0,"menu_order":2,"comment_status":"closed","ping_status":"closed","template":"","meta":{"ngg_post_thumbnail":0,"footnotes":""},"class_list":["post-78","page","type-page","status-publish","hentry"],"_links":{"self":[{"href":"https:\/\/wp.icmm.csic.es\/lam\/index.php?rest_route=\/wp\/v2\/pages\/78","targetHints":{"allow":["GET"]}}],"collection":[{"href":"https:\/\/wp.icmm.csic.es\/lam\/index.php?rest_route=\/wp\/v2\/pages"}],"about":[{"href":"https:\/\/wp.icmm.csic.es\/lam\/index.php?rest_route=\/wp\/v2\/types\/page"}],"author":[{"embeddable":true,"href":"https:\/\/wp.icmm.csic.es\/lam\/index.php?rest_route=\/wp\/v2\/users\/82"}],"replies":[{"embeddable":true,"href":"https:\/\/wp.icmm.csic.es\/lam\/index.php?rest_route=%2Fwp%2Fv2%2Fcomments&post=78"}],"version-history":[{"count":9,"href":"https:\/\/wp.icmm.csic.es\/lam\/index.php?rest_route=\/wp\/v2\/pages\/78\/revisions"}],"predecessor-version":[{"id":481,"href":"https:\/\/wp.icmm.csic.es\/lam\/index.php?rest_route=\/wp\/v2\/pages\/78\/revisions\/481"}],"wp:attachment":[{"href":"https:\/\/wp.icmm.csic.es\/lam\/index.php?rest_route=%2Fwp%2Fv2%2Fmedia&parent=78"}],"curies":[{"name":"wp","href":"https:\/\/api.w.org\/{rel}","templated":true}]}}