{"id":83,"date":"2011-01-27T20:56:35","date_gmt":"2011-01-27T19:56:35","guid":{"rendered":"http:\/\/www.icmm.csic.es\/lam\/?page_id=83"},"modified":"2025-11-14T15:28:17","modified_gmt":"2025-11-14T14:28:17","slug":"collaborations","status":"publish","type":"page","link":"https:\/\/wp.icmm.csic.es\/lam\/?page_id=83","title":{"rendered":"Collaborations"},"content":{"rendered":"<h1>Fabrication<\/h1>\n<h3>ICMM<\/h3>\n<p>&#8211; Dr. Ra\u00fal Gago<\/p>\n<p>&#8211; Prof. Carlos Prieto<\/p>\n<p>&#8211; ESISNA<\/p>\n<p>&#8211; 2D Foundry<\/p>\n<p>&#8211; Multifunctional and Supramolecular Materials<\/p>\n<h3>National<\/h3>\n<p>&#8211; Dr. Jos\u00e9 Miguel Garc\u00eda-Mart\u00edn,&nbsp; IMN-CSIC<\/p>\n<p>&#8211; Dr. \u00c1lvaro Mayoral, INMA-CSIC<\/p>\n<p>&#8211; Dra. Bel\u00e9n Sotillo, UCM<\/p>\n<p>&#8211; Dra. Berna Serrano, UC3M<\/p>\n<p>&#8211; Dr. Juan Carlos Cabanelas, UC3M&nbsp;<\/p>\n<p>&#8211; Dr. Roman Nevshupa, IETCC-CSIC<\/p>\n<p>&#8211; Dra. M\u00f3nica Luna, IMN-CSIC<\/p>\n<p>&#8211; Prof. Jose \u00c1ngel de Toro, UCLM<\/p>\n<p>&#8211; Dra. Elena Navarro, UCM<\/p>\n<p>&#8211; Prof. Carmen Ballesteros, UCIII<\/p>\n<p>&#8211; Prof. Alfonso Cebollada, IMN-CSIC<\/p>\n<p>&#8211; Dr. de la Pe\u00f1a O\u2019Shea, IMDEA Energy<\/p>\n<h3>International<\/h3>\n<p>&#8211; Prof. Sergio D\u2019Addatto, UNIMORE, Italy<\/p>\n<p>&#8211; Prof. Hynek Biederman, Charles University, Czech Republic<\/p>\n<p>&#8211; Prof. Richard Palmer, Swansea University, UK<\/p>\n<p>&#8211; Prof. Flyura Djurabekova, University of Helsinki, Finland<\/p>\n<p>&#8211; Dr. Junlei Zhao, SUSTech, China<\/p>\n<p>&#8211; Dr.&nbsp; Jorge Cholula,TEC, Mexico<\/p>\n<p>&#8211; Prof. Marcelo Videa, TEC, Mexico<\/p>\n<p>&#8211; Dr. Arturo Ponce, University of Texas, USA<\/p>\n<p>&#8211; Prof. Saso Gyergyek (Jo\u017eef Stefan Institute, Slovenia)<\/p>\n<p>&#8211; Prof. Ana Tavares (INRS, Canada)<\/p>\n<p>&#8211; Prof. Gerrit van der Laan (Diamond Light Source, UK)<\/p>\n<h1>Characterization<\/h1>\n<h2>Spectroscopies<\/h2>\n<h3>ICMM<\/h3>\n<p>&#8211; Energy Conversion, Harvesting and Storage,<\/p>\n<p>&#8211; Heterostructures for Optics and optoelectronics,<\/p>\n<p>&#8211; Nanostructured Hybrid, Biohybrid and Porous Materials<\/p>\n<p>&#8211; Prof. Jos\u00e9 Antonio Alonso<\/p>\n<p>&#8211; Prof. Alicia de Andr\u00e9s<\/p>\n<h3>National<\/h3>\n<p>&#8211; IMN-CSIC<\/p>\n<p>&#8211; IMDEA Energy<\/p>\n<p>&#8211; Dr. Jose Abad, Universidad Polit\u00e9cnica de Cartagena<\/p>\n<p>&#8211; Nano4Energy SLNE<\/p>\n<h3>International<\/h3>\n<p>&#8211; Dr.&nbsp; Jorge Cholula,TEC, Mexico<\/p>\n<p>&#8211; Prof. Marcelo Videa, TEC, Mexico &#8211; Dr. Pieter A.A. de Beule, INL, Portugal<\/p>\n<p>&#8211; Prof. Tom Webster, Northeastern University, USA<\/p>\n<p>&#8211; DvDtStartec, Brazil<\/p>\n<h2>AFM<\/h2>\n<h3>ICMM<\/h3>\n<p>&#8211; 2D foundry<\/p>\n<p>&#8211; Heterostructures for Optics and optoelectronics<\/p>\n<h3>National<\/h3>\n<p>&#8211; Dr. Roman Nevshupa, IETcc-CSIC<\/p>\n<h2>Tensiometer<\/h2>\n<h3>ICMM<\/h3>\n<p>&#8211; Surface Engineering and Advanced coatings,<\/p>\n<p>&#8211; Multifunctional and Supramolecular Materials,<\/p>\n<p>&#8211; Medicine and Biotechnology<\/p>\n<p>&#8211; Nanostructured Hybrid, Biohybrid and Porous Materials<\/p>\n<p>&#8211; ESISNA<\/p>\n<h3>National<\/h3>\n<p>&#8211; Dr. Jos\u00e9 Miguel Garc\u00eda-Mart\u00edn,&nbsp; IMN-CSIC<\/p>\n<p>&#8211; Dr. Roman Nevshupa, IETcc-CSIC<\/p>\n<p>&nbsp;<\/p>\n<p>&nbsp;<\/p>\n","protected":false},"excerpt":{"rendered":"<p>Fabrication ICMM &#8211; Dr. Ra\u00fal Gago &#8211; Prof. Carlos Prieto &#8211; ESISNA &#8211; 2D Foundry &#8211; Multifunctional and Supramolecular Materials National &#8211; Dr. Jos\u00e9 Miguel Garc\u00eda-Mart\u00edn,&nbsp; IMN-CSIC &#8211; Dr. \u00c1lvaro Mayoral, INMA-CSIC &#8211; Dra. Bel\u00e9n Sotillo, UCM &#8211; Dra. Berna Serrano, UC3M &#8211; Dr. Juan Carlos Cabanelas, UC3M&nbsp; &#8211; Dr. Roman Nevshupa, IETCC-CSIC &#8211; Dra. M\u00f3nica Luna, IMN-CSIC &#8211; Prof. Jose \u00c1ngel de Toro, UCLM &#8211; Dra. Elena Navarro, UCM &#8211; Prof. Carmen Ballesteros, UCIII &#8211; Prof. Alfonso Cebollada, IMN-CSIC&#8230;<\/p>\n<p class=\"read-more\"><a class=\"btn btn-default\" href=\"https:\/\/wp.icmm.csic.es\/lam\/?page_id=83\"> Read More<span class=\"screen-reader-text\">  Read More<\/span><\/a><\/p>\n","protected":false},"author":82,"featured_media":0,"parent":0,"menu_order":7,"comment_status":"closed","ping_status":"closed","template":"","meta":{"ngg_post_thumbnail":0,"footnotes":""},"class_list":["post-83","page","type-page","status-publish","hentry"],"_links":{"self":[{"href":"https:\/\/wp.icmm.csic.es\/lam\/index.php?rest_route=\/wp\/v2\/pages\/83","targetHints":{"allow":["GET"]}}],"collection":[{"href":"https:\/\/wp.icmm.csic.es\/lam\/index.php?rest_route=\/wp\/v2\/pages"}],"about":[{"href":"https:\/\/wp.icmm.csic.es\/lam\/index.php?rest_route=\/wp\/v2\/types\/page"}],"author":[{"embeddable":true,"href":"https:\/\/wp.icmm.csic.es\/lam\/index.php?rest_route=\/wp\/v2\/users\/82"}],"replies":[{"embeddable":true,"href":"https:\/\/wp.icmm.csic.es\/lam\/index.php?rest_route=%2Fwp%2Fv2%2Fcomments&post=83"}],"version-history":[{"count":10,"href":"https:\/\/wp.icmm.csic.es\/lam\/index.php?rest_route=\/wp\/v2\/pages\/83\/revisions"}],"predecessor-version":[{"id":698,"href":"https:\/\/wp.icmm.csic.es\/lam\/index.php?rest_route=\/wp\/v2\/pages\/83\/revisions\/698"}],"wp:attachment":[{"href":"https:\/\/wp.icmm.csic.es\/lam\/index.php?rest_route=%2Fwp%2Fv2%2Fmedia&parent=83"}],"curies":[{"name":"wp","href":"https:\/\/api.w.org\/{rel}","templated":true}]}}