{"id":15,"date":"2017-11-07T12:19:00","date_gmt":"2017-11-07T11:19:00","guid":{"rendered":"http:\/\/www.icmm.csic.es\/luxrerum\/?page_id=15"},"modified":"2025-02-27T13:31:25","modified_gmt":"2025-02-27T12:31:25","slug":"people","status":"publish","type":"page","link":"https:\/\/wp.icmm.csic.es\/luxrerum\/people\/","title":{"rendered":"People"},"content":{"rendered":"<p><b>Staff<\/b><\/p>\n<ul>\n<li>Cefe L\u00f3pez Fern\u00e1ndez<\/li>\n<li><a href=\"https:\/\/www.icmm.csic.es\/index.php\/en\/tartaj-salvador-pedro\">Pedro Tartaj Salvador<\/a><\/li>\n<li><a href=\"https:\/\/www.icmm.csic.es\/en\/blanco-montes-alvaro\">Alvaro Blanco Montes<\/a><span id=\"badgeCont314055\" style=\"width: 26px\"><br \/>\n<\/span><\/li>\n<li><a href=\"https:\/\/www.icmm.csic.es\/en\/garcia-fernandez-pedro-david\">Pedro David Garc\u00eda Fern\u00e1ndez<\/a><\/li>\n<li><a href=\"https:\/\/www.icmm.csic.es\/en\/carretero-palacios-sol\">Sol Carretero<\/a><\/li>\n<li><a href=\"https:\/\/www.icmm.csic.es\/en\/pecharroman-garcia-carlos\">Carlos Pecharrom\u00e1n Garc\u00eda<\/a><\/li>\n<li>Antonio Consoli (linked researcher from <a href=\"https:\/\/gestion2.urjc.es\/pdi\/ver\/antonio.consoli\">URJC<\/a>)<\/li>\n<\/ul>\n<p><b>Hired (post doc)<\/b><\/p>\n<ul>\n<li>Luisina Forzani<\/li>\n<li>Shulamit Edelstein<\/li>\n<li>Jorge Burgos<\/li>\n<\/ul>\n<p><b>PhD Students<\/b><\/p>\n<ul>\n<li>Pedro Moronta Cambero<\/li>\n<li>Marcos Men\u00e9ndez<\/li>\n<li>Roberto Carlos Guerrero<\/li>\n<li>\u00c1ngel Jim\u00e9nez Mascarell<\/li>\n<li>Andrea Mart\u00ednez<\/li>\n<\/ul>\n<p><strong>Collaborators<\/strong><\/p>\n<ul>\n<li>Antonio Consoli &#8211; URJC<\/li>\n<\/ul>\n<p><b>Undergraduate Student<\/b><\/p>\n<ul>\n<li>This could be you&#8230;<\/li>\n<\/ul>\n<p><b>Former members and visitors<\/b><\/p>\n<ul>\n<li>Yurena Luengo<\/li>\n<li>Ioanna Theodorou<\/li>\n<li>Luz Carime Gil &#8211; The University of Manchester<\/li>\n<li>Jose Angel Pariente<\/li>\n<li>Supratim Basak &#8211; Tel-Aviv University<\/li>\n<li>Angel Mateos<\/li>\n<li>Andr\u00e9 Costa Espinha &#8211; Iberoptics<\/li>\n<li>Farzaneh Bayat &#8211; Azarbaijan Shahid Madani University<\/li>\n<li>Denise Montesdeoca &#8211; Nexperia<\/li>\n<li>Juan Galisteo &#8211; Instituto de Ciencia de Materiales de Sevilla &#8211; CSIC<span id=\"badgeCont269635\" style=\"width: 26px\"><\/span><\/li>\n<li>Marta Ibisate<\/li>\n<li>Francisco Gallego G\u00f3mez<\/li>\n<li>Marco Leonetti &#8211; CNR<\/li>\n<li>Diego Di Battista &#8211; AIT<\/li>\n<li>Martin Lopez Garc\u00eda INL Braga<\/li>\n<li>Lola Golmayo<\/li>\n<li>Luis Froufe &#8211; U Fribourg<\/li>\n<li>Luis Fortes (FCT Portugal)<\/li>\n<li>Clara Gon\u00e7alves (UT Lisbon)<\/li>\n<li>Victor Canalejas Tejero &#8211; UPM<\/li>\n<li>Riccardo Sapienza &#8211; King&#8217;s College London<\/li>\n<li>Roch Feuillade from Ecole Central Paris<\/li>\n<li>Attila Asar &#8211; Chemistry Department of KO\u00c7<\/li>\n<li>Silvia Vignolini &#8211; University of Cambridge (UK)<\/li>\n<li>Marius Franckevicius &#8211; Vilnius University<\/li>\n<li>Ainhoa Altube &#8211; CIDETEC, Centro de Tecnolog\u00edas Electroqu\u00edmicas<\/li>\n<li>Florencio Garc\u00eda-Santamar\u00eda &#8211; ORSAM<\/li>\n<li>Elisa Palacios &#8211; Universidad de Murcia<\/li>\n<li>Beatriz Hern\u00e1ndez &#8211; Instituto de Ciencia de Materiales de Madrid &#8211; CSIC<\/li>\n<li>Hern\u00e1n M\u00edguez &#8211; Instituto de Ciencia de Materiales de Sevilla &#8211; CSIC<\/li>\n<li>Ra\u00fal Mayoral &#8211; AT&amp;T Network<\/li>\n<\/ul>\n","protected":false},"excerpt":{"rendered":"<p>Staff Cefe L\u00f3pez Fern\u00e1ndez Pedro Tartaj Salvador Alvaro Blanco Montes Pedro David Garc\u00eda Fern\u00e1ndez Sol Carretero Carlos Pecharrom\u00e1n Garc\u00eda Antonio Consoli (linked researcher from URJC) Hired (post doc) Luisina Forzani Shulamit Edelstein Jorge Burgos PhD Students Pedro Moronta Cambero Marcos Men\u00e9ndez Roberto Carlos Guerrero \u00c1ngel Jim\u00e9nez Mascarell Andrea Mart\u00ednez Collaborators Antonio Consoli &#8211; URJC Undergraduate [&hellip;]<\/p>\n","protected":false},"author":1,"featured_media":0,"parent":0,"menu_order":4,"comment_status":"closed","ping_status":"closed","template":"","meta":{"footnotes":""},"class_list":["post-15","page","type-page","status-publish","hentry"],"_links":{"self":[{"href":"https:\/\/wp.icmm.csic.es\/luxrerum\/wp-json\/wp\/v2\/pages\/15","targetHints":{"allow":["GET"]}}],"collection":[{"href":"https:\/\/wp.icmm.csic.es\/luxrerum\/wp-json\/wp\/v2\/pages"}],"about":[{"href":"https:\/\/wp.icmm.csic.es\/luxrerum\/wp-json\/wp\/v2\/types\/page"}],"author":[{"embeddable":true,"href":"https:\/\/wp.icmm.csic.es\/luxrerum\/wp-json\/wp\/v2\/users\/1"}],"replies":[{"embeddable":true,"href":"https:\/\/wp.icmm.csic.es\/luxrerum\/wp-json\/wp\/v2\/comments?post=15"}],"version-history":[{"count":14,"href":"https:\/\/wp.icmm.csic.es\/luxrerum\/wp-json\/wp\/v2\/pages\/15\/revisions"}],"predecessor-version":[{"id":865,"href":"https:\/\/wp.icmm.csic.es\/luxrerum\/wp-json\/wp\/v2\/pages\/15\/revisions\/865"}],"wp:attachment":[{"href":"https:\/\/wp.icmm.csic.es\/luxrerum\/wp-json\/wp\/v2\/media?parent=15"}],"curies":[{"name":"wp","href":"https:\/\/api.w.org\/{rel}","templated":true}]}}