{"id":220,"date":"2011-02-23T13:07:58","date_gmt":"2011-02-23T12:07:58","guid":{"rendered":"http:\/\/www.icmm.csic.es\/magsim\/?page_id=220"},"modified":"2011-02-23T13:07:58","modified_gmt":"2011-02-23T12:07:58","slug":"phd-thesis","status":"publish","type":"page","link":"https:\/\/wp.icmm.csic.es\/magsim\/phd-thesis\/","title":{"rendered":"PhD thesis"},"content":{"rendered":"<p>Laura Gonz\u00e1lez Vivas <span style=\"color: #000080\"><em>\u00abOn the magnetic and structural properties of Co and Co-based nanowire arrays\u00bb<\/em>, <span style=\"color: #000000\">Autonoma University of Madrid, June 2012 (joint supervision with Prof. Manuel V\u00e1zquez)<\/span><\/span><\/p>\n<p>Unai Atxitia Macizo \u00ab<span style=\"color: #003366\"><em>Modelling of ultrafast laser-induced magnetization dynamics withiin the Landau-Lifshitz-Bloch approach\u00bb<\/em>, <span style=\"color: #000000\">Autonoma University of Madrid, June 2012<\/span><\/span><\/p>\n<p>Rocio Yanes D\u00edaz <span style=\"color: #000080\">\u00ab<\/span><em><span style=\"color: #000080\">Modeling of macroscopic anisotropies due to surface effects in magnetic thin films and nanoparticles\u00bb<\/span>, <\/em><em>Autonoma University of Madrid, March 2011.<\/em><\/p>\n<p>Felipe Garc\u00eda S\u00e1nchez, <span style=\"color: #000080\"><em><a href=\"http:\/\/www.fgarciasanchez.es\/thesisfelipe\/\" target=\"_blank\">\u00abModeling of field and thermal magnetisation reversal in nanostructured magnetic materials\u00bb,<\/a><\/em> <span style=\"color: #000000\">Autonoma University of Madrid, 2007<\/span><\/span><\/p>\n<p><span style=\"color: #000080\"><span style=\"color: #000000\">Gloria Rodriguez Aranfa <span style=\"color: #000080\"><em>\u00abMedidas experimentales de anisotropia efectiva y modelizaci\u00f3n del m\u00e9todo de la susceptibilidad transversal en materiales magn\u00e9ticos nanoestructurados\u00bb, <\/em><span style=\"color: #000000\">Universidad del Pa\u00eds Vasco, 2004 (joint supervision with Prof. \u00a0Julian Gonz\u00e1lez)<\/span><\/span><\/span><\/span><\/p>\n","protected":false},"excerpt":{"rendered":"<p>Laura Gonz\u00e1lez Vivas \u00abOn the magnetic and structural properties of Co and Co-based nanowire arrays\u00bb, Autonoma University of Madrid, June 2012 (joint supervision with Prof. Manuel V\u00e1zquez) Unai Atxitia Macizo \u00abModelling of ultrafast laser-induced magnetization dynamics withiin the Landau-Lifshitz-Bloch approach\u00bb, Autonoma University of Madrid, June 2012 Rocio Yanes D\u00edaz \u00abModeling of macroscopic anisotropies due to [&hellip;]<\/p>\n","protected":false},"author":65,"featured_media":0,"parent":0,"menu_order":0,"comment_status":"closed","ping_status":"open","template":"","meta":{"ngg_post_thumbnail":0,"footnotes":""},"class_list":["post-220","page","type-page","status-publish","hentry","post-preview"],"_links":{"self":[{"href":"https:\/\/wp.icmm.csic.es\/magsim\/wp-json\/wp\/v2\/pages\/220","targetHints":{"allow":["GET"]}}],"collection":[{"href":"https:\/\/wp.icmm.csic.es\/magsim\/wp-json\/wp\/v2\/pages"}],"about":[{"href":"https:\/\/wp.icmm.csic.es\/magsim\/wp-json\/wp\/v2\/types\/page"}],"author":[{"embeddable":true,"href":"https:\/\/wp.icmm.csic.es\/magsim\/wp-json\/wp\/v2\/users\/65"}],"replies":[{"embeddable":true,"href":"https:\/\/wp.icmm.csic.es\/magsim\/wp-json\/wp\/v2\/comments?post=220"}],"version-history":[{"count":0,"href":"https:\/\/wp.icmm.csic.es\/magsim\/wp-json\/wp\/v2\/pages\/220\/revisions"}],"wp:attachment":[{"href":"https:\/\/wp.icmm.csic.es\/magsim\/wp-json\/wp\/v2\/media?parent=220"}],"curies":[{"name":"wp","href":"https:\/\/api.w.org\/{rel}","templated":true}]}}