{"id":110,"date":"2011-12-27T18:06:30","date_gmt":"2011-12-27T17:06:30","guid":{"rendered":"http:\/\/www.icmm.csic.es\/matfuelcells\/?page_id=110"},"modified":"2011-12-27T18:06:30","modified_gmt":"2011-12-27T17:06:30","slug":"collaborations","status":"publish","type":"page","link":"https:\/\/wp.icmm.csic.es\/matfuelcells\/collaborations\/","title":{"rendered":"Collaborations"},"content":{"rendered":"<p><span style=\"text-decoration: underline\"><span style=\"color: #0066cc\">Prof. J.B. Goodenough, <\/span><\/span><a href=\"http:\/\/www.me.utexas.edu\/directory\/faculty\/goodenough\/john\/\">Texas Materials Institute, (Univ. Austin)<\/a><\/p>\n<p>Prof. <a href=\"http:\/\/chem.rutgers.edu\/greenblatt_martha\">M. Greenblatt (Rutgers University)<\/a><\/p>\n<p>Prof. <a href=\"http:\/\/www.chem.ed.ac.uk\/staff\/academic\/attfield.html\">J.P. Attfield (University of Edinburg)<\/a><\/p>\n<p>Prof. <a href=\"http:\/\/www.ucm.es\/info\/inorg1\/emm.html\">E. Mor\u00e1n (UCM-Madrid)<\/a><\/p>\n<p>Prof. <a href=\"http:\/\/bacterio.uc3m.es\/docencia\/profesores\/angel\/\">A. Mu\u00f1oz ( Universidad Carlos III, Madrid)<\/a><\/p>\n<p>Prof. <a href=\"http:\/\/www.icmab.es\/icmab\/contact\/personnel-contact-data\/detail\/80.html\">Fontcuberta (ICMB-Barcelona)<\/a><\/p>\n<p><a href=\"http:\/\/www.icmab.es\/icmab\/personnel\/detail\/86.html\">Prof. J.L. Garc\u00eda Mu\u00f1oz (ICMB-Barcelona)<\/a><\/p>\n<p>Dr. Fern\u00e1ndez-D\u00edaz (ILL-Grenoble)<\/p>\n<p>Dr. M.L. Medarde (PSI-Zurich)<\/p>\n<p>Dr. <a href=\"http:\/\/sinq.web.psi.ch\/sinq\/instr\/hrpt\/results.html\">V. Pomjakushin (PSI-Zurich)<\/a><\/p>\n<p>Prof. M. Abd-Elmeguid, (Phys.Inst.-K\u00f6hln)<\/p>\n<p>Prof. G. Demazeau (Univ. Bordeaux I)<\/p>\n<p>Prof. I. Presniakov (Univ. Lomonosov-Moscow)<\/p>\n<p>Dr. K. Krezov (BAS-Sof\u00eda)<\/p>\n<p><a href=\"http:\/\/www.conicet.gov.ar\/new_scp\/detalle.php?id=21327&amp;datos_academicos=yes\">Prof. R. Carbonio (UN-C\u00f3rdoba\/Conicet, Argentina)<\/a><\/p>\n<p>Dr. <a href=\"http:\/\/conicet.gov.ar\/webue\/cequinor\/nem_en.htm\">N. Massa, (UN-La Plata)<\/a><\/p>\n<p>Jos\u00e9 C. Pedregosa (UN-San Luis\/Conicet, Argentina)<\/p>\n","protected":false},"excerpt":{"rendered":"<p>Prof. J.B. Goodenough, Texas Materials Institute, (Univ. Austin) Prof. M. Greenblatt (Rutgers University) Prof. J.P. Attfield (University of Edinburg) Prof. E. Mor\u00e1n (UCM-Madrid) Prof. A. Mu\u00f1oz ( Universidad Carlos III, Madrid) Prof. Fontcuberta (ICMB-Barcelona) Prof. J.L. Garc\u00eda Mu\u00f1oz (ICMB-Barcelona) Dr. Fern\u00e1ndez-D\u00edaz (ILL-Grenoble) Dr. M.L. Medarde (PSI-Zurich) Dr. V. Pomjakushin (PSI-Zurich) Prof. M. Abd-Elmeguid, (Phys.Inst.-K\u00f6hln) Prof&#8230;.<\/p>\n","protected":false},"author":66,"featured_media":0,"parent":0,"menu_order":6,"comment_status":"closed","ping_status":"closed","template":"","meta":{"ngg_post_thumbnail":0,"footnotes":""},"class_list":["post-110","page","type-page","status-publish","hentry"],"_links":{"self":[{"href":"https:\/\/wp.icmm.csic.es\/matfuelcells\/wp-json\/wp\/v2\/pages\/110","targetHints":{"allow":["GET"]}}],"collection":[{"href":"https:\/\/wp.icmm.csic.es\/matfuelcells\/wp-json\/wp\/v2\/pages"}],"about":[{"href":"https:\/\/wp.icmm.csic.es\/matfuelcells\/wp-json\/wp\/v2\/types\/page"}],"author":[{"embeddable":true,"href":"https:\/\/wp.icmm.csic.es\/matfuelcells\/wp-json\/wp\/v2\/users\/66"}],"replies":[{"embeddable":true,"href":"https:\/\/wp.icmm.csic.es\/matfuelcells\/wp-json\/wp\/v2\/comments?post=110"}],"version-history":[{"count":0,"href":"https:\/\/wp.icmm.csic.es\/matfuelcells\/wp-json\/wp\/v2\/pages\/110\/revisions"}],"wp:attachment":[{"href":"https:\/\/wp.icmm.csic.es\/matfuelcells\/wp-json\/wp\/v2\/media?parent=110"}],"curies":[{"name":"wp","href":"https:\/\/api.w.org\/{rel}","templated":true}]}}