{"id":112,"date":"2011-12-27T18:06:49","date_gmt":"2011-12-27T17:06:49","guid":{"rendered":"http:\/\/www.icmm.csic.es\/matfuelcells\/?page_id=112"},"modified":"2011-12-27T18:06:49","modified_gmt":"2011-12-27T17:06:49","slug":"people","status":"publish","type":"page","link":"https:\/\/wp.icmm.csic.es\/matfuelcells\/people\/","title":{"rendered":"People"},"content":{"rendered":"<p><a href=\"http:\/\/www.researcherid.com\/ProfileView.action?SID=R2gjno5lc3NgOKbdJCK&amp;returnCode=ROUTER.Success&amp;queryString=KG0UuZjN5WldB4oT1Y6gbAEont8Sd5SHeBWeBU97awM%253D&amp;SrcApp=CR&amp;Init=Yes\">Jos\u00e9 Antonio Alonso Alonso<\/a>\u00a0\u00a0\u00a0\u00a0 Research Professor<\/p>\n<p>Mar\u00eda Jes\u00fas Mart\u00ednez Lope\u00a0\u00a0\u00a0\u00a0\u00a0 Senior Scientist<\/p>\n<p>Ainara Aguadero Gar\u00edn\u00a0\u00a0\u00a0\u00a0\u00a0\u00a0\u00a0\u00a0\u00a0\u00a0\u00a0\u00a0 Scientific Contract Juan de la Cierva<\/p>\n<p>Rub\u00e9n Mart\u00ednez Coronado\u00a0\u00a0\u00a0\u00a0\u00a0\u00a0\u00a0 PhD scholarship (FPI)<\/p>\n<p>Vanessa Cascos Jim\u00e9nez\u00a0\u00a0\u00a0\u00a0\u00a0\u00a0\u00a0\u00a0\u00a0\u00a0\u00a0 PhD scholarship (FPI)<\/p>\n<p>Paula Kayser Gonz\u00e1lez\u00a0\u00a0\u00a0\u00a0\u00a0\u00a0\u00a0\u00a0\u00a0\u00a0\u00a0\u00a0\u00a0 Scientific Contract (Proyect CAM)<\/p>\n<p>Crisanto Garc\u00eda Ramos\u00a0\u00a0\u00a0\u00a0\u00a0\u00a0\u00a0\u00a0\u00a0\u00a0\u00a0\u00a0\u00a0 Stay<\/p>\n<p>Javier S\u00e1nchez Ben\u00edtez\u00a0\u00a0\u00a0\u00a0\u00a0\u00a0\u00a0\u00a0\u00a0\u00a0\u00a0\u00a0\u00a0 Stay<\/p>\n<p><a href=\"https:\/\/wp.icmm.csic.es\/matfuelcells\/wp-content\/uploads\/sites\/36\/2011\/12\/grupo.jpg\"><img loading=\"lazy\" decoding=\"async\" class=\"aligncenter size-full wp-image-237\" title=\"grupo\" src=\"https:\/\/wp.icmm.csic.es\/matfuelcells\/wp-content\/uploads\/sites\/36\/2011\/12\/grupo.jpg\" alt=\"\" width=\"811\" height=\"456\" srcset=\"https:\/\/wp.icmm.csic.es\/matfuelcells\/wp-content\/uploads\/sites\/36\/2011\/12\/grupo.jpg 811w, https:\/\/wp.icmm.csic.es\/matfuelcells\/wp-content\/uploads\/sites\/36\/2011\/12\/grupo-300x169.jpg 300w, https:\/\/wp.icmm.csic.es\/matfuelcells\/wp-content\/uploads\/sites\/36\/2011\/12\/grupo-768x432.jpg 768w\" sizes=\"auto, (max-width: 811px) 100vw, 811px\" \/><\/a><\/p>\n","protected":false},"excerpt":{"rendered":"<p>Jos\u00e9 Antonio Alonso Alonso\u00a0\u00a0\u00a0\u00a0 Research Professor Mar\u00eda Jes\u00fas Mart\u00ednez Lope\u00a0\u00a0\u00a0\u00a0\u00a0 Senior Scientist Ainara Aguadero Gar\u00edn\u00a0\u00a0\u00a0\u00a0\u00a0\u00a0\u00a0\u00a0\u00a0\u00a0\u00a0\u00a0 Scientific Contract Juan de la Cierva Rub\u00e9n Mart\u00ednez Coronado\u00a0\u00a0\u00a0\u00a0\u00a0\u00a0\u00a0 PhD scholarship (FPI) Vanessa Cascos Jim\u00e9nez\u00a0\u00a0\u00a0\u00a0\u00a0\u00a0\u00a0\u00a0\u00a0\u00a0\u00a0 PhD scholarship (FPI) Paula Kayser Gonz\u00e1lez\u00a0\u00a0\u00a0\u00a0\u00a0\u00a0\u00a0\u00a0\u00a0\u00a0\u00a0\u00a0\u00a0 Scientific Contract (Proyect CAM) Crisanto Garc\u00eda Ramos\u00a0\u00a0\u00a0\u00a0\u00a0\u00a0\u00a0\u00a0\u00a0\u00a0\u00a0\u00a0\u00a0 Stay Javier S\u00e1nchez Ben\u00edtez\u00a0\u00a0\u00a0\u00a0\u00a0\u00a0\u00a0\u00a0\u00a0\u00a0\u00a0\u00a0\u00a0 Stay<\/p>\n","protected":false},"author":66,"featured_media":0,"parent":0,"menu_order":5,"comment_status":"closed","ping_status":"closed","template":"","meta":{"ngg_post_thumbnail":0,"footnotes":""},"class_list":["post-112","page","type-page","status-publish","hentry"],"_links":{"self":[{"href":"https:\/\/wp.icmm.csic.es\/matfuelcells\/wp-json\/wp\/v2\/pages\/112","targetHints":{"allow":["GET"]}}],"collection":[{"href":"https:\/\/wp.icmm.csic.es\/matfuelcells\/wp-json\/wp\/v2\/pages"}],"about":[{"href":"https:\/\/wp.icmm.csic.es\/matfuelcells\/wp-json\/wp\/v2\/types\/page"}],"author":[{"embeddable":true,"href":"https:\/\/wp.icmm.csic.es\/matfuelcells\/wp-json\/wp\/v2\/users\/66"}],"replies":[{"embeddable":true,"href":"https:\/\/wp.icmm.csic.es\/matfuelcells\/wp-json\/wp\/v2\/comments?post=112"}],"version-history":[{"count":0,"href":"https:\/\/wp.icmm.csic.es\/matfuelcells\/wp-json\/wp\/v2\/pages\/112\/revisions"}],"wp:attachment":[{"href":"https:\/\/wp.icmm.csic.es\/matfuelcells\/wp-json\/wp\/v2\/media?parent=112"}],"curies":[{"name":"wp","href":"https:\/\/api.w.org\/{rel}","templated":true}]}}