{"id":334,"date":"2011-12-29T10:42:40","date_gmt":"2011-12-29T09:42:40","guid":{"rendered":"http:\/\/www.icmm.csic.es\/matfuelcells\/?page_id=334"},"modified":"2011-12-29T10:42:40","modified_gmt":"2011-12-29T09:42:40","slug":"contact-us","status":"publish","type":"page","link":"https:\/\/wp.icmm.csic.es\/matfuelcells\/contact-us\/","title":{"rendered":"Contact us"},"content":{"rendered":"<p><strong>Jos\u00e9 Antonio Alonso Alonso<\/strong>; e-mail: <a href=\"mailto:ja.alonso@icmm.csic.es\">ja.alonso@icmm.csic.es<\/a><\/p>\n<p><strong>Mar\u00eda Jesus Mart\u00ednez Lope<\/strong>; e-mail: <a href=\"mailto:mjmartinez@icmm.csic.es\">mjmartinez@icmm.csic.es<\/a><\/p>\n<p>Instituto de Ciencia de Materiales de Madrid<\/p>\n<p>Consejo Superior de Investigaciones Cient\u00edficas<\/p>\n<p>c\/ Sor Juana In\u00e9s de la Cruz 3<\/p>\n<p>Cantoblanco, 28049 Madrid<\/p>\n<p>Spain<\/p>\n<p>tel: 34 91 3349071<\/p>\n<p>fax: 34 91 3720623<\/p>\n","protected":false},"excerpt":{"rendered":"<p>Jos\u00e9 Antonio Alonso Alonso; e-mail: ja.alonso@icmm.csic.es Mar\u00eda Jesus Mart\u00ednez Lope; e-mail: mjmartinez@icmm.csic.es Instituto de Ciencia de Materiales de Madrid Consejo Superior de Investigaciones Cient\u00edficas c\/ Sor Juana In\u00e9s de la Cruz 3 Cantoblanco, 28049 Madrid Spain tel: 34 91 3349071 fax: 34 91 3720623<\/p>\n","protected":false},"author":66,"featured_media":0,"parent":0,"menu_order":7,"comment_status":"closed","ping_status":"closed","template":"","meta":{"ngg_post_thumbnail":0,"footnotes":""},"class_list":["post-334","page","type-page","status-publish","hentry"],"_links":{"self":[{"href":"https:\/\/wp.icmm.csic.es\/matfuelcells\/wp-json\/wp\/v2\/pages\/334","targetHints":{"allow":["GET"]}}],"collection":[{"href":"https:\/\/wp.icmm.csic.es\/matfuelcells\/wp-json\/wp\/v2\/pages"}],"about":[{"href":"https:\/\/wp.icmm.csic.es\/matfuelcells\/wp-json\/wp\/v2\/types\/page"}],"author":[{"embeddable":true,"href":"https:\/\/wp.icmm.csic.es\/matfuelcells\/wp-json\/wp\/v2\/users\/66"}],"replies":[{"embeddable":true,"href":"https:\/\/wp.icmm.csic.es\/matfuelcells\/wp-json\/wp\/v2\/comments?post=334"}],"version-history":[{"count":0,"href":"https:\/\/wp.icmm.csic.es\/matfuelcells\/wp-json\/wp\/v2\/pages\/334\/revisions"}],"wp:attachment":[{"href":"https:\/\/wp.icmm.csic.es\/matfuelcells\/wp-json\/wp\/v2\/media?parent=334"}],"curies":[{"name":"wp","href":"https:\/\/api.w.org\/{rel}","templated":true}]}}