{"id":1064,"date":"2019-04-01T16:30:14","date_gmt":"2019-04-01T16:30:14","guid":{"rendered":"https:\/\/wp.icmm.csic.es\/ms-mm\/?page_id=1064"},"modified":"2020-07-15T15:18:19","modified_gmt":"2020-07-15T15:18:19","slug":"marta-iglesias","status":"publish","type":"page","link":"https:\/\/wp.icmm.csic.es\/ms-mm\/people\/marta-iglesias\/","title":{"rendered":"Marta Iglesias"},"content":{"rendered":"\r\n<p>Marta.iglesias@icmm.csic.es<\/p>\r\n\r\n\r\n\r\n<p class=\"has-medium-font-size\" style=\"text-align: left\"><strong>Multifunctional Catalysts Materials:<\/strong><\/p>\r\n\r\n\r\n\r\n<ul class=\"wp-block-list\">\r\n<li>Hybrid organo-inorganic<\/li>\r\n<li>Organic<\/li>\r\n<li>Bifunctional materials<\/li>\r\n<li>Multimetal<\/li>\r\n<li>Acid-base<\/li>\r\n<li>Base-metal<\/li>\r\n<\/ul>\r\n\r\n\r\n\r\n<div class=\"alignwide\"><div id=\"metaslider-id-1087\" style=\"max-width: 675px; margin: 0 auto;\" class=\"ml-slider-3-108-0 metaslider metaslider-flex metaslider-1087 ml-slider has-dots-nav ms-theme-disjoint\" role=\"region\" aria-label=\"Marta\" data-height=\"325\" data-width=\"675\">\n    <div id=\"metaslider_container_1087\">\n        <div id=\"metaslider_1087\">\n            <ul class='slides'>\n                <li style=\"display: block; width: 100%;\" class=\"slide-1095 ms-image \" aria-roledescription=\"slide\" data-date=\"2019-04-01 16:17:19\" data-filename=\"Imagen-3-675x325.png\" data-slide-type=\"image\"><img loading=\"lazy\" decoding=\"async\" src=\"https:\/\/wp.icmm.csic.es\/ms-mm\/wp-content\/uploads\/sites\/37\/2019\/04\/Imagen-3-675x325.png\" height=\"325\" width=\"675\" alt=\"\" class=\"slider-1087 slide-1095 msDefaultImage\" title=\"Imagen 3\" \/><\/li>\n                <li style=\"display: none; width: 100%;\" class=\"slide-1091 ms-image \" aria-roledescription=\"slide\" data-date=\"2019-04-01 16:17:14\" data-filename=\"Imagen-6-675x325.png\" data-slide-type=\"image\"><img loading=\"lazy\" decoding=\"async\" src=\"https:\/\/wp.icmm.csic.es\/ms-mm\/wp-content\/uploads\/sites\/37\/2019\/04\/Imagen-6-675x325.png\" height=\"325\" width=\"675\" alt=\"\" class=\"slider-1087 slide-1091 msDefaultImage\" title=\"Imagen 6\" \/><\/li>\n                <li style=\"display: none; width: 100%;\" class=\"slide-1090 ms-image \" aria-roledescription=\"slide\" data-date=\"2019-04-01 16:17:13\" data-filename=\"Imagen-7-675x325.png\" data-slide-type=\"image\"><img loading=\"lazy\" decoding=\"async\" src=\"https:\/\/wp.icmm.csic.es\/ms-mm\/wp-content\/uploads\/sites\/37\/2019\/04\/Imagen-7-675x325.png\" height=\"325\" width=\"675\" alt=\"\" class=\"slider-1087 slide-1090 msDefaultImage\" title=\"Imagen 7\" \/><\/li>\n                <li style=\"display: none; width: 100%;\" class=\"slide-1096 ms-image \" aria-roledescription=\"slide\" data-date=\"2019-04-01 16:17:20\" data-filename=\"Imagen-2-675x325.png\" data-slide-type=\"image\"><img loading=\"lazy\" decoding=\"async\" src=\"https:\/\/wp.icmm.csic.es\/ms-mm\/wp-content\/uploads\/sites\/37\/2019\/04\/Imagen-2-675x325.png\" height=\"325\" width=\"675\" alt=\"\" class=\"slider-1087 slide-1096 msDefaultImage\" title=\"Imagen 2\" \/><\/li>\n                <li style=\"display: none; width: 100%;\" class=\"slide-1089 ms-image \" aria-roledescription=\"slide\" data-date=\"2019-04-01 16:17:12\" data-filename=\"Imagen-1-1-675x325.png\" data-slide-type=\"image\"><img loading=\"lazy\" decoding=\"async\" src=\"https:\/\/wp.icmm.csic.es\/ms-mm\/wp-content\/uploads\/sites\/37\/2019\/04\/Imagen-1-1-675x325.png\" height=\"325\" width=\"675\" alt=\"\" class=\"slider-1087 slide-1089 msDefaultImage\" title=\"Imagen 1\" \/><\/li>\n                <li style=\"display: none; width: 100%;\" class=\"slide-1094 ms-image \" aria-roledescription=\"slide\" data-date=\"2019-04-01 16:17:17\" data-filename=\"Imagen-4-675x325.png\" data-slide-type=\"image\"><img loading=\"lazy\" decoding=\"async\" src=\"https:\/\/wp.icmm.csic.es\/ms-mm\/wp-content\/uploads\/sites\/37\/2019\/04\/Imagen-4-675x325.png\" height=\"325\" width=\"675\" alt=\"\" class=\"slider-1087 slide-1094 msDefaultImage\" title=\"Imagen 4\" \/><\/li>\n                <li style=\"display: none; width: 100%;\" class=\"slide-1092 ms-image \" aria-roledescription=\"slide\" data-date=\"2019-04-01 16:17:15\" data-filename=\"Imagen-5-1-675x325.png\" data-slide-type=\"image\"><img loading=\"lazy\" decoding=\"async\" src=\"https:\/\/wp.icmm.csic.es\/ms-mm\/wp-content\/uploads\/sites\/37\/2019\/04\/Imagen-5-1-675x325.png\" height=\"325\" width=\"675\" alt=\"\" class=\"slider-1087 slide-1092 msDefaultImage\" title=\"Imagen 5\" \/><\/li>\n                <li style=\"display: none; width: 100%;\" class=\"slide-1088 ms-image \" aria-roledescription=\"slide\" data-date=\"2019-04-01 16:17:11\" data-filename=\"Imagen-2-1-675x325.png\" data-slide-type=\"image\"><img loading=\"lazy\" decoding=\"async\" src=\"https:\/\/wp.icmm.csic.es\/ms-mm\/wp-content\/uploads\/sites\/37\/2019\/04\/Imagen-2-1-675x325.png\" height=\"325\" width=\"675\" alt=\"\" class=\"slider-1087 slide-1088 msDefaultImage\" title=\"Imagen 2\" \/><\/li>\n            <\/ul>\n        <\/div>\n        \n    <\/div>\n<\/div><\/div>\r\n\r\n\r\n<hr class=\"wp-block-separator\">\r\n<p><strong>Publication list from 2015<\/strong><\/p>\r\n<p><strong>2020<\/strong><\/p>\r\n<div class=\"page\" title=\"Page 1\">\r\n<div class=\"section\">\r\n<div class=\"layoutArea\">\r\n<div class=\"column\">\r\n<div class=\"page\" title=\"Page 1\">\r\n<div class=\"layoutArea\">\r\n<div class=\"column\">\r\n<ol>\r\n<li><strong>Study of the versatility of CuBTC@IL-derived materials for heterogeneous catalysis<\/strong> Edurne S. Larrea, Roberto Ferna\u0301ndez de Luis, Arkaitz Fidalgo-Marijuan, Eva M. Maya, Marta Iglesias and Maria I. Arriortua CrystEngComm, 2020, 22, 2904\r\n<li><strong>Effective Approach toward Conjugated Porous Organic Frameworks Based on Phenanthrene Building Blocks: Metal-Free Heterogeneous Photocatalysts<\/strong> Cristina Monterde, Mercedes Pintado-Sierra, Rodrigo Navarro, Fel\u0301ix San\u0301chez,* and MartaIglesias ACS Appl. Mater. Interfaces 2020, 12, 15108\u221215114<\/li>\r\n<li><strong>Iron Phthalocyanine-Knitted Polymers as Electrocatalysts for the Oxygen Reduction<\/strong> Reaction Antonio Valverde-Gonzal\u0301ez, Li Zhi Guan, M.LuisaFerrer,* Marta Iglesias, and Eva M. Maya ACS Appl. Mater. Interfaces 2020&nbsp;&nbsp;<\/li>\r\n<li><strong>Understanding Charge Transfer Mechanism on Effective Truxene- Based Porous Polymers\u2212TiO2 Hybrid Photocatalysts for Hydrogen Evolution<\/strong> AntonioValverde-Gonzal\u0301ez, Carmen G. Lop\u0301ez Calixto, Mariam Barawi,Miguel Gomez-Mendoza, Vi\u0301ctor A. de la Pen\u0303aO\u2019Shea, Marta Liras,*Berta Gom\u0301ez-Lor,*and Marta Iglesias* ACS Appl. Energy Mater. 2020, 3, 4411\u22124420<\/li>\r\n<\/ol>\r\n<p><strong>2019<\/strong><\/p>\r\n<div class=\"page\" title=\"Page 1\">\r\n<div class=\"section\">\r\n<div class=\"layoutArea\">\r\n<div class=\"column\">\r\n<div class=\"page\" title=\"Page 1\">\r\n<div class=\"layoutArea\">\r\n<div class=\"column\">\r\n<ol>\r\n<ol start=\"5\">\r\n<li><b><b>Effect of the Linkage Position on the Conjugation Length of Truxene-Based Porous Polymers: Implications for Their Sensing Performance of Nitroaromatics <\/b><\/b>MarceloEcheverri, SergioGam\u0301ez-Valenzuela, Rafael C. Gonzalez-Cano, Jordy Guadalupe, SandraCortijo Campos, Juan Teodomiro Lop\u0301ez Navarrete,MartaIglesias,*M. Carmen Ruiz Delgado,* BertaGom\u0301ez-Lor Chemistry of Materials, 2019, 31, 6971-6978<\/li>\r\n<li><strong>A step forward in solvent knitting strategies: ruthenium and gold phosphine complex polymerization results in effective heterogenized catalysts&nbsp;<\/strong>Antonio Valverde-Gonza\u0301lez, Gwendoline Marchal, Eva M. Maya * and Marta Iglesias* Catalysis Science &amp; Technology 2019, 9, 4552<\/li>\r\n<li><strong>Adamantyl-BINOL as platform for chiral porous polymer aromatic frameworks. Multiple applications as recyclable catalysts <\/strong>Cristina Monterde, Rodrigo Navarro, Marta Iglesias,* and Fe\u0301lix Sa\u0301nchez* Journal of Catalysis, 2019, 288, 609<\/li>\r\n<li><strong>Fluorine-Phenanthroimidazole Porous Organic Polymer: Efficient Microwave Synthesis and Photocatalytic Activity<\/strong> Cristina Monterde, Rodrigo Navarro, Marta Iglesias,* and Fe\u0301lix Sa\u0301nchez ACS Appl. Mater. Interfaces, 2019 DOI: 10.1021\/acsami.8b18053<\/li>\r\n<li><strong>New poly(ionic liquid)s based on poly(azomethine-pyridinium) salts and its use as heterogeneous catalysts for CO<sub>2<\/sub> conversion<\/strong> Eva M. Maya, Ester Verde-Sesto, Daniele Mantione, Marta Iglesias, David Mecerreyes European Polymer Journal 2019, doi: 10.1016\/j.eurpolymj.2018.07.030<\/li>\r\n<li><strong>Bromine pre-functionalized porous polyphenylenes: New platforms for one-step grafting and applications in reversible CO<sub>2<\/sub> capture<\/strong>S. Sanz-P\u00e9rez, L. Rodr\u00edguez-Jard\u00f3n, A. Arencibia, R. Sanz, M. Iglesias, E.M. Maya Journal of CO\u2082 Utilization 2019, 30, 183\u2013192 DOI: 10.1016\/j.jcou.2019.02.005<\/li>\r\n<li><strong>Anionic and neutral 2D indium metal\u2013organic frameworks as catalysts for the Ugi one-pot multicomponent reaction<\/strong> Daniel Reinares-Fisac, Lina M Aguirre-D\u00edaz, Marta Iglesias, Enrique Guti\u00e9rrez-Puebla, Felipe G\u00e1ndara and M. \u00c1ngeles Monge Dalton Trans., 2019, 48, 2988-2995 DOI: 10.1039\/c8dt04977g<\/li>\r\n<\/ol>\r\n<p>&nbsp;<\/p>\r\n<p><strong>2018<\/strong><\/p>\r\n<ol start=\"12\">\r\n<li><strong>Accessible Microwave Synthetized Conjugated Poly(Azomethine-Pyridine) Network and Its Metal Complexes for CO<sub>2 <\/sub>Conversion<\/strong> Mari Anne Brivary, M\u00f3nica G\u00f3mez, Marta Iglesias, Eva M. Maya Journal of Polymer Science, Part A: Polymer Chemistry 2018, 56, 1946\u20131952<\/li>\r\n<li><strong>Efficient Rare-Earth-Based Coordination Polymers as Green Photocatalysts for the Synthesis of Imines at Room Temperature<\/strong> Lina M. Aguirre-D\u00edaz, Natalia Snejko, Marta Iglesias, Fe\u0301lix Sa\u0301nchez, Enrique Gutie\u0301rrez-Puebla, and M. A\u0301ngeles Monge Inorg. 2018, DOI: 10.1021\/acs.inorgchem.8b00465<\/li>\r\n<li><strong>Double role of metalloporphyrins in catalytic bioinspired supramolecular metal\u2013organic frameworks (SMOFs)<\/strong> Arkaitz Fidalgo-Marijuan, Eder Amayuelas, Gotzone Barandika, Edurne S. Larrea, Bego\u00f1a Baz\u00e1n, Miren Karmele Urtiaga, Marta Iglesias and Mar\u00eda Isabel Arriortua IUCrJ, 2018, 5, 559\u2013568<\/li>\r\n<li><strong>Truxene-based porous polymers: from synthesis to catalytic <\/strong>activityJordy Guadalupe, Ana M. Ray, Eva M. Maya, Berta G\u00f3mez-Lor and Marta Iglesias* Polym. , 2018, 9, 4585<\/li>\r\n<li><strong>Efficient cycloaddition of CO<sub>2<\/sub> to epoxides using novel heterogeneous organocatalysts based on tetramethylguanidine-functionalized porous polyphenylenes<\/strong> Eva M. Maya, Elizabeth Rangel-Rangel, Urbano D\u00edaz, Marta Iglesias*, Journal of CO\u2082 Utilization 2018, 25 170\u2013179.<\/li>\r\n<li><strong>\u201cExploring physical and chemical properties in new multifunctional indium-, bismuth-, and zinc-based 1D and 2D coordination polymers\u201d<\/strong> E. Gomez, R. F. D\u2019vries, D. F. Lionello, L. M. Aguirre-D\u00edaz, F M. Spinosa, C. S. Costa, M. C. Fuertes, R. A. Pizarro, A. M. Kaczmarek, J. Ellena, Rozes, M. Iglesias, R. Van Deun, C. S\u00e1nchez, M. A. Monge and G. J. A. A. Soler-Illia Dalton Trans., 2018, 47,1808 DOI: 10.1039\/c7dt04287f.<\/li>\r\n<li><strong>\u201cReadily Available Highly Active [Ti]-Adamantyl-BINOL Catalysts for the Enantioselective Alkylation of Aldehydes<\/strong>\u201c Rodrigo Navarro, Cristina Monterde, Marta Iglesias,* and Fe\u0301lix Sa\u0301nchez ACS Omega 2018, 3, 1197\u22121200 DOI: 10.1021\/acsomega.7b02013<\/li>\r\n<\/ol>\r\n<p><strong>&nbsp;<\/strong><\/p>\r\n<p><strong>2017<\/strong><\/p>\r\n<ol start=\"19\">\r\n<li><strong>\u201cEfficient and Reusable Metal Heterogeneous Catalysts for Conversion of CO<sub>2<\/sub> Prepared from a Microwave Synthetized Porous Polyiminopyridine\u201d <\/strong>Eva M. Maya, Mar\u00eda Gonz\u00e1lez-Lucas, Marta Iglesias ChemistrySelect 2017, 2, 9516 \u2013 9522 DOI: 10.1002\/slct.201702077.<\/li>\r\n<li>\u201c<strong>Synthesis of polyesters by an efficient heterogeneous phosphazene (P1)-Porous Polymeric Aromatic Framework catalyzed-Ring Opening Polymerization of lactones\u201d <\/strong>Marta Liras, Ester Verde-Sesto, Marta Iglesias*, F\u00e9lix S\u00e1nchez, European Polymer Journal 2017, 95, 775-784, <a href=\"https:\/\/doi.org\/10.1016\/j.eurpolymj.2017.04.007\">DOI: 10.1016\/j.eurpolymj.2017.04.007<\/a><\/li>\r\n<li><strong>\u201cStudy of Superbase-Based Deep Eutectic Solvents as the Catalyst in the Chemical Fixation of CO<sub>2<\/sub> into Cyclic Carbonates under Mild Conditions\u201d <\/strong>Sara Garc\u00eda-Arg\u00fcelles, Maria Luisa Ferrer, Marta Iglesias, Francisco Del Monte and Mar\u00eda Concepci\u00f3n Guti\u00e9rrez <em>Materials <\/em>2017, 10, 759.<\/li>\r\n<li><strong>\u201cGroup 13th metal-organic frameworks and their role in heterogeneous catalysis\u201d<\/strong> Lina Mar\u00eda Aguirre-D\u00edaz, Daniel Reinares-Fisac, Marta Iglesias, Enrique Guti\u00e9rrez-Puebla, Felipe G\u00e1ndara, Natalia Snejko, M. \u00c1ngeles Monge <em>Coordination Chemistry Reviews<\/em> 2017, 335, 1-27. DOI:1016\/j.ccr.2016.12.003<\/li>\r\n<li><strong>\u201cPluronic-assisted hydrothermal synthesis of microporous polyimides. Application as supports for heterogenized transition metal catalysts\u201d<\/strong> Elizabeth Rangel-Rangel, Jens Weber, Jose G. de la Campa, Marta Iglesias,* Eva M. Maya <em>Microporous and Mesoporous Materials<\/em> 2017, 239 287-295. DOI: 1016\/j.micromeso.2016.10.029.<\/li>\r\n<\/ol>\r\n<p><strong>&nbsp;<\/strong><\/p>\r\n<p><strong>2016<\/strong><\/p>\r\n<ol start=\"24\">\r\n<li><strong>\u201cSynthesis of bimetallic Zr(Ti)-naphthalendicarboxylate MOFs and their properties as Lewis acid catalysis\u201d <\/strong>Antonia M. Rasero-Almansa, Marta Iglesias*, F\u00e9lix S\u00e1nchez <em>RSC Adv.,<\/em> 2016, 6, 106790-106797. DOI: 10.1039\/c6ra23143h<\/li>\r\n<li><strong>\u201cA deprotection strategy of a BODIPY conjugated porous polymer to obtain a heterogeneous (dipyrrin)(bipyridine)ruthenium(II) visible light photocatalyst\u201d <\/strong>Marta Liras, Mercedes Pintado-Sierra, Marta Iglesias and F\u00e9lix S\u00e1nchez <em> Mater. Chem. A<\/em>, 2016, 4, 17274 \u201317278. DOI: 10.1039\/c6ta07696c.<\/li>\r\n<li>\u201c<strong>A Mesoporous Indium Metal\u2212Organic Framework: Remarkable Advances in Catalytic Activity for Strecker Reaction of Ketones\u201d<\/strong> Reinares-Fisac, L. M. Aguirre-D\u00edaz, M. Iglesias, N. Snejko, E. Gutie\u0301rrez-Puebla, M. A\u0301. Monge, F. Ga\u0301ndara<em> J. Am. Chem. Soc.,<\/em> 2016, 138, 9089\u20139092. DOI: 10.1021\/jacs.6b05706<\/li>\r\n<li><strong>\u201cConjugated Microporous Polymers Incorporating BODIPY Moieties as Light-Emitting Materials and Recyclable Visible-Light Photocatalysts\u201d<\/strong> Liras, M. Iglesias, F. Sa\u0301nchez <em>Macromolecules<\/em> 2016, 49, 1666\u22121673. DOI: 10.1021\/acs.macromol.5b02511.<\/li>\r\n<li><strong>\u201cPorous aromatic frameworks (PAFs) as efficient supports for N-heterocyclic carbene catalysts.\u201d <\/strong>Elizabeth Rangel-Rangel, Ester Verde-Sesto, Antonia M. Rasero-Almansa, Marta Iglesias*, F\u00e9lix S\u00e1nchez. <em> Sci. Technol. <\/em>2016, 6, 6037\u20136045. DOI: 10.1039\/c6cy00597g<\/li>\r\n<li><strong>\u201cPolyiminopyridines based networks as supports to heterogenize iron(II) complexes. Application as efficient and selective ecofriendly catalysts\u201d. <\/strong>Eva M. Maya, Ester Verde-Sesto, Jos\u00e9 G. de la Campa, Marta Iglesias* <em>ChemistrySelect<\/em> 2016, 3, 396 \u2013402. DOI: 10.1002\/slct.201600105<\/li>\r\n<li><strong>\u201cPost-functionalized Porous Polymer Aromatic Frameworks with an Organocatalyst and a Transition Metal Catalyst for Tandem Condensation-Hydrogenation Reactions\u201d <\/strong>Ester Verde-Sesto, Est\u00edbaliz Merino, Elizabeth Rangel-Rangel, Avelino Corma, Marta Iglesias*, F\u00e9lix S\u00e1nchez <em>ACS Sustainable Chemistry &amp; Engineering<\/em> 2016, DOI: 10.1021\/acssuschemeng.5b01147<\/li>\r\n<li><strong>\u201cSynchronising Substrate Activation Rates in Multi-Component Reactions with Metal-Organic Framework Catalysts\u201d. <\/strong>Lina M. Aguirre-D\u00edaz, Marta Iglesias, Natalia Snejko, Enrique Guti\u00e9rrez-Puebla and M. \u00c1ngeles Monge <em>Chemistry &#8211; A European Journal<\/em> 2016, 22, 6654 \u2013 6665. Doi: 10.1002\/chem.201504576<\/li>\r\n<li><strong>\u201cPhotoluminescence, Unconventional-Range Temperature Sensing, and Efficient Catalytic Activities of Lanthanide Metal\u2013Organic Frameworks\u201d <\/strong>Germ\u00e1n E. Gomez, Anna M. Kaczmarek, Rik Van Deun, Elena V. Brusau, Griselda E. Narda, Daniel Vega, Marta Iglesias, Enrique Gutierrez-Puebla, and M. \u00c1ngeles Monge <em> J. Inorg. Chem<\/em>. 2016, 1577\u20131588 DOI: 10.1002\/ejic.201501402<\/li>\r\n<\/ol>\r\n<p><strong>&nbsp;<\/strong><\/p>\r\n<p><strong>2015<\/strong><\/p>\r\n<ol start=\"33\">\r\n<li><strong>Palladium-heterogenized Porous Polyimides Materials as Effective and Recyclable Catalysts for reactions in Water\u201d<\/strong> Rangel Rangel, E. M. Maya, F. S\u00e1nchez, J. G. de la Campa and M. Iglesias*, <em>Green Chem.<\/em> <strong>17<\/strong> (2015) 466\u2013473. DOI: 10.1039\/c4gc01326c<\/li>\r\n<li><strong>\u201cHeterogeneous catalytic properties of unprecedented \u03bc-O-[FeTCPP]<sub>2<\/sub> dimers (H<sub>2<\/sub>TCPP = meso-tetra(4-carboxyphenyl)porphyrin): an unusual superhyperfine EPR structure\u201d <\/strong>Arkaitz Fidalgo-Marijuan, Gotzone Barandika, Bego\u00f1a Baz\u00e1n, Miren Karmele Urtiaga, Edurne S. Larrea, Marta Iglesias, Luis Lezama, and Mar\u00eda Isabel Arriortua <em>Dalton Trans<\/em>., <strong>44<\/strong> (2015) 213\u2013222. DOI: 10.1039\/c4dt02250e<\/li>\r\n<li><strong>Toward understanding of structure-catalyst activity relationship of new Indium MOFs as catalysts for the solvent-free ketones cyanosilylation <\/strong>Lina Mar\u00eda Aguirre-D\u00edaz, Marta Iglesias, Natalia Snejko, Enrique Guti\u00e9rrez-Puebla and M. \u00c1ngeles Monge <em>RSC Adv.<\/em><strong> 5 <\/strong>(2015) 7058\u20137065. DOI: 10.1039\/c4ra13924k<\/li>\r\n<li><strong>\u201cTunable Catalytic Activity of Solid Solution Metal\u2212Organic Frameworks in One-Pot Multicomponent Reactions\u201d <\/strong>Lina Mar\u00eda Aguirre-D\u00edaz, Felipe Ga\u0301ndara, Marta Iglesias, Natalia Snejko, Enrique Gutie\u0301rrez-Puebla, and M. A\u0301ngeles Monge <em> Am. Chem. Soc<\/em>. 2015, 137, 6132\u22126135, DOI: 10.1021\/jacs.5b02313.<\/li>\r\n<li><strong>\u201c[NaCu(2,4-HPdc)(2,4-Pdc)] Mixed Metal\u2013Organic Framework as a Heterogeneous Catalyst\u201d <\/strong>Edurne S. Larrea, Roberto Fern\u00e1ndez de Luis, Joseba Orive, Marta Iglesias, and Mar\u00eda I. Arriortua <em> J. Inorg. Chem<\/em>. 2015, 4699-4707, DOI:10.1002\/ejic.201500431.<\/li>\r\n<\/ol>\r\n<\/div>\r\n<\/div>\r\n<\/div>\r\n<\/div>\r\n<\/div>\r\n<\/div>\r\n<\/div>","protected":false},"excerpt":{"rendered":"<p>Marta.iglesias@icmm.csic.es Multifunctional Catalysts Materials: Hybrid organo-inorganic Organic Bifunctional materials Multimetal Acid-base Base-metal Publication list from 2015 2020 Study of the versatility of CuBTC@IL-derived materials for heterogeneous catalysis Edurne S. Larrea, Roberto Ferna\u0301ndez de Luis, Arkaitz Fidalgo-Marijuan, Eva M. Maya, Marta<\/p>\n","protected":false},"author":67,"featured_media":0,"parent":21,"menu_order":0,"comment_status":"closed","ping_status":"closed","template":"","meta":{"ngg_post_thumbnail":0,"footnotes":""},"class_list":["post-1064","page","type-page","status-publish","hentry"],"_links":{"self":[{"href":"https:\/\/wp.icmm.csic.es\/ms-mm\/wp-json\/wp\/v2\/pages\/1064","targetHints":{"allow":["GET"]}}],"collection":[{"href":"https:\/\/wp.icmm.csic.es\/ms-mm\/wp-json\/wp\/v2\/pages"}],"about":[{"href":"https:\/\/wp.icmm.csic.es\/ms-mm\/wp-json\/wp\/v2\/types\/page"}],"author":[{"embeddable":true,"href":"https:\/\/wp.icmm.csic.es\/ms-mm\/wp-json\/wp\/v2\/users\/67"}],"replies":[{"embeddable":true,"href":"https:\/\/wp.icmm.csic.es\/ms-mm\/wp-json\/wp\/v2\/comments?post=1064"}],"version-history":[{"count":22,"href":"https:\/\/wp.icmm.csic.es\/ms-mm\/wp-json\/wp\/v2\/pages\/1064\/revisions"}],"predecessor-version":[{"id":1113,"href":"https:\/\/wp.icmm.csic.es\/ms-mm\/wp-json\/wp\/v2\/pages\/1064\/revisions\/1113"}],"up":[{"embeddable":true,"href":"https:\/\/wp.icmm.csic.es\/ms-mm\/wp-json\/wp\/v2\/pages\/21"}],"wp:attachment":[{"href":"https:\/\/wp.icmm.csic.es\/ms-mm\/wp-json\/wp\/v2\/media?parent=1064"}],"curies":[{"name":"wp","href":"https:\/\/api.w.org\/{rel}","templated":true}]}}