{"id":1246,"date":"2025-02-04T19:49:33","date_gmt":"2025-02-04T19:49:33","guid":{"rendered":"https:\/\/wp.icmm.csic.es\/ms-mm\/?page_id=1246"},"modified":"2026-02-05T11:31:26","modified_gmt":"2026-02-05T11:31:26","slug":"funding","status":"publish","type":"page","link":"https:\/\/wp.icmm.csic.es\/ms-mm\/funding\/","title":{"rendered":"Funding"},"content":{"rendered":"<p><b>Materiales H\u00edbridos Multifuncionales Hechos a Medida a Partir de Unidades de Construcci\u00f3n Singulares: Enfoques Integradores para Aplicaciones Ambientales<\/b><\/p>\n<p>PID2020-112590GB-C22<\/p>\n<p>Financiado por:&nbsp;<\/p>\n<p><img loading=\"lazy\" decoding=\"async\" class=\"alignnone wp-image-1247\" src=\"https:\/\/wp.icmm.csic.es\/ms-mm\/wp-content\/uploads\/sites\/37\/2025\/02\/MICIUAEI-300x74.jpg\" alt=\"\" width=\"300\" height=\"74\" srcset=\"https:\/\/wp.icmm.csic.es\/ms-mm\/wp-content\/uploads\/sites\/37\/2025\/02\/MICIUAEI-300x74.jpg 300w, https:\/\/wp.icmm.csic.es\/ms-mm\/wp-content\/uploads\/sites\/37\/2025\/02\/MICIUAEI-1024x251.jpg 1024w, https:\/\/wp.icmm.csic.es\/ms-mm\/wp-content\/uploads\/sites\/37\/2025\/02\/MICIUAEI-768x189.jpg 768w, https:\/\/wp.icmm.csic.es\/ms-mm\/wp-content\/uploads\/sites\/37\/2025\/02\/MICIUAEI-1536x377.jpg 1536w, https:\/\/wp.icmm.csic.es\/ms-mm\/wp-content\/uploads\/sites\/37\/2025\/02\/MICIUAEI-2048x503.jpg 2048w\" sizes=\"auto, (max-width: 300px) 100vw, 300px\" \/><\/p>\n<p>&nbsp;<\/p>\n<p><b>Dise\u00f1o Sin\u00e9rgico de MOFs Multimet\u00e1licos: Estrategias Experimentales y Computacionales para Desaf\u00edos en Sostenibilidad<\/b><\/p>\n<p>PID2024-162143NB-I00<\/p>\n<p><b>Materiales Porosos Org\u00e1nicos e H\u00edbridos Integrados en Procesos Cataliticos y Nanotecnol\u00f3gicos Dirigidos a la Obtenci\u00f3n de Compuestos de Alto Valor A\u00f1adido<\/b><\/p>\n<p><b> <\/b>PID2023-146114NB-C22<\/p>\n<p>Financiados por:&nbsp;<\/p>\n<p><img loading=\"lazy\" decoding=\"async\" class=\"alignnone wp-image-1248\" src=\"https:\/\/wp.icmm.csic.es\/ms-mm\/wp-content\/uploads\/sites\/37\/2025\/02\/MICIUCofinanciadoAEI-300x58.jpg\" alt=\"\" width=\"383\" height=\"74\" srcset=\"https:\/\/wp.icmm.csic.es\/ms-mm\/wp-content\/uploads\/sites\/37\/2025\/02\/MICIUCofinanciadoAEI-300x58.jpg 300w, https:\/\/wp.icmm.csic.es\/ms-mm\/wp-content\/uploads\/sites\/37\/2025\/02\/MICIUCofinanciadoAEI-1024x198.jpg 1024w, https:\/\/wp.icmm.csic.es\/ms-mm\/wp-content\/uploads\/sites\/37\/2025\/02\/MICIUCofinanciadoAEI-768x149.jpg 768w, https:\/\/wp.icmm.csic.es\/ms-mm\/wp-content\/uploads\/sites\/37\/2025\/02\/MICIUCofinanciadoAEI-1536x298.jpg 1536w, https:\/\/wp.icmm.csic.es\/ms-mm\/wp-content\/uploads\/sites\/37\/2025\/02\/MICIUCofinanciadoAEI-2048x397.jpg 2048w\" sizes=\"auto, (max-width: 383px) 100vw, 383px\" \/><\/p>\n<p>&nbsp;<\/p>\n<p><strong>Cat\u00e1lisis Solar para un Futuro de Energ\u00eda Renovable<\/strong><\/p>\n<p>PLEC2021-007906 (SOLFuture)<\/p>\n<p>Financiado por:<\/p>\n<p><img loading=\"lazy\" decoding=\"async\" class=\"alignnone wp-image-1244\" src=\"https:\/\/wp.icmm.csic.es\/ms-mm\/wp-content\/uploads\/sites\/37\/2025\/02\/MICIUNextGPRTRAEI.jpg\" alt=\"\" width=\"463\" height=\"74\"><\/p>\n<p><strong>Covalent and Metalorganic Frameworks for water purification of pharmaceutical contaminants<\/strong><\/p>\n<p>TEC-2024\/ECO-332 (CMOFs4Water)<\/p>\n<p>Financiado por:<\/p>\n<p><img loading=\"lazy\" decoding=\"async\" class=\"wp-image-1308 alignleft\" src=\"https:\/\/wp.icmm.csic.es\/ms-mm\/wp-content\/uploads\/sites\/37\/2025\/02\/Logotipo_del_Gobierno_de_la_Comunidad_de_Madrid.svg_-231x300.png\" alt=\"\" width=\"136\" height=\"177\" srcset=\"https:\/\/wp.icmm.csic.es\/ms-mm\/wp-content\/uploads\/sites\/37\/2025\/02\/Logotipo_del_Gobierno_de_la_Comunidad_de_Madrid.svg_-231x300.png 231w, https:\/\/wp.icmm.csic.es\/ms-mm\/wp-content\/uploads\/sites\/37\/2025\/02\/Logotipo_del_Gobierno_de_la_Comunidad_de_Madrid.svg_.png 591w\" sizes=\"auto, (max-width: 136px) 100vw, 136px\" \/><\/p>\n","protected":false},"excerpt":{"rendered":"<p>Materiales H\u00edbridos Multifuncionales Hechos a Medida a Partir de Unidades de Construcci\u00f3n Singulares: Enfoques Integradores para Aplicaciones Ambientales PID2020-112590GB-C22 Financiado por:&nbsp; &nbsp; Dise\u00f1o Sin\u00e9rgico de MOFs Multimet\u00e1licos: Estrategias Experimentales y Computacionales para Desaf\u00edos en Sostenibilidad PID2024-162143NB-I00 Materiales Porosos Org\u00e1nicos e<\/p>\n","protected":false},"author":67,"featured_media":0,"parent":0,"menu_order":7,"comment_status":"closed","ping_status":"closed","template":"","meta":{"ngg_post_thumbnail":0,"footnotes":""},"class_list":["post-1246","page","type-page","status-publish","hentry"],"_links":{"self":[{"href":"https:\/\/wp.icmm.csic.es\/ms-mm\/wp-json\/wp\/v2\/pages\/1246","targetHints":{"allow":["GET"]}}],"collection":[{"href":"https:\/\/wp.icmm.csic.es\/ms-mm\/wp-json\/wp\/v2\/pages"}],"about":[{"href":"https:\/\/wp.icmm.csic.es\/ms-mm\/wp-json\/wp\/v2\/types\/page"}],"author":[{"embeddable":true,"href":"https:\/\/wp.icmm.csic.es\/ms-mm\/wp-json\/wp\/v2\/users\/67"}],"replies":[{"embeddable":true,"href":"https:\/\/wp.icmm.csic.es\/ms-mm\/wp-json\/wp\/v2\/comments?post=1246"}],"version-history":[{"count":6,"href":"https:\/\/wp.icmm.csic.es\/ms-mm\/wp-json\/wp\/v2\/pages\/1246\/revisions"}],"predecessor-version":[{"id":1346,"href":"https:\/\/wp.icmm.csic.es\/ms-mm\/wp-json\/wp\/v2\/pages\/1246\/revisions\/1346"}],"wp:attachment":[{"href":"https:\/\/wp.icmm.csic.es\/ms-mm\/wp-json\/wp\/v2\/media?parent=1246"}],"curies":[{"name":"wp","href":"https:\/\/api.w.org\/{rel}","templated":true}]}}