{"id":1267,"date":"2025-02-05T19:15:01","date_gmt":"2025-02-05T19:15:01","guid":{"rendered":"https:\/\/wp.icmm.csic.es\/ms-mm\/?page_id=1267"},"modified":"2025-02-05T19:15:01","modified_gmt":"2025-02-05T19:15:01","slug":"2018-2014","status":"publish","type":"page","link":"https:\/\/wp.icmm.csic.es\/ms-mm\/publications\/2018-2014\/","title":{"rendered":"2018-2014"},"content":{"rendered":"<h4><span style=\"text-decoration: underline\">2018<\/span><\/h4>\n<p><strong>Accessible Microwave Synthetized Conjugated Poly(Azomethine-Pyridine)&nbsp;<\/strong><strong>Network and Its Metal Complexes for CO<sub>2<\/sub> Conversion<\/strong><br \/>\nM. A. Brivary, M. G\u00f3mez, M. Iglesias, E. M. Maya<br \/>\n<em>Journal of Polymer Science, Part A: Polymer Chemistry<\/em> <em>2018, 56, 1946\u20131952<\/em><\/p>\n<p style=\"text-align: left\"><strong>Double role of metalloporphyrins in catalytic bioinspired&nbsp;<\/strong><strong>supramolecular metal\u2013organic frameworks (SMOFs)<\/strong><br \/>\nA. Fidalgo-Marijuan, E. Amayuelas, G. Barandika, E. S. Larrea, B. Baz\u00e1n, M. K. Urtiaga, M. Iglesias, M. I. Arriortua<br \/>\n<em>IUCrJ, 2018, 5, 559\u2013568<\/em><\/p>\n<p style=\"text-align: left\"><strong>Truxene-based porous polymers: from synthesis to&nbsp;catalytic activity<\/strong><br \/>\nJ. Guadalupe, A. M. Ray, E. M. Maya, B. G\u00f3mez-Lor,&nbsp;M. Iglesias<br \/>\n<em>Polymer Chemistry, 2018, 9, 4585<\/em><\/p>\n<p><strong><span style=\"line-height: 1.5em\">A Series of Metal\u2013Organic Frameworks for Selective CO<sub>2<\/sub> Capture and Catalytic Oxidative Carboxylation of Olefins<\/span><\/strong><br \/>\nH. T. D. Nguyen, Y. B. N. Tran, H. N. Nguyen, T. C. Nguyen, F. G\u00e1ndara, P. T. K. Nguyen<br \/>\n<em>Inorganic Chemistry, 2018,&nbsp;<\/em><i>57<\/i> (21), 13772-13782<\/p>\n<p>&nbsp;<\/p>\n<p><strong><span style=\"line-height: 1.5em\">Metal\u2010organic Frameworks Incorporating Multiple Metal Elements<\/span><\/strong><br \/>\nC. Castillo-Blas, F. G\u00e1ndara<br \/>\n<em>Israel Journal of Chemistry, 2018,&nbsp;<\/em><i>58<\/i> (9), 1036-1043.&nbsp;<\/p>\n<p>&nbsp;<\/p>\n<p><strong><span style=\"line-height: 1.5em\">Covalent organic nanosheets for bioimaging <\/span><\/strong><br \/>\nG. Das, F. Benyettou, S. K. Sharama, T. Prakasam, F. G\u00e1ndara, V. A. de la Pe\u00f1a-O&#8217;Shea, N. Saleh, R. Pasricha, R. Jagnnathan, M. A. Olson, A. Trabolsi<br \/>\n<em>Chemical Science, 2018,&nbsp;<\/em><i>9<\/i> (44), 8382-8387.<\/p>\n<p>&nbsp;<br \/>\n&nbsp;<strong><span style=\"line-height: 1.5em\">Purification of Uranium\u2010based Endohedral Metallofullerenes (EMFs) by Selective Supramolecular Encapsulation and Release<\/span><\/strong><br \/>\nC. Fuertes\u2010Espinosa, A. G\u00f3mez\u2010Torres, R. Morales\u2010Mart\u00ednez, A. Rodr\u00edguez\u2010Fortea, C. Garc\u00eda\u2010Sim\u00f3n, F. G\u00e1ndara, I. Imaz, J. Juanhuix, D. Maspoch, J. M. Poblet, L. Echegoyen, X. Ribas<br \/>\n<em>Angewandte Chemie International Edition, 2018, 57, 11294-11299<\/em><br \/>\n&nbsp;<\/p>\n<p><strong><span style=\"line-height: 1.5em\">Synthesis, structure and magnetic investigations of dinuclear lanthanide complexes based on 2-ethoxycinnamate <\/span><\/strong><br \/>\nA. Zouzou, A. Beghidja, J. Long, C. Beghidja, F. G\u00e1ndara, Y. Guari, J. Larionova<br \/>\n<em>Dalton Transactions, 2018, 47, 13647-13656<\/em><\/p>\n<p><strong><span style=\"line-height: 1.5em\">Efficient Rare-Earth-Based Coordination Polymers as Green Photocatalysts for the Synthesis of Imines at Room Temperature<\/span><\/strong><br \/>\nL.M. Aguirre-D\u00edaz, N. Snejko, M. Iglesias, F. S\u00e1nchez, E. Guti\u00e9rrez-Puebla, and M. A. Monge<br \/>\n<em>Inorganic Chemistry 2018, DOI: 10.1021\/acs.inorgchem.8b00465<\/em><br \/>\n&nbsp;<\/p>\n<p><strong><span style=\"line-height: 1.5em\">Efficient cycloaddition of CO<sub>2<\/sub> to epoxides using novel heterogeneous organocatalysts based on tetramethylguanidine-functionalized porous polyphenylenes<\/span><\/strong><br \/>\nE. M.Maya, E. Rangel-Rangela, U. D\u00edaz, M. Iglesias<br \/>\n<em>Journal of CO<sub>2<\/sub> Utilization, 2018, 25, 170-179<\/em><br \/>\n&nbsp;<\/p>\n<p><strong><span style=\"line-height: 1.5em\">Readily Available Highly Active [Ti]-Adamantyl-BINOL Catalysts for<br \/>\nthe Enantioselective Alkylation of Aldehydes<\/span><\/strong><br \/>\nR. Navarro, C. Monterde, M. Iglesias, F. Sa\u0301nchez<br \/>\n<em>ACS Omega 2018, 3, 1197-1200<\/em><br \/>\n&nbsp;<\/p>\n<p><strong><span style=\"line-height: 1.5em\">Single-Crystal-to-Single-Crystal Postsynthetic Modification of a Metal\u2013Organic Framework via Ozonolysis<\/span><\/strong><br \/>\nJ. Albalad, H. Xu, F. G\u00e1ndara, M. Haouas, C. Martineau-Corcos, R. Mas-Ballest\u00e9, S. A. Barnett, J. Juanhui, I. Imaz, and D. Maspoch<br \/>\n<em>Journal of the American Chemical Society 2018, 140, 2028-2031<\/em><br \/>\n&nbsp;<\/p>\n<p><strong><span style=\"line-height: 1.5em\">Exploring physical and chemical properties in new multifunctional indium-, bismuth-, and zinc-based 1D and 2D coordination polymers <\/span><\/strong><br \/>\nG. E. Gomez, R. F. D&#8217;vries, D. F. Lionello, L. M. Aguirre-D\u00edaz, M. Spinosa, C. S. Costa, M. C. Fuertes, R. A. Pizarro, A. M. Kaczmarek, J. Ellena, L. Rozes, M. Iglesias, R. Van Deun, C. Sanchez, M. A. Monge, G. J. A. A. Soler-Illia<br \/>\n<em>Dalton Transactions 2018, 47, 1808-1818<\/em><br \/>\n&nbsp;<\/p>\n<p><strong><span style=\"line-height: 1.5em\">Solution-processed N-trialkylated triindoles for organic field effect transistors<\/span><\/strong><br \/>\nC. Ru\u00edz, I. Arrechea-Marcos, A. Benito-Hern\u00e1ndez, E. Guti\u00e9rrez-Puebla, M.A. Monge, J.T.L. Navarrete, M.C.R. Delgado, R. P. Ortiz, B. G\u00f3mez-Lor<br \/>\n<em>Journal of Materials Chemistry C 2018, 6, 50-56<\/em><br \/>\n&nbsp;<\/p>\n<p><strong><span style=\"line-height: 1.5em\">Silylated oligomeric poly(ether-azomethine)s from monomers containing biphenyl moieties: synthesis and characterization<\/span><\/strong><br \/>\nA. Tundidor-Camba, C.M. Gonzalez-Henriquez, M. A. Sarabia-Vallejos, L. H. Tagle, R. A. Hauyon, P. A. Sobarzo, A. Gonz\u00e1lez, P. A. Ortiz, E. M. Maya, C. A. Terraza<br \/>\n<em>RSC Advances 2018, 8, 1296-1312<\/em><br \/>\n&nbsp;<\/p>\n<p><strong><span style=\"line-height: 1.5em\">The structure of 2,4,6-tris(1H-pyrazol-1-yl)-1,3,5-triazine in the solid state: on polymorphs, pseudopolymorphs and co-crystals<\/span><\/strong><br \/>\nI. Alkorta, F. Reviriego, J. Elguero, M. A. Monge, E. Guti\u00e9rrez-Puebla<br \/>\n<em>Structural Chemistry 2018, 29, 115-21<\/em><br \/>\n&nbsp;<\/p>\n<p><strong><span style=\"line-height: 1.5em\">New Metal\u2013Organic Frameworks for Chemical Fixation of CO<sub>2<\/sub><\/span><\/strong><br \/>\nP. T. K. Nguyen, H. T. D. Nguyen, H. N. Nguyen, C. A. Trickett, Q. T. Ton, E. Guti\u00e9rrez-Puebla, M. A. Monge, K. E. Cordova, and F. G\u00e1ndara<br \/>\n<em>ACS Applied Materials &amp; Interfaces 2018, 10, 733<\/em><br \/>\n&nbsp;<\/p>\n<p><strong><span style=\"line-height: 1.5em\">Hierarchically porous carbon photonic strucutures<\/span><\/strong><br \/>\nL. K. Gil-Herrera, J. A. Pariente, F. Gallego-G\u00f3mez, F. G\u00e1ndara, B. H. Ju\u00e1rez, \u00c1. Blanco, C. L\u00f3pez,<br \/>\n<em>Advanced Functional Materials 2018, 28, 1703885<\/em><br \/>\n&nbsp;<br \/>\n&nbsp;<\/p>\n<h4><span style=\"text-decoration: underline\">2017<\/span><\/h4>\n<p>&nbsp;<\/p>\n<p><strong><span style=\"line-height: 1.5em\">Sensing properties, energy transfer mechanism and tuneable particle size processing of luminescent two-dimensional rare earth coordination networks<\/span><\/strong><br \/>\nA. A. Godoy, G. E. Gomez, A. M. Kaczmarek, R. Van Deun, O. J. Furlong, F. G\u00e1ndara, M. A. Monge, M. C. Bernini and G. E. Narda.<br \/>\n<em>Journal of Materials Chemistry C, 2017, 5, 12409<\/em><br \/>\n&nbsp;<br \/>\n&nbsp;<\/p>\n<p><strong><span style=\"line-height: 1.5em\">Angstrom-Resolved Metal-Organic Framework-Liquid Interfaces<\/span><\/strong><br \/>\nS. Chiodini, D. Reinares-Fisac, F. M. Espinosa, E. Guti\u00e9rrez-Puebla, A. Monge, F. G\u00e1ndara, R. Garc\u00eda<br \/>\n<em>Scientific Reports, 2017, 7, 11088<\/em><br \/>\n<a href=\"http:\/\/em.rdcu.be\/wf\/click?upn=KP7O1RED-2BlD0F9LDqGVeSIb5GoWeGwf05m0p1EFyMKs-3D_rkdbMC3XeVNdoG1-2BdugtGoUOWPpJYXj-2BIWCsfiCgKolwzrm9WCipbTqmgB4OWTejNIrTuGAm7FkeVmIHWLb0vZWdH3B2amZVV1rs-2F06C9tpk2Hv0Re-2B3ZgFZMb-2F5sMt7adUy-2FJGiAnVgZv-2B6wLZNZSMocv3dSCZ7VExcvZRcaNwMr3Va06aKznpW-2F17wufHakE1nwHz523iBQq94Hg1raHDOMHF3y65Gbj-2FffxXFTkWDHHHJQm9ULFGJ45DHcJXd14aBmoFPM4FtOABFGC5uiQ-3D-3D\">Open access<\/a><br \/>\n&nbsp;<br \/>\n&nbsp;<\/p>\n<p><strong><span style=\"line-height: 1.5em\">A Synthetic Route for Crystals of Woven Structures, Uniform Nanocrystals, and Thin Films of Imine Covalent Organic Frameworks<\/span><\/strong><br \/>\nY. Zhao, L. Guo, F. G\u00e1ndara, Y. Ma, Z. Liu, C. Zhu, H. Lyu, C. A. Trickett, E. A. Kapustin, O. Terasaki, O. M. Yaghi<br \/>\n<em>Journal of the American Chemical Society, 2017, 139, 13166<\/em><br \/>\n&nbsp;<br \/>\n&nbsp;<\/p>\n<p><strong><span style=\"line-height: 1.5em\">Addressed Realization of Multication Complex Arrangements in Metal-Organic Frameworks<\/span><\/strong><br \/>\nC. Castillo-Blas, V. A. de la Pe\u00f1a-O\u00b4Shea, I. Puente-Orench, J. Romero de Paz, R. S\u00e1ez-Puche, E. Guti\u00e9rrez-Puebla, F. G\u00e1ndara, A. Monge<br \/>\n<em>Science Advances, 2017, 3, e1700773<\/em><br \/>\n<a href=\"http:\/\/advances.sciencemag.org\/content\/3\/7\/e1700773\">Open access<\/a><br \/>\n&nbsp;<\/p>\n<p><strong><span style=\"line-height: 1.5em\">Viologen-Based Conjugated Covalent Organic Networks via Zincke Reaction<\/span><\/strong><br \/>\nG. Das, T. Skorjanc, S. K. Sharma, F. G\u00e1ndara, M. Lusi, D. S. Shankar Rao, S. Vimala, S. K. Prasa, J. Raya, D S. Han, R. Jagannathan, J.C. Olsen, A. Trabolsi<br \/>\n<em>Journal of the American Chemical Society, 2017, 139, 9558-9565<\/em><br \/>\n&nbsp;<br \/>\n&nbsp;<\/p>\n<p><strong><span style=\"line-height: 1.5em\">Principles of Designing Extra-Large Pore Openings and Cages in Zeolitic Imidazolate Frameworks<\/span><\/strong><br \/>\nJ. Yang, Y.-B. Zhang, Q. Liu, C. A. Trickett, E. Guti\u00e9rrez-Puebla, M. A. Monge, H. Cong, A. Aldossary, H. Deng, O. M. Yaghi<br \/>\n<em>Journal of the American Chemical Society, 2017, 139, 6448-6455<\/em><br \/>\n&nbsp;<\/p>\n<p><strong><span style=\"line-height: 1.5em\">Group 13th Metal-Organic Frameworks and their Role in Heterogeneous Catalysis<\/span><\/strong><br \/>\nL. M. Aguirre-D\u00edaz, D. Reinares-Fisac, M. Iglesias, E. Guti\u00e9rrez-Puebla, F. G\u00e1ndara, N. Snejko,M. A. Monge,<br \/>\n<em>Coordination Chemistry Reviews, 2017, 335, 1-27<\/em><br \/>\n&nbsp;<br \/>\n&nbsp;<\/p>\n<p><strong><span style=\"line-height: 1.5em\">Pluronic-assisted Hydrothermal Synthesis of Microporous Polyimides. Application as Aupports for Heterogenized Transition Metal Catalysts<\/span><\/strong><br \/>\nE. Rangel-Rangel, J. Weber, J. G. de la Campa, M. Iglesias, E. M. Maya,<br \/>\n<em>Microporous and Mesoporous Materials, 2017, 239, 187-295<\/em><br \/>\n&nbsp;<br \/>\n&nbsp;<br \/>\n&nbsp;<\/p>\n<h4><span style=\"text-decoration: underline\">2016<\/span><\/h4>\n<p><strong><span style=\"line-height: 1.5em\">A deprotection strategy of a BODIPY conjugated porous polymer to obtain a heterogeneous (dipyrrin)(bipyridine)ruthenium(II) visible light photocatalyst<\/span><\/strong><br \/>\nM. Liras, M. Pintado-Sierra, M. Iglesias, F. S\u00e1nchez<br \/>\n<em>Journal of Materials Chemistry A, 2016, 4, 17274-17278<\/em><br \/>\n&nbsp;<br \/>\n&nbsp;<\/p>\n<p><strong><span style=\"line-height: 1.5em\">A Mesoporous Indium Metal\u2013Organic Framework: Remarkable Advances in Catalytic Activity for Strecker Reaction of Ketones<\/span><\/strong><br \/>\nD. Reinares-Fisac, L. M. Aguirre-D\u00edaz, M. Iglesias, N. Snejko, E. Guti\u00e9rrez-Puebla, M. A. Monge, F. G\u00e1ndara<br \/>\n<em>Journal of the American Chemical Society, 2016, 138, 9089<\/em><br \/>\nHighlighted in virtual issue <em><a href=\"http:\/\/pubs.acs.org\/page\/vi\/MOFapplications.html?ref=highlight\">\u00abEmerging Applications of Metal-Organic Frameworks and Covalent-Organic Frameworks\u00bb<\/a><\/em><br \/>\n&nbsp;<br \/>\n&nbsp;<br \/>\n&nbsp;<\/p>\n<p><strong><span style=\"line-height: 1.5em\">Porous aromatic frameworks (PAFs) as efficient supports for N-heterocyclic carbene catalysts<\/span><\/strong><br \/>\nE. Rangel-Rangel, E. Verde-Sesto, A. M. Rasero-Almansa, M. Iglesias, F. S\u00e1nchez<br \/>\n<em>Catalysis Science &amp; Technology, 2016, 6, 6037-6045<\/em><br \/>\n&nbsp;<\/p>\n<p><strong><span style=\"line-height: 1.5em\">Saddle-Shaped Cyclic Indole Tetramers: 3D Electroactive Molecules<\/span><\/strong><br \/>\nC. Ru\u00edz, A. Monge, E. Guti\u00e9rrez-Puebla, I. Alkorta, J. Elguero, J. T. L\u00f3pez Navarrete, M. C. Ru\u00edz Delgado, B. G\u00f3mez Lor<br \/>\n<em>Chemistry, A European Journal, 2016, 22, 10651-10660<\/em><br \/>\n&nbsp;<br \/>\n&nbsp;<\/p>\n<p><strong><span style=\"line-height: 1.5em\">Synchronizing Substrate Activation Rates in Multicomponent Reactions with Metal\u2013Organic Framework Catalysts<\/span><\/strong><br \/>\nL. M. Aguirre-D\u00edas, M. Iglesias, N. Snejko, E. Guti\u00e9rrez-Puebla, M. A. Monge<br \/>\n<em>Chemistry, A European Journal, 2016, 22, 6654<\/em><br \/>\n&nbsp;<br \/>\n&nbsp;<\/p>\n<p><strong><span style=\"line-height: 1.5em\">A Titanium-Organic Framework as an Exemplar of Combining the Chemistry of Metal- and Covalent-Organic Frameworks<\/span><\/strong><br \/>\nH. L. Nguyen, F. G\u00e1ndara, H. Furukawa, T. L. H. Doan, K. E. Cordova, O. M. Yaghi<br \/>\n<em>Journal of the American Chemical Society 2016, 138, 4330<\/em><br \/>\n&nbsp;<\/p>\n<p><strong><span style=\"line-height: 1.5em\">Polyiminopyridines based networks as supports to heterogenize iron(II) complexes. Application as efficient and selective ecofriendly catalysts<\/span><\/strong><br \/>\nE. M. Maya, E. Verde-Sesto, J. G. de la Campa, M. Iglesias<br \/>\n<em>ChemistrySelect 2016, 3, 396<\/em><br \/>\n&nbsp;<br \/>\n&nbsp;<\/p>\n<p><strong><span style=\"line-height: 1.5em\">Conjugated Microporous Polymers Incorporating BODIPY Moieties as Light-Emitting Materials and Recyclable Visible-Light Photocatalysts<\/span><\/strong><br \/>\nM. Liras, M. Iglesias, F. Sa\u0301nchez<br \/>\n<em>Macromolecules 2016, 49, 1666<\/em><br \/>\n&nbsp;<br \/>\n&nbsp;<\/p>\n<p><strong><span style=\"line-height: 1.5em\">Post-functionalized Porous Polymeric Aromatic Frameworks with and Organocatalyst and a Transition Metal Catalyst for Tandem Condensation\u2212Hydrogenation Reactions<\/span><\/strong><br \/>\nE. Verde-Sesto, E. Merino, E. Rangel-Rangel, A. Corma, M. Iglesias, F. S\u00e1nchez<br \/>\n<em>ACS Sustainable Chem. &amp; Eng. 2016, 4, 1078<\/em><br \/>\n&nbsp;<br \/>\n&nbsp;<\/p>\n<p><strong><span style=\"line-height: 1.5em\">Photoluminescence, Unconventional-Range Temperature Sensing, and Efficient Catalytic Activities of Lanthanide Metal\u2013Organic Frameworks<\/span><\/strong><br \/>\nG. E. G\u00f3mez, A. M. Kaczmaker, R. Van Deun, E. V. Brusau, G. E. Narda, D. Vega, M. Igleasias, E. Guti\u00e9rrez-Puebla, M. A. Monge<br \/>\n<em>European Journal of Inorganic Chemistry, 2016, DOI: 10.1002\/ejic.201501402<\/em><br \/>\n&nbsp;<br \/>\n&nbsp;<br \/>\n&nbsp;<\/p>\n<p><strong><span style=\"line-height: 1.5em\">Weaving of Organic Threads into a Crystalline Covalent Organic Framework<\/span><\/strong><br \/>\nY. Liu, Y. Ma, Y. Zhao, X. Sun, F. G\u00e1ndara, H. Furukawa, Z. Liu, H. Zhu, C. Zhu, K. Suenaga, P. Oleynikov, A. S. Alshammari, X. Zhang, O. Terasaki, O. M. Yaghi<br \/>\n<em>Science, 2016, 351, 365<\/em><br \/>\n&nbsp;<br \/>\nPerspective article by E. Guti\u00e9rrez-Puebla:<br \/>\n<a href=\"http:\/\/www.sciencemag.org\/cgi\/rapidpdf\/351\/6271\/336?ijkey=wGIUdyOki2b1s&amp;keytype=ref&amp;siteid=sci\"><strong>\u00abInterlacing Molecular Threads\u00bb<\/strong><\/a><em>Science, 2016, 351, 336<\/em><br \/>\n&nbsp;<br \/>\n&nbsp;<br \/>\n&nbsp;<\/p>\n<p><strong><span style=\"line-height: 1.5em\">Crystal Phase Competition by Addition of Second Metal Cation in Solid Solution Metal-Organic Frameworks<\/span><\/strong><br \/>\nC. Castillo-Blas, N. Snejko, V. A. de la Pe\u00f1a-O&#8217;Shea, J. Gallardo, E. Guti\u00e9rrez-Puebla, M. A. Monge, F. G\u00e1ndara<br \/>\n<em>Dalton Transactions, 2016, 45, 4327<\/em><br \/>\n&nbsp;<br \/>\n&nbsp;<br \/>\n&nbsp;<\/p>\n<h4><span style=\"text-decoration: underline\">2015<\/span><\/h4>\n<p>&nbsp;<\/p>\n<p><strong><span style=\"line-height: 1.5em\">Three-Dimensional Metal-Catecholate Frameworks and their Ultrahigh Proton Conductivity<\/span><\/strong><br \/>\nN. T. T. Nguyen, H. Furukawa, F. G\u00e1ndara, C. A. Trickett, H. M. Jeong, K. E. Cordova, O.M. Yaghi<br \/>\n<em>Journal of the American Chemical Society, 2015, 137, 15394<\/em><br \/>\n&nbsp;<br \/>\n&nbsp;<\/p>\n<p><strong><span style=\"line-height: 1.5em\">Chemistry of Covalent Organic Frameworks<\/span><\/strong><br \/>\nP. J. Waller, F. G\u00e1ndara, O. M. Yaghi<br \/>\n<em>Accounts of Chemical Research, 2015, 48, 3053-3063<\/em><br \/>\n&nbsp;<br \/>\n&nbsp;<\/p>\n<p><strong><span style=\"line-height: 1.5em\">Definitive Molecular Level Characterization of Defects in UiO-66 crystals<\/span><\/strong><br \/>\nC. A. Trickett, K. J. Gagnon, S. Lee, F. G\u00e1ndara, H.-B. B\u00fcrgi, O. M. Yaghi<br \/>\n<em>Angewandte Chemie International Edition, 2015, 54, 11162<\/em><br \/>\n&nbsp;<br \/>\n&nbsp;<\/p>\n<p><strong><span style=\"line-height: 1.5em\">Heterogeneity of functional groups in a metal\u2013organic framework displays magic number ratios<\/span><\/strong><br \/>\nA.C.-H. Sue, R. V. Mannige, H. Deng, D. Cao, C. Wang, F. G\u00e1ndara, J. F. Stoddart, S. Whitelam, and O. M. Yaghi<br \/>\n<em>Proceedings of the National Academy of Sciences, 2015, 112, 5591<\/em><\/p>\n<p><strong><span style=\"line-height: 1.5em\">2D-cadmium MOF and gismondine-like zinc coordination network based on the N-(2-tetrazolethyl)-4&#8242;-glycine linker<\/span><\/strong><br \/>\nA. Salinas-Castillo, A. J. Calahorro, D. Briones, D.Fairen-Jim\u00e9nez, F. G\u00e1ndara, C. Mendicute-Fierro, J. M. Seco, M. P\u00e9rez-Mendoza, B. Fern\u00e1ndez and A. Rodr\u00edguez-Di\u00e9guez<br \/>\n<em>New Journal of Chemistry, 2015, 39, 3982<\/em><br \/>\n&nbsp;<br \/>\n&nbsp;<\/p>\n<p><strong><span style=\"line-height: 1.5em\">Heterogeneous catalytic properties of unprecedented \u03bc-O-[FeTCPP]<sub>2<\/sub> dimers (H<sub>2<\/sub>TCPP = meso-tetra(4-carboxyphenyl)porphyrin): an unusual superhyperfine EPR structure<\/span><\/strong><br \/>\nA. Fidalgo-Marijuan, G. Barandika, B. Baz\u00e1n, M. K. Urtiaga, E. S. Larrea, M. Iglesias, L. Lezama and M. Isabel Arriortua<br \/>\n<em>Dalton Transactions, 2015, 44, 213<\/em><br \/>\n&nbsp;<\/p>\n<p><strong><span style=\"line-height: 1.5em\">Palladium-heterogenized porous polyimide materials as effective and recyclable catalysts for reactions in water<\/span><\/strong><br \/>\nE. E. Rangel Rangel, E. M. Maya, F. S\u00e1nchez, J. G. de la Campa and M. Iglesias<br \/>\n<em>Green Chemistry, 2015, 17, 466<\/em><br \/>\n&nbsp;<\/p>\n<p><strong><span style=\"line-height: 1.5em\">Tunable catalytic activity of solid solution metal-organic frameworks in one-pot multicomponent reactions<\/span><\/strong><br \/>\nL. M. Aguirre-D\u00edaz, F. G\u00e1ndara, M. Iglesias, N. Snejko, E. Guit\u00e9rrez-Puebla and M. A. Monge<br \/>\n<em>Journal of the American Chemical Society, 2015, 137, 6132<\/em><br \/>\n&nbsp;<br \/>\n&nbsp;<\/p>\n<p><strong><span style=\"line-height: 1.5em\">Toward understanding the structure\u2013catalyst activity relationship of new indium MOFs as catalysts for solvent-free ketone cyanosilylation<\/span><\/strong><br \/>\nL. M. Aguirre-D\u00edaz, M. Iglesias, N. Snejko, E. Guit\u00e9rrez-Puebla and M. A. Monge<br \/>\n<em>RSC Advances, 2015, 5, 7058-7065<\/em><br \/>\n&nbsp;<\/p>\n<h4><span style=\"text-decoration: underline\">2014<\/span><\/h4>\n<p><strong><span style=\"line-height: 1.5em\">Unusual Magnetic Behaviors and Electronic Configurations Driven by Diverse Co(II) or Mn(II) MOF Architetures<\/span><\/strong><br \/>\nM. C. Bernini, J. Romero de Paz, N. Snejko, R. S\u00e1ez-Puche, E. Guit\u00e9rrez-Puebla and M. A. Monge<br \/>\n<em>Inorganic Chemistry, 2014, 53, 12885-12895<\/em><br \/>\n&nbsp;<\/p>\n<p><strong><span style=\"line-height: 1.5em\">Crystallography of Metal-Organic Frameworks<\/span><\/strong><br \/>\nF. G\u00e1ndara and T. D. Bennett<br \/>\n<em>IUCrJ, 2014, 1, 563<\/em><br \/>\n<a href=\"http:\/\/dx.doi.org\/10.1107\/S2052252514020351\">Open access<\/a><br \/>\n&nbsp;<br \/>\n&nbsp;<\/p>\n<p><strong><span style=\"line-height: 1.5em\">Enhancing MOF net robustness by successive linker coordination increase. From a hydrogen bonded 2D supramolecular net to a covalent one keeping the topology<\/span><\/strong><br \/>\nR. F. D&#8217;Vries, V. A. de la Pe\u00f1a O&#8217;Shea, A. Benito, N. Snejko, E. Guti\u00e9rrez-Puebla and M. A. Monge<br \/>\n<em>Crystal Growth &amp; Design, 2014, 14, 5227<\/em><br \/>\n&nbsp;<br \/>\n&nbsp;<\/p>\n<p><strong><span style=\"line-height: 1.5em\">Ln-MOF Pseudo-Merohedral Twinned Crystalline Family as Solvent-Free Heterogeneous Catalysts<\/span><\/strong><br \/>\nR. F. D&#8217;Vries, N. Snejko, M, Iglesias, E. Guti\u00e9rrez-Puebla and A. Monge<br \/>\n<em>Crystal Growth &amp; Design, 2014, 14, 2516<\/em><\/p>\n<p>&nbsp;<\/p>\n<p><strong><span style=\"line-height: 1.5em\">First pre-Functionalized Polymeric Aromatic Framework from Nitrotetraiodophenylmethane as Building Block and its Application<\/span><\/strong><br \/>\nE. Verde-Sesto, M. Pintado-Sierra, A. Corma, E. M. Maya, J. G. de la Campa, M. Iglesias, F. S\u00e1nchez<br \/>\n<em>Chemistry, A European Journal, 2014, 20, 5111<\/em><\/p>\n<p>&nbsp;<\/p>\n<p><strong><span style=\"line-height: 1.5em\">Design of bifunctional Iridium-Zr-MOF heterogeneous catalyst for N-alkylation of amines<\/span><\/strong><br \/>\nA. M. Rasero-Almansa, A. Corma, M. Iglesias, and F. S\u00e1nchez<br \/>\n<em>ChemCatChem, 2014, 6, 1794<\/em><\/p>\n<p>&nbsp;<\/p>\n<p><strong><span style=\"line-height: 1.5em\">Reactivity of Coordinatively Unsaturated Bis(N-heterocyclic carbene) Pt(II) Complexes toward H<sub>2<\/sub>. Crystal Structure of a 14-Electron Pt(II) Hydride Complex<\/span><\/strong><br \/>\nO. Rivada-Wheelaghan, M. Rosello-Merino, M.A. Ortuno, P. Vidossich, E. Gutierrez-Puebla, A. Lledos, S. Conejero<br \/>\n<em>Inorganic Chemistry, 2014, 53, 4257<\/em><\/p>\n<p>&nbsp;<\/p>\n<p><strong><span style=\"line-height: 1.5em\">Post-functionalized iridium\u2013Zr-MOF as a promising recyclable catalyst for the hydrogenation of aromatics<\/span><\/strong><br \/>\nA. M. Rasero-Almansa, A. Corma, M. Iglesias, and F. S\u00e1nchez<br \/>\n<em>Green Chemistry, 2014, 16, 3522<\/em><\/p>\n<p>&nbsp;<br \/>\n&nbsp;<br \/>\n&nbsp;<\/p>\n<h4><span style=\"text-decoration: underline\">2013<\/span><\/h4>\n<p>&nbsp;<\/p>\n<p><strong><span style=\"line-height: 1.5em\">Insight into Lewis Acid Catalysis with Alkaline-Earth MOFs:&nbsp;<\/span>The Role of Polyhedral Symmetry Distortions<\/strong><br \/>\nA.E. Platero-Prats, N, Snejko, M, Iglesias, A. Monge and E. Guti\u00e9rrez-Puebla<br \/>\n<em>Chemistry, A European Journal, 2013, 19, 15572<\/em><\/p>\n<p>&nbsp;<br \/>\n&nbsp;<\/p>\n<p><strong>H<sub>3<\/sub>O<sub>2<\/sub>&nbsp;Bridging Ligand in a Metal\u2013Organic Framework. Insight into the Aqua-Hydroxo\u2194Hydroxyl Equilibrium: A Combined Experimental and Theoretical Study<\/strong><br \/>\nR. F. D\u2019Vries, V. A. de la Pe\u00f1a-O\u2019Shea, N. Snejko , M. Iglesias, E. Guti\u00e9rrez-Puebla , and M. A. Monge<br \/>\n<em>Journal of the American Chemical Society, 2013, 135, 5782<\/em><br \/>\n&nbsp;<br \/>\n&nbsp;<\/p>\n<p><strong>Indium Metal\u2013Organic Frameworks as Catalysts in Solvent-free Cyanosilylation Reaction<\/strong><br \/>\nL. M. Aguirre-D\u00edaz, M. Iglesias, N. Snejko, E. Guti\u00e9rrez-Puebla, and M. A. Monge<br \/>\n<em>Crystengcomm, 2013, 15, 9562<\/em><br \/>\n&nbsp;<\/p>\n<p><strong>Multimetal Rare Earth MOFs for Lighting and Thermometry: Tailoring Color and Optimal Temperature Range through Enhanced Disulfobenzoic Triplet Phosphorescence<\/strong><br \/>\nR. F. D&#8217;Vries, S. \u00c1lvarez-Garc\u00eda, N. Snejko, L. E. Baus\u00e1, E. Guti\u00e9rrez-Puebla, A. de Andr\u00e9s, and M. A. Monge<br \/>\n<em>Journal of Materials Chemistry C, 2013, 1, 6316<\/em><br \/>\n&nbsp;<\/p>\n<p><strong>One-pot multifunctional catalysis with (NNN)-Pincer Zr-MOF: Zr-base catalyzed condensation with Rh catalyzed hydrogenation<\/strong><br \/>\nA. M. Rasero-Almansa, A. Corma, M. Iglesias, and F. S\u00e1nchez<br \/>\n<em>ChemCatChem, 2013, 5, 3092<\/em><br \/>\n&nbsp;<\/p>\n","protected":false},"excerpt":{"rendered":"<p>2018 Accessible Microwave Synthetized Conjugated Poly(Azomethine-Pyridine)&nbsp;Network and Its Metal Complexes for CO2 Conversion M. A. Brivary, M. G\u00f3mez, M. Iglesias, E. M. Maya Journal of Polymer Science, Part A: Polymer Chemistry 2018, 56, 1946\u20131952 Double role of metalloporphyrins in catalytic<\/p>\n","protected":false},"author":67,"featured_media":0,"parent":24,"menu_order":0,"comment_status":"closed","ping_status":"closed","template":"","meta":{"ngg_post_thumbnail":0,"footnotes":""},"class_list":["post-1267","page","type-page","status-publish","hentry"],"_links":{"self":[{"href":"https:\/\/wp.icmm.csic.es\/ms-mm\/wp-json\/wp\/v2\/pages\/1267","targetHints":{"allow":["GET"]}}],"collection":[{"href":"https:\/\/wp.icmm.csic.es\/ms-mm\/wp-json\/wp\/v2\/pages"}],"about":[{"href":"https:\/\/wp.icmm.csic.es\/ms-mm\/wp-json\/wp\/v2\/types\/page"}],"author":[{"embeddable":true,"href":"https:\/\/wp.icmm.csic.es\/ms-mm\/wp-json\/wp\/v2\/users\/67"}],"replies":[{"embeddable":true,"href":"https:\/\/wp.icmm.csic.es\/ms-mm\/wp-json\/wp\/v2\/comments?post=1267"}],"version-history":[{"count":1,"href":"https:\/\/wp.icmm.csic.es\/ms-mm\/wp-json\/wp\/v2\/pages\/1267\/revisions"}],"predecessor-version":[{"id":1268,"href":"https:\/\/wp.icmm.csic.es\/ms-mm\/wp-json\/wp\/v2\/pages\/1267\/revisions\/1268"}],"up":[{"embeddable":true,"href":"https:\/\/wp.icmm.csic.es\/ms-mm\/wp-json\/wp\/v2\/pages\/24"}],"wp:attachment":[{"href":"https:\/\/wp.icmm.csic.es\/ms-mm\/wp-json\/wp\/v2\/media?parent=1267"}],"curies":[{"name":"wp","href":"https:\/\/api.w.org\/{rel}","templated":true}]}}