{"id":427,"date":"2017-04-17T09:12:24","date_gmt":"2017-04-17T09:12:24","guid":{"rendered":"http:\/\/www.icmm.csic.es\/multifrequency-afm\/?page_id=427"},"modified":"2025-05-07T09:43:20","modified_gmt":"2025-05-07T09:43:20","slug":"invited-speakers","status":"publish","type":"page","link":"https:\/\/wp.icmm.csic.es\/multifrequency-afm\/invited-speakers\/","title":{"rendered":"Multifrequency AFM Sessions"},"content":{"rendered":"<h1 style=\"text-align: center\">Plenary Talk<\/h1>\n<table style=\"border: none\">\n<tbody>\n<tr>\n<td style=\"text-align: center;border: none\"><img loading=\"lazy\" decoding=\"async\" class=\"wp-image-1724 \" src=\"https:\/\/wp.icmm.csic.es\/multifrequency-afm\/wp-content\/uploads\/sites\/47\/2024\/10\/Peter-Hinterdorfer-e1729763647697-225x300.jpg\" alt=\"\" width=\"128\" height=\"171\" srcset=\"https:\/\/wp.icmm.csic.es\/multifrequency-afm\/wp-content\/uploads\/sites\/47\/2024\/10\/Peter-Hinterdorfer-e1729763647697-225x300.jpg 225w, https:\/\/wp.icmm.csic.es\/multifrequency-afm\/wp-content\/uploads\/sites\/47\/2024\/10\/Peter-Hinterdorfer-e1729763647697.jpg 337w\" sizes=\"auto, (max-width: 128px) 100vw, 128px\" \/><br \/>\nPeter Hinterdorfer<br \/>\n<a href=\"https:\/\/www.jku.at\/institut-fuer-biophysik\/ueber-uns\/team\/angewandte-experimentelle-biophysik\/\">Johanes Kepler University Linz<\/a><\/td>\n<\/tr>\n<\/tbody>\n<\/table>\n<h1 style=\"text-align: center\">Keynote Speakers<\/h1>\n<table style=\"border: none\">\n<tbody>\n<tr>\n<td style=\"border: none;vertical-align: top;text-align: center\"><img loading=\"lazy\" decoding=\"async\" class=\"wp-image-1737 aligncenter\" src=\"https:\/\/wp.icmm.csic.es\/multifrequency-afm\/wp-content\/uploads\/sites\/47\/2024\/10\/Toshio-Ando-e1729764623438.jpg\" alt=\"\" width=\"128\" height=\"171\"><br \/>\nToshio Ando<br \/>\n<a href=\"https:\/\/biophys.w3.kanazawa-u.ac.jp\/index.htm\">Kanazawa University<\/a><\/td>\n<td style=\"border: none;vertical-align: top;text-align: center\"><img loading=\"lazy\" decoding=\"async\" class=\"alignnone wp-image-1740 \" src=\"https:\/\/wp.icmm.csic.es\/multifrequency-afm\/wp-content\/uploads\/sites\/47\/2024\/10\/Nina-Balke-2-e1729768089874-225x300.jpg\" alt=\"\" width=\"128\" height=\"171\" srcset=\"https:\/\/wp.icmm.csic.es\/multifrequency-afm\/wp-content\/uploads\/sites\/47\/2024\/10\/Nina-Balke-2-e1729768089874-225x300.jpg 225w, https:\/\/wp.icmm.csic.es\/multifrequency-afm\/wp-content\/uploads\/sites\/47\/2024\/10\/Nina-Balke-2-e1729768089874.jpg 384w\" sizes=\"auto, (max-width: 128px) 100vw, 128px\" \/><br \/>\nNina Balke<br \/>\n<a href=\"https:\/\/mse.ncsu.edu\/people\/nwising\/\">North Carolina State University<\/a><\/td>\n<\/tr>\n<\/tbody>\n<\/table>\n<h2 style=\"text-align: center\">Invited Speakers<\/h2>\n<p>&nbsp;<\/p>\n<table style=\"border: none\">\n<tbody>\n<tr>\n<td style=\"border: none;vertical-align: top;text-align: center\"><img loading=\"lazy\" decoding=\"async\" class=\"alignnone wp-image-1735 \" src=\"https:\/\/wp.icmm.csic.es\/multifrequency-afm\/wp-content\/uploads\/sites\/47\/2024\/10\/sonia-contera-profesora-oxford-e1729765061449-225x300.jpg\" alt=\"\" width=\"128\" height=\"171\" srcset=\"https:\/\/wp.icmm.csic.es\/multifrequency-afm\/wp-content\/uploads\/sites\/47\/2024\/10\/sonia-contera-profesora-oxford-e1729765061449-225x300.jpg 225w, https:\/\/wp.icmm.csic.es\/multifrequency-afm\/wp-content\/uploads\/sites\/47\/2024\/10\/sonia-contera-profesora-oxford-e1729765061449.jpg 472w\" sizes=\"auto, (max-width: 128px) 100vw, 128px\" \/><br \/>\nSonia Contera-Antoraz<br \/>\n<a href=\"https:\/\/www.physics.ox.ac.uk\/our-people\/antoranzcontera\">University of Oxford<\/a><\/td>\n<td style=\"border: none;vertical-align: top;text-align: center\"><img loading=\"lazy\" decoding=\"async\" class=\"wp-image-1731 aligncenter\" src=\"https:\/\/wp.icmm.csic.es\/multifrequency-afm\/wp-content\/uploads\/sites\/47\/2024\/10\/Mingdong-Dongjpg-e1729764813911-225x300.jpg\" alt=\"\" width=\"128\" height=\"171\" srcset=\"https:\/\/wp.icmm.csic.es\/multifrequency-afm\/wp-content\/uploads\/sites\/47\/2024\/10\/Mingdong-Dongjpg-e1729764813911-225x300.jpg 225w, https:\/\/wp.icmm.csic.es\/multifrequency-afm\/wp-content\/uploads\/sites\/47\/2024\/10\/Mingdong-Dongjpg-e1729764813911-769x1024.jpg 769w, https:\/\/wp.icmm.csic.es\/multifrequency-afm\/wp-content\/uploads\/sites\/47\/2024\/10\/Mingdong-Dongjpg-e1729764813911-768x1023.jpg 768w, https:\/\/wp.icmm.csic.es\/multifrequency-afm\/wp-content\/uploads\/sites\/47\/2024\/10\/Mingdong-Dongjpg-e1729764813911.jpg 843w\" sizes=\"auto, (max-width: 128px) 100vw, 128px\" \/><br \/>\nMingdong Dong<br \/>\n<a href=\"https:\/\/inano.au.dk\/about\/research-groups\/bio-spm-group-mingdong-dong\">Aarhus University<\/a><\/td>\n<td style=\"border: none;vertical-align: top;text-align: center\"><img loading=\"lazy\" decoding=\"async\" class=\"wp-image-1728 aligncenter\" src=\"https:\/\/wp.icmm.csic.es\/multifrequency-afm\/wp-content\/uploads\/sites\/47\/2024\/10\/George-Fantner-e1729765537956-225x300.jpg\" alt=\"\" width=\"128\" height=\"171\" srcset=\"https:\/\/wp.icmm.csic.es\/multifrequency-afm\/wp-content\/uploads\/sites\/47\/2024\/10\/George-Fantner-e1729765537956-225x300.jpg 225w, https:\/\/wp.icmm.csic.es\/multifrequency-afm\/wp-content\/uploads\/sites\/47\/2024\/10\/George-Fantner-e1729765537956.jpg 319w\" sizes=\"auto, (max-width: 128px) 100vw, 128px\" \/><br \/>\nGeorg E. Fantner<br \/>\n<a href=\"https:\/\/www.epfl.ch\/labs\/lbni\/\">\u00c9cole Polytechnique F\u00e9d\u00e9ral de Lauanne<\/a><\/td>\n<\/tr>\n<tr>\n<td style=\"border: none;vertical-align: top;text-align: center\"><img loading=\"lazy\" decoding=\"async\" class=\"wp-image-1725 aligncenter\" src=\"https:\/\/wp.icmm.csic.es\/multifrequency-afm\/wp-content\/uploads\/sites\/47\/2024\/10\/adam-foster-e1729765400438-225x300.jpg\" alt=\"\" width=\"128\" height=\"171\" srcset=\"https:\/\/wp.icmm.csic.es\/multifrequency-afm\/wp-content\/uploads\/sites\/47\/2024\/10\/adam-foster-e1729765400438-225x300.jpg 225w, https:\/\/wp.icmm.csic.es\/multifrequency-afm\/wp-content\/uploads\/sites\/47\/2024\/10\/adam-foster-e1729765400438.jpg 512w\" sizes=\"auto, (max-width: 128px) 100vw, 128px\" \/><br \/>\nAdam Foster<br \/>\n<a href=\"https:\/\/www.aalto.fi\/en\/department-of-applied-physics\/surfaces-and-interfaces-at-the-nanoscale-sin\">Aalto University<\/a><\/td>\n<td style=\"border: none;vertical-align: top;text-align: center\"><img loading=\"lazy\" decoding=\"async\" class=\"wp-image-1729 aligncenter\" src=\"https:\/\/wp.icmm.csic.es\/multifrequency-afm\/wp-content\/uploads\/sites\/47\/2024\/10\/gomila-225x300.jpg\" alt=\"\" width=\"128\" height=\"171\" srcset=\"https:\/\/wp.icmm.csic.es\/multifrequency-afm\/wp-content\/uploads\/sites\/47\/2024\/10\/gomila-225x300.jpg 225w, https:\/\/wp.icmm.csic.es\/multifrequency-afm\/wp-content\/uploads\/sites\/47\/2024\/10\/gomila.jpg 443w\" sizes=\"auto, (max-width: 128px) 100vw, 128px\" \/><br \/>\nGabriel Gomila<br \/>\n<a href=\"https:\/\/ibecbarcelona.eu\/member\/23\/Gabriel+Gomila+Lluch\/\">University of Barcelona<\/a><\/td>\n<td style=\"border: none;vertical-align: top;text-align: center\"><img loading=\"lazy\" decoding=\"async\" class=\"wp-image-1556 aligncenter\" src=\"https:\/\/wp.icmm.csic.es\/multifrequency-afm\/wp-content\/uploads\/sites\/47\/2023\/03\/OK-e1729765231669-224x300.jpg\" alt=\"\" width=\"128\" height=\"171\" srcset=\"https:\/\/wp.icmm.csic.es\/multifrequency-afm\/wp-content\/uploads\/sites\/47\/2023\/03\/OK-e1729765231669-224x300.jpg 224w, https:\/\/wp.icmm.csic.es\/multifrequency-afm\/wp-content\/uploads\/sites\/47\/2023\/03\/OK-e1729765231669.jpg 258w\" sizes=\"auto, (max-width: 128px) 100vw, 128px\" \/><br \/>\nOleg Kolosov<br \/>\n<a href=\"https:\/\/www.nano-science.com\/\">Lancaster University<\/a><\/td>\n<\/tr>\n<tr>\n<td style=\"border: none;vertical-align: top;text-align: center\"><img loading=\"lazy\" decoding=\"async\" class=\"alignnone wp-image-1733 \" src=\"https:\/\/wp.icmm.csic.es\/multifrequency-afm\/wp-content\/uploads\/sites\/47\/2024\/10\/Roger-Proksch-e1729764996589-225x300.jpg\" alt=\"\" width=\"128\" height=\"171\" srcset=\"https:\/\/wp.icmm.csic.es\/multifrequency-afm\/wp-content\/uploads\/sites\/47\/2024\/10\/Roger-Proksch-e1729764996589-225x300.jpg 225w, https:\/\/wp.icmm.csic.es\/multifrequency-afm\/wp-content\/uploads\/sites\/47\/2024\/10\/Roger-Proksch-e1729764996589-768x1025.jpg 768w, https:\/\/wp.icmm.csic.es\/multifrequency-afm\/wp-content\/uploads\/sites\/47\/2024\/10\/Roger-Proksch-e1729764996589.jpg 772w\" sizes=\"auto, (max-width: 128px) 100vw, 128px\" \/><br \/>\nRoger Proksch<br \/>\n<a href=\"https:\/\/afm.oxinst.com\/\">Oxford Instruments Asylum Research<\/a><\/td>\n<td style=\"border: none;vertical-align: top;text-align: center\"><img loading=\"lazy\" decoding=\"async\" class=\"wp-image-1734 aligncenter\" src=\"https:\/\/wp.icmm.csic.es\/multifrequency-afm\/wp-content\/uploads\/sites\/47\/2024\/10\/Sergio-Santos-e1729765611929-225x300.jpg\" alt=\"\" width=\"128\" height=\"171\" srcset=\"https:\/\/wp.icmm.csic.es\/multifrequency-afm\/wp-content\/uploads\/sites\/47\/2024\/10\/Sergio-Santos-e1729765611929-225x300.jpg 225w, https:\/\/wp.icmm.csic.es\/multifrequency-afm\/wp-content\/uploads\/sites\/47\/2024\/10\/Sergio-Santos-e1729765611929.jpg 290w\" sizes=\"auto, (max-width: 128px) 100vw, 128px\" \/><br \/>\nSergio Santos<br \/>\n<a href=\"https:\/\/en.uit.no\/startsida\">UiT The Arctic University of Norway<\/a><\/td>\n<\/tr>\n<\/tbody>\n<\/table>\n<p>&nbsp;<\/p>\n<h2 style=\"text-align: center\">Expert Speakers<\/h2>\n<table style=\"border: none\">\n<tbody>\n<tr>\n<td style=\"border: none;vertical-align: top;text-align: center\"><img loading=\"lazy\" decoding=\"async\" class=\"alignnone wp-image-1821 \" src=\"https:\/\/wp.icmm.csic.es\/multifrequency-afm\/wp-content\/uploads\/sites\/47\/2024\/11\/Marti_checa-scaled-e1732021769865-225x300.jpg\" alt=\"\" width=\"128\" height=\"171\" srcset=\"https:\/\/wp.icmm.csic.es\/multifrequency-afm\/wp-content\/uploads\/sites\/47\/2024\/11\/Marti_checa-scaled-e1732021769865-225x300.jpg 225w, https:\/\/wp.icmm.csic.es\/multifrequency-afm\/wp-content\/uploads\/sites\/47\/2024\/11\/Marti_checa-scaled-e1732021769865-768x1024.jpg 768w, https:\/\/wp.icmm.csic.es\/multifrequency-afm\/wp-content\/uploads\/sites\/47\/2024\/11\/Marti_checa-scaled-e1732021769865-1152x1536.jpg 1152w, https:\/\/wp.icmm.csic.es\/multifrequency-afm\/wp-content\/uploads\/sites\/47\/2024\/11\/Marti_checa-scaled-e1732021769865.jpg 1536w\" sizes=\"auto, (max-width: 128px) 100vw, 128px\" \/><br \/>\nMart\u00ed Checa<br \/>\n<a href=\"https:\/\/www.ornl.gov\/group\/functional-atomic-force-microscopy\">Oak Ridge National Laboratory<\/a><\/td>\n<td style=\"border: none;vertical-align: top;text-align: center\"><img loading=\"lazy\" decoding=\"async\" class=\"alignnone wp-image-1824 \" src=\"https:\/\/wp.icmm.csic.es\/multifrequency-afm\/wp-content\/uploads\/sites\/47\/2024\/11\/Hanna_Cho-225x300.jpeg\" alt=\"\" width=\"128\" height=\"171\" srcset=\"https:\/\/wp.icmm.csic.es\/multifrequency-afm\/wp-content\/uploads\/sites\/47\/2024\/11\/Hanna_Cho-225x300.jpeg 225w, https:\/\/wp.icmm.csic.es\/multifrequency-afm\/wp-content\/uploads\/sites\/47\/2024\/11\/Hanna_Cho-768x1024.jpeg 768w, https:\/\/wp.icmm.csic.es\/multifrequency-afm\/wp-content\/uploads\/sites\/47\/2024\/11\/Hanna_Cho.jpeg 800w\" sizes=\"auto, (max-width: 128px) 100vw, 128px\" \/><br \/>\nHanna Cho<br \/>\n<a href=\"https:\/\/mae.osu.edu\/mnmdl\">The Ohio State University<\/a><\/td>\n<td style=\"border: none;vertical-align: top;text-align: center\"><img loading=\"lazy\" decoding=\"async\" class=\"alignnone wp-image-1790\" src=\"https:\/\/wp.icmm.csic.es\/multifrequency-afm\/wp-content\/uploads\/sites\/47\/2024\/11\/Neus-domingo-e1730977108866-225x300.jpg\" alt=\"\" width=\"128\" height=\"171\" srcset=\"https:\/\/wp.icmm.csic.es\/multifrequency-afm\/wp-content\/uploads\/sites\/47\/2024\/11\/Neus-domingo-e1730977108866-225x300.jpg 225w, https:\/\/wp.icmm.csic.es\/multifrequency-afm\/wp-content\/uploads\/sites\/47\/2024\/11\/Neus-domingo-e1730977108866.jpg 750w\" sizes=\"auto, (max-width: 128px) 100vw, 128px\" \/><br \/>\nNeus Domingo<br \/>\n<a href=\"https:\/\/www.ornl.gov\/group\/functional-atomic-force-microscopy\">Oak Ridge National Laboratory<\/a><\/td>\n<\/tr>\n<tr>\n<td style=\"border: none;vertical-align: top;text-align: center\"><img loading=\"lazy\" decoding=\"async\" class=\"alignnone wp-image-1827 \" src=\"https:\/\/wp.icmm.csic.es\/multifrequency-afm\/wp-content\/uploads\/sites\/47\/2024\/11\/cristina_g_navarro-e1732879018995.jpg\" alt=\"\" width=\"129\" height=\"171\"><br \/>\nCristina G\u00f3mez Navarro<br \/>\n<a href=\"https:\/\/www.nanoforces.es\/\"> Universidad Aut\u00f3noma de Madrid<\/a><\/td>\n<td style=\"border: none;vertical-align: top;text-align: center\"><img loading=\"lazy\" decoding=\"async\" class=\"alignnone wp-image-1761\" src=\"https:\/\/wp.icmm.csic.es\/multifrequency-afm\/wp-content\/uploads\/sites\/47\/2024\/11\/georg_gramse-e1730743574872.jpg\" alt=\"\" width=\"128\" height=\"171\"><br \/>\nGeorg Gramse<br \/>\n<a href=\"https:\/\/www.jku.at\/institut-fuer-biophysik\/ueber-uns\/team\/nanoelectronicsgeorg-gramse\/\"> Johannes Kepler University Linz<\/a><\/td>\n<td style=\"border: none;vertical-align: top;text-align: center\"><img loading=\"lazy\" decoding=\"async\" class=\"alignnone wp-image-1765\" src=\"https:\/\/wp.icmm.csic.es\/multifrequency-afm\/wp-content\/uploads\/sites\/47\/2024\/11\/carmenMunuera-e1730743418879-225x300.jpg\" alt=\"\" width=\"128\" height=\"171\" srcset=\"https:\/\/wp.icmm.csic.es\/multifrequency-afm\/wp-content\/uploads\/sites\/47\/2024\/11\/carmenMunuera-e1730743418879-225x300.jpg 225w, https:\/\/wp.icmm.csic.es\/multifrequency-afm\/wp-content\/uploads\/sites\/47\/2024\/11\/carmenMunuera-e1730743418879.jpg 262w\" sizes=\"auto, (max-width: 128px) 100vw, 128px\" \/><br \/>\nCarmen Munuera<br \/>\n<a href=\"https:\/\/sites.google.com\/view\/2dfoundry\">Instituto de Ciencias Materiales de Madrid<\/a><\/td>\n<\/tr>\n<tr>\n<td style=\"border: none;vertical-align: top;text-align: center\"><img loading=\"lazy\" decoding=\"async\" class=\"alignnone wp-image-1762\" src=\"https:\/\/wp.icmm.csic.es\/multifrequency-afm\/wp-content\/uploads\/sites\/47\/2024\/11\/MIGUEL-MUNOZ-ICMM-e1730743524929-216x300.jpg\" alt=\"\" width=\"128\" height=\"171\"><br \/>\nMiguel Mu\u00f1oz<br \/>\n<a href=\"https:\/\/sites.google.com\/view\/2dfoundry\">Instituto de Ciencias Materiales de Madrid<\/a><\/td>\n<td style=\"border: none;vertical-align: top;text-align: center\"><img loading=\"lazy\" decoding=\"async\" class=\"alignnone wp-image-1770\" src=\"https:\/\/wp.icmm.csic.es\/multifrequency-afm\/wp-content\/uploads\/sites\/47\/2024\/11\/amir_payam-e1730742832524.png\" alt=\"\" width=\"128\" height=\"171\"><br \/>\nAmir F. Payam<br \/>\n<a href=\"https:\/\/pure.ulster.ac.uk\/en\/persons\/amir-farokh-payam-2\">Ulster University<\/a><\/td>\n<td style=\"border: none;vertical-align: top;text-align: center\"><img loading=\"lazy\" decoding=\"async\" class=\"alignnone wp-image-1767\" src=\"https:\/\/wp.icmm.csic.es\/multifrequency-afm\/wp-content\/uploads\/sites\/47\/2024\/11\/celia_polop-e1730743030169-225x300.png\" alt=\"\" width=\"128\" height=\"171\" srcset=\"https:\/\/wp.icmm.csic.es\/multifrequency-afm\/wp-content\/uploads\/sites\/47\/2024\/11\/celia_polop-e1730743030169-225x300.png 225w, https:\/\/wp.icmm.csic.es\/multifrequency-afm\/wp-content\/uploads\/sites\/47\/2024\/11\/celia_polop-e1730743030169.png 255w\" sizes=\"auto, (max-width: 128px) 100vw, 128px\" \/><br \/>\nCelia Polop<br \/>\n<a href=\"https:\/\/www.uam.es\/Ciencias\/Polop-Jord%C3%A1,-Celia\/1446775405370.htm?language=es&amp;pid=1446741889217&amp;title=Polop%20Jord?%20Celia\">Universidad Aut\u00f3noma de Madrid<\/a><\/td>\n<\/tr>\n<tr>\n<td style=\"border: none;vertical-align: top;text-align: center\"><img loading=\"lazy\" decoding=\"async\" class=\"alignnone wp-image-1789\" src=\"https:\/\/wp.icmm.csic.es\/multifrequency-afm\/wp-content\/uploads\/sites\/47\/2024\/11\/Alvaro_sanPaulo-e1730977083278.jpg\" alt=\"\" width=\"128\" height=\"170\"><br \/>\n\u00c1lvaro San Paulo<br \/>\n<a href=\"https:\/\/ilung-cm.org\/grupos\/imn\/\">Instituto de Micro y Nanotecnologia<\/a><\/td>\n<td style=\"border: none;vertical-align: top;text-align: center\"><img loading=\"lazy\" decoding=\"async\" class=\"alignnone wp-image-1848 \" src=\"https:\/\/wp.icmm.csic.es\/multifrequency-afm\/wp-content\/uploads\/sites\/47\/2025\/01\/Kenichi_Umeda-1-e1736346017372-225x300.png\" alt=\"\" width=\"128\" height=\"171\" srcset=\"https:\/\/wp.icmm.csic.es\/multifrequency-afm\/wp-content\/uploads\/sites\/47\/2025\/01\/Kenichi_Umeda-1-e1736346017372-225x300.png 225w, https:\/\/wp.icmm.csic.es\/multifrequency-afm\/wp-content\/uploads\/sites\/47\/2025\/01\/Kenichi_Umeda-1-e1736346017372.png 621w\" sizes=\"auto, (max-width: 128px) 100vw, 128px\" \/><br \/>\nKenichi Umeda<br \/>\n<a href=\"https:\/\/researchmap.jp\/UM8456?lang=en\">Kanazawa University<\/a><\/td>\n<td style=\"border: none;vertical-align: top;text-align: center\"><img loading=\"lazy\" decoding=\"async\" class=\"alignnone wp-image-1788\" src=\"https:\/\/wp.icmm.csic.es\/multifrequency-afm\/wp-content\/uploads\/sites\/47\/2024\/11\/shuai-zhang-e1730972743472-225x300.png\" alt=\"\" width=\"128\" height=\"171\" srcset=\"https:\/\/wp.icmm.csic.es\/multifrequency-afm\/wp-content\/uploads\/sites\/47\/2024\/11\/shuai-zhang-e1730972743472-225x300.png 225w, https:\/\/wp.icmm.csic.es\/multifrequency-afm\/wp-content\/uploads\/sites\/47\/2024\/11\/shuai-zhang-e1730972743472-769x1024.png 769w, https:\/\/wp.icmm.csic.es\/multifrequency-afm\/wp-content\/uploads\/sites\/47\/2024\/11\/shuai-zhang-e1730972743472-768x1023.png 768w, https:\/\/wp.icmm.csic.es\/multifrequency-afm\/wp-content\/uploads\/sites\/47\/2024\/11\/shuai-zhang-e1730972743472-1153x1536.png 1153w, https:\/\/wp.icmm.csic.es\/multifrequency-afm\/wp-content\/uploads\/sites\/47\/2024\/11\/shuai-zhang-e1730972743472-1537x2048.png 1537w\" sizes=\"auto, (max-width: 128px) 100vw, 128px\" \/><br \/>\nShuai Zhang<br \/>\n<a href=\"https:\/\/www.pnnl.gov\/people\/shuai-zhang\">Pacific Northwest National Laboratory<\/a><\/td>\n<\/tr>\n<\/tbody>\n<\/table>\n","protected":false},"excerpt":{"rendered":"<p>Plenary Talk Peter Hinterdorfer Johanes Kepler University Linz Keynote Speakers Toshio Ando Kanazawa University Nina Balke North Carolina State University Invited Speakers &nbsp; Sonia Contera-Antoraz University of Oxford Mingdong Dong Aarhus University Georg E. Fantner \u00c9cole Polytechnique F\u00e9d\u00e9ral de Lauanne Adam Foster Aalto University Gabriel Gomila University of Barcelona Oleg Kolosov Lancaster University Roger Proksch [&hellip;]<\/p>\n","protected":false},"author":1,"featured_media":0,"parent":0,"menu_order":0,"comment_status":"closed","ping_status":"closed","template":"","meta":{"ngg_post_thumbnail":0,"footnotes":""},"class_list":["post-427","page","type-page","status-publish","hentry"],"_links":{"self":[{"href":"https:\/\/wp.icmm.csic.es\/multifrequency-afm\/wp-json\/wp\/v2\/pages\/427","targetHints":{"allow":["GET"]}}],"collection":[{"href":"https:\/\/wp.icmm.csic.es\/multifrequency-afm\/wp-json\/wp\/v2\/pages"}],"about":[{"href":"https:\/\/wp.icmm.csic.es\/multifrequency-afm\/wp-json\/wp\/v2\/types\/page"}],"author":[{"embeddable":true,"href":"https:\/\/wp.icmm.csic.es\/multifrequency-afm\/wp-json\/wp\/v2\/users\/1"}],"replies":[{"embeddable":true,"href":"https:\/\/wp.icmm.csic.es\/multifrequency-afm\/wp-json\/wp\/v2\/comments?post=427"}],"version-history":[{"count":62,"href":"https:\/\/wp.icmm.csic.es\/multifrequency-afm\/wp-json\/wp\/v2\/pages\/427\/revisions"}],"predecessor-version":[{"id":1896,"href":"https:\/\/wp.icmm.csic.es\/multifrequency-afm\/wp-json\/wp\/v2\/pages\/427\/revisions\/1896"}],"wp:attachment":[{"href":"https:\/\/wp.icmm.csic.es\/multifrequency-afm\/wp-json\/wp\/v2\/media?parent=427"}],"curies":[{"name":"wp","href":"https:\/\/api.w.org\/{rel}","templated":true}]}}