{"id":1272,"date":"2011-04-29T10:14:39","date_gmt":"2011-04-29T08:14:39","guid":{"rendered":"http:\/\/www.icmm.csic.es\/Nanocarma\/?page_id=6"},"modified":"2024-07-26T10:18:51","modified_gmt":"2024-07-26T10:18:51","slug":"members","status":"publish","type":"page","link":"https:\/\/wp.icmm.csic.es\/nanocarma\/?page_id=1272","title":{"rendered":"People"},"content":{"rendered":"<p><img loading=\"lazy\" decoding=\"async\" class=\"alignnone size-full wp-image-1609\" src=\"https:\/\/wp.icmm.csic.es\/nanocarma\/wp-content\/uploads\/sites\/38\/2024\/07\/nanocarma2023.jpg\" alt=\"\" width=\"730\" height=\"400\" srcset=\"https:\/\/wp.icmm.csic.es\/nanocarma\/wp-content\/uploads\/sites\/38\/2024\/07\/nanocarma2023.jpg 730w, https:\/\/wp.icmm.csic.es\/nanocarma\/wp-content\/uploads\/sites\/38\/2024\/07\/nanocarma2023-300x164.jpg 300w, https:\/\/wp.icmm.csic.es\/nanocarma\/wp-content\/uploads\/sites\/38\/2024\/07\/nanocarma2023-644x353.jpg 644w\" sizes=\"auto, (max-width: 730px) 100vw, 730px\" \/><\/p>\n<p><img decoding=\"async\" class=\"wp-image-1611 size-full alignleft\" title=\"FernandoAgulloRueda\" src=\"https:\/\/wp.icmm.csic.es\/nanocarma\/wp-content\/uploads\/sites\/38\/2024\/07\/fernandoAgullo2023.jpg\" alt=\"Fernando Agull\u00f3-Rueda\" width=\"70\" srcset=\"https:\/\/wp.icmm.csic.es\/nanocarma\/wp-content\/uploads\/sites\/38\/2024\/07\/fernandoAgullo2023.jpg 262w, https:\/\/wp.icmm.csic.es\/nanocarma\/wp-content\/uploads\/sites\/38\/2024\/07\/fernandoAgullo2023-206x300.jpg 206w\" sizes=\"(max-width: 262px) 100vw, 262px\" \/><a href=\"http:\/\/www.icmm.csic.es\/Nanocarma\/?page_id=88\">Fernando Agull\u00f3-Rueda<\/a><br \/>\nInvestigador Cient\u00edfico \/ Senior Researcher<\/p>\n<h6>&nbsp;<\/h6>\n<p><img decoding=\"async\" class=\"wp-image-1614 size-full alignleft\" title=\"fotoALCverysmall\" src=\"https:\/\/wp.icmm.csic.es\/nanocarma\/wp-content\/uploads\/sites\/38\/2024\/07\/angelLanda2023.jpg\" alt=\"\u00c1ngel R. Landa-C\u00e1novas\" width=\"70\" srcset=\"https:\/\/wp.icmm.csic.es\/nanocarma\/wp-content\/uploads\/sites\/38\/2024\/07\/angelLanda2023.jpg 262w, https:\/\/wp.icmm.csic.es\/nanocarma\/wp-content\/uploads\/sites\/38\/2024\/07\/angelLanda2023-206x300.jpg 206w\" sizes=\"(max-width: 262px) 100vw, 262px\" \/><a href=\"http:\/\/www.icmm.csic.es\/Nanocarma\/?page_id=90\">\u00c1ngel R. Landa-C\u00e1novas<\/a><br \/>\nCient\u00edfico Titular \/ Staff Scientist<\/p>\n<h6>&nbsp;<\/h6>\n<p><img decoding=\"async\" class=\"wp-image-1615 size-full alignleft\" title=\"jhv\" src=\"https:\/\/wp.icmm.csic.es\/nanocarma\/wp-content\/uploads\/sites\/38\/2024\/07\/jorgeHernandez2023.jpg\" alt=\"Jorge Hern\u00e1ndez-Velasco\" width=\"70\" srcset=\"https:\/\/wp.icmm.csic.es\/nanocarma\/wp-content\/uploads\/sites\/38\/2024\/07\/jorgeHernandez2023.jpg 262w, https:\/\/wp.icmm.csic.es\/nanocarma\/wp-content\/uploads\/sites\/38\/2024\/07\/jorgeHernandez2023-206x300.jpg 206w\" sizes=\"(max-width: 262px) 100vw, 262px\" \/><a href=\"http:\/\/www.icmm.csic.es\/Nanocarma\/?page_id=93\">Jorge Hern\u00e1ndez-Velasco<\/a><br \/>\nCient\u00edfico Titular \/ Staff Scientist<\/p>\n<h6>&nbsp;<\/h6>\n<p><a href=\"http:\/\/www.icmm.csic.es\/Nanocarma\/?page_id=1508\">Jos\u00e9 Mar\u00eda Alonso Rodr\u00edguez<\/a><br \/>\nCient\u00edfico Titular \/ Staff Scientist<\/p>\n<h2>&nbsp;<\/h2>\n<p><a href=\"http:\/\/www.icmm.csic.es\/Nanocarma\/?page_id=1137\">Jon Canca Ruiz<\/a><br \/>\nContrato FPI \/ PhD student<\/p>\n<h6>&nbsp;<\/h6>\n<h2>Former members<\/h2>\n<ul>\n<li><a href=\"https:\/\/wp.icmm.csic.es\/nanocarma\/wp-content\/uploads\/sites\/38\/2011\/04\/PHF.jpg\"><img decoding=\"async\" class=\"size-full wp-image-82 alignleft\" title=\"PilarHerrero\" src=\"https:\/\/wp.icmm.csic.es\/nanocarma\/wp-content\/uploads\/sites\/38\/2011\/04\/PHF.jpg\" alt=\"Pilar Herrero\" width=\"70\"><\/a><a href=\"http:\/\/www.icmm.csic.es\/Nanocarma\/?page_id=85\">Pilar Herrero-Fern\u00e1ndez<\/a><br \/>\nCient\u00edfica Titular \/ Staff Scientist<\/li>\n<\/ul>\n<h2>&nbsp;<\/h2>\n<ul>\n<li><a href=\"https:\/\/wp.icmm.csic.es\/nanocarma\/wp-content\/uploads\/sites\/38\/2012\/04\/PalomaVilanovaMartinez2012sm.jpg\"><img decoding=\"async\" class=\"alignleft size-full wp-image-746\" title=\"Paloma Vilanova\" src=\"https:\/\/wp.icmm.csic.es\/nanocarma\/wp-content\/uploads\/sites\/38\/2012\/04\/PalomaVilanovaMartinez2012sm.jpg\" alt=\"Paloma Vilanova\" width=\"70\"><\/a><a href=\"http:\/\/www.icmm.csic.es\/Nanocarma\/?page_id=745\">Paloma Vilanova-Mart\u00ednez<\/a><\/li>\n<\/ul>\n<h2>&nbsp;<\/h2>\n<ul>\n<li>Sonsoles Manotas<\/li>\n<li>Andr\u00e9s Cano<\/li>\n<li>Laura Pascual<\/li>\n<li>Fernando Perales<\/li>\n<li>Sonia Molina Molina<\/li>\n<\/ul>\n<div id=\"simple-translate\" class=\"simple-translate-system-theme\">\n<div>\n<div class=\"simple-translate-button isShow\" style=\"height: 22px;width: 22px;top: 698px;left: 245px\">&nbsp;<\/div>\n<div class=\"simple-translate-panel \" style=\"width: 300px;height: 200px;top: 0px;left: 0px;font-size: 13px\">\n<div class=\"simple-translate-result-wrapper\" style=\"overflow: hidden\">\n<div class=\"simple-translate-move\">&nbsp;<\/div>\n<div class=\"simple-translate-result-contents\">\n<p class=\"simple-translate-result\" dir=\"auto\">&nbsp;<\/p>\n<p class=\"simple-translate-candidate\" dir=\"auto\">&nbsp;<\/p>\n<\/div>\n<\/div>\n<\/div>\n<\/div>\n<\/div>\n","protected":false},"excerpt":{"rendered":"<p>Fernando Agull\u00f3-Rueda Investigador Cient\u00edfico \/ Senior Researcher &nbsp; \u00c1ngel R. Landa-C\u00e1novas Cient\u00edfico Titular \/ Staff Scientist &nbsp; Jorge Hern\u00e1ndez-Velasco Cient\u00edfico Titular \/ Staff Scientist &nbsp; Jos\u00e9 Mar\u00eda Alonso Rodr\u00edguez Cient\u00edfico Titular \/ Staff Scientist &nbsp; Jon Canca Ruiz Contrato FPI &hellip; <a href=\"https:\/\/wp.icmm.csic.es\/nanocarma\/?page_id=1272\">Sigue leyendo <span class=\"meta-nav\">&rarr;<\/span><\/a><\/p>\n","protected":false},"author":1,"featured_media":0,"parent":0,"menu_order":10,"comment_status":"closed","ping_status":"closed","template":"","meta":{"ngg_post_thumbnail":0,"footnotes":""},"class_list":["post-1272","page","type-page","status-publish","hentry"],"_links":{"self":[{"href":"https:\/\/wp.icmm.csic.es\/nanocarma\/index.php?rest_route=\/wp\/v2\/pages\/1272","targetHints":{"allow":["GET"]}}],"collection":[{"href":"https:\/\/wp.icmm.csic.es\/nanocarma\/index.php?rest_route=\/wp\/v2\/pages"}],"about":[{"href":"https:\/\/wp.icmm.csic.es\/nanocarma\/index.php?rest_route=\/wp\/v2\/types\/page"}],"author":[{"embeddable":true,"href":"https:\/\/wp.icmm.csic.es\/nanocarma\/index.php?rest_route=\/wp\/v2\/users\/1"}],"replies":[{"embeddable":true,"href":"https:\/\/wp.icmm.csic.es\/nanocarma\/index.php?rest_route=%2Fwp%2Fv2%2Fcomments&post=1272"}],"version-history":[{"count":35,"href":"https:\/\/wp.icmm.csic.es\/nanocarma\/index.php?rest_route=\/wp\/v2\/pages\/1272\/revisions"}],"predecessor-version":[{"id":1632,"href":"https:\/\/wp.icmm.csic.es\/nanocarma\/index.php?rest_route=\/wp\/v2\/pages\/1272\/revisions\/1632"}],"wp:attachment":[{"href":"https:\/\/wp.icmm.csic.es\/nanocarma\/index.php?rest_route=%2Fwp%2Fv2%2Fmedia&parent=1272"}],"curies":[{"name":"wp","href":"https:\/\/api.w.org\/{rel}","templated":true}]}}